

{"id":4,"date":"2011-12-08T11:55:34","date_gmt":"2011-12-08T11:55:34","guid":{"rendered":"http:\/\/project.inria.fr\/template1\/?page_id=4"},"modified":"2025-12-09T10:16:32","modified_gmt":"2025-12-09T09:16:32","slug":"home","status":"publish","type":"page","link":"https:\/\/project.inria.fr\/ctrlab\/fr\/","title":{"rendered":"Accueil"},"content":{"rendered":"<p>Les communaut\u00e9s associant des algues et d\u2019autres micro-organismes pr\u00e9sentent un \u00e9norme potentiel d\u2019applications environnementales et biotechnologiques. L&rsquo;exploitation de ces communaut\u00e9s soul\u00e8ve des d\u00e9fis th\u00e9oriques et pratiques en mati\u00e8re de mod\u00e9lisation math\u00e9matique, d&rsquo;optimisation et de contr\u00f4le. Dans le projet Ctrl-AB, nous visons \u00e0 d\u00e9velopper de nouvelles m\u00e9thodes de contr\u00f4le pour maximiser la productivit\u00e9 d&rsquo;une communaut\u00e9 algale-bact\u00e9rienne synth\u00e9tique, et \u00e0 d\u00e9montrer leur efficacit\u00e9 sur des plateformes exp\u00e9rimentales de pointe. Nous d\u00e9velopperons des mod\u00e8les \u00e0 gros grains de la dynamique de la communaut\u00e9 et exploiterons des m\u00e9thodes classiques bas\u00e9es sur des mod\u00e8les et de nouvelles m\u00e9thodes bas\u00e9es sur les donn\u00e9es pour une conception optimale des contr\u00f4leurs. Nous exploiterons des technologies exp\u00e9rimentales de pointe pour d\u00e9velopper des capteurs et actionneurs mol\u00e9culaires permettant la mise en \u0153uvre des strat\u00e9gies de contr\u00f4le. Le projet Ctrl-AB est men\u00e9 par un solide consortium interdisciplinaire et apportera de nouvelles contributions \u00e0 la th\u00e9orie du contr\u00f4le, \u00e0 la biologie math\u00e9matique et \u00e0 l&rsquo;ing\u00e9nierie m\u00e9tabolique.<\/p>\n<p>Ctrl-AB est financ\u00e9 par l&rsquo;Agence Nationale de la Recherche (ANR), projet ANR-20-CE45-0014<\/p>\n<p>&nbsp;<\/p>\n\n<div class=\"wp-block-image\">\n<figure class=\"aligncenter size-large is-resized\"><a href=\"https:\/\/project.inria.fr\/ctrlab\/files\/2025\/12\/Screenshot-from-2025-12-09-09-59-22.png\"><img loading=\"lazy\" decoding=\"async\" width=\"1024\" height=\"524\" src=\"https:\/\/project.inria.fr\/ctrlab\/files\/2025\/12\/Screenshot-from-2025-12-09-09-59-22-1024x524.png\" alt=\"\" class=\"wp-image-168\" style=\"width:454px;height:auto\" srcset=\"https:\/\/project.inria.fr\/ctrlab\/files\/2025\/12\/Screenshot-from-2025-12-09-09-59-22-1024x524.png 1024w, https:\/\/project.inria.fr\/ctrlab\/files\/2025\/12\/Screenshot-from-2025-12-09-09-59-22-300x154.png 300w, https:\/\/project.inria.fr\/ctrlab\/files\/2025\/12\/Screenshot-from-2025-12-09-09-59-22-768x393.png 768w, https:\/\/project.inria.fr\/ctrlab\/files\/2025\/12\/Screenshot-from-2025-12-09-09-59-22-150x77.png 150w, https:\/\/project.inria.fr\/ctrlab\/files\/2025\/12\/Screenshot-from-2025-12-09-09-59-22.png 1031w\" sizes=\"auto, (max-width: 1024px) 100vw, 1024px\" \/><\/a><\/figure><\/div>\n\n\n<p><br><strong>(A)<\/strong> Les microalgues (cercles verts) produisant des lipides (orange) se d\u00e9veloppent sous un \u00e9clairage appropri\u00e9, en utilisant des vitamines synth\u00e9tis\u00e9es par des bact\u00e9ries (b\u00e2tonnets violets). La synth\u00e8se des vitamines est r\u00e9gul\u00e9e par la lumi\u00e8re \u00e0 des longueurs d\u2019onde sp\u00e9cifiques gr\u00e2ce \u00e0 l\u2019optog\u00e9n\u00e9tique. Des \u00e9changes gazeux peuvent \u00e9galement avoir lieu.<br><strong>(B)<\/strong> Les algues et les bact\u00e9ries sont co-cultiv\u00e9es dans un bior\u00e9acteur \u00e0 flux continu. Le processus est automatis\u00e9 par un ordinateur mettant en \u0153uvre des lois de contr\u00f4le pour maximiser la production de lipides.<\/p>","protected":false},"excerpt":{"rendered":"<p>Les communaut\u00e9s associant des algues et d\u2019autres micro-organismes pr\u00e9sentent un \u00e9norme potentiel d\u2019applications environnementales et biotechnologiques. L&rsquo;exploitation de ces communaut\u00e9s soul\u00e8ve des d\u00e9fis th\u00e9oriques et pratiques en mati\u00e8re de mod\u00e9lisation math\u00e9matique, d&rsquo;optimisation et de contr\u00f4le. Dans le projet Ctrl-AB, nous visons \u00e0 d\u00e9velopper de nouvelles m\u00e9thodes de contr\u00f4le pour maximiser\u2026<\/p>\n<p> <a class=\"continue-reading-link\" href=\"https:\/\/project.inria.fr\/ctrlab\/fr\/\"><span>Continue reading<\/span><i class=\"crycon-right-dir\"><\/i><\/a> <\/p>\n","protected":false},"author":1,"featured_media":0,"parent":0,"menu_order":0,"comment_status":"closed","ping_status":"open","template":"","meta":{"footnotes":""},"class_list":["post-4","page","type-page","status-publish","hentry"],"_links":{"self":[{"href":"https:\/\/project.inria.fr\/ctrlab\/fr\/wp-json\/wp\/v2\/pages\/4","targetHints":{"allow":["GET"]}}],"collection":[{"href":"https:\/\/project.inria.fr\/ctrlab\/fr\/wp-json\/wp\/v2\/pages"}],"about":[{"href":"https:\/\/project.inria.fr\/ctrlab\/fr\/wp-json\/wp\/v2\/types\/page"}],"author":[{"embeddable":true,"href":"https:\/\/project.inria.fr\/ctrlab\/fr\/wp-json\/wp\/v2\/users\/1"}],"replies":[{"embeddable":true,"href":"https:\/\/project.inria.fr\/ctrlab\/fr\/wp-json\/wp\/v2\/comments?post=4"}],"version-history":[{"count":20,"href":"https:\/\/project.inria.fr\/ctrlab\/fr\/wp-json\/wp\/v2\/pages\/4\/revisions"}],"predecessor-version":[{"id":179,"href":"https:\/\/project.inria.fr\/ctrlab\/fr\/wp-json\/wp\/v2\/pages\/4\/revisions\/179"}],"wp:attachment":[{"href":"https:\/\/project.inria.fr\/ctrlab\/fr\/wp-json\/wp\/v2\/media?parent=4"}],"curies":[{"name":"wp","href":"https:\/\/api.w.org\/{rel}","templated":true}]}}