

{"id":4,"date":"2011-12-08T11:55:34","date_gmt":"2011-12-08T11:55:34","guid":{"rendered":"http:\/\/project.inria.fr\/template1\/?page_id=4"},"modified":"2014-09-08T01:14:51","modified_gmt":"2014-09-07T23:14:51","slug":"home","status":"publish","type":"page","link":"https:\/\/project.inria.fr\/datalift\/fr\/","title":{"rendered":"Accueil"},"content":{"rendered":"<p><strong>Un catalyseur pour le web de donn\u00e9es<\/strong><\/p>\n<p>\u00a0<\/p>\n<p>Datalift est une plateforme originale d\u00e9di\u00e9e \u00e0 l\u2019exploitation des donn\u00e9es li\u00e9es. En entr\u00e9e, les donn\u00e9es prises en compte sont brutes et peuvent provenir de plusieurs formats h\u00e9t\u00e9rog\u00e8nes (bases de donn\u00e9es, CSV, XML, RDF, RDFa, GML, Shapefile, &#8230;). En sortie, Datalift produit des donn\u00e9es li\u00e9es : des \u00ab\u00a0linked data\u00a0\u00bb, celles qu&rsquo;on dit aussi s\u00e9mantiques et interconnect\u00e9es. La plateforme Datalift participe activement \u00e0 la mutation du web vers le <a href=\"http:\/\/linkeddata.org\/\">Linked Data<\/a>. L&rsquo;originalit\u00e9 de Datalift tient \u00e0 ses nombreuses caract\u00e9ristiques architecturales, fonctionnelles et technologiques, mais encore \u00e0 la nature des donn\u00e9es op\u00e9r\u00e9es. Cet \u00ab ascenseur de donn\u00e9es \u00bb est issu d\u2019un projet de recherche et d\u00e9veloppement lanc\u00e9 au dernier trimestre 2010 et soutenu par l\u2019Agence Nationale de la Recherche. L\u2019objectif du projet \u00e9tait de favoriser l\u2019\u00e9mergence du Web des donn\u00e9es en industrialisant et en facilitant la structuration, la publication, l\u2019interconnexion et l\u2019utilisation d\u2019une masse critique de donn\u00e9es. Aujourd&rsquo;hui, le but du projet est atteint : d\u00e9velopper une plateforme pour publier et interconnecter des jeux de donn\u00e9es sur le web de donn\u00e9es. Datalift est d\u00e9sormais une solution qui permet la publication des jeux de donn\u00e9es valoris\u00e9es provenant notamment d&rsquo;un r\u00e9seau de <a title=\"Les partenaires du projet\" href=\"https:\/\/project.inria.fr\/datalift\/les-partenaires-du-projet\/\">partenaires<\/a> et propose un ensemble d&rsquo;outils facilitant le processus de publication de jeux de donn\u00e9es. <strong>L&rsquo;association DataLift<\/strong> L\u2019association DataLift a pour but de favoriser le d\u00e9veloppement du web des donn\u00e9es, par la recherche, l\u2019innovation et toute activit\u00e9 permettant de promouvoir ses usages comme ses technologies. Elle prend son origine dans les travaux des partenaires du projet de recherche Datalift ANR-10-CORD-009 dont elle veut poursuivre les objectifs ainsi que p\u00e9renniser et valoriser les r\u00e9sultats. Si vous souhaitez participer aux activit\u00e9s de l&rsquo;association, vous pouvez nous faire part de votre <a title=\"Le questionnaire\" href=\"https:\/\/project.inria.fr\/datalift\/le-questionnaire\/\">int\u00e9r\u00eat en remplissant un petit questionnaire<\/a>. Vous pouvez aussi nous \u00e9crire (<a href=\"mailto:info@datalift.org\">info@datalift.org<\/a>), n&rsquo;oubliez pas de pr\u00e9ciser votre ou vos centres d\u2019int\u00e9r\u00eat et si c\u2019est \u00e0 titre personnel ou professionnel, en mentionnant l&rsquo;organisme.<\/p>","protected":false},"excerpt":{"rendered":"<p>Un catalyseur pour le web de donn\u00e9es \u00a0 Datalift est une plateforme originale d\u00e9di\u00e9e \u00e0 l\u2019exploitation des donn\u00e9es li\u00e9es. En entr\u00e9e, les donn\u00e9es prises en compte sont brutes et peuvent provenir de plusieurs formats h\u00e9t\u00e9rog\u00e8nes (bases de donn\u00e9es, CSV, XML, RDF, RDFa, GML, Shapefile, &#8230;). En sortie, Datalift produit des donn\u00e9es li\u00e9es : des \u00ab\u00a0linked &hellip; <\/p>\n<p><a class=\"more-link btn\" href=\"https:\/\/project.inria.fr\/datalift\/fr\/\">Lire la suite<\/a><\/p>\n","protected":false},"author":1,"featured_media":0,"parent":0,"menu_order":0,"comment_status":"closed","ping_status":"open","template":"","meta":{"footnotes":""},"class_list":["post-4","page","type-page","status-publish","hentry","nodate","item-wrap"],"_links":{"self":[{"href":"https:\/\/project.inria.fr\/datalift\/fr\/wp-json\/wp\/v2\/pages\/4","targetHints":{"allow":["GET"]}}],"collection":[{"href":"https:\/\/project.inria.fr\/datalift\/fr\/wp-json\/wp\/v2\/pages"}],"about":[{"href":"https:\/\/project.inria.fr\/datalift\/fr\/wp-json\/wp\/v2\/types\/page"}],"author":[{"embeddable":true,"href":"https:\/\/project.inria.fr\/datalift\/fr\/wp-json\/wp\/v2\/users\/1"}],"replies":[{"embeddable":true,"href":"https:\/\/project.inria.fr\/datalift\/fr\/wp-json\/wp\/v2\/comments?post=4"}],"version-history":[{"count":12,"href":"https:\/\/project.inria.fr\/datalift\/fr\/wp-json\/wp\/v2\/pages\/4\/revisions"}],"predecessor-version":[{"id":52,"href":"https:\/\/project.inria.fr\/datalift\/fr\/wp-json\/wp\/v2\/pages\/4\/revisions\/52"}],"wp:attachment":[{"href":"https:\/\/project.inria.fr\/datalift\/fr\/wp-json\/wp\/v2\/media?parent=4"}],"curies":[{"name":"wp","href":"https:\/\/api.w.org\/{rel}","templated":true}]}}