

{"id":112,"date":"2026-01-27T16:30:13","date_gmt":"2026-01-27T15:30:13","guid":{"rendered":"https:\/\/project.inria.fr\/datasports\/?page_id=112"},"modified":"2026-01-27T16:41:33","modified_gmt":"2026-01-27T15:41:33","slug":"annonces","status":"publish","type":"page","link":"https:\/\/project.inria.fr\/datasports\/fr\/annonces\/","title":{"rendered":"Annonces"},"content":{"rendered":"<p>Cette page pr\u00e9sente les annonces diffus\u00e9es par les membres du Groupe de Travail. Si vous souhaitez soumettre une annonce, compl\u00e9ter le template ci-dessous, et envoyez \u00e0 <a href=\"mailto:contact-gt-datasports@inria.fr\">contact-gt-datasports@inria.fr<\/a> <\/p>\n\n\n\n<div class=\"wp-block-file\"><a id=\"wp-block-file--media-5c345819-0de9-495f-9024-2477b31e1e59\" href=\"https:\/\/project.inria.fr\/datasports\/files\/2026\/01\/Template-Annonce.docx\">Template Annonce<\/a><a href=\"https:\/\/project.inria.fr\/datasports\/files\/2026\/01\/Template-Annonce.docx\" class=\"wp-block-file__button wp-element-button\" download aria-describedby=\"wp-block-file--media-5c345819-0de9-495f-9024-2477b31e1e59\">T\u00e9l\u00e9charger<\/a><\/div>\n\n\n<ul class=\"wp-block-latest-posts__list wp-block-latest-posts\"><\/ul>\n\n\n<p><\/p>","protected":false},"excerpt":{"rendered":"<p>Cette page pr\u00e9sente les annonces diffus\u00e9es par les membres du Groupe de Travail. Si vous souhaitez soumettre une annonce, compl\u00e9ter le template ci-dessous, et envoyez \u00e0 contact-gt-datasports@inria.fr<\/p>\n<p> <a class=\"continue-reading-link\" href=\"https:\/\/project.inria.fr\/datasports\/fr\/annonces\/\"><span>Continue reading<\/span><i class=\"crycon-right-dir\"><\/i><\/a> <\/p>\n","protected":false},"author":2656,"featured_media":0,"parent":0,"menu_order":0,"comment_status":"closed","ping_status":"closed","template":"","meta":{"footnotes":""},"class_list":["post-112","page","type-page","status-publish","hentry"],"_links":{"self":[{"href":"https:\/\/project.inria.fr\/datasports\/fr\/wp-json\/wp\/v2\/pages\/112","targetHints":{"allow":["GET"]}}],"collection":[{"href":"https:\/\/project.inria.fr\/datasports\/fr\/wp-json\/wp\/v2\/pages"}],"about":[{"href":"https:\/\/project.inria.fr\/datasports\/fr\/wp-json\/wp\/v2\/types\/page"}],"author":[{"embeddable":true,"href":"https:\/\/project.inria.fr\/datasports\/fr\/wp-json\/wp\/v2\/users\/2656"}],"replies":[{"embeddable":true,"href":"https:\/\/project.inria.fr\/datasports\/fr\/wp-json\/wp\/v2\/comments?post=112"}],"version-history":[{"count":3,"href":"https:\/\/project.inria.fr\/datasports\/fr\/wp-json\/wp\/v2\/pages\/112\/revisions"}],"predecessor-version":[{"id":125,"href":"https:\/\/project.inria.fr\/datasports\/fr\/wp-json\/wp\/v2\/pages\/112\/revisions\/125"}],"wp:attachment":[{"href":"https:\/\/project.inria.fr\/datasports\/fr\/wp-json\/wp\/v2\/media?parent=112"}],"curies":[{"name":"wp","href":"https:\/\/api.w.org\/{rel}","templated":true}]}}