

{"id":4,"date":"2011-12-08T11:55:34","date_gmt":"2011-12-08T11:55:34","guid":{"rendered":"http:\/\/project.inria.fr\/template1\/?page_id=4"},"modified":"2026-01-08T14:35:38","modified_gmt":"2026-01-08T13:35:38","slug":"home","status":"publish","type":"page","link":"https:\/\/project.inria.fr\/datasports\/fr\/","title":{"rendered":"Optimisation du traitement des donn\u00e9es sportives"},"content":{"rendered":"<p>Le Groupe de Travail \u00ab\u00a0DataSports\u00a0\u00bb est un des groupes de travail du <a href=\"https:\/\/sport.cnrs.fr\/\">GDR CNRS \u00ab\u00a0Sports et Activit\u00e9s Physiques\u00a0\u00bb<\/a>. Il est co-anim\u00e9 par Franck Corset (Universit\u00e9 Grenoble Alpes), R\u00e9mi Duhautois (INSEP), et Franck Multon (INRIA).<\/p>\n\n\n\n<p>Les donn\u00e9es prennent de plus en plus d\u2019importance dans l\u2019accompagnement scientifique pour la performance sportive, comme l\u2019atteste le d\u00e9veloppement du SportDataHub ou France.Sport qui a vocation \u00e0 collecter toutes les donn\u00e9es de suivi des sportifs au long de leur carri\u00e8re, jusqu\u2019au plus haut niveau. Le Groupe de Travail propose de r\u00e9unir des comp\u00e9tences pluridisciplinaires pour r\u00e9pondre \u00e0 des questions \u00e0 la fois fondamentales et pratiques : quelles donn\u00e9es pour la performance, comment les mesurer en situation, les transmettre, les stocker, les traiter et les visualiser ? Comment g\u00e9rer et rendre interop\u00e9rables des donn\u00e9es de nature h\u00e9t\u00e9rog\u00e8ne ? Quels sont les grands d\u00e9fis des sciences des donn\u00e9es et de l\u2019Intelligence Artificielle pour exploiter et visualiser ces donn\u00e9es, pour r\u00e9pondre aux besoins des acteurs de la performance ? De mani\u00e8re compl\u00e9mentaire, nous proposons d\u2019apporter aussi des \u00e9clairages sur les conditions d\u2019acc\u00e8s \u00e0 ces donn\u00e9es (RGPD, s\u00e9curisation), la mani\u00e8re dont elles font \u00e9voluer les pratiques, leur usage\u2026<br><\/p>\n\n\n\n<p><strong>Mots cl\u00e9s :<\/strong> Sciences des donn\u00e9es, intelligence artificielle, acquisition, codage, traitement, usage des donn\u00e9es<\/p>\n\n\n\n<p><strong>Pour s&rsquo;inscrire :<\/strong> <a href=\"https:\/\/mygdr.miti.cnrs.fr\/Home\/\">https:\/\/mygdr.miti.cnrs.fr\/Home\/<\/a><\/p>\n\n\n\n<p>Lien vers le site d\u00e9di\u00e9 au GDR CNRS Sports et Activit\u00e9s Physiques : <a href=\"https:\/\/sport.cnrs.fr\/groupes-de-travail\/data-sports\/\">https:\/\/sport.cnrs.fr\/groupes-de-travail\/data-sports\/<\/a><\/p>\n\n\n\n<p><strong>Contact : <\/strong><a href=\"mailto:contact-gt-datasports@inria.fr\">contact-gt-datasports@inria.fr<\/a> <\/p>\n\n\n\n<p><strong>Co-responsables : <\/strong>Franck Corset (Universit\u00e9 Grenoble-Alpes), R\u00e9mi DUHAUTOIS (INSEP), Franck Multon (Inria)<\/p>\n\n\n\n<figure class=\"wp-block-image size-full\"><a href=\"https:\/\/project.inria.fr\/datasports\/files\/2026\/01\/image.png\"><img loading=\"lazy\" decoding=\"async\" width=\"777\" height=\"185\" src=\"https:\/\/project.inria.fr\/datasports\/files\/2026\/01\/image.png\" alt=\"\" class=\"wp-image-66\" srcset=\"https:\/\/project.inria.fr\/datasports\/files\/2026\/01\/image.png 777w, https:\/\/project.inria.fr\/datasports\/files\/2026\/01\/image-300x71.png 300w, https:\/\/project.inria.fr\/datasports\/files\/2026\/01\/image-768x183.png 768w, https:\/\/project.inria.fr\/datasports\/files\/2026\/01\/image-150x36.png 150w\" sizes=\"auto, (max-width: 777px) 100vw, 777px\" \/><\/a><\/figure>\n\n\n<ul class=\"wp-block-latest-posts__list wp-block-latest-posts\"><li><a class=\"wp-block-latest-posts__post-title\" href=\"https:\/\/project.inria.fr\/datasports\/fr\/webinaire-soccernet-construire-le-plus-grand-et-le-plus-complet-des-datasets-et-benchmarks-open-source-pour-lanalyse-video-sportive\/\">Webinaire \u00ab\u00a0SoccerNet : construire le plus grand et le plus complet des datasets et benchmarks open-source pour l&rsquo;analyse vid\u00e9o sportive\u00a0\u00bb<\/a><\/li>\n<li><a class=\"wp-block-latest-posts__post-title\" href=\"https:\/\/project.inria.fr\/datasports\/fr\/reunion-coordination\/\">R\u00e9union Fonctionnement du GT le 10 mars 2026 13h-15h<\/a><\/li>\n<li><a class=\"wp-block-latest-posts__post-title\" href=\"https:\/\/project.inria.fr\/datasports\/fr\/webinaire-france-sport\/\">Webinaire France.Sport le 13 janvier 2026\u00a012h-13h<\/a><\/li>\n<\/ul>","protected":false},"excerpt":{"rendered":"<p>Le Groupe de Travail \u00ab\u00a0DataSports\u00a0\u00bb est un des groupes de travail du GDR CNRS \u00ab\u00a0Sports et Activit\u00e9s Physiques\u00a0\u00bb. Il est co-anim\u00e9 par Franck Corset (Universit\u00e9 Grenoble Alpes), R\u00e9mi Duhautois (INSEP), et Franck Multon (INRIA). Les donn\u00e9es prennent de plus en plus d\u2019importance dans l\u2019accompagnement scientifique pour la performance sportive, comme\u2026<\/p>\n<p> <a class=\"continue-reading-link\" href=\"https:\/\/project.inria.fr\/datasports\/fr\/\"><span>Continue reading<\/span><i class=\"crycon-right-dir\"><\/i><\/a> <\/p>\n","protected":false},"author":1,"featured_media":0,"parent":0,"menu_order":0,"comment_status":"closed","ping_status":"open","template":"","meta":{"footnotes":""},"class_list":["post-4","page","type-page","status-publish","hentry"],"_links":{"self":[{"href":"https:\/\/project.inria.fr\/datasports\/fr\/wp-json\/wp\/v2\/pages\/4","targetHints":{"allow":["GET"]}}],"collection":[{"href":"https:\/\/project.inria.fr\/datasports\/fr\/wp-json\/wp\/v2\/pages"}],"about":[{"href":"https:\/\/project.inria.fr\/datasports\/fr\/wp-json\/wp\/v2\/types\/page"}],"author":[{"embeddable":true,"href":"https:\/\/project.inria.fr\/datasports\/fr\/wp-json\/wp\/v2\/users\/1"}],"replies":[{"embeddable":true,"href":"https:\/\/project.inria.fr\/datasports\/fr\/wp-json\/wp\/v2\/comments?post=4"}],"version-history":[{"count":9,"href":"https:\/\/project.inria.fr\/datasports\/fr\/wp-json\/wp\/v2\/pages\/4\/revisions"}],"predecessor-version":[{"id":90,"href":"https:\/\/project.inria.fr\/datasports\/fr\/wp-json\/wp\/v2\/pages\/4\/revisions\/90"}],"wp:attachment":[{"href":"https:\/\/project.inria.fr\/datasports\/fr\/wp-json\/wp\/v2\/media?parent=4"}],"curies":[{"name":"wp","href":"https:\/\/api.w.org\/{rel}","templated":true}]}}