

{"id":83,"date":"2018-12-17T16:10:52","date_gmt":"2018-12-17T15:10:52","guid":{"rendered":"https:\/\/project.inria.fr\/dcore\/?page_id=83"},"modified":"2020-11-17T21:43:35","modified_gmt":"2020-11-17T20:43:35","slug":"project-partners","status":"publish","type":"page","link":"https:\/\/project.inria.fr\/dcore\/project-partners\/","title":{"rendered":"Project Partners"},"content":{"rendered":"<p><\/p>\n<ul>\n<li>Antique project team, INRIA Paris\n<ul>\n<li><a href=\"https:\/\/www.di.ens.fr\/~feret\">J\u00e9r\u00f4me Feret<\/a><\/li>\n<li>S\u00e9bastien L\u00e9gar\u00e9 (post-doc)<\/li>\n<\/ul>\n<\/li>\n<li>Focus project team, INRIA Sophia-Antipolis and U. Bologna\n<ul>\n<li><a href=\"http:\/\/www.cs.unibo.it\/~lanese\">Ivan Lanese<\/a><\/li>\n<li><a href=\"http:\/\/www.cs.unibo.it\/sangio\">Davide Sangiorgi<\/a><\/li>\n<li><a href=\"https:\/\/www.unibo.it\/sitoweb\/gianluigi.zavattaro\">Gianluigi Zavattaro<\/a><\/li>\n<li>Doriana Medi\u0107 (post-doc)<\/li>\n<\/ul>\n<\/li>\n<li>IRIF, Paris\n<ul>\n<li><a href=\"https:\/\/www.irif.fr\/~jkrivine\/homepage\/Home.html\">Jean Krivine<\/a><\/li>\n<\/ul>\n<\/li>\n<li><a href=\"https:\/\/team.inria.fr\/spades\/\">Spades<\/a> project team, INRIA Grenoble &#8211; Rh\u00f4ne-Alpes\n<ul>\n<li><a href=\"https:\/\/pop-art.inrialpes.fr\/people\/goessler\">Gregor G\u00f6ssler<\/a> (project coordinator)<\/li>\n<li><a href=\"https:\/\/team.inria.fr\/spades\/jean-bernard-stefani\">Jean-Bernard Stefani<\/a><\/li>\n<\/ul>\n<\/li>\n<li>Universit\u00e0 degli Studi di Urbino Carlo Bo (external team)\n<ul>\n<li><a href=\"https:\/\/www.uniurb.it\/persone\/claudio-mezzina\">Claudio Antares Mezzina<\/a><\/li>\n<\/ul>\n<\/li>\n<li>MiST (VRAIN), Universitat Polit\u00e8cnica de Val\u00e8ncia (external team)\n<ul>\n<li><a href=\"http:\/\/personales.upv.es\/gvidal\">Germ\u00e1n Vidal<\/a><\/li>\n<\/ul>\n<\/li>\n<\/ul>\n<p><\/p>","protected":false},"excerpt":{"rendered":"<p>Antique project team, INRIA Paris J\u00e9r\u00f4me Feret S\u00e9bastien L\u00e9gar\u00e9 (post-doc) Focus project team, INRIA Sophia-Antipolis and U. Bologna Ivan Lanese Davide Sangiorgi Gianluigi Zavattaro Doriana Medi\u0107 (post-doc) IRIF, Paris Jean Krivine Spades project team, INRIA Grenoble &#8211; Rh\u00f4ne-Alpes Gregor G\u00f6ssler (project coordinator) Jean-Bernard Stefani Universit\u00e0 degli Studi di Urbino Carlo\u2026<\/p>\n<p> <a class=\"continue-reading-link\" href=\"https:\/\/project.inria.fr\/dcore\/project-partners\/\"><span>Continue reading<\/span><i class=\"crycon-right-dir\"><\/i><\/a> <\/p>\n","protected":false},"author":524,"featured_media":0,"parent":0,"menu_order":0,"comment_status":"closed","ping_status":"closed","template":"","meta":{"footnotes":""},"class_list":["post-83","page","type-page","status-publish","hentry"],"_links":{"self":[{"href":"https:\/\/project.inria.fr\/dcore\/wp-json\/wp\/v2\/pages\/83","targetHints":{"allow":["GET"]}}],"collection":[{"href":"https:\/\/project.inria.fr\/dcore\/wp-json\/wp\/v2\/pages"}],"about":[{"href":"https:\/\/project.inria.fr\/dcore\/wp-json\/wp\/v2\/types\/page"}],"author":[{"embeddable":true,"href":"https:\/\/project.inria.fr\/dcore\/wp-json\/wp\/v2\/users\/524"}],"replies":[{"embeddable":true,"href":"https:\/\/project.inria.fr\/dcore\/wp-json\/wp\/v2\/comments?post=83"}],"version-history":[{"count":8,"href":"https:\/\/project.inria.fr\/dcore\/wp-json\/wp\/v2\/pages\/83\/revisions"}],"predecessor-version":[{"id":159,"href":"https:\/\/project.inria.fr\/dcore\/wp-json\/wp\/v2\/pages\/83\/revisions\/159"}],"wp:attachment":[{"href":"https:\/\/project.inria.fr\/dcore\/wp-json\/wp\/v2\/media?parent=83"}],"curies":[{"name":"wp","href":"https:\/\/api.w.org\/{rel}","templated":true}]}}