

{"id":68,"date":"2016-05-11T13:43:37","date_gmt":"2016-05-11T11:43:37","guid":{"rendered":"http:\/\/project.inria.fr\/deeplearning\/?page_id=68"},"modified":"2018-01-25T13:36:56","modified_gmt":"2018-01-25T12:36:56","slug":"sessions","status":"publish","type":"page","link":"https:\/\/project.inria.fr\/deeplearning\/sessions\/","title":{"rendered":"Sessions"},"content":{"rendered":"<table style=\"width: 1138; height: 120px; border: solid #010000;\">\n<tbody>\n<tr>\n<th><strong>Date<\/strong><\/th>\n<th><strong>Topic<\/strong><\/th>\n<th><strong>Recommended readings<\/strong><\/th>\n<th><strong>Slides<\/strong><\/th>\n<\/tr>\n<tr style=\"outline: thin solid;\">\n<td>2016-06-02, 10am, room A103<\/td>\n<td>Introduction to Neural Networks<\/td>\n<td><a href=\"http:\/\/www.springer.com\/gp\/book\/9780387310732\" target=\"_blank\" rel=\"noopener\">Bishop<\/a>, Chapter 5<\/td>\n<td><a href=\"http:\/\/project.inria.fr\/deeplearning\/files\/2016\/05\/session1.pdf\" target=\"_blank\" rel=\"noopener\">slides<\/a> (Pablo Mesejo, St\u00e9phane Lathuili\u00e8re)<\/td>\n<\/tr>\n<tr style=\"outline: thin solid;\">\n<td>2016-06-10, 10am, room F107<\/td>\n<td>Introduction to Neural Networks<\/td>\n<td><a href=\"http:\/\/www.springer.com\/gp\/book\/9780387310732\" target=\"_blank\" rel=\"noopener\">Bishop<\/a>, Chapter 5<\/td>\n<td><a href=\"http:\/\/project.inria.fr\/deeplearning\/files\/2016\/05\/session2.pdf\" target=\"_blank\" rel=\"noopener\">slides<\/a> (St\u00e9phane Lathuili\u00e8re, Pablo Mesejo)<\/td>\n<\/tr>\n<tr style=\"outline: thin solid;\">\n<td>2016-07-01, 10am, room F107<\/td>\n<td>Introduction to Convolutional Neural Networks<\/td>\n<td>Goodfellow et al., <a href=\"http:\/\/www.deeplearningbook.org\/\" target=\"_blank\" rel=\"noopener\">Deep Learning<\/a>, Chapter 9<\/p>\n<p><a href=\"https:\/\/www.cs.nyu.edu\/~fergus\/papers\/zeilerECCV2014.pdf\" target=\"_blank\" rel=\"noopener\">Visualizing and Understanding Convolutional Networks<\/a><\/td>\n<td><a href=\"http:\/\/project.inria.fr\/deeplearning\/files\/2016\/05\/session3.pdf\" target=\"_blank\" rel=\"noopener\">slides1<\/a> <a href=\"http:\/\/project.inria.fr\/deeplearning\/files\/2016\/05\/session3.pptx\" target=\"_blank\" rel=\"noopener\">slides2<\/a> (Vicky Kalogeiton, Shreyas Saxena)<\/td>\n<\/tr>\n<tr style=\"outline: thin solid;\">\n<td>2016-09-22, 10am, room A103<\/td>\n<td>Unsupervised Deep Learning<\/td>\n<td><a href=\"http:\/\/arxiv.org\/abs\/1406.2661\" target=\"_blank\" rel=\"noopener\">Generative Adversarial Networks<\/a>, <a href=\"http:\/\/arxiv.org\/abs\/1312.6114\" target=\"_blank\" rel=\"noopener\">Auto-Encoding Variational Bayes<\/a>, <a href=\"https:\/\/arxiv.org\/pdf\/1606.05908v2.pdf\">Tutorial on Variational Autoencoders<\/a><\/td>\n<td><a href=\"http:\/\/lear.inrialpes.fr\/~verbeek\/tmp\/GAN.jjv.pdf\" target=\"_blank\" rel=\"noopener\">slides1<\/a> <a href=\"http:\/\/lear.inrialpes.fr\/~verbeek\/tmp\/AEVB.jjv.pdf\" target=\"_blank\" rel=\"noopener\">slides2<\/a> <a href=\"http:\/\/project.inria.fr\/deeplearning\/files\/2016\/05\/AE_RBM.pdf\" target=\"_blank\" rel=\"noopener\">slides3<\/a> (Daan Wynen, Jakob Verbeek)<\/td>\n<\/tr>\n<tr style=\"outline: thin solid;\">\n<td>2016-09-30, 10am, room F108<\/td>\n<td>Introduction to Recurrent Neural Networks<\/td>\n<td>Graves,\u00a0 <a href=\"https:\/\/www.cs.toronto.edu\/~graves\/preprint.pdf\" target=\"_blank\" rel=\"noopener\">Supervised Sequence Labelling with Recurrent Neural Networks<\/a>, Ch 3-3.2.4 and Ch 4<\/p>\n<p>Goodfellow et al., <a href=\"http:\/\/www.deeplearningbook.org\/\" target=\"_blank\" rel=\"noopener\">Deep Learning<\/a>, Chapter 10-10.3<\/td>\n<td><a href=\"http:\/\/project.inria.fr\/deeplearning\/files\/2016\/05\/RecurrentNeuralNetworks.pdf\" target=\"_blank\" rel=\"noopener\">slides<\/a> (Marco Pedersoli, Thomas Lucas)<\/td>\n<\/tr>\n<tr style=\"outline: thin solid;\">\n<td>2016-11-4, 10am, room F107<\/td>\n<td>Deep Feedforward Networks<\/td>\n<td>Goodfellow et al., <a href=\"http:\/\/www.deeplearningbook.org\/contents\/mlp.html\" target=\"_blank\" rel=\"noopener\">Deep Learning<\/a>, Chapter 6<\/td>\n<td><a href=\"http:\/\/project.inria.fr\/deeplearning\/files\/2016\/05\/presentation.pdf\" target=\"_blank\" rel=\"noopener\">slides<\/a> (Benoit Mass\u00e9, Dionyssos Kounades-Bastian)<\/td>\n<\/tr>\n<tr style=\"outline: thin solid;\">\n<td>2016-11-17, 15&#8217;30, room F107<\/td>\n<td>Regularization for Deep Learning<\/td>\n<td>Goodfellow et al., <a href=\"http:\/\/www.deeplearningbook.org\/contents\/regularization.html\" target=\"_blank\" rel=\"noopener\">Deep Learning<\/a>, Chapter 7<\/td>\n<td><a href=\"http:\/\/project.inria.fr\/deeplearning\/files\/2016\/05\/session.pdf\" target=\"_blank\" rel=\"noopener\">slides<\/a> (Gildas Mazo)<\/td>\n<\/tr>\n<tr style=\"outline: thin solid;\">\n<td>2016-12-13, 10am, room F108<\/td>\n<td>Optimization for Training Deep Models<\/td>\n<td>Goodfellow et al., <a href=\"http:\/\/www.deeplearningbook.org\/contents\/optimization.html\" target=\"_blank\" rel=\"noopener\">Deep Learning<\/a>, Chapter 8<\/td>\n<td><a href=\"http:\/\/project.inria.fr\/deeplearning\/files\/2016\/05\/optimization-training-deep.pdf\" target=\"_blank\" rel=\"noopener\">slides<\/a> (Henrique Morimitsu)<\/td>\n<\/tr>\n<tr style=\"outline: thin solid;\">\n<td>2017-01-25, 10am, room F107<\/td>\n<td>Deep Learning Libraries<\/td>\n<td>&#8211;<\/td>\n<td><a href=\"http:\/\/project.inria.fr\/deeplearning\/files\/2016\/05\/DLFrameworks.pdf\">slides<\/a> (Konstantin Shmelkov, Pauline Luc, Thomas Lucas, Vicky Kalogeiton, St\u00e9phane Lathuili\u00e8re)<\/td>\n<\/tr>\n<tr style=\"outline: thin solid;\">\n<td>2017-10-03, 3pm, room C208<\/td>\n<td>Deep Learning Papers<\/td>\n<td><a href=\"https:\/\/arxiv.org\/abs\/1406.2661\" target=\"_blank\" rel=\"noopener\">Generative Adversarial Nets<\/a>, <a href=\"https:\/\/arxiv.org\/abs\/1611.08050\" target=\"_blank\" rel=\"noopener\">Realtime Multi-Person 2D Pose Estimation using Part Affinity Fields<\/a>, <a href=\"https:\/\/arxiv.org\/abs\/1707.07256\" target=\"_blank\" rel=\"noopener\">Deeply-Learned Part-Aligned Representations for Person Re-Identification<\/a>, <a href=\"https:\/\/arxiv.org\/abs\/1709.08325\" target=\"_blank\" rel=\"noopener\">Pose-driven Deep Convolutional Model for Person Re-identification<\/a>, <a href=\"https:\/\/arxiv.org\/abs\/1708.09317v1\" target=\"_blank\" rel=\"noopener\">Disguised Face Identification (DFI) with Facial KeyPoints using Spatial Fusion Convolutional Network<\/a>, <a href=\"https:\/\/arxiv.org\/abs\/1702.08835v2\" target=\"_blank\" rel=\"noopener\">Deep Forest: Towards An Alternative to Deep Neural Networks<\/a><\/td>\n<td>Sylvain Guy, Guillaume Delorme, Radu Horaud, Vincent Drouard, St\u00e9phane Lathuili\u00e8re, Benoit Mass\u00e9<\/td>\n<\/tr>\n<tr style=\"outline: thin solid;\">\n<td>2017-10-17, 3pm, room C208<\/td>\n<td>Deep Learning Papers<\/td>\n<td><a href=\"https:\/\/arxiv.org\/abs\/1710.03958\" target=\"_blank\" rel=\"noopener\">Detect to Track and Track to Detect<\/a>, <a href=\"https:\/\/arxiv.org\/abs\/1710.00935v2\" target=\"_blank\" rel=\"noopener\">Interpretable Convolutional Neural Networks<\/a>, <a href=\"https:\/\/arxiv.org\/abs\/1704.01719\" target=\"_blank\" rel=\"noopener\">Beyond triplet loss: a deep quadruplet network for person re-identification<\/a>, <a href=\"https:\/\/arxiv.org\/abs\/1703.00848v2\" target=\"_blank\" rel=\"noopener\">Unsupervised Image-to-Image Translation Network<\/a>, <a href=\"https:\/\/arxiv.org\/abs\/1708.05866v2\" target=\"_blank\" rel=\"noopener\">A Brief Survey of Deep Reinforcement Learning<\/a><\/td>\n<td>Sylvain Guy, Xavier Alameda, Benoit Mass\u00e9, St\u00e9phane Lathuili\u00e8re, Pablo Mesejo<\/td>\n<\/tr>\n<tr style=\"outline: thin solid;\">\n<td>2017-11-07, 2pm, room F108<\/td>\n<td>Deep Learning Papers<\/td>\n<td><a href=\"http:\/\/openaccess.thecvf.com\/content_ICCV_2017\/papers\/Dai_Deformable_Convolutional_Networks_ICCV_2017_paper.pdf\" target=\"_blank\" rel=\"noopener\">Deformable Convolutional Networks<\/a>, <a href=\"http:\/\/openaccess.thecvf.com\/content_ICCV_2017\/papers\/Aliakbarian_Encouraging_LSTMs_to_ICCV_2017_paper.pdf\" target=\"_blank\" rel=\"noopener\">Encouraging LSTMs to Anticipate Actions Very Early<\/a>, <a href=\"http:\/\/openaccess.thecvf.com\/content_ICCV_2017\/papers\/Xie_Genetic_CNN_ICCV_2017_paper.pdf\" target=\"_blank\" rel=\"noopener\">Genetic CNN<\/a>, <a href=\"http:\/\/openaccess.thecvf.com\/content_ICCV_2017\/papers\/Zhu_Rethinking_Reprojection_Closing_ICCV_2017_paper.pdf\" target=\"_blank\" rel=\"noopener\">Rethinking Reprojection: Closing the Loop for Pose-Aware Shape Reconstruction From a Single Image<\/a>, <a href=\"https:\/\/arxiv.org\/pdf\/1707.04991.pdf\" target=\"_blank\" rel=\"noopener\">Learning a Policy from Streaming Videos with Reinforcement Learning<\/a>, <a href=\"http:\/\/openaccess.thecvf.com\/content_ICCV_2017\/papers\/Li_Learning_From_Noisy_ICCV_2017_paper.pdf\" target=\"_blank\" rel=\"noopener\">Learning From Noisy Labels With Distillation<\/a><\/td>\n<td>Radu Horaud, Guillaume Delorme, Benoit Mass\u00e9, Vincent Drouard, Yutong Ban, St\u00e9phane Lathuili\u00e8re<\/td>\n<\/tr>\n<tr style=\"outline: thin solid;\">\n<td>2017-11-21, 3pm, room F108<\/td>\n<td>Deep Learning Papers<\/td>\n<td><a href=\"http:\/\/openaccess.thecvf.com\/content_ICCV_2017\/papers\/Recasens_Following_Gaze_in_ICCV_2017_paper.pdf\" target=\"_blank\" rel=\"noopener\">Following Gaze in Video<\/a>, <a href=\"https:\/\/arxiv.org\/abs\/1711.05376v1\" target=\"_blank\" rel=\"noopener\">Sliced Wasserstein Distance for Learning Gaussian Mixture Models<\/a>, <a href=\"https:\/\/arxiv.org\/abs\/1711.04340v1\" target=\"_blank\" rel=\"noopener\">Data Augmentation Generative Adversarial Networks<\/a>, <a href=\"https:\/\/arxiv.org\/abs\/1705.09558v3\" target=\"_blank\" rel=\"noopener\">Bayesian GAN<\/a>, <a href=\"http:\/\/openaccess.thecvf.com\/content_ICCV_2017\/papers\/Najibi_SSH_Single_Stage_ICCV_2017_paper.pdf\" target=\"_blank\" rel=\"noopener\">SSH: Single Stage Headless Face Detector<\/a>, <a href=\"http:\/\/openaccess.thecvf.com\/content_ICCV_2017\/papers\/Lu_SafetyNet_Detecting_and_ICCV_2017_paper.pdf\" target=\"_blank\" rel=\"noopener\">SafetyNet: Detecting and Rejecting Adversarial Examples Robustly<\/a><\/td>\n<td>Benoit Mass\u00e9, Yutong Ban, St\u00e9phane Lathuili\u00e8re, Hongliang Lu, Sylvain Guy, Guillaume Delorme<\/td>\n<\/tr>\n<tr style=\"outline: thin solid;\">\n<td>2017-12-05, 3pm, room F108<\/td>\n<td>Deep Learning Papers<\/td>\n<td><a href=\"https:\/\/arxiv.org\/pdf\/1711.10337v1.pdf\" target=\"_blank\" rel=\"noopener\">Are GANs Created Equal? A Large-Scale Study<\/a>, <a href=\"https:\/\/arxiv.org\/pdf\/1508.04306.pdf\" target=\"_blank\" rel=\"noopener\">Deep clustering: Discriminative embeddings for segmentation and separation<\/a>, <a href=\"http:\/\/openaccess.thecvf.com\/content_ICCV_2017\/papers\/Bulat_How_Far_Are_ICCV_2017_paper.pdf\" target=\"_blank\" rel=\"noopener\">How far are we from solving the 2D &amp; 3D Face Alignment problem?<\/a>, <a href=\"https:\/\/arxiv.org\/pdf\/1711.09020v1.pdf\" target=\"_blank\" rel=\"noopener\">StarGAN: Unified Generative Adversarial Networks for Multi-Domain Image-to-Image Translation<\/a>, <a href=\"http:\/\/arxiv.org\/abs\/1711.07613v1\" target=\"_blank\" rel=\"noopener\">Are You Talking to Me? Reasoned Visual Dialog Generation through Adversarial Learning<\/a><\/td>\n<td>St\u00e9phane Lathuili\u00e8re, Laurent Girin, Benoit Mass\u00e9, Guillaume Delorme, Yutong Ban<\/td>\n<\/tr>\n<tr style=\"outline: thin solid;\">\n<td>2018-01-23, 3pm, room C208<\/td>\n<td>Deep Learning Papers<\/td>\n<td><a href=\"http:\/\/openaccess.thecvf.com\/content_ICCV_2017\/papers\/He_Mask_R-CNN_ICCV_2017_paper.pdf\" target=\"_blank\" rel=\"noopener\">Mask R-CNN<\/a>, <a href=\"https:\/\/arxiv.org\/abs\/1505.07818\" target=\"_blank\" rel=\"noopener\">Domain-Adversarial Training of Neural Networks<\/a>, <a href=\"https:\/\/arxiv.org\/abs\/1711.10295\" target=\"_blank\" rel=\"noopener\">Camera Style Adaptation for Person Re-identification<\/a>, <a href=\"https:\/\/arxiv.org\/abs\/1712.05577\" target=\"_blank\" rel=\"noopener\">Gradients explode &#8211; Deep Networks are shallow &#8211; ResNet explained <\/a><\/td>\n<td>Yutong Ban, Guillaume Delorme, Guillaume Delorme, \u00d3scar G\u00f3mez<\/td>\n<\/tr>\n<\/tbody>\n<\/table>\n<p><a href=\"http:\/\/project.inria.fr\/deeplearning\/files\/2016\/05\/LaTexTemplate.zip\" target=\"_blank\" rel=\"noopener\">LaTeX template<\/a><\/p>\n","protected":false},"excerpt":{"rendered":"<p>Date Topic Recommended readings Slides 2016-06-02, 10am, room A103 Introduction to Neural Networks Bishop, Chapter 5 slides (Pablo Mesejo, St\u00e9phane Lathuili\u00e8re) 2016-06-10, 10am, room F107 Introduction to Neural Networks Bishop, Chapter 5 slides (St\u00e9phane Lathuili\u00e8re, Pablo Mesejo) 2016-07-01, 10am, room F107 Introduction to Convolutional Neural Networks Goodfellow et al., Deep\u2026<\/p>\n<p> <a class=\"continue-reading-link\" href=\"https:\/\/project.inria.fr\/deeplearning\/sessions\/\"><span>Continue reading<\/span><i class=\"crycon-right-dir\"><\/i><\/a> <\/p>\n","protected":false},"author":921,"featured_media":0,"parent":0,"menu_order":0,"comment_status":"closed","ping_status":"closed","template":"","meta":{"footnotes":""},"class_list":["post-68","page","type-page","status-publish","hentry"],"_links":{"self":[{"href":"https:\/\/project.inria.fr\/deeplearning\/wp-json\/wp\/v2\/pages\/68","targetHints":{"allow":["GET"]}}],"collection":[{"href":"https:\/\/project.inria.fr\/deeplearning\/wp-json\/wp\/v2\/pages"}],"about":[{"href":"https:\/\/project.inria.fr\/deeplearning\/wp-json\/wp\/v2\/types\/page"}],"author":[{"embeddable":true,"href":"https:\/\/project.inria.fr\/deeplearning\/wp-json\/wp\/v2\/users\/921"}],"replies":[{"embeddable":true,"href":"https:\/\/project.inria.fr\/deeplearning\/wp-json\/wp\/v2\/comments?post=68"}],"version-history":[{"count":98,"href":"https:\/\/project.inria.fr\/deeplearning\/wp-json\/wp\/v2\/pages\/68\/revisions"}],"predecessor-version":[{"id":298,"href":"https:\/\/project.inria.fr\/deeplearning\/wp-json\/wp\/v2\/pages\/68\/revisions\/298"}],"wp:attachment":[{"href":"https:\/\/project.inria.fr\/deeplearning\/wp-json\/wp\/v2\/media?parent=68"}],"curies":[{"name":"wp","href":"https:\/\/api.w.org\/{rel}","templated":true}]}}