

{"id":72,"date":"2023-08-29T16:42:16","date_gmt":"2023-08-29T14:42:16","guid":{"rendered":"https:\/\/project.inria.fr\/defios\/?page_id=72"},"modified":"2023-08-29T19:02:52","modified_gmt":"2023-08-29T17:02:52","slug":"team-members","status":"publish","type":"page","link":"https:\/\/project.inria.fr\/defios\/team-members\/","title":{"rendered":"Team members"},"content":{"rendered":"<h2 class=\"wp-block-heading\">Inria Paris (Whisper)<\/h2>\n\n\n\n<ul class=\"wp-block-list\"><li>Julia Lawall, research scientist<\/li><li>Jean-Pierre Lozi, research scientist<\/li><li>Himadri Chhaya-Shailesh, PhD student<\/li><li>Victor Laforet, PhD student<\/li><li>Tom\u00e1\u0161 Falt\u00edn, postdoc<\/li><\/ul>\n\n\n\n<h2 class=\"wp-block-heading\">Inria Saclay (Benagil)<\/h2>\n\n\n\n<ul class=\"wp-block-list\"><li>Ga\u00ebl Thomas, research scientist<\/li><li>Mathieu Bacou, associate professor<\/li><li>Yohan Pipereau, PhD student<\/li><li>Adam Chader, PhD student<\/li><li>Jana Toljaga, PhD student<\/li><li>Jean-Fran\u00e7ois Dumollard, PhD student<\/li><\/ul>\n\n\n\n<h2 class=\"wp-block-heading\">Inria Rennes (Wide)<\/h2>\n\n\n\n<ul class=\"wp-block-list\"><li>David Bromberg, professor<\/li><li>Djob Mvondo, associate professor<\/li><li>C<em>\u00e9<\/em>saire Mounah Honor<em>\u00e9<\/em>, PhD student<\/li><\/ul>\n\n\n\n<h2 class=\"wp-block-heading\">Grenoble (Erods)<\/h2>\n\n\n\n<ul class=\"wp-block-list\"><li>Alain Tchana, professor<\/li><li>Renaud Lachaize, associate professor<\/li><li>Papa Assane Fall, PhD student<\/li><\/ul>","protected":false},"excerpt":{"rendered":"<p>Inria Paris (Whisper) Julia Lawall, research scientist Jean-Pierre Lozi, research scientist Himadri Chhaya-Shailesh, PhD student Victor Laforet, PhD student Tom\u00e1\u0161 Falt\u00edn, postdoc Inria Saclay (Benagil) Ga\u00ebl Thomas, research scientist Mathieu Bacou, associate professor Yohan Pipereau, PhD student Adam Chader, PhD student Jana Toljaga, PhD student Jean-Fran\u00e7ois Dumollard, PhD student Inria\u2026<\/p>\n<p> <a class=\"continue-reading-link\" href=\"https:\/\/project.inria.fr\/defios\/team-members\/\"><span>Continue reading<\/span><i class=\"crycon-right-dir\"><\/i><\/a> <\/p>\n","protected":false},"author":638,"featured_media":0,"parent":0,"menu_order":0,"comment_status":"closed","ping_status":"closed","template":"","meta":{"footnotes":""},"class_list":["post-72","page","type-page","status-publish","hentry"],"_links":{"self":[{"href":"https:\/\/project.inria.fr\/defios\/wp-json\/wp\/v2\/pages\/72","targetHints":{"allow":["GET"]}}],"collection":[{"href":"https:\/\/project.inria.fr\/defios\/wp-json\/wp\/v2\/pages"}],"about":[{"href":"https:\/\/project.inria.fr\/defios\/wp-json\/wp\/v2\/types\/page"}],"author":[{"embeddable":true,"href":"https:\/\/project.inria.fr\/defios\/wp-json\/wp\/v2\/users\/638"}],"replies":[{"embeddable":true,"href":"https:\/\/project.inria.fr\/defios\/wp-json\/wp\/v2\/comments?post=72"}],"version-history":[{"count":3,"href":"https:\/\/project.inria.fr\/defios\/wp-json\/wp\/v2\/pages\/72\/revisions"}],"predecessor-version":[{"id":112,"href":"https:\/\/project.inria.fr\/defios\/wp-json\/wp\/v2\/pages\/72\/revisions\/112"}],"wp:attachment":[{"href":"https:\/\/project.inria.fr\/defios\/wp-json\/wp\/v2\/media?parent=72"}],"curies":[{"name":"wp","href":"https:\/\/api.w.org\/{rel}","templated":true}]}}