

{"id":133,"date":"2016-10-25T13:44:14","date_gmt":"2016-10-25T11:44:14","guid":{"rendered":"http:\/\/project.inria.fr\/dl2017\/?page_id=133"},"modified":"2017-06-13T16:03:02","modified_gmt":"2017-06-13T14:03:02","slug":"organization","status":"publish","type":"page","link":"https:\/\/project.inria.fr\/dl2017\/organization\/","title":{"rendered":"Organization"},"content":{"rendered":"<p><span style=\"color: #000000;\"><strong><span style=\"font-family: arial,helvetica,sans-serif; font-size: 20pt;\">DL 2017 Organization<\/span><\/strong><\/span><\/p>\n<p>&nbsp;<\/p>\n<p><span style=\"color: #000000;\"><strong><span style=\"font-family: arial,helvetica,sans-serif; font-size: 14pt;\">Program Chairs<\/span><\/strong><\/span><\/p>\n<p><span style=\"font-family: arial,helvetica,sans-serif; font-size: 11pt; color: #000000;\">Alessandro Artale\u00a0(Free University of Bozen-Bolzano, Italy)<\/span><\/p>\n<p><span style=\"font-family: arial,helvetica,sans-serif; font-size: 11pt; color: #000000;\">Birte Glimm (University of Ulm, Germany)<\/span><\/p>\n<p><span style=\"font-family: arial,helvetica,sans-serif; font-size: 11pt; color: #000000;\">Roman Kontchakov (Birkbeck, University of London, UK)<\/span><\/p>\n<p>&nbsp;<\/p>\n<p><span style=\"color: #000000;\"><strong><span style=\"font-family: arial,helvetica,sans-serif; font-size: 14pt;\">General Chairs<\/span><\/strong><\/span><\/p>\n<p><span style=\"font-family: arial,helvetica,sans-serif; font-size: 11pt; color: #000000;\">Meghyn Bienvenu (CNRS, University of Montpellier)<\/span><\/p>\n<p><span style=\"font-family: arial,helvetica,sans-serif; font-size: 11pt; color: #000000;\">Marie-Laure Mugnier (University of Montpellier)<\/span><\/p>\n<p>&nbsp;<\/p>\n<p><span style=\"color: #000000;\"><strong><span style=\"font-family: arial,helvetica,sans-serif; font-size: 14pt;\">Local Arrangements Committee<\/span><\/strong><\/span><\/p>\n<p><span style=\"font-family: arial,helvetica,sans-serif; font-size: 11pt; color: #000000;\">Annie Aliaga, Jean-Fran\u00e7ois Baget, Laurent Bienvenu, Pierre Bisquert, Stathis Delivorias, Elisabeth Gr\u00e8verie, Abdelraouf Hecham, Laetitia M\u00e9gual, Federico Ulliana, Bruno Yun, Virginie F\u00e8che<\/span><\/p>\n<p>&nbsp;<\/p>\n<p><span style=\"color: #000000;\"><strong><span style=\"font-family: arial,helvetica,sans-serif; font-size: 14pt;\">Program Committee<\/span><\/strong><\/span><\/p>\n<div class=\"flex-grid\">\n<div class=\"col\">\n<p><span style=\"font-family: arial,helvetica,sans-serif; font-size: 11pt;\"><a title=\"Website\" href=\"https:\/\/lat.inf.tu-dresden.de\/~baader\/index-en.html\" target=\"_blank\" rel=\"noopener noreferrer\">Franz Baader<\/a> <span style=\"color: #000000;\">(TU Dresden)<\/span><\/span><\/p>\n<p><span style=\"font-family: arial,helvetica,sans-serif; font-size: 11pt;\"><a title=\"Website\" href=\"http:\/\/www.cs.rutgers.edu\/~borgida\/\" target=\"_blank\" rel=\"noopener noreferrer\">Alex Borgida<\/a> <span style=\"color: #000000;\">(Rutgers University)<\/span><\/span><\/p>\n<p><span style=\"font-family: arial,helvetica,sans-serif; font-size: 11pt;\"><a title=\"Website\" href=\"https:\/\/lat.inf.tu-dresden.de\/~stefborg\/\" target=\"_blank\" rel=\"noopener noreferrer\">Stefan Borgwardt<\/a><span style=\"color: #000000;\"> (TU Dresden)<\/span><\/span><\/p>\n<p><span style=\"font-family: arial,helvetica,sans-serif; font-size: 11pt;\"><a title=\"Website\" href=\"http:\/\/www.inf.unibz.it\/~ebotoeva\/\" target=\"_blank\" rel=\"noopener noreferrer\">Elena Botoeva<\/a> <span style=\"color: #000000;\">(Free University of Bozen-Bolzano)<\/span><\/span><\/p>\n<p><span style=\"font-family: arial,helvetica,sans-serif; font-size: 11pt;\"><a title=\"Website\" href=\"http:\/\/www.cs.ox.ac.uk\/isg\/people\/bernardo.cuencagrau\/\" target=\"_blank\" rel=\"noopener noreferrer\">Bernardo Cuenca Grau<\/a> <span style=\"color: #000000;\">(University of Oxford)<\/span><\/span><\/p>\n<p><span style=\"font-size: 11pt;\"><span style=\"font-family: arial,helvetica,sans-serif;\"><a title=\"Website\" href=\"http:\/\/www.dis.uniroma1.it\/~degiacom\/\" target=\"_blank\" rel=\"noopener noreferrer\">Giuseppe De Giacomo<\/a> <\/span><span style=\"color: #000000;\"><span style=\"font-family: arial,helvetica,sans-serif;\">(Sapienza University of Rome)<\/span><\/span><\/span><\/p>\n<p><span style=\"font-family: arial,helvetica,sans-serif; font-size: 11pt;\"><a title=\"Website\" href=\"http:\/\/homes.di.unimi.it\/ghilardi\/\" target=\"_blank\" rel=\"noopener noreferrer\">Silvio Ghilardi<\/a> <span style=\"color: #000000;\">(Universit\u00e0 degli Studi di Milano)<\/span><\/span><\/p>\n<p><span style=\"font-family: arial,helvetica,sans-serif; font-size: 11pt;\"><a title=\"Website\" href=\"http:\/\/www.di.unito.it\/~laura\/\" target=\"_blank\" rel=\"noopener noreferrer\">Laura Giordano<\/a> (Universit\u00e0 del Piemonte Orientale)<\/span><\/p>\n<p><span style=\"font-family: arial,helvetica,sans-serif; font-size: 11pt;\"><a title=\"Website\" href=\"https:\/\/users.cs.cf.ac.uk\/GutierrezBasultoV\/\" target=\"_blank\" rel=\"noopener noreferrer\">V\u00edctor Guti\u00e9rrez Basulto<\/a> <span style=\"color: #000000;\">(Cardiff University)<\/span><\/span><\/p>\n<p><span style=\"color: #000000; font-size: 11pt;\"><a title=\"Website\" href=\"http:\/\/dai.fmph.uniba.sk\/~homola\/\" target=\"_blank\" rel=\"noopener noreferrer\">Martin Homola<\/a> (Comenius University)<\/span><\/p>\n<p><span style=\"color: #000000; font-size: 11pt;\"><a title=\"Website\" href=\"http:\/\/web.stanford.edu\/~horridge\/\" target=\"_blank\" rel=\"noopener noreferrer\">Matthew Horridge<\/a> (Stanford University)<\/span><\/p>\n<p><span style=\"color: #000000; font-size: 11pt;\"><a href=\"http:\/\/www.mn.uio.no\/ifi\/english\/people\/aca\/ernestoj\/index.html\" target=\"_blank\" rel=\"noopener\">Ernesto Jimenez-Ruiz<\/a> (University of Oslo)<\/span><\/p>\n<p><span style=\"color: #000000; font-size: 11pt;\"><a title=\"Website\" href=\"https:\/\/www.cs.ox.ac.uk\/isg\/people\/mark.kaminski\/\" target=\"_blank\" rel=\"noopener noreferrer\">Mark Kaminski<\/a> (University of Oxford)<\/span><\/p>\n<p><span style=\"color: #000000; font-size: 11pt;\"><a title=\"Website\" href=\"http:\/\/www.uni-ulm.de\/en\/in\/ki\/staff\/dr-yevgeny-kazakov.html\" target=\"_blank\" rel=\"noopener noreferrer\">Yevgeny Kazakov<\/a> (The University of Ulm)<\/span><\/p>\n<p><span style=\"color: #000000; font-size: 11pt;\"><a title=\"Website\" href=\"http:\/\/www.cs.ox.ac.uk\/isg\/people\/evgeny.kharlamov\/\" target=\"_blank\" rel=\"noopener noreferrer\">Evgeny Kharlamov<\/a> (University of Oxford)<\/span><\/p>\n<p><span style=\"color: #000000; font-size: 11pt;\"><a title=\"Website\" href=\"http:\/\/cgi.csc.liv.ac.uk\/~konev\/\" target=\"_blank\" rel=\"noopener noreferrer\">Boris Konev<\/a> (University of Liverpool)<\/span><\/p>\n<p><span style=\"color: #000000; font-size: 11pt;\"><a title=\"Website\" href=\"http:\/\/korrekt.org\/\" target=\"_blank\" rel=\"noopener noreferrer\">Markus Kr\u00f6tzsch<\/a> (Technische Universit\u00e4t Dresden)<\/span><\/p>\n<p><span style=\"color: #000000; font-size: 11pt;\"><a title=\"Website\" href=\"http:\/\/www.inf.unibz.it\/~okutz\/about.html\" target=\"_blank\" rel=\"noopener noreferrer\">Oliver Kutz<\/a> (Free University of Bozen-Bolzano)<\/span><\/p>\n<p><span style=\"color: #000000; font-size: 11pt;\"><a title=\"Website\" href=\"http:\/\/www.dis.uniroma1.it\/~lembo\/\" target=\"_blank\" rel=\"noopener noreferrer\">Domenico Lembo<\/a> (Sapienza University of Rome)<\/span><\/p>\n<p><span style=\"color: #000000; font-size: 11pt;\"><a title=\"Website\" href=\"http:\/\/www.dis.uniroma1.it\/~lenzerin\/home\/\" target=\"_blank\" rel=\"noopener noreferrer\">Maurizio Lenzerini<\/a> (Sapienza University of Rome)<\/span><\/p>\n<p><span style=\"color: #000000; font-size: 11pt;\"><a title=\"Website\" href=\"http:\/\/www.informatik.uni-bremen.de\/~clu\/\" target=\"_blank\" rel=\"noopener noreferrer\">Carsten Lutz<\/a> (Universit\u00e4t Bremen)<\/span><\/p>\n<p><span style=\"color: #000000; font-size: 11pt;\"><a title=\"Website\" href=\"http:\/\/nico.matentzoglu.net\/\" target=\"_blank\" rel=\"noopener noreferrer\">Nicolas Matentzoglu<\/a> (University of Manchester)<\/span><\/p>\n<p><span style=\"color: #000000; font-size: 11pt;\"><a title=\"Website\" href=\"http:\/\/cs.uct.ac.za\/~tmeyer\/\" target=\"_blank\" rel=\"noopener noreferrer\">Thomas Meyer<\/a> (University of Cape Town and CAIR)<\/span><\/p>\n<p><span style=\"color: #000000; font-size: 11pt;\"><a title=\"Website\" href=\"https:\/\/lat.inf.tu-dresden.de\/~morawska\/\" target=\"_blank\" rel=\"noopener noreferrer\">Barbara Morawska<\/a> (TU Dresden)<\/span><\/p>\n<p><span style=\"color: #000000; font-size: 11pt;\"><span style=\"font-family: arial,helvetica,sans-serif;\"><a title=\"Website\" href=\"https:\/\/www.cs.ox.ac.uk\/isg\/people\/boris.motik\/\" target=\"_blank\" rel=\"noopener noreferrer\">Boris Motik<\/a> (University of Oxford)<\/span><\/span><\/p>\n<\/div>\n<div class=\"col\">\n<p><span style=\"color: #000000; font-size: 11pt;\"><a title=\"Website\" href=\"https:\/\/www.mimuw.edu.pl\/~nguyen\/\" target=\"_blank\" rel=\"noopener noreferrer\">Linh Anh Nguyen<\/a> (University of Warsaw)<\/span><\/p>\n<p><span style=\"color: #000000; font-size: 11pt;\"><a title=\"Website\" href=\"http:\/\/www.kr.tuwien.ac.at\/staff\/ortiz\/\" target=\"_blank\" rel=\"noopener noreferrer\">Magdalena Ortiz<\/a> (TU Wien)<\/span><\/p>\n<p><span style=\"color: #000000; font-size: 11pt;\"><a title=\"Website\" href=\"http:\/\/research.nuance.com\/author\/peter-patel-schneider\/\" target=\"_blank\" rel=\"noopener noreferrer\">Peter Patel-Schneider<\/a> (Nuance Communications)<\/span><\/p>\n<p><span style=\"color: #000000; font-size: 11pt;\"><a title=\"Website\" href=\"https:\/\/www.inf.unibz.it\/~penaloza\/\" target=\"_blank\" rel=\"noopener noreferrer\">Rafael Pe\u00f1aloza<\/a> (Free University of Bozen-Bolzano)<\/span><\/p>\n<p><span style=\"color: #000000; font-size: 11pt;\"><span style=\"font-family: arial,helvetica,sans-serif;\"><a href=\"http:\/\/homepages.inf.ed.ac.uk\/apieris\/\" target=\"_blank\" rel=\"noopener noreferrer\">Andreas Pieris<\/a> (University of Edinburgh)<\/span><\/span><\/p>\n<p><span style=\"color: #000000; font-size: 11pt;\"><a title=\"Website\" href=\"http:\/\/www.dis.uniroma1.it\/~poggi\/\" target=\"_blank\" rel=\"noopener noreferrer\">Antonella Poggi<\/a> (Sapienza University of Rome)<\/span><\/p>\n<p><span style=\"color: #000000; font-size: 11pt;\"><a title=\"Website\" href=\"http:\/\/cse.seu.edu.cn\/people\/qgl\/index_en.htm\" target=\"_blank\" rel=\"noopener noreferrer\">Guilin Qi<\/a> (Southeast University)<\/span><\/p>\n<p><span style=\"color: #000000; font-size: 11pt;\"><a title=\"Website\" href=\"http:\/\/www.dis.uniroma1.it\/~rosati\/\" target=\"_blank\" rel=\"noopener noreferrer\">Riccardo Rosati<\/a> (Sapienza University of Rome)<\/span><\/p>\n<p><span style=\"color: #000000; font-size: 11pt;\"><a title=\"Website\" href=\"http:\/\/lig-membres.imag.fr\/rousset\/\" target=\"_blank\" rel=\"noopener noreferrer\">Marie-Christine Rousset<\/a> (University of Grenoble Alpes)<\/span><\/p>\n<p><span style=\"color: #000000; font-size: 11pt;\"><a href=\"http:\/\/sebastian-rudolph.de\" target=\"_blank\" rel=\"noopener noreferrer\">Sebastian Rudolph<\/a> (Technische Universit\u00e4t Dresden)<\/span><\/p>\n<p><span style=\"color: #000000; font-size: 11pt;\"><a title=\"Website\" href=\"https:\/\/www.inf.unibz.it\/~ryzhikov\/\" target=\"_blank\" rel=\"noopener noreferrer\">Vladislav Ryzhikov<\/a> (Free University of Bozen-Bolzano)<\/span><\/p>\n<p><span style=\"color: #000000; font-size: 11pt;\"><a title=\"Website\" href=\"http:\/\/www.cs.man.ac.uk\/~sattler\/\" target=\"_blank\" rel=\"noopener noreferrer\">Uli Sattler<\/a> (University of Manchester)<\/span><\/p>\n<p><span style=\"color: #000000; font-size: 11pt;\"><a title=\"Website\" href=\"http:\/\/www.informatik.uni-bremen.de\/~ts\/\" target=\"_blank\" rel=\"noopener noreferrer\">Thomas Schneider<\/a> (University of Bremen)<\/span><\/p>\n<p><span style=\"color: #000000; font-size: 11pt;\"><a title=\"Website\" href=\"https:\/\/dkm.fbk.eu\/people\/profile\/serafini\" target=\"_blank\" rel=\"noopener noreferrer\">Luciano Serafini<\/a> (Fondazione Bruno Kessler)<\/span><\/p>\n<p><span style=\"color: #000000; font-size: 11pt;\"><a title=\"Website\" href=\"http:\/\/www.simkus.info\/\" target=\"_blank\" rel=\"noopener noreferrer\">Mantas Simkus<\/a> (TU Wien)<\/span><\/p>\n<p><span style=\"color: #000000; font-size: 11pt;\"><a title=\"Website\" href=\"http:\/\/www.image.ntua.gr\/~gstam\/\" target=\"_blank\" rel=\"noopener noreferrer\">Giorgos Stamou<\/a> (National Technical University of Athens)<\/span><\/p>\n<p><span style=\"color: #000000; font-size: 11pt;\"><a title=\"Website\" href=\"http:\/\/www.image.ece.ntua.gr\/~gstoil\/\" target=\"_blank\" rel=\"noopener noreferrer\">Giorgos Stoilos<\/a> (Athens University of Economics and Business)<\/span><\/p>\n<p><span style=\"color: #000000; font-size: 11pt;\"><a title=\"Website\" href=\"http:\/\/www.umbertostraccia.it\/cs\/\" target=\"_blank\" rel=\"noopener noreferrer\">Umberto Straccia<\/a> (ISTI-CNR)<\/span><\/p>\n<p><span style=\"color: #000000; font-size: 11pt;\"><a title=\"Website\" href=\"https:\/\/cs.uwaterloo.ca\/~david\/\" target=\"_blank\" rel=\"noopener noreferrer\">David Toman<\/a> (University of Waterloo)<\/span><\/p>\n<p><span style=\"color: #000000; font-size: 11pt;\"><a title=\"Website\" href=\"https:\/\/cs.uwaterloo.ca\/~gweddell\/\" target=\"_blank\" rel=\"noopener noreferrer\">Grant Weddell<\/a> (University of Waterloo)<\/span><\/p>\n<p><span style=\"color: #000000; font-size: 11pt;\"><a title=\"Website\" href=\"http:\/\/cgi.csc.liv.ac.uk\/~frank\/\" target=\"_blank\" rel=\"noopener noreferrer\">Frank Wolter<\/a> (University of Liverpool)<\/span><\/p>\n<p><span style=\"color: #000000; font-size: 11pt;\"><a title=\"Website\" href=\"http:\/\/www.ghxiao.org\/\" target=\"_blank\" rel=\"noopener noreferrer\">Guohui Xiao<\/a> (Free University of Bozen-Bolzano)<\/span><\/p>\n<p><span style=\"color: #000000; font-size: 11pt;\"><a title=\"Website\" href=\"http:\/\/www.dcs.bbk.ac.uk\/~michael\/\" target=\"_blank\" rel=\"noopener noreferrer\">Michael Zakharyaschev<\/a> (Birkbeck College London)<\/span><\/p>\n<p><span style=\"color: #000000; font-size: 11pt;\"><a title=\"Website\" href=\"https:\/\/www.cs.ox.ac.uk\/people\/dmitriy.zheleznyakov\/\" target=\"_blank\" rel=\"noopener noreferrer\">Dmitriy Zheleznyakov<\/a> (University of Oxford)<\/span><\/p>\n<\/div>\n<\/div>\n","protected":false},"excerpt":{"rendered":"<p>DL 2017 Organization &nbsp; Program Chairs Alessandro Artale\u00a0(Free University of Bozen-Bolzano, Italy) Birte Glimm (University of Ulm, Germany) Roman Kontchakov (Birkbeck, University of London, UK) &nbsp; General Chairs Meghyn Bienvenu (CNRS, University of Montpellier) Marie-Laure Mugnier (University of Montpellier) &nbsp; Local Arrangements Committee Annie Aliaga, Jean-Fran\u00e7ois Baget, Laurent Bienvenu, Pierre\u2026<\/p>\n<p> <a class=\"continue-reading-link\" href=\"https:\/\/project.inria.fr\/dl2017\/organization\/\"><span>Continue reading<\/span><i class=\"crycon-right-dir\"><\/i><\/a> <\/p>\n","protected":false},"author":27,"featured_media":0,"parent":0,"menu_order":0,"comment_status":"closed","ping_status":"closed","template":"","meta":{"footnotes":""},"class_list":["post-133","page","type-page","status-publish","hentry"],"_links":{"self":[{"href":"https:\/\/project.inria.fr\/dl2017\/wp-json\/wp\/v2\/pages\/133","targetHints":{"allow":["GET"]}}],"collection":[{"href":"https:\/\/project.inria.fr\/dl2017\/wp-json\/wp\/v2\/pages"}],"about":[{"href":"https:\/\/project.inria.fr\/dl2017\/wp-json\/wp\/v2\/types\/page"}],"author":[{"embeddable":true,"href":"https:\/\/project.inria.fr\/dl2017\/wp-json\/wp\/v2\/users\/27"}],"replies":[{"embeddable":true,"href":"https:\/\/project.inria.fr\/dl2017\/wp-json\/wp\/v2\/comments?post=133"}],"version-history":[{"count":62,"href":"https:\/\/project.inria.fr\/dl2017\/wp-json\/wp\/v2\/pages\/133\/revisions"}],"predecessor-version":[{"id":650,"href":"https:\/\/project.inria.fr\/dl2017\/wp-json\/wp\/v2\/pages\/133\/revisions\/650"}],"wp:attachment":[{"href":"https:\/\/project.inria.fr\/dl2017\/wp-json\/wp\/v2\/media?parent=133"}],"curies":[{"name":"wp","href":"https:\/\/api.w.org\/{rel}","templated":true}]}}