

{"id":74,"date":"2020-10-31T19:29:44","date_gmt":"2020-10-31T18:29:44","guid":{"rendered":"https:\/\/project.inria.fr\/dornell\/?page_id=74"},"modified":"2022-04-06T21:20:41","modified_gmt":"2022-04-06T19:20:41","slug":"consortium","status":"publish","type":"page","link":"https:\/\/project.inria.fr\/dornell\/consortium\/","title":{"rendered":"Consortium"},"content":{"rendered":"<p>DORNELL is a collaborative effort between research teams at Inria Rennes Bretagne Atlantique (coordinator), Inria Paris, Inria Nancy, Inria Bordeaux, Institut des Syst\u00e8mes Intelligents et de Robotique (ISIR),\u00a0<span style=\"font-weight: 400;\">Institut des jeunes aveugles &#8211; Les Charmettes, and\u00a0P\u00f4le de M\u00e9decine Physique et de R\u00e9adaptation St H\u00e9lier.<\/span><\/p>\n<p>Below you can see the researchers, engineers, and practitioners taking part to the project.<\/p>\n<p><span style=\"color: #d50000;\"><strong>Inria Rennes Bretagne Atlantique (RAINBOW team)<\/strong><\/span><\/p>\n<table style=\"height: 185px;\" width=\"1100\" cellspacing=\"0\" cellpadding=\"0\">\n<tbody>\n<tr valign=\"top\">\n<td width=\"150px\"><img decoding=\"async\" class=\"alignnone\" src=\"https:\/\/team.inria.fr\/rainbow\/files\/2018\/01\/MarieBabelPortrait640.jpg\" alt=\"Marie Babel\" width=\"150\" \/><\/td>\n<td width=\"20%\">Marie Babel<br \/>\n(coordinator, IRISA\/INSA)<\/td>\n<td width=\"150px\"><img decoding=\"async\" class=\"alignnone \" src=\"https:\/\/team.inria.fr\/rainbow\/files\/2022\/02\/Claudio_Pacchierotti.jpg\" width=\"150\" \/><\/td>\n<td width=\"40%\">Claudio Pacchierotti<br \/>\n(co-coordinator, IRISA\/CNRS)<\/td>\n<\/tr>\n<tr valign=\"top\">\n<td width=\"25%\"><img loading=\"lazy\" decoding=\"async\" class=\"alignnone \" src=\"http:\/\/people.rennes.inria.fr\/Maud.Marchal\/images\/Maud2016.jpg\" width=\"150\" height=\"163\" \/><\/td>\n<td width=\"25%\">Maud Marchal (IRISA\/INSA)<\/td>\n<td width=\"25%\"><img decoding=\"async\" class=\"alignnone \" src=\"https:\/\/team.inria.fr\/rainbow\/files\/2018\/01\/new-262x300.jpg\" width=\"150\" \/><\/td>\n<td width=\"25%\">Louise Devigne (IRISA\/INSA)<\/td>\n<\/tr>\n<tr valign=\"top\">\n<td width=\"25%\"><img decoding=\"async\" class=\"alignnone \" src=\"https:\/\/team.inria.fr\/rainbow\/files\/2021\/10\/photo.jpg\" width=\"150\" \/><\/td>\n<td width=\"25%\">Pierre-Antoine Cabaret (IRISA, INSA)<\/td>\n<td width=\"25%\"><img decoding=\"async\" class=\"alignnone \" src=\"https:\/\/i1.rgstatic.net\/ii\/profile.image\/965810092797954-1607278478901_Q512\/Lisheng-Kuang.jpg\" width=\"150\" \/><\/td>\n<td width=\"25%\"><span style=\"font-weight: 400;\">Lisheng Kuang<br \/>\n(IRISA, Univ. Rennes 1)<\/span><\/td>\n<\/tr>\n<tr valign=\"top\">\n<td width=\"25%\"><img decoding=\"async\" class=\"alignnone \" src=\"https:\/\/project.inria.fr\/dornell\/files\/2022\/04\/seb.jpg\" width=\"150\" \/><\/td>\n<td width=\"25%\"><span style=\"font-weight: 400;\">Sebastien Thomas (Inria)<\/span><\/td>\n<td width=\"25%\"><\/td>\n<td width=\"25%\"><\/td>\n<\/tr>\n<\/tbody>\n<\/table>\n<hr \/>\n<p><span style=\"color: #d50000;\"><strong>Laboratoire de G\u00e9nie Civil et G\u00e9nie M\u00e9canique (LGCGM), Rennes<\/strong><\/span><\/p>\n<table style=\"height: 185px;\" width=\"1100\" cellspacing=\"0\" cellpadding=\"0\">\n<tbody>\n<tr valign=\"top\">\n<td width=\"25%\"><img loading=\"lazy\" decoding=\"async\" class=\"alignnone \" src=\"https:\/\/i1.rgstatic.net\/ii\/profile.image\/273691514765349-1442264550987_Q128\/Ronan_Le_Breton.jpg\" width=\"150\" height=\"150\" \/><\/td>\n<td width=\"25%\"><span style=\"font-weight: 400;\">Ronan Le Breton<\/span><\/td>\n<td width=\"150px\"><a href=\"https:\/\/project.inria.fr\/dornell\/files\/2021\/12\/marie.jpg\"><img loading=\"lazy\" decoding=\"async\" class=\"alignnone wp-image-115\" src=\"https:\/\/project.inria.fr\/dornell\/files\/2021\/12\/marie-300x300.jpg\" alt=\"\" width=\"159\" height=\"159\" srcset=\"https:\/\/project.inria.fr\/dornell\/files\/2021\/12\/marie-300x300.jpg 300w, https:\/\/project.inria.fr\/dornell\/files\/2021\/12\/marie-150x150.jpg 150w, https:\/\/project.inria.fr\/dornell\/files\/2021\/12\/marie-768x768.jpg 768w, https:\/\/project.inria.fr\/dornell\/files\/2021\/12\/marie-1024x1024.jpg 1024w, https:\/\/project.inria.fr\/dornell\/files\/2021\/12\/marie-144x144.jpg 144w\" sizes=\"auto, (max-width: 159px) 100vw, 159px\" \/><\/a><\/td>\n<td width=\"40%\">Fr\u00e9d\u00e9ric Marie<\/td>\n<\/tr>\n<tr valign=\"top\">\n<td width=\"25%\"><a href=\"https:\/\/project.inria.fr\/dornell\/files\/2021\/12\/1634034532214.jpg\"><img loading=\"lazy\" decoding=\"async\" class=\"alignnone  wp-image-120\" src=\"https:\/\/project.inria.fr\/dornell\/files\/2021\/12\/1634034532214-300x300.jpg\" alt=\"\" width=\"150\" height=\"150\" srcset=\"https:\/\/project.inria.fr\/dornell\/files\/2021\/12\/1634034532214-300x300.jpg 300w, https:\/\/project.inria.fr\/dornell\/files\/2021\/12\/1634034532214-150x150.jpg 150w, https:\/\/project.inria.fr\/dornell\/files\/2021\/12\/1634034532214-768x768.jpg 768w, https:\/\/project.inria.fr\/dornell\/files\/2021\/12\/1634034532214-144x144.jpg 144w, https:\/\/project.inria.fr\/dornell\/files\/2021\/12\/1634034532214.jpg 800w\" sizes=\"auto, (max-width: 150px) 100vw, 150px\" \/><\/a><\/td>\n<td width=\"25%\">Sylvain Gu\u00e9gan<\/td>\n<td width=\"25%\"><\/td>\n<td width=\"25%\"><\/td>\n<\/tr>\n<\/tbody>\n<\/table>\n<hr \/>\n<p><span style=\"color: #d50000;\"><strong>Inria Nancy (MFX team)<\/strong><\/span><\/p>\n<table width=\"100%\" cellspacing=\"0\" cellpadding=\"0\">\n<colgroup>\n<col width=\"128*\" \/>\n<col width=\"64*\" \/>\n<col width=\"64*\" \/> <\/colgroup>\n<tbody>\n<tr valign=\"top\">\n<td rowspan=\"3\" width=\"25%\"><img loading=\"lazy\" decoding=\"async\" class=\"alignnone \" src=\"https:\/\/gen.grandestnumerique.org\/wp-content\/uploads\/sites\/3\/2019\/08\/Sylvain-Lefebvre-e1567063488944-500x500.png\" width=\"150\" height=\"150\" \/><\/td>\n<td width=\"25%\"><span style=\"font-weight: 400;\">Sylvain Lefebvre<\/span><\/td>\n<td width=\"25%\"><img loading=\"lazy\" decoding=\"async\" class=\"alignnone \" src=\"https:\/\/upload.wikimedia.org\/wikipedia\/commons\/thumb\/7\/7c\/User_font_awesome.svg\/512px-User_font_awesome.svg.png\" width=\"150\" height=\"163\" \/><\/td>\n<td width=\"25%\">Pierre-Alexandre Hugron<\/td>\n<\/tr>\n<\/tbody>\n<\/table>\n<hr \/>\n<p><span style=\"color: #d50000;\"><strong>Inria Bordeaux (POTIOC team)<\/strong><\/span><\/p>\n<table width=\"100%\" cellspacing=\"0\" cellpadding=\"0\">\n<colgroup>\n<col width=\"128*\" \/>\n<col width=\"64*\" \/>\n<col width=\"64*\" \/> <\/colgroup>\n<tbody>\n<tr valign=\"top\">\n<td rowspan=\"3\" width=\"25%\"><img decoding=\"async\" class=\"alignnone \" src=\"https:\/\/www.labri.fr\/sites\/default\/files\/profils\/Guitton_ID1084917710.jpg\" width=\"150\" \/><\/td>\n<td width=\"25%\"><span style=\"font-weight: 400;\">Pascal Guitton<\/span><\/td>\n<td width=\"25%\"><\/td>\n<td width=\"25%\"><\/td>\n<\/tr>\n<\/tbody>\n<\/table>\n<hr \/>\n<p><span style=\"color: #d50000;\"><strong>Institut des Syst\u00e8mes Intelligents et de Robotique (ISIR), Paris<\/strong><\/span><\/p>\n<table width=\"100%\" cellspacing=\"0\" cellpadding=\"0\">\n<colgroup>\n<col width=\"128*\" \/>\n<col width=\"64*\" \/>\n<col width=\"64*\" \/> <\/colgroup>\n<tbody>\n<tr valign=\"top\">\n<td rowspan=\"3\" width=\"25%\"><img loading=\"lazy\" decoding=\"async\" class=\"alignnone \" src=\"https:\/\/www.is.mpg.de\/uploads\/employee\/image\/893\/Picture_David.jpg\" width=\"150\" height=\"150\" \/><\/td>\n<td width=\"25%\"><span style=\"font-weight: 400;\">David Gueorguiev <\/span><\/td>\n<td width=\"25%\"><img loading=\"lazy\" decoding=\"async\" class=\"alignnone \" src=\"https:\/\/www.isir.upmc.fr\/wp-content\/uploads\/2021\/02\/id.jpg\" width=\"150\" height=\"150\" \/><\/td>\n<td width=\"25%\"><span style=\"font-weight: 400;\">In\u00e8s Lac\u00f4te<br \/>\n(with RAINBOW)<\/span><\/td>\n<\/tr>\n<\/tbody>\n<\/table>\n<hr \/>\n<p><span style=\"color: #d50000;\"><strong>Institut des jeunes aveugles &#8211; Les Charmettes (LC), Yzeure<\/strong><\/span><\/p>\n<table width=\"100%\" cellspacing=\"0\" cellpadding=\"0\">\n<colgroup>\n<col width=\"128*\" \/>\n<col width=\"64*\" \/>\n<col width=\"64*\" \/> <\/colgroup>\n<tbody>\n<tr valign=\"top\">\n<td rowspan=\"3\" width=\"25%\"><img loading=\"lazy\" decoding=\"async\" class=\"alignnone \" src=\"https:\/\/upload.wikimedia.org\/wikipedia\/commons\/thumb\/7\/7c\/User_font_awesome.svg\/512px-User_font_awesome.svg.png\" width=\"150\" height=\"150\" \/><\/td>\n<td width=\"25%\"><span style=\"font-weight: 400;\">Carine Aumeunier<\/span><\/td>\n<td width=\"25%\"><\/td>\n<td width=\"25%\"><\/td>\n<\/tr>\n<\/tbody>\n<\/table>\n<hr \/>\n<p><span style=\"color: #d50000;\"><strong>P\u00f4le de M\u00e9decine Physique et de R\u00e9adaptation St H\u00e9lier, Rennes<\/strong><\/span><\/p>\n<table width=\"100%\" cellspacing=\"0\" cellpadding=\"0\">\n<colgroup>\n<col width=\"128*\" \/>\n<col width=\"64*\" \/>\n<col width=\"64*\" \/> <\/colgroup>\n<tbody>\n<tr valign=\"top\">\n<td rowspan=\"3\" width=\"25%\"><img loading=\"lazy\" decoding=\"async\" class=\"alignnone \" src=\"https:\/\/www.pole-sthelier.fr\/media\/eleblong2__029432700_0951_21062019.jpg\" width=\"150\" height=\"225\" \/><\/td>\n<td width=\"25%\"><span style=\"font-weight: 400;\">Emilie Leblong<\/span><\/td>\n<td width=\"25%\"><\/td>\n<td width=\"25%\"><\/td>\n<\/tr>\n<\/tbody>\n<\/table>\n","protected":false},"excerpt":{"rendered":"<p>DORNELL is a collaborative effort between research teams at Inria Rennes Bretagne Atlantique (coordinator), Inria Paris, Inria Nancy, Inria Bordeaux, Institut des Syst\u00e8mes Intelligents et de Robotique (ISIR),\u00a0Institut des jeunes aveugles &#8211; Les Charmettes, and\u00a0P\u00f4le de M\u00e9decine Physique et de R\u00e9adaptation St H\u00e9lier. Below you can see the researchers, engineers,\u2026<\/p>\n<p> <a class=\"continue-reading-link\" href=\"https:\/\/project.inria.fr\/dornell\/consortium\/\"><span>Continue reading<\/span><i class=\"crycon-right-dir\"><\/i><\/a> <\/p>\n","protected":false},"author":1364,"featured_media":0,"parent":0,"menu_order":0,"comment_status":"closed","ping_status":"closed","template":"","meta":{"footnotes":""},"class_list":["post-74","page","type-page","status-publish","hentry"],"_links":{"self":[{"href":"https:\/\/project.inria.fr\/dornell\/wp-json\/wp\/v2\/pages\/74","targetHints":{"allow":["GET"]}}],"collection":[{"href":"https:\/\/project.inria.fr\/dornell\/wp-json\/wp\/v2\/pages"}],"about":[{"href":"https:\/\/project.inria.fr\/dornell\/wp-json\/wp\/v2\/types\/page"}],"author":[{"embeddable":true,"href":"https:\/\/project.inria.fr\/dornell\/wp-json\/wp\/v2\/users\/1364"}],"replies":[{"embeddable":true,"href":"https:\/\/project.inria.fr\/dornell\/wp-json\/wp\/v2\/comments?post=74"}],"version-history":[{"count":21,"href":"https:\/\/project.inria.fr\/dornell\/wp-json\/wp\/v2\/pages\/74\/revisions"}],"predecessor-version":[{"id":131,"href":"https:\/\/project.inria.fr\/dornell\/wp-json\/wp\/v2\/pages\/74\/revisions\/131"}],"wp:attachment":[{"href":"https:\/\/project.inria.fr\/dornell\/wp-json\/wp\/v2\/media?parent=74"}],"curies":[{"name":"wp","href":"https:\/\/api.w.org\/{rel}","templated":true}]}}