

{"id":136,"date":"2016-06-08T09:46:27","date_gmt":"2016-06-08T07:46:27","guid":{"rendered":"http:\/\/project.inria.fr\/ecal2017\/?page_id=136"},"modified":"2017-09-14T13:17:30","modified_gmt":"2017-09-14T11:17:30","slug":"ecal-2017-lyon-france","status":"publish","type":"page","link":"https:\/\/project.inria.fr\/ecal2017\/","title":{"rendered":"ECAL 2017<span style=\"margin:0px 25px;\">&bull;<\/span>Lyon, France<span style=\"margin:0px 25px;\">&bull;<\/span>4 &#8211; 8 September 2017"},"content":{"rendered":"<h3>Create, play, experiment, discover: revealing the experimental power of virtual worlds<\/h3>\n<p>ECAL, the\u00a0European Conference on Artificial Life, is a biennial scientific gathering supported by the <a href=\"http:\/\/alife.org\/\">International Society for Artificial Life<\/a> (ISAL).<\/p>\n<div>\n<p><a href=\"http:\/\/project.inria.fr\/ecal2017\/files\/2016\/06\/bateau_ecal.jpg\"><img loading=\"lazy\" decoding=\"async\" class=\"aligncenter size-full wp-image-822\" src=\"http:\/\/project.inria.fr\/ecal2017\/files\/2016\/06\/bateau_ecal.jpg\" alt=\"\" width=\"1582\" height=\"1010\" srcset=\"https:\/\/project.inria.fr\/ecal2017\/files\/2016\/06\/bateau_ecal.jpg 1582w, https:\/\/project.inria.fr\/ecal2017\/files\/2016\/06\/bateau_ecal-300x192.jpg 300w, https:\/\/project.inria.fr\/ecal2017\/files\/2016\/06\/bateau_ecal-768x490.jpg 768w, https:\/\/project.inria.fr\/ecal2017\/files\/2016\/06\/bateau_ecal-1024x654.jpg 1024w, https:\/\/project.inria.fr\/ecal2017\/files\/2016\/06\/bateau_ecal-150x96.jpg 150w\" sizes=\"auto, (max-width: 1582px) 100vw, 1582px\" \/><\/a><\/p>\n<p style=\"text-align: right;\">\u00a9 2017 Nicolas Comte<\/p>\n<\/div>\n<h3>Proceedings<\/h3>\n<p><a style=\"display: block; height: 40px; width: auto; color: white; background-color: #ff6600; border-radius: 10px; text-align: center; margin-top: 30px;\" href=\"http:\/\/cognet.mit.edu\/journal\/ecal2017\">MIT Press Open Access Proceedings<\/a><br \/>\n<a style=\"display: block; height: 40px; width: auto; color: red; background-color: #f3e5ab; border-radius: 10px; text-align: center;\" href=\"https:\/\/project.inria.fr\/ecal2017\/files\/2017\/08\/late-breaking-posters-booklet.pdf\">Late-Breaking Abstracts Booklet<\/a><\/p>\n<h3>Awards<\/h3>\n<h4>Best paper award<\/h4>\n<p>The best paper award was granted to Nick Moran and Jordan Pollack, for their work on the &#8220;<a href=\"http:\/\/cognet.mit.edu\/proceed\/10.7551\/ecal_a_051\">Effects of Cooperative and Competitive Coevolution on Complexity in a Linguistic Prediction Game<\/a>&#8220;.<\/p>\n<p>The four finalists were:<\/p>\n<ul>\n<li>Milan Jelisavcic, Rafael Kiesel, Kyrre Glette, Evert Haasdijk and A. E. Eiben.<a href=\"http:\/\/cognet.mit.edu\/proceed\/10.7551\/ecal_a_038\"> Analysis of Lamarckian Evolution in Morphologically Evolving Robots<\/a><\/li>\n<li>Emily Dolson and Charles Ofria. <a href=\"http:\/\/cognet.mit.edu\/proceed\/10.7551\/ecal_a_023\">Spatial resource heterogeneity creates local hotspots of evolutionary potential<\/a><\/li>\n<li>Nick Moran and Jordan Pollack. <a href=\"http:\/\/cognet.mit.edu\/proceed\/10.7551\/ecal_a_051\">Effects of Cooperative and Competitive Coevolution on Complexity in a Linguistic Prediction Game<\/a><\/li>\n<li>I\u00f1aki Fern\u00e1ndez P\u00e9rez, Amine Boumaza and Fran\u00e7ois Charpillet. <a href=\"http:\/\/cognet.mit.edu\/proceed\/10.7551\/ecal_a_028\">Learning Collaborative Foraging in a Swarm of Robots using Embodied Evolution<\/a><\/li>\n<\/ul>\n<h4>Best poster award<\/h4>\n<p>The best poster award was granted to Peter Aaser, Martinius Knudsen, Ola Huse Ramstad, Rosanne van de Wijdeven, Stefano Nichele, Ioanna Sandvig, Gunnar Tufte, Ulrich Stefan Bauer, \u00d8yvind Halaas, Sverre Hendseth, Axel Sandvig and Vibeke Valderhaug, for their work entitled &#8220;<a href=\"http:\/\/cognet.mit.edu\/proceed\/10.7551\/ecal_a_072\">Towards Making a Cyborg: A Closed-Loop Reservoir-Neuro System<\/a>&#8220;.<\/p>\n<h3>News<\/h3>\n<ul>\n<li>The <a href=\"http:\/\/cognet.mit.edu\/journal\/ecal2017\">main proceedings<\/a> are online!<\/li>\n<li>The <a href=\"https:\/\/project.inria.fr\/ecal2017\/files\/2017\/08\/late-breaking-posters-booklet.pdf\">booklet of late-breaking abstracts<\/a> is online!<\/li>\n<li>The programme of the 4th <a href=\"http:\/\/project.inria.fr\/ecal2017\/fourth-isal-summer-school\/\">ISAL Summer School<\/a> (Sept 4th) is online.<\/li>\n<li>Poster guidelines: maximum size A0 (841 x 1189 mm), portrait orientation. We will provide bulldog clips to hang them.<\/li>\n<li>A provisional schedule can be found <a href=\"http:\/\/project.inria.fr\/ecal2017\/schedule\/\">here<\/a>.<\/li>\n<li>Accepted <a href=\"http:\/\/project.inria.fr\/ecal2017\/workshops\/\">workshops <\/a>and <a href=\"http:\/\/project.inria.fr\/ecal2017\/tutorials-2\/\">tutorials<\/a> are online.<\/li>\n<\/ul>\n<h3>Important dates<\/h3>\n<ul>\n<li><strong>Tutorial submission deadline<\/strong>: February 8th, 2017<\/li>\n<li><strong>Workshop submission deadline<\/strong>: February 15th , 2017<\/li>\n<li><strong>Tutorial &amp; Workshop notification of acceptance<\/strong>: March 8th, 2017<\/li>\n<li><strong>Paper submission<\/strong>:\u00a0<s>April 9th, 2017<\/s> \u00a0April 16th, 2017 (midnight any time zone)<\/li>\n<li><strong>Author notification<\/strong>: <s>May 12th, 2017<\/s>\u00a0May 19th, 2017<\/li>\n<li><strong>Camera-ready due<\/strong>: <s>June 9th, 2017<\/s>\u00a0June 12th, 2017<\/li>\n<li><strong>Late-breaking abstract submission deadline<\/strong>: June 12th, 2017<\/li>\n<li><strong>Conference<\/strong>: 4 &#8211; 8 September 2017<\/li>\n<\/ul>\n","protected":false},"excerpt":{"rendered":"<p>Create, play, experiment, discover: revealing the experimental power of virtual worlds ECAL, the\u00a0European Conference on Artificial Life, is a biennial scientific gathering supported by the International Society for Artificial Life (ISAL). \u00a9 2017 Nicolas Comte Proceedings MIT Press Open Access Proceedings Late-Breaking Abstracts Booklet Awards Best paper award The best\u2026<\/p>\n<p> <a class=\"continue-reading-link\" href=\"https:\/\/project.inria.fr\/ecal2017\/\"><span>Continue reading<\/span><i class=\"crycon-right-dir\"><\/i><\/a> <\/p>\n","protected":false},"author":972,"featured_media":0,"parent":0,"menu_order":0,"comment_status":"closed","ping_status":"closed","template":"","meta":{"footnotes":""},"class_list":["post-136","page","type-page","status-publish","hentry"],"_links":{"self":[{"href":"https:\/\/project.inria.fr\/ecal2017\/wp-json\/wp\/v2\/pages\/136","targetHints":{"allow":["GET"]}}],"collection":[{"href":"https:\/\/project.inria.fr\/ecal2017\/wp-json\/wp\/v2\/pages"}],"about":[{"href":"https:\/\/project.inria.fr\/ecal2017\/wp-json\/wp\/v2\/types\/page"}],"author":[{"embeddable":true,"href":"https:\/\/project.inria.fr\/ecal2017\/wp-json\/wp\/v2\/users\/972"}],"replies":[{"embeddable":true,"href":"https:\/\/project.inria.fr\/ecal2017\/wp-json\/wp\/v2\/comments?post=136"}],"version-history":[{"count":40,"href":"https:\/\/project.inria.fr\/ecal2017\/wp-json\/wp\/v2\/pages\/136\/revisions"}],"predecessor-version":[{"id":826,"href":"https:\/\/project.inria.fr\/ecal2017\/wp-json\/wp\/v2\/pages\/136\/revisions\/826"}],"wp:attachment":[{"href":"https:\/\/project.inria.fr\/ecal2017\/wp-json\/wp\/v2\/media?parent=136"}],"curies":[{"name":"wp","href":"https:\/\/api.w.org\/{rel}","templated":true}]}}