

{"id":642,"date":"2017-07-12T18:07:46","date_gmt":"2017-07-12T16:07:46","guid":{"rendered":"http:\/\/project.inria.fr\/ecal2017\/?page_id=642"},"modified":"2017-09-03T10:36:44","modified_gmt":"2017-09-03T08:36:44","slug":"schedule-thursday","status":"publish","type":"page","link":"https:\/\/project.inria.fr\/ecal2017\/schedule-thursday\/","title":{"rendered":"Thursday 7 Sept"},"content":{"rendered":"<p style=\"font-size: small;\"><span style=\"font-size: large;\">Quick nav: <\/span><a href=\"http:\/\/project.inria.fr\/ecal2017\/schedule-monday\">Monday 4 Sept<\/a> &#8211; <a href=\"http:\/\/project.inria.fr\/ecal2017\/schedule-tuesday\">Tuesday 5 Sept<\/a> &#8211; <a href=\"http:\/\/project.inria.fr\/ecal2017\/schedule-wednesday\">Wednesday 6 Sept<\/a> &#8211; Thursday 7 Sept &#8211; <a href=\"http:\/\/project.inria.fr\/ecal2017\/schedule-friday\">Friday 8 Sept<\/a><\/p>\n<hr \/>\n<h2>08:30 &#8211; 09:00 &bull; Welcome coffee<\/h2>\n<p style=\"font-size: larger;\">Agora<\/p>\n<hr \/>\n<h2>09:00 &#8211; 10:00 &bull; Keynote<\/h2>\n<p style=\"font-size: x-large;\"><a href=\"http:\/\/project.inria.fr\/ecal2017\/keynotes#sellers\">Synthetic palaeontology: Reconstructing Ancient Life using Virtual Robots<\/a><br \/>William Sellers<\/p>\n<p style=\"font-size: larger;\">Rotonde<\/p>\n<hr \/>\n<h2>10:00 &#8211; 10:30 &bull; Coffee break<\/h2>\n<p style=\"font-size: larger;\">Agora<\/p>\n<hr \/>\n<h2>10:30 &#8211; 12:30 &bull; Parallel sessions &amp; Tutorials<\/h2>\n<h3 id=\"evol-dyn2\">Evolutionary dynamics 2<\/h3>\n<p style=\"font-size: larger;\">Rotonde<\/p>\n<p><a href=\"http:\/\/project.inria.fr\/ecal2017\/paper-4\">Stochastic sexual interaction facilitates the evolution of asexual cooperation in the social amoeba<\/a><br \/>\n<span style=\"font-size: smaller;\">Shota Shibasaki, Masakazu Shimada<\/span><\/p>\n<p><a href=\"http:\/\/project.inria.fr\/ecal2017\/paper-67\">Improved Adaptation in Exogenously and Endogenously Changing Environments<\/a><br \/>\n<span style=\"font-size: smaller;\">Joshua Nahum, Jevin West, Benjamin Althouse, Luis Zaman, Charles Ofria, Benjamin Kerr<\/span><\/p>\n<p><a href=\"http:\/\/project.inria.fr\/ecal2017\/paper-109\">Investigations into the Evolutionary Origin of Navigation and Learning<\/a><br \/>\n<span style=\"font-size: smaller;\">Anselmo Pontes, Ian Whalen, Andrew Mitchell, Robert Mobley, Fred Dyer, Charles Ofria<\/span><\/p>\n<p><a href=\"http:\/\/project.inria.fr\/ecal2017\/paper-112\">Spatial resource heterogeneity creates local hotspots of evolutionary potential<\/a><br \/>\n<span style=\"font-size: smaller;\">Emily Dolson, Charles Ofria<\/span><\/p>\n<h3 id=\"neural-nets\">Neural networks<\/h3>\n<p style=\"font-size: larger;\">Huma. Amphi EST<\/p>\n<p><a href=\"http:\/\/project.inria.fr\/ecal2017\/paper-64\">Learning by Stimulation Avoidance Scale to Large Neural Networks<\/a><br \/>\n<span style=\"font-size: smaller;\">Atsushi Masumori, Lana Sinapayen, Takashi Ikegami<\/span><\/p>\n<p><a href=\"http:\/\/project.inria.fr\/ecal2017\/paper-73\">Online Fitting of Computational Cost to Environmental Complexity: Predictive Coding with the \u03b5-network<\/a><br \/>\n<span style=\"font-size: smaller;\">Lana Sinapayen, Takashi Ikegami<\/span><\/p>\n<p><a href=\"http:\/\/project.inria.fr\/ecal2017\/paper-85\">Dynamic Thresholds for Self-Organizing Predictive Cells<\/a><br \/>\n<span style=\"font-size: smaller;\">Benjamin Cowley, John Thornton, Linda Main, Abdul Sattar<\/span><\/p>\n<p><a href=\"http:\/\/project.inria.fr\/ecal2017\/paper-122\">The Development of Spatial Recognition and Navigation in Hierarchical Recurrent Neural Networks with Convolution Processing<\/a><br \/>\n<span style=\"font-size: smaller;\">Wataru Noguchi, Hiroyuki Iizuka, Masahito Yamamoto<\/span><\/p>\n<h3 id=\"morphogenesis\">Morphogenesis<\/h3>\n<p style=\"font-size: larger;\">Huma. Amphi OUEST<\/p>\n<p><a href=\"http:\/\/project.inria.fr\/ecal2017\/paper-12\">Development of Morphology Based on Resource Distribution: Finding the Shortest Path in a Maze by Vascular Morphogenesis Controller<\/a><br \/>\n<span style=\"font-size: smaller;\">Payam Zahadat, Daniel Nicolas Hofstadler, Thomas Schmickl<\/span><\/p>\n<p><a href=\"http:\/\/project.inria.fr\/ecal2017\/paper-75\">Criticality of Gene Regulatory Networks and the Resulting Morphogenesis<\/a><br \/>\n<span style=\"font-size: smaller;\">Hyobin Kim, Hiroki Sayama<\/span><\/p>\n<p><a href=\"http:\/\/project.inria.fr\/ecal2017\/paper-116\">Investigating the Effects of Noise on a Cell-to-Cell Communication Mechanism for  Structure Regeneration<\/a><br \/>\n<span style=\"font-size: smaller;\">Giordano Ferreira, Matthias Scheutz, Michael Levin<\/span><\/p>\n<h3>Tutorial: <span style=\"font-size: smaller;\"><a href=\"http:\/\/project.inria.fr\/ecal2017\/tutorials-2\/#avida-ed\">Avida-ED: a web-based, GUI implementation of the Avida software platform, for educational use<\/a><\/span><\/h3>\n<p style=\"font-size: larger;\">Huma. 109<\/p>\n<hr \/>\n<h2>12:30 &#8211; 14:00 &bull; Lunch<\/h2>\n<p>with special junior\/senior tables<\/p>\n<hr \/>\n<h2>14:00 &#8211; 16:00 &bull; Parallel sessions &amp; Tutorials<\/h2>\n<h3 id=\"evol-rob2\">Evolutionary robotics 2<\/h3>\n<p style=\"font-size: larger;\">Rotonde<\/p>\n<p><a href=\"http:\/\/project.inria.fr\/ecal2017\/paper-36\">Can Social Learning Increase Learning Speed, Performance or Both?<\/a><br \/>\n<span style=\"font-size: smaller;\">Jacqueline Heinerman, J\u00f6rg Stork, Margarita Alejandra Rebolledo Coy, Julien Hubert, A.E. Eiben, Thomas Bartz-Beielstein, Evert Haasdijk<\/span><\/p>\n<p><a href=\"http:\/\/project.inria.fr\/ecal2017\/paper-40\">Analysis of Lamarckian Evolution in Morphologically Evolving Robots<\/a><br \/>\n<span style=\"font-size: smaller;\">Milan Jelisavcic, Rafael Kiesel, Kyrre Glette, Evert Haasdijk, A. E. Eiben<\/span><\/p>\n<p><a href=\"http:\/\/project.inria.fr\/ecal2017\/paper-92\">An Evolutionary Robotics Model of Visually-Guided Braking: Testing Optical Variables<\/a><br \/>\n<span style=\"font-size: smaller;\">Didem Kadihasanoglu, Randall D. Beer, Geoffrey P. Bingham<\/span><\/p>\n<p><a href=\"http:\/\/project.inria.fr\/ecal2017\/paper-110\">Choice of robot morphology can prohibit modular control and disrupt evolution<\/a><br \/>\n<span style=\"font-size: smaller;\">Anton Bernatskiy, Josh Bongard<\/span><\/p>\n<h3 id=\"applications\">Applications of artificial life<\/h3>\n<p style=\"font-size: larger;\">Huma. Amphi EST<\/p>\n<p><a href=\"http:\/\/project.inria.fr\/ecal2017\/paper-25\">The Effects of Environmental Structure on the Evolution of Modularity in a Pattern Classifier<\/a><br \/>\n<span style=\"font-size: smaller;\">Jessica Lowell, Jordan Pollack<\/span><\/p>\n<p><a href=\"http:\/\/project.inria.fr\/ecal2017\/paper-42\">EvoMove: Evolutionary-based living musical companion<\/a><br \/>\n<span style=\"font-size: smaller;\">Sergio Peignier, Jonas Abernot, Christophe Rigotti, Guillaume Beslon<\/span><\/p>\n<p><a href=\"http:\/\/project.inria.fr\/ecal2017\/paper-68\">Evolution-in-Materio Computations: Hierarchies Rising from Electron Dynamics in Carbon Nanotubes<\/a><br \/>\n<span style=\"font-size: smaller;\">Dragana Laketic, Gunnart Tufte<\/span><\/p>\n<p><a href=\"http:\/\/project.inria.fr\/ecal2017\/paper-83\">Road Detection using Convolutional Neural Networks<\/a><br \/>\n<span style=\"font-size: smaller;\">Aparajit Narayan, Elio Tuci, Frederic Labrosse, Muhanad Mohammed<\/span><\/p>\n<h3 id=\"swarms1\">Collective dynamics of swarms 1<\/h3>\n<p style=\"font-size: larger;\">Huma. Amphi OUEST<\/p>\n<p><a href=\"http:\/\/project.inria.fr\/ecal2017\/paper-70\">Learning Collaborative Foraging in a Swarm of Robots using Embodied Evolution<\/a><br \/>\n<span style=\"font-size: smaller;\">I\u00f1aki Fern\u00e1ndez P\u00e9rez, Amine Boumaza, Fran\u00e7ois Charpillet<\/span><\/p>\n<p><a href=\"http:\/\/project.inria.fr\/ecal2017\/paper-80\">Programmed self-replication &amp; life-cycles of microchip swarming protocells<\/a><br \/>\n<span style=\"font-size: smaller;\">Asbj\u00f8rn E. Hansen, Steen Rasmussen<\/span><\/p>\n<p><a href=\"http:\/\/project.inria.fr\/ecal2017\/paper-84\">Virtual experience of complex dynamics emerging in a social particle swarm model by sonification<\/a><br \/>\n<span style=\"font-size: smaller;\">Yukina Takano, Reiji Suzuki, Takaya Arita<\/span><\/p>\n<p><a href=\"http:\/\/project.inria.fr\/ecal2017\/paper-66\">Shepherding with Robots That Do Not Compute<\/a><br \/>\n<span style=\"font-size: smaller;\">Anil Ozdemir, Melvin Gauci, Roderich Gross<\/span><\/p>\n<h3>Tutorial: <span style=\"font-size: smaller;\"><a href=\"http:\/\/project.inria.fr\/ecal2017\/tutorials-2\/#mabe\">Using MABE (Modular Agent Based Evolution)<\/a><\/span><\/h3>\n<p style=\"font-size: larger;\">Huma. 109<\/p>\n<h3>Tutorial: <span style=\"font-size: smaller;\"><a href=\"http:\/\/project.inria.fr\/ecal2017\/tutorials-2\/#eg-theory\">Evolutionary Game Theory: Models and Applications<\/a><\/span><\/h3>\n<p style=\"font-size: larger;\">Huma. 111<\/p>\n<hr \/>\n<h2>16:00 &#8211; 16:30 &bull; Coffee break<\/h2>\n<p style=\"font-size: larger;\">Agora<\/p>\n<hr \/>\n<h2>16:30 &#8211; 17:30 &bull; Keynote<\/h2>\n<p style=\"font-size: x-large;\"><a href=\"http:\/\/project.inria.fr\/ecal2017\/keynotes#faure\">Drug addiction and alteration of decision making process<\/a><br \/>Philippe Faure<\/p>\n<p style=\"font-size: larger;\">Rotonde<\/p>\n<hr \/>\n<h2>17:30 &#8211; 20:00 &bull; Later breaking poster session<\/h2>\n<p style=\"font-size: larger;\">Agora<\/p>\n<p style=\"font-size: larger;\">with wine &amp; cheese<\/p>\n<hr \/>\n<h2>19:00 &#8211; 20:00 &bull; ERC information session<\/h2>\n<p style=\"font-size: larger;\">Ren&eacute; Char<\/p>\n","protected":false},"excerpt":{"rendered":"<p>Quick nav: Monday 4 Sept &#8211; Tuesday 5 Sept &#8211; Wednesday 6 Sept &#8211; Thursday 7 Sept &#8211; Friday 8 Sept 08:30 &#8211; 09:00 &bull; Welcome coffee Agora 09:00 &#8211; 10:00 &bull; Keynote Synthetic palaeontology: Reconstructing Ancient Life using Virtual RobotsWilliam Sellers Rotonde 10:00 &#8211; 10:30 &bull; Coffee break Agora\u2026<\/p>\n<p> <a class=\"continue-reading-link\" href=\"https:\/\/project.inria.fr\/ecal2017\/schedule-thursday\/\"><span>Continue reading<\/span><i class=\"crycon-right-dir\"><\/i><\/a> <\/p>\n","protected":false},"author":972,"featured_media":0,"parent":0,"menu_order":0,"comment_status":"closed","ping_status":"closed","template":"","meta":{"footnotes":""},"class_list":["post-642","page","type-page","status-publish","hentry"],"_links":{"self":[{"href":"https:\/\/project.inria.fr\/ecal2017\/wp-json\/wp\/v2\/pages\/642","targetHints":{"allow":["GET"]}}],"collection":[{"href":"https:\/\/project.inria.fr\/ecal2017\/wp-json\/wp\/v2\/pages"}],"about":[{"href":"https:\/\/project.inria.fr\/ecal2017\/wp-json\/wp\/v2\/types\/page"}],"author":[{"embeddable":true,"href":"https:\/\/project.inria.fr\/ecal2017\/wp-json\/wp\/v2\/users\/972"}],"replies":[{"embeddable":true,"href":"https:\/\/project.inria.fr\/ecal2017\/wp-json\/wp\/v2\/comments?post=642"}],"version-history":[{"count":10,"href":"https:\/\/project.inria.fr\/ecal2017\/wp-json\/wp\/v2\/pages\/642\/revisions"}],"predecessor-version":[{"id":801,"href":"https:\/\/project.inria.fr\/ecal2017\/wp-json\/wp\/v2\/pages\/642\/revisions\/801"}],"wp:attachment":[{"href":"https:\/\/project.inria.fr\/ecal2017\/wp-json\/wp\/v2\/media?parent=642"}],"curies":[{"name":"wp","href":"https:\/\/api.w.org\/{rel}","templated":true}]}}