

{"id":66,"date":"2019-06-18T15:53:44","date_gmt":"2019-06-18T13:53:44","guid":{"rendered":"https:\/\/project.inria.fr\/efil\/?page_id=66"},"modified":"2020-02-13T11:08:20","modified_gmt":"2020-02-13T10:08:20","slug":"team-members","status":"publish","type":"page","link":"https:\/\/project.inria.fr\/efil\/team-members\/","title":{"rendered":"Team members"},"content":{"rendered":"<p><\/p>\n<ul>\n<li>Eric Anquetil (IRISA, INTUIDOC, INSA Rennes)<\/li>\n<li>Olivier Aubert (LS2N, Universit\u00e9 de Nantes)<\/li>\n<li>Julien Blanchard (LS2N, Universit\u00e9 de Nantes)<\/li>\n<li>Nathalie Girard (IRISA, INTUIDOC, Universit\u00e9 de Rennes 1)<\/li>\n<li>Eric Jamet (LP3C, Universit\u00e9 Rennes 2)<\/li>\n<li>Mathieu Loisel (LP3C, Universit\u00e9 Rennes 2)<\/li>\n<li>Estelle Michinov (LP3C, Universit\u00e9 Rennes 2)<\/li>\n<li>Nicolas Michinov (LP3C, Universit\u00e9 Rennes 2)<\/li>\n<li>Antoine Pigeau (LS2N, Universit\u00e9 de Nantes)<\/li>\n<li>Yannick Pri\u00e9 (LS2N, Universit\u00e9 de Nantes)<\/li>\n<li>Mickael Renault (IRISA, INTUIDOC)<\/li>\n<li>St\u00e9phane Rogard (LP3C, Universit\u00e9 Rennes 2)<\/li>\n<li>S\u00e9bastien Thomas (IRISA, INTUIDOC)<\/li>\n<\/ul>\n<p><\/p>","protected":false},"excerpt":{"rendered":"<p>Eric Anquetil (IRISA, INTUIDOC, INSA Rennes) Olivier Aubert (LS2N, Universit\u00e9 de Nantes) Julien Blanchard (LS2N, Universit\u00e9 de Nantes) Nathalie Girard (IRISA, INTUIDOC, Universit\u00e9 de Rennes\u2026<\/p>\n<p> <a class=\"continue-reading-link\" href=\"https:\/\/project.inria.fr\/efil\/team-members\/\"><span>Continue reading<\/span><i class=\"crycon-right-dir\"><\/i><\/a> <\/p>\n","protected":false},"author":1611,"featured_media":0,"parent":0,"menu_order":0,"comment_status":"closed","ping_status":"closed","template":"","meta":{"footnotes":""},"class_list":["post-66","page","type-page","status-publish","hentry"],"_links":{"self":[{"href":"https:\/\/project.inria.fr\/efil\/wp-json\/wp\/v2\/pages\/66","targetHints":{"allow":["GET"]}}],"collection":[{"href":"https:\/\/project.inria.fr\/efil\/wp-json\/wp\/v2\/pages"}],"about":[{"href":"https:\/\/project.inria.fr\/efil\/wp-json\/wp\/v2\/types\/page"}],"author":[{"embeddable":true,"href":"https:\/\/project.inria.fr\/efil\/wp-json\/wp\/v2\/users\/1611"}],"replies":[{"embeddable":true,"href":"https:\/\/project.inria.fr\/efil\/wp-json\/wp\/v2\/comments?post=66"}],"version-history":[{"count":2,"href":"https:\/\/project.inria.fr\/efil\/wp-json\/wp\/v2\/pages\/66\/revisions"}],"predecessor-version":[{"id":109,"href":"https:\/\/project.inria.fr\/efil\/wp-json\/wp\/v2\/pages\/66\/revisions\/109"}],"wp:attachment":[{"href":"https:\/\/project.inria.fr\/efil\/wp-json\/wp\/v2\/media?parent=66"}],"curies":[{"name":"wp","href":"https:\/\/api.w.org\/{rel}","templated":true}]}}