

{"id":84,"date":"2018-01-18T16:06:00","date_gmt":"2018-01-18T15:06:00","guid":{"rendered":"https:\/\/project.inria.fr\/ekaw2018\/?page_id=84"},"modified":"2018-09-25T12:30:24","modified_gmt":"2018-09-25T10:30:24","slug":"accepted-papers","status":"publish","type":"page","link":"https:\/\/project.inria.fr\/ekaw2018\/accepted-papers\/","title":{"rendered":"Accepted papers"},"content":{"rendered":"<p><strong>Research, In-Use and Position Track<\/strong><\/p>\n<ul>\n<li>Adnan Akhter, Axel-Cyrille Ngonga Ngomo and Muhammad Saleem<br \/><strong>An Empirical Evaluation of RDF Graph Partitioning Techniques<\/strong><\/li>\n<li>Ahmad Alobaid and Oscar Corcho<br \/><strong>Fuzzy Semantic Labeling of Semi-structured Numerical Data Sources<\/strong><\/li>\n<li>Badre Belabbess, Musab Bairat, Jeremy Lhez and Olivier Cur\u00e9<br \/><strong>Combining Machine Learning and Semantics for Anomaly Detection<\/strong><\/li>\n<li>Alessia Calafiore, Guido Boella and Leendert van der Torre<br \/><strong>From Georeferenced Data to Socio-spatial Knowledge. Ontology Design Patterns to discover Domain-specific Knowledge from Crowdsourced Data.<\/strong><\/li>\n<li>Diego Calvanese, Tahir Emre Kalayci, Marco Montali, Ario Santoso and Wil van der Aalst<br \/><strong>Conceptual Schema Transformation in Ontology-based Data Access<\/strong><\/li>\n<li>Maxime Clement and Ryutaro Ichise<br \/><strong>SWRL Reasoning with Decision Tables<\/strong><\/li>\n<li>Federico Croce and Maurizio Lenzerini<br \/><strong>A framework for explaining query answers in DL-Lite<\/strong><\/li>\n<li>Iker Esnaola-Gonzalez, Jes\u00fas Berm\u00fadez, Izaskun Fern\u00e1ndez and Aitor Arnaiz<br \/><strong>EROSO: Semantic Technologies towards thermal comfort in workplaces<\/strong><\/li>\n<li>Nicola Fanizzi, Giuseppe Rizzo, Claudia d&#8217;Amato and Floriana Esposito<br \/><strong>DL-Foil: Class Expression Revisited<\/strong><\/li>\n<li>Alba Fern\u00e1ndez-Izquierdo and Ra\u00fal Garc\u00eda-Castro<br \/><strong>Requirements behaviour analysis for ontology testing<\/strong><\/li>\n<li>B\u00e9atrice Fuchs and Am\u00e9lie Cordier<br \/><strong>Interactive Interpretation of serial episodes<\/strong><\/li>\n<li>Al Koudous Idrissou, Frank Van Harmelen and Peter Van Den Besselaar<br \/><strong>Network Metrics for Assessing the Quality of Entity Resolution Between Multiple Datasets<\/strong><\/li>\n<li>Hajira Jabeen, Rajjat Dadwal, Gezim Sejdiu and Jens Lehmann<br \/><strong>Divided we stand out! Forging Cohorts fOr Numeric Outlier Detection in large scale knowledge graphs (CONOD)<\/strong><\/li>\n<li>Emilia Kacprzak, Jose M. Gimenez-Garcia, Alessandro Piscopo, Laura Koesten, Luis Ibanez-Gonzalez, Jeni Tennison and Elena Simperl<br \/><strong>Making Sense of Numerical Data &#8211; Semantic Labelling of Web Tables<\/strong><\/li>\n<li>Mouna Kamel and Cassia Trojahn<br \/><strong>Towards Enriching DBpedia from Vertical Enumerative Structures using a Distant Learning Approach<\/strong><\/li>\n<li>Weicong Ma, C. Maria Keet, Wayne Oldford, David Toman and Grant Weddell<br \/><strong>The Utility of the Abstract Relational Model and Attribute Paths in SQL<\/strong><\/li>\n<li>Gengchen Mai, Krzysztof Janowicz and Bo Yan<br \/><strong>Support and Centrality: Learning Weights for Knowledge Graph Embedding Models<\/strong><\/li>\n<li>Veronique Malaise, Anke Otten and Pascal Coupet<br \/><strong>OmniScience and Extensions \u2013 Lessons Learned from Designing a Multi Domain, Multi-Use Case Knowledge Representation System<\/strong><\/li>\n<li>Viviane Maria Lelis, Eduardo Guzm\u00e1n and Maria-Victoria Belmonte<br \/><strong>Decision Support Models to Assist in the Diagnosis of Meningitis<\/strong><\/li>\n<li>Nicole Merkle, Stefan Zander and Viliam Simko<br \/><strong>A Semantic Use Case Simulation Framework for Training Machine Learning Algorithms<\/strong><\/li>\n<li>Najmeh Mousavi Nejad, Simon Scerri and Jens Lehmann<br \/><strong>KnIGHT: Mapping Privacy Policies to GDPR<\/strong><\/li>\n<li>Ankur Padia, David Martin and Peter Patel-Schneider<br \/><strong>Automating Class \/ Instance Representational Choices in Knowledge Bases<\/strong><\/li>\n<li>Peter Patel-Schneider, Axel Polleres and David Martin<br \/><strong>Comparative Preferences in SPARQL<\/strong><\/li>\n<li>Catia Pesquita, Valentina Ivanova, Steffen Lohmann and Patrick Lambrix<br \/><strong>A Framework to Conduct and Report on Empirical User Studies in Semantic Web<\/strong><\/li>\n<li>Gloria Re Calegari and Irene Celino<br \/><strong>Interplay of Game Incentives, Player Profiles and Task Difficulty in Games with a Purpose<\/strong><\/li>\n<li>Mariano Rico, Idafen Santana-P\u00e9rez, Pedro Pozo-Jim\u00e9nez and Asunci\u00f3n G\u00f3mez-P\u00e9rez<br \/><strong>Inferring New Types on Large Datasets Applying Ontology Class Hierarchy Classifiers: The DBpedia Case<\/strong><\/li>\n<li>Giuseppe Rizzo, Nicola Fanizzi, Claudia d&#8217;Amato and Floriana Esposito<br \/><strong>A Framework for Tackling Myopia in Concept Learning on the Web of Data<\/strong><\/li>\n<li>Philippe Roussille, Imen Megdiche, Teste Olivier and Cassia Trojahn<br \/><strong>Boosting Holistic Ontology Matching : an Extended Linear Approach and its Evaluation on Graph Clique-based Relaxed Reference Alignments<\/strong><\/li>\n<li>Andreas Schmidt and Gerd Stumme<br \/><strong>Prominence and Dominance in Networks<\/strong><\/li>\n<li>Patrik Schneider, Thomas Eiter, Josiane Xavier Parreira, Lihua Zhao and Ryutaro Ichise<br \/><strong>Deploying Spatial-Stream Query Answering to C-ITS Scenarios<\/strong><\/li>\n<li>Claudia Schon, Steffen Staab, Patricia K\u00fcgler, Philipp Kestel, Benjamin Schleich and Sandro Wartzack<br \/><strong>Metaproperty-guided Deletion from the Instance-Level of a Knowledge Base<\/strong><\/li>\n<li>Ren\u00e9 Speck and Axel-Cyrille Ngonga Ngomo<br \/><strong>On Extracting Relations using Distributional Semantics and a Tree Generalization<\/strong><\/li>\n<li>Riccardo Tommasini, Pieter Bonte, Emanuele Della Valle, Filip De Turck and Femke Ongenae<br \/><strong>A Query Model for Ontology-Based Event Processing over RDF Streams<\/strong><\/li>\n<li>Pablo Torres-Tramon and Conor Hayes<br \/><strong>A Random Walk Model for Entity Relatedness<\/strong><\/li>\n<li>Marieke van Erp, Jesse de Does, Katrien Depuydt, Rob Lenders and Thomas van Goethem<br \/><strong>Slicing and Dicing a Newspaper Corpus for Historical EcologyResearch<\/strong><\/li>\n<li>Paul Warren and Paul Mulholland<br \/><strong>Using SPARQL \u2013 the practitioners\u2019 viewpoint<\/strong><\/li>\n<\/ul>\n","protected":false},"excerpt":{"rendered":"<p>Research, In-Use and Position Track Adnan Akhter, Axel-Cyrille Ngonga Ngomo and Muhammad SaleemAn Empirical Evaluation of RDF Graph Partitioning Techniques Ahmad Alobaid and Oscar CorchoFuzzy Semantic Labeling of Semi-structured Numerical Data Sources Badre Belabbess, Musab Bairat, Jeremy Lhez and Olivier Cur\u00e9Combining Machine Learning and Semantics for Anomaly Detection Alessia Calafiore,\u2026<\/p>\n<p> <a class=\"continue-reading-link\" href=\"https:\/\/project.inria.fr\/ekaw2018\/accepted-papers\/\"><span>Continue reading<\/span><i class=\"crycon-right-dir\"><\/i><\/a> <\/p>\n","protected":false},"author":1191,"featured_media":0,"parent":0,"menu_order":0,"comment_status":"closed","ping_status":"closed","template":"","meta":{"footnotes":""},"class_list":["post-84","page","type-page","status-publish","hentry"],"_links":{"self":[{"href":"https:\/\/project.inria.fr\/ekaw2018\/wp-json\/wp\/v2\/pages\/84","targetHints":{"allow":["GET"]}}],"collection":[{"href":"https:\/\/project.inria.fr\/ekaw2018\/wp-json\/wp\/v2\/pages"}],"about":[{"href":"https:\/\/project.inria.fr\/ekaw2018\/wp-json\/wp\/v2\/types\/page"}],"author":[{"embeddable":true,"href":"https:\/\/project.inria.fr\/ekaw2018\/wp-json\/wp\/v2\/users\/1191"}],"replies":[{"embeddable":true,"href":"https:\/\/project.inria.fr\/ekaw2018\/wp-json\/wp\/v2\/comments?post=84"}],"version-history":[{"count":9,"href":"https:\/\/project.inria.fr\/ekaw2018\/wp-json\/wp\/v2\/pages\/84\/revisions"}],"predecessor-version":[{"id":441,"href":"https:\/\/project.inria.fr\/ekaw2018\/wp-json\/wp\/v2\/pages\/84\/revisions\/441"}],"wp:attachment":[{"href":"https:\/\/project.inria.fr\/ekaw2018\/wp-json\/wp\/v2\/media?parent=84"}],"curies":[{"name":"wp","href":"https:\/\/api.w.org\/{rel}","templated":true}]}}