

{"id":81,"date":"2018-04-04T18:42:48","date_gmt":"2018-04-04T16:42:48","guid":{"rendered":"https:\/\/project.inria.fr\/elker\/?page_id=81"},"modified":"2021-02-18T11:28:34","modified_gmt":"2021-02-18T10:28:34","slug":"events","status":"publish","type":"page","link":"https:\/\/project.inria.fr\/elker\/events\/","title":{"rendered":"Events"},"content":{"rendered":"<p><\/p>\n<ul>\n<li>Kickoff meeting \u2014 Inria Paris, Paris, 25th October 2017.<\/li>\n<li>Project meeting by videoconference \u2014 4th April 2018.<\/li>\n<li>Project meeting \u2014 Bat\u00eement IMAG, Saint-Martin-d&#8217;H\u00e8res, 31st May 2018.<\/li>\n<li>Presentation of ELKER by Manuel Atencia and J\u00e9r\u00f4me David at the workshop <a href=\"https:\/\/bnf.hypotheses.org\/4128\">Donn\u00e9es li\u00e9es et donn\u00e9es \u00e0 lier : quels outils pour quels alignements ?<\/a> \u2014 Biblioth\u00e8que Nationale de France, Paris, 19th July 2018.<\/li>\n<li>Project meeting \u2014 Inria Nancy Grand Est, Nancy, 12th November 2018.<\/li>\n<li><a href=\"https:\/\/project.inria.fr\/ekaw2018\/workshops\/\">Workshop on Symbolic Methods for Data Interlinking<\/a>, co-located at <a href=\"https:\/\/project.inria.fr\/ekaw2018\/\">EKAW 2018<\/a> \u2014 Inria Nancy Grand Est, Nancy, 12th November 2018.<\/li>\n<li>J\u00e9r\u00f4me Euzenat presented &#8220;Relational concept analysis for link key extraction&#8221; at <a href=\"https:\/\/project.inria.fr\/ekaw2018\/workshops\/\">Workshop on Symbolic Methods for Data Interlinking<\/a> \u2014 Inria Nancy Grand Est, Nancy, 12th November 2018.<\/li>\n<li>Project meeting \u2014 Inria Paris, Paris, 9th May 2019.<\/li>\n<li>Presentation of the paper &#8220;Linkex: a tool for link key discovery based on pattern structures&#8221; by Nacira Abbas at the <a href=\"https:\/\/jtegcafia.sciencesconf.org\/\">Journ\u00e9e th\u00e9matique EGC &amp; IA : d\u00e9couverte de connaissances dans le Web de donn\u00e9es<\/a> \u2014 Bat\u00eement DIGITEO, Orsay, 10th May 2019.<\/li>\n<li>Presentation of the paper &#8220;Linkex: a tool for link key discovery based on pattern structures&#8221; by Nacira Abbas at <a href=\"https:\/\/www.informatik.fb2.frankfurt-university.de\/~icfca2019\/applications.html\">Workshop on Applications and Tools of Formal Concept Analysis<\/a> \u2014 Frankfurt, Germany, 25th June 2019.<\/li>\n<li>Presentation of the paper &#8220;Decentralized reasoning on a network of aligned ontologies with link keys&#8221; by Chan Le Duc at <a href=\"https:\/\/iswc2019.semanticweb.org\/\">ISWC 2019<\/a> \u2014 The University of Auckland, New Zealand, 28th October 2019.<\/li>\n<li>Presentation of the paper \u201c A guided walk into link key candidate extraction with relational concept analysis\u201d by J\u00e9r\u00f4me Euzenat at <a href=\"https:\/\/iswc2019.semanticweb.org\/\">ISWC 2019<\/a> \u2014 The University of Auckland, New Zealand, 28th October 2019.<\/li>\n<li>Presentation of the paper &#8220;Several link keys are better than one, or Extracting disjunctions of link key candidates&#8221; by J\u00e9r\u00f4me David at <a href=\"http:\/\/www.k-cap.org\/2019\/index.html\">K-CAP 2019<\/a> \u2014 Marina del Rey, California, United States, 20th November 2019.<\/li>\n<li>Project meeting by videoconference \u2014 9th June 2020.<\/li>\n<li>Online video presentation of the paper &#8220;Discovery of link keys in RDF data based on pattern structures: Preliminary steps&#8221; by Nacira Abbas at <a href=\"https:\/\/cs.ttu.ee\/events\/cla2020\/\">CLA 2020<\/a> \u2014 29th June &#8211; 1st July, 2020.<\/li>\n<li>Presentation of the paper &#8220;Decentralized reasoning on a network of aligned ontologies with link keys&#8221; by Chan Le Duc at the <a href=\"https:\/\/www.irit.fr\/ROD\/evenement\/rod5.html\">Journ\u00e9es RoD (Raisonner sur les Donn\u00e9es)<\/a> \u2014 Videoconference, 6th July 2020.<\/li>\n<li>Presentation of the paper &#8220;Several link keys are better than one, or Extracting disjunctions of link key candidates&#8221; by J\u00e9r\u00f4me David at the <a href=\"https:\/\/www.irit.fr\/ROD\/evenement\/rod5.html\">Journ\u00e9es RoD (Raisonner sur les Donn\u00e9es)<\/a> \u2014 Videoconference, 6th July 2020.<\/li>\n<li>Presentation of the paper &#8220;Discovery of link keys in RDF data based on pattern structures: Preliminary steps&#8221; by Nacira Abbas at <a href=\"https:\/\/bda.lip6.fr\">BDA 2020<\/a> \u2014 Videoconference, 29th October, 2020.<\/li>\n<li>Project meeting by videoconference &#8211; 20th November 2020.<\/li>\n<\/ul>\n<p><\/p>","protected":false},"excerpt":{"rendered":"<p>Kickoff meeting \u2014 Inria Paris, Paris, 25th October 2017. Project meeting by videoconference \u2014 4th April 2018. Project meeting \u2014 Bat\u00eement IMAG, Saint-Martin-d&#8217;H\u00e8res, 31st May 2018. Presentation of ELKER by Manuel Atencia and J\u00e9r\u00f4me David at the workshop Donn\u00e9es li\u00e9es et donn\u00e9es \u00e0 lier : quels outils pour quels alignements\u2026<\/p>\n<p> <a class=\"continue-reading-link\" href=\"https:\/\/project.inria.fr\/elker\/events\/\"><span>Continue reading<\/span><i class=\"crycon-right-dir\"><\/i><\/a> <\/p>\n","protected":false},"author":1191,"featured_media":0,"parent":0,"menu_order":0,"comment_status":"closed","ping_status":"closed","template":"","meta":{"footnotes":""},"class_list":["post-81","page","type-page","status-publish","hentry"],"_links":{"self":[{"href":"https:\/\/project.inria.fr\/elker\/wp-json\/wp\/v2\/pages\/81","targetHints":{"allow":["GET"]}}],"collection":[{"href":"https:\/\/project.inria.fr\/elker\/wp-json\/wp\/v2\/pages"}],"about":[{"href":"https:\/\/project.inria.fr\/elker\/wp-json\/wp\/v2\/types\/page"}],"author":[{"embeddable":true,"href":"https:\/\/project.inria.fr\/elker\/wp-json\/wp\/v2\/users\/1191"}],"replies":[{"embeddable":true,"href":"https:\/\/project.inria.fr\/elker\/wp-json\/wp\/v2\/comments?post=81"}],"version-history":[{"count":22,"href":"https:\/\/project.inria.fr\/elker\/wp-json\/wp\/v2\/pages\/81\/revisions"}],"predecessor-version":[{"id":171,"href":"https:\/\/project.inria.fr\/elker\/wp-json\/wp\/v2\/pages\/81\/revisions\/171"}],"wp:attachment":[{"href":"https:\/\/project.inria.fr\/elker\/wp-json\/wp\/v2\/media?parent=81"}],"curies":[{"name":"wp","href":"https:\/\/api.w.org\/{rel}","templated":true}]}}