

{"id":98,"date":"2019-03-26T15:06:02","date_gmt":"2019-03-26T14:06:02","guid":{"rendered":"https:\/\/project.inria.fr\/elker\/?page_id=98"},"modified":"2020-11-13T15:12:51","modified_gmt":"2020-11-13T14:12:51","slug":"publications","status":"publish","type":"page","link":"https:\/\/project.inria.fr\/elker\/publications\/","title":{"rendered":"Publications"},"content":{"rendered":"<ul>\n<li>Nacira Abbas, J\u00e9r\u00f4me David and Amedeo Napoli. Discovery of link keys in RDF data based on pattern structures: Preliminary steps. In <em>Proceedings of the Fifteenth International Conference on Concept Lattices and Their Applications, CLA 2020<\/em>.<\/li>\n<li>Manuel Atencia, J\u00e9r\u00f4me David, J\u00e9r\u00f4me Euzenat, Amedeo Napoli and J\u00e9r\u00e9my Vizzini. Link key candidate extraction with relational concept analysis. <em>Discrete Applied Mathematics. <\/em>273: 2-20, 2020.<\/li>\n<li>Manuel Atencia, J\u00e9r\u00f4me David and J\u00e9r\u00f4me Euzenat. Several link keys are better than one, or extracting disjunctions of link key candidates. <em>Proceedings of the 10th International Conference on Knowledge Capture, K-CAP 2019, Marina Del Rey, CA, USA, November 19-21, 2019<\/em>. ACM 2019.<\/li>\n<li>J\u00e9r\u00e9my Lhez, Chan Le Duc, Thinh Dong and Myriam Lamolle. Decentralized reasoning on a network of aligned ontologies with link keys. In <em>The Semantic Web &#8211; ISWC 2019 &#8211; 18th International Semantic Web Conference, Auckland, New Zealand, October 26-30, 2019, Proceedings, Part I<\/em>, volume\u00a011778 of <em>Lectures Notes in Computer Science<\/em>, pages 418-434. Springer, 2019.<\/li>\n<li>Nacira Abbas, J\u00e9r\u00f4me David and Amedeo Napoli. A Tool for Link Key Discovery Based on Pattern Structures. <em>Supplementary Proceedings of ICFCA 2019 Conference and Workshops, Frankfurt, Germany, June 25-28, 2019<\/em>. CEUR Workshop Proceedings 2378, CEUR-WS.org 2019.<\/li>\n<li>Manuel Atencia, J\u00e9r\u00f4me David and J\u00e9r\u00f4me Euzenat. On the relation between keys and link keys for data interlinking. <em>Semantic Web Journal. <\/em>Accepted for publication.<\/li>\n<\/ul>\n","protected":false},"excerpt":{"rendered":"<p>Nacira Abbas, J\u00e9r\u00f4me David and Amedeo Napoli. Discovery of link keys in RDF data based on pattern structures: Preliminary steps. In Proceedings of the Fifteenth International Conference on Concept Lattices and Their Applications, CLA 2020. Manuel Atencia, J\u00e9r\u00f4me David, J\u00e9r\u00f4me Euzenat, Amedeo Napoli and J\u00e9r\u00e9my Vizzini. Link key candidate extraction\u2026<\/p>\n<p> <a class=\"continue-reading-link\" href=\"https:\/\/project.inria.fr\/elker\/publications\/\"><span>Continue reading<\/span><i class=\"crycon-right-dir\"><\/i><\/a> <\/p>\n","protected":false},"author":1414,"featured_media":0,"parent":0,"menu_order":0,"comment_status":"closed","ping_status":"closed","template":"","meta":{"footnotes":""},"class_list":["post-98","page","type-page","status-publish","hentry"],"_links":{"self":[{"href":"https:\/\/project.inria.fr\/elker\/wp-json\/wp\/v2\/pages\/98","targetHints":{"allow":["GET"]}}],"collection":[{"href":"https:\/\/project.inria.fr\/elker\/wp-json\/wp\/v2\/pages"}],"about":[{"href":"https:\/\/project.inria.fr\/elker\/wp-json\/wp\/v2\/types\/page"}],"author":[{"embeddable":true,"href":"https:\/\/project.inria.fr\/elker\/wp-json\/wp\/v2\/users\/1414"}],"replies":[{"embeddable":true,"href":"https:\/\/project.inria.fr\/elker\/wp-json\/wp\/v2\/comments?post=98"}],"version-history":[{"count":14,"href":"https:\/\/project.inria.fr\/elker\/wp-json\/wp\/v2\/pages\/98\/revisions"}],"predecessor-version":[{"id":167,"href":"https:\/\/project.inria.fr\/elker\/wp-json\/wp\/v2\/pages\/98\/revisions\/167"}],"wp:attachment":[{"href":"https:\/\/project.inria.fr\/elker\/wp-json\/wp\/v2\/media?parent=98"}],"curies":[{"name":"wp","href":"https:\/\/api.w.org\/{rel}","templated":true}]}}