

{"id":103,"date":"2016-12-25T20:32:28","date_gmt":"2016-12-25T19:32:28","guid":{"rendered":"https:\/\/project.inria.fr\/ephyl\/?page_id=103"},"modified":"2018-10-04T06:45:47","modified_gmt":"2018-10-04T04:45:47","slug":"actualites","status":"publish","type":"page","link":"https:\/\/project.inria.fr\/ephyl\/actualites\/","title":{"rendered":"Actualit\u00e9s"},"content":{"rendered":"<p><\/p>\n<ul>\n<li><strong>13 octobre 2016:<\/strong>\u00a0r\u00e9union de d\u00e9marrage du projet EPHYL, Sequans Communications<\/li>\n<li><strong>26 janvier 2017:<\/strong>\u00a0r\u00e9union au\u00a0CEA LETI Grenoble<\/li>\n<li><strong>13 juin 2017:<\/strong>\u00a0r\u00e9union \u00e0 l&rsquo;ISEP, Paris<\/li>\n<li><strong>19 octobre 2017:<\/strong> r\u00e9union \u00e0 Centrale-Supelec, Rennes<\/li>\n<li><strong>07 f\u00e9vrier 2018:\u00a0<\/strong>r\u00e9union \u00e0 Sequans, Paris<\/li>\n<li><strong>14 juin 2018:\u00a0<\/strong>r\u00e9union \u00e0 l&rsquo;INSA Lyon<\/li>\n<li><strong>03 octobre 2018:\u00a0<\/strong>r\u00e9union \u00e0 l&rsquo;ISEP, Paris<\/li>\n<\/ul>\n<p>&nbsp;<\/p>\n<p>&nbsp;<\/p>","protected":false},"excerpt":{"rendered":"<p>13 octobre 2016:\u00a0r\u00e9union de d\u00e9marrage du projet EPHYL, Sequans Communications 26 janvier 2017:\u00a0r\u00e9union au\u00a0CEA LETI Grenoble 13 juin 2017:\u00a0r\u00e9union \u00e0 l&rsquo;ISEP, Paris 19 octobre 2017: r\u00e9union \u00e0 Centrale-Supelec, Rennes 07 f\u00e9vrier 2018:\u00a0r\u00e9union \u00e0 Sequans, Paris 14 juin 2018:\u00a0r\u00e9union \u00e0 l&rsquo;INSA Lyon 03 octobre 2018:\u00a0r\u00e9union \u00e0 l&rsquo;ISEP, Paris &nbsp; &nbsp;<\/p>\n<p> <a class=\"continue-reading-link\" href=\"https:\/\/project.inria.fr\/ephyl\/actualites\/\"><span>Continue reading<\/span><i class=\"crycon-right-dir\"><\/i><\/a> <\/p>\n","protected":false},"author":1116,"featured_media":0,"parent":0,"menu_order":4,"comment_status":"closed","ping_status":"closed","template":"","meta":{"footnotes":""},"class_list":["post-103","page","type-page","status-publish","hentry"],"_links":{"self":[{"href":"https:\/\/project.inria.fr\/ephyl\/wp-json\/wp\/v2\/pages\/103","targetHints":{"allow":["GET"]}}],"collection":[{"href":"https:\/\/project.inria.fr\/ephyl\/wp-json\/wp\/v2\/pages"}],"about":[{"href":"https:\/\/project.inria.fr\/ephyl\/wp-json\/wp\/v2\/types\/page"}],"author":[{"embeddable":true,"href":"https:\/\/project.inria.fr\/ephyl\/wp-json\/wp\/v2\/users\/1116"}],"replies":[{"embeddable":true,"href":"https:\/\/project.inria.fr\/ephyl\/wp-json\/wp\/v2\/comments?post=103"}],"version-history":[{"count":11,"href":"https:\/\/project.inria.fr\/ephyl\/wp-json\/wp\/v2\/pages\/103\/revisions"}],"predecessor-version":[{"id":244,"href":"https:\/\/project.inria.fr\/ephyl\/wp-json\/wp\/v2\/pages\/103\/revisions\/244"}],"wp:attachment":[{"href":"https:\/\/project.inria.fr\/ephyl\/wp-json\/wp\/v2\/media?parent=103"}],"curies":[{"name":"wp","href":"https:\/\/api.w.org\/{rel}","templated":true}]}}