

{"id":147,"date":"2016-12-26T07:32:02","date_gmt":"2016-12-26T06:32:02","guid":{"rendered":"https:\/\/project.inria.fr\/ephyl\/?page_id=147"},"modified":"2018-10-04T07:26:17","modified_gmt":"2018-10-04T05:26:17","slug":"deliverables","status":"publish","type":"page","link":"https:\/\/project.inria.fr\/ephyl\/publications\/deliverables\/","title":{"rendered":"D\u00e9livrables"},"content":{"rendered":"<p><\/p>\n<ul>\n<li>D\u00e9livrable 3.2:\u00a0Intermediate results on RRM enablers for massive and dense IoT access, en cours<\/li>\n<li>D\u00e9livrable 2.2: <a href=\"https:\/\/project.inria.fr\/ephyl\/files\/2018\/10\/D22.pdf\">Waveform design and initial performances<\/a>, Avril 2018<\/li>\n<li>D\u00e9livrable 3.1: <a href=\"https:\/\/project.inria.fr\/ephyl\/files\/2018\/10\/D3_1__First_results_on_RRM_enablers_for_massive_and_dense_IoT_access.pdf\">First results on RRM enablers for massive and dense IoT access<\/a>, Novembre 2017<\/li>\n<li>D\u00e9livrable 2.1:\u00a0<a href=\"https:\/\/project.inria.fr\/ephyl\/files\/2016\/12\/D21_ScenariosAndRequirements.pdf\">Scenario and requirements<\/a>, Mars 2017<\/li>\n<\/ul>\n<p><\/p>","protected":false},"excerpt":{"rendered":"<p>D\u00e9livrable 3.2:\u00a0Intermediate results on RRM enablers for massive and dense IoT access, en cours D\u00e9livrable 2.2: Waveform design and initial performances, Avril 2018 D\u00e9livrable 3.1: First results on RRM enablers for massive and dense IoT access, Novembre 2017 D\u00e9livrable 2.1:\u00a0Scenario and requirements, Mars 2017<\/p>\n<p> <a class=\"continue-reading-link\" href=\"https:\/\/project.inria.fr\/ephyl\/publications\/deliverables\/\"><span>Continue reading<\/span><i class=\"crycon-right-dir\"><\/i><\/a> <\/p>\n","protected":false},"author":1116,"featured_media":0,"parent":101,"menu_order":0,"comment_status":"closed","ping_status":"closed","template":"","meta":{"footnotes":""},"class_list":["post-147","page","type-page","status-publish","hentry"],"_links":{"self":[{"href":"https:\/\/project.inria.fr\/ephyl\/wp-json\/wp\/v2\/pages\/147","targetHints":{"allow":["GET"]}}],"collection":[{"href":"https:\/\/project.inria.fr\/ephyl\/wp-json\/wp\/v2\/pages"}],"about":[{"href":"https:\/\/project.inria.fr\/ephyl\/wp-json\/wp\/v2\/types\/page"}],"author":[{"embeddable":true,"href":"https:\/\/project.inria.fr\/ephyl\/wp-json\/wp\/v2\/users\/1116"}],"replies":[{"embeddable":true,"href":"https:\/\/project.inria.fr\/ephyl\/wp-json\/wp\/v2\/comments?post=147"}],"version-history":[{"count":15,"href":"https:\/\/project.inria.fr\/ephyl\/wp-json\/wp\/v2\/pages\/147\/revisions"}],"predecessor-version":[{"id":254,"href":"https:\/\/project.inria.fr\/ephyl\/wp-json\/wp\/v2\/pages\/147\/revisions\/254"}],"up":[{"embeddable":true,"href":"https:\/\/project.inria.fr\/ephyl\/wp-json\/wp\/v2\/pages\/101"}],"wp:attachment":[{"href":"https:\/\/project.inria.fr\/ephyl\/wp-json\/wp\/v2\/media?parent=147"}],"curies":[{"name":"wp","href":"https:\/\/api.w.org\/{rel}","templated":true}]}}