

{"id":150,"date":"2016-12-26T07:33:28","date_gmt":"2016-12-26T06:33:28","guid":{"rendered":"https:\/\/project.inria.fr\/ephyl\/?page_id=150"},"modified":"2019-01-24T16:26:50","modified_gmt":"2019-01-24T15:26:50","slug":"papers","status":"publish","type":"page","link":"https:\/\/project.inria.fr\/ephyl\/publications\/papers\/","title":{"rendered":"Articles"},"content":{"rendered":"<p><\/p>\n<h3>Papiers accept\u00e9s :<\/h3>\n<ul>\n<li>Marwa Chafii,\u00a0 Faouzi Bader, and Jacques Palicot, \u00ab\u00a0<b>SC-FDMA with Index Modulation for M2M and <\/b><b>IoT Uplink Applications<\/b>\u00ab\u00a0, in IEEE Wireless Communications and Networking Conference (WCNC&rsquo;2018), Barcelona, Spain<\/li>\n<li>Marwa Chafii, Faouzi Bader, and Jacques Palicot, \u00ab\u00a0<b>Enhancing Coverage in Narrow Band-IoT Using <\/b><b>Machine Learning<\/b>\u00ab\u00a0, \u00a0in IEEE Wireless Communications and Networking Conference (WCNC&rsquo;2018), Barcelona, Spain<\/li>\n<li>Lina Mroueh, Yi Yu, Michel Terr\u00e9 and Philippe Martins \u00ab\u00a0<b>Statistical uplink dimensioning in Licensed Cellular Low Power IoT Networks<\/b>\u00ab\u00a0, \u00a0in IEEE ICT conference 2018.<\/li>\n<li>Marwa Chafii, Jacques Palicot, Remi Gribonval, Faouzi Bader, \u00ab\u00a0<b>Fourier Based Adaptive Waveform<\/b>\u00ab\u00a0, accepted for publication in IEEE ICT conference 2018.<\/li>\n<li><span class=\"ref-authors\">Yoann Roth,\u00a0Jean-Baptiste Dor\u00e9,\u00a0Laurent Ros,\u00a0Vincent Berg.<\/span>\u00a0<strong>5G Contender Waveforms for Low Power Wide Area Networks in a 4G OFDM Framework,\u00a0<\/strong>ICT 2018, 25th International Conference on Telecommunications, Jun 2018, Saint-Malo, France<\/li>\n<li><span class=\"ref-authors\">Francois Dehmas,\u00a0Val\u00e9rian Mannoni,\u00a0Vincent Berg.<\/span>\u00a0<strong>Turbo-FSK, a physical layer for LPWA: Synchronization and Channel estimation,\u00a0<\/strong>EUCNC 2018 &#8211; European Conference on Networks and Communications, Jun 2018, Ljubljana, Slovenia<\/li>\n<li>Julio Manco-Vasquez, Marwa Chafiiy, and Faouzi Bader, <strong>Tailoring Index-Modulation for uplink IoT and M2M Networks<\/strong><strong>,<\/strong> in the Proc. of the IEEE Wireless Communications and Networking Conference (WCNC\u20192019), Marrakech, Morocco, April 2019.<\/li>\n<\/ul>\n<h3>Article de revues:<\/h3>\n<ul>\n<li><span class=\"ref-authors\">Yoann Roth,\u00a0Jean-Baptiste Dor\u00e9,\u00a0Laurent Ros,\u00a0Vincent Berg.<\/span>\u00a0<strong>Coplanar Turbo-FSK: a Flexible and Power Efficient Modulation for the Internet-of-Things,\u00a0<\/strong><i>Wireless Communications and Mobile Computing<\/i>, Wiley, In press<\/li>\n<li><span class=\"ref-authors\">Yoann Roth,\u00a0Jean-Baptiste Dor\u00e9,\u00a0Laurent Ros,\u00a0Vincent Berg.<\/span>\u00a0<strong>Contender waveforms for Low-Power Wide-Area networks in a scheduled 4G OFDM framework,\u00a0<\/strong><i>EURASIP Journal on Advances in Signal Processing<\/i>, SpringerOpen, 2018, 2018, pp.43.<\/li>\n<li><span class=\"ref-authors\">Quentin Bodinier,\u00a0Faouzi Bader,\u00a0Jacques Palicot.<\/span>\u00a0<strong>On Spectral Coexistence of CP-OFDM and FB-MC Waveforms in 5G Networks,\u00a0<\/strong><i>IEEE Access<\/i>, 2017, \u300810.1109\/ACCESS.2017.2723822\u3009<\/li>\n<\/ul>\n<h3>Pr\u00e9sentations :<\/h3>\n<ul>\n<li>Marwa Chafii, \u00ab\u00a0<b>Low Power Waveforms for Future Wireless Communications\u00a0\u00bb,<\/b>\u00a0invited talk at\u00a0Universit\u00e9 Cergy\u00a0 Pontoise (\u00eele-de France), December 14th 2017.<\/li>\n<li>Marwa Chafii, \u00ab\u00a0<b>DCT-OFDM with Index Modulation<\/b>\u00ab\u00a0, talk \u00e0 l&rsquo;assembl\u00e9e g\u00e9n\u00e9rale GdR-ISIS 2017.<\/li>\n<li>Lina Mroueh and Yi Yu, \u00ab\u00a0Statistical dimensioning in the uplink of licensed IoT network\u00a0\u00bb, journ\u00e9e GDR ISIS 2017: m\u00e9thodes et outils math\u00e9matique pour la mod\u00e9lisation des r\u00e9seaux IoT.<\/li>\n<li>Jean-Marie Gorce <a href=\"https:\/\/hal.inria.fr\/hal-01671643\" target=\"_blank\" rel=\"noopener\">Toward reliable, reactive and energy efficient bursty multi-user communications<\/a><i> Dependable Wireless Communications and Localization for the IoT<\/i>, Sep 2017, Graz, Austria.<\/li>\n<li>Jean-Marie Gorce <a href=\"https:\/\/hal.inria.fr\/hal-01671599\" target=\"_blank\" rel=\"noopener\">Toward haptic communications for IoT in 5G<\/a>, <i>IEEE 5G Thessaloniki Summit<\/i>, Jul 2017, Thessalonic, Greece.<\/li>\n<\/ul>\n<h3>Publications sur HAL<\/h3>\n<div>\u00a0Les publications du projet EPHYL sont aussi r\u00e9f\u00e9renc\u00e9es sur HAL, <a href=\"https:\/\/hal.archives-ouvertes.fr\/search\/index\/q\/ephyl\/docType_s\/ART+OR+COMM+OR+OUV+OR+COUV+OR+DOUV+OR+REPORT+OR+OTHER+OR+THESE+OR+HDR+OR+LECTURE+OR+UNDEFINED\/submitType_s\/file+OR+notice\/\" target=\"_blank\" rel=\"noopener\">ici<\/a>.<\/div>\n<p><\/p>","protected":false},"excerpt":{"rendered":"<p>Papiers accept\u00e9s : Marwa Chafii,\u00a0 Faouzi Bader, and Jacques Palicot, \u00ab\u00a0SC-FDMA with Index Modulation for M2M and IoT Uplink Applications\u00ab\u00a0, in IEEE Wireless Communications and Networking Conference (WCNC&rsquo;2018), Barcelona, Spain Marwa Chafii, Faouzi Bader, and Jacques Palicot, \u00ab\u00a0Enhancing Coverage in Narrow Band-IoT Using Machine Learning\u00ab\u00a0, \u00a0in IEEE Wireless Communications and\u2026<\/p>\n<p> <a class=\"continue-reading-link\" href=\"https:\/\/project.inria.fr\/ephyl\/publications\/papers\/\"><span>Continue reading<\/span><i class=\"crycon-right-dir\"><\/i><\/a> <\/p>\n","protected":false},"author":1116,"featured_media":0,"parent":101,"menu_order":0,"comment_status":"closed","ping_status":"closed","template":"","meta":{"footnotes":""},"class_list":["post-150","page","type-page","status-publish","hentry"],"_links":{"self":[{"href":"https:\/\/project.inria.fr\/ephyl\/wp-json\/wp\/v2\/pages\/150","targetHints":{"allow":["GET"]}}],"collection":[{"href":"https:\/\/project.inria.fr\/ephyl\/wp-json\/wp\/v2\/pages"}],"about":[{"href":"https:\/\/project.inria.fr\/ephyl\/wp-json\/wp\/v2\/types\/page"}],"author":[{"embeddable":true,"href":"https:\/\/project.inria.fr\/ephyl\/wp-json\/wp\/v2\/users\/1116"}],"replies":[{"embeddable":true,"href":"https:\/\/project.inria.fr\/ephyl\/wp-json\/wp\/v2\/comments?post=150"}],"version-history":[{"count":21,"href":"https:\/\/project.inria.fr\/ephyl\/wp-json\/wp\/v2\/pages\/150\/revisions"}],"predecessor-version":[{"id":258,"href":"https:\/\/project.inria.fr\/ephyl\/wp-json\/wp\/v2\/pages\/150\/revisions\/258"}],"up":[{"embeddable":true,"href":"https:\/\/project.inria.fr\/ephyl\/wp-json\/wp\/v2\/pages\/101"}],"wp:attachment":[{"href":"https:\/\/project.inria.fr\/ephyl\/wp-json\/wp\/v2\/media?parent=150"}],"curies":[{"name":"wp","href":"https:\/\/api.w.org\/{rel}","templated":true}]}}