

{"id":94,"date":"2016-12-25T19:36:26","date_gmt":"2016-12-25T18:36:26","guid":{"rendered":"https:\/\/project.inria.fr\/ephyl\/?page_id=94"},"modified":"2016-12-28T18:41:04","modified_gmt":"2016-12-28T17:41:04","slug":"organisation","status":"publish","type":"page","link":"https:\/\/project.inria.fr\/ephyl\/organisation\/","title":{"rendered":"Organisation"},"content":{"rendered":"<p>Le projet\u00a0EPHYL\u00a0est construit autour de 4 lots (work-packages WP):<\/p>\n<p><a href=\"https:\/\/project.inria.fr\/ephyl\/files\/2011\/12\/Organization.png\"><img loading=\"lazy\" decoding=\"async\" class=\"size-medium wp-image-117 aligncenter\" src=\"https:\/\/project.inria.fr\/ephyl\/files\/2011\/12\/Organization-300x241.png\" alt=\"organization\" width=\"300\" height=\"241\" srcset=\"https:\/\/project.inria.fr\/ephyl\/files\/2011\/12\/Organization-300x241.png 300w, https:\/\/project.inria.fr\/ephyl\/files\/2011\/12\/Organization-187x150.png 187w, https:\/\/project.inria.fr\/ephyl\/files\/2011\/12\/Organization-150x121.png 150w, https:\/\/project.inria.fr\/ephyl\/files\/2011\/12\/Organization.png 500w\" sizes=\"auto, (max-width: 300px) 100vw, 300px\" \/><\/a><\/p>\n<p style=\"text-align: justify;\">Dans un premier temps, nous allons d\u00e9finir dans le\u00a0WP2 les\u00a0scenarios et les cas d&rsquo;\u00e9tude. Ensuite, des nouvelles formes d&rsquo;ondes conformes aux contraintes de faible consommation \u00e9nergetique seront propos\u00e9es dans ce WP. Le WP3 sera d\u00e9di\u00e9 \u00e0 la couche d&rsquo;acc\u00e8s multiple et des algorithmes\u00a0de gestion\u00a0de resources radios seront propos\u00e9s. Finalement, le WP4 adressera les probl\u00e9matiques de prototypage et d&rsquo;impl\u00e9mentation des sch\u00e9mas propos\u00e9s dans le WP2 et WP3.<\/p>\n<table style=\"height: 139px;\" width=\"1245\">\n<tbody>\n<tr>\n<td><a href=\"https:\/\/project.inria.fr\/ephyl\/files\/2011\/12\/sequans.png\"><img loading=\"lazy\" decoding=\"async\" class=\"alignnone wp-image-113\" src=\"https:\/\/project.inria.fr\/ephyl\/files\/2011\/12\/sequans-300x76.png\" alt=\"sequans\" width=\"154\" height=\"39\" srcset=\"https:\/\/project.inria.fr\/ephyl\/files\/2011\/12\/sequans-300x76.png 300w, https:\/\/project.inria.fr\/ephyl\/files\/2011\/12\/sequans-250x63.png 250w, https:\/\/project.inria.fr\/ephyl\/files\/2011\/12\/sequans-150x38.png 150w, https:\/\/project.inria.fr\/ephyl\/files\/2011\/12\/sequans.png 485w\" sizes=\"auto, (max-width: 154px) 100vw, 154px\" \/><\/a><\/td>\n<td><a href=\"https:\/\/project.inria.fr\/ephyl\/files\/2011\/12\/isep.png\"><img loading=\"lazy\" decoding=\"async\" class=\"alignnone wp-image-114\" src=\"https:\/\/project.inria.fr\/ephyl\/files\/2011\/12\/isep.png\" alt=\"isep\" width=\"107\" height=\"45\" srcset=\"https:\/\/project.inria.fr\/ephyl\/files\/2011\/12\/isep.png 299w, https:\/\/project.inria.fr\/ephyl\/files\/2011\/12\/isep-250x105.png 250w, https:\/\/project.inria.fr\/ephyl\/files\/2011\/12\/isep-150x63.png 150w\" sizes=\"auto, (max-width: 107px) 100vw, 107px\" \/><\/a><\/td>\n<td><a href=\"https:\/\/project.inria.fr\/ephyl\/files\/2011\/12\/cea.png\"><img loading=\"lazy\" decoding=\"async\" class=\"alignnone wp-image-112\" src=\"https:\/\/project.inria.fr\/ephyl\/files\/2011\/12\/cea.png\" alt=\"cea\" width=\"65\" height=\"67\" srcset=\"https:\/\/project.inria.fr\/ephyl\/files\/2011\/12\/cea.png 159w, https:\/\/project.inria.fr\/ephyl\/files\/2011\/12\/cea-145x150.png 145w\" sizes=\"auto, (max-width: 65px) 100vw, 65px\" \/><\/a><\/td>\n<td><a href=\"https:\/\/project.inria.fr\/ephyl\/files\/2011\/12\/inria.png\"><img loading=\"lazy\" decoding=\"async\" class=\"alignnone wp-image-115\" src=\"https:\/\/project.inria.fr\/ephyl\/files\/2011\/12\/inria.png\" alt=\"inria\" width=\"126\" height=\"46\" srcset=\"https:\/\/project.inria.fr\/ephyl\/files\/2011\/12\/inria.png 287w, https:\/\/project.inria.fr\/ephyl\/files\/2011\/12\/inria-250x91.png 250w, https:\/\/project.inria.fr\/ephyl\/files\/2011\/12\/inria-150x55.png 150w\" sizes=\"auto, (max-width: 126px) 100vw, 126px\" \/><\/a><\/td>\n<td><a href=\"https:\/\/project.inria.fr\/ephyl\/files\/2011\/12\/centrale.png\"><img loading=\"lazy\" decoding=\"async\" class=\"alignnone wp-image-116\" src=\"https:\/\/project.inria.fr\/ephyl\/files\/2011\/12\/centrale-300x149.png\" alt=\"centrale\" width=\"119\" height=\"59\" srcset=\"https:\/\/project.inria.fr\/ephyl\/files\/2011\/12\/centrale-300x149.png 300w, https:\/\/project.inria.fr\/ephyl\/files\/2011\/12\/centrale-250x124.png 250w, https:\/\/project.inria.fr\/ephyl\/files\/2011\/12\/centrale-150x74.png 150w, https:\/\/project.inria.fr\/ephyl\/files\/2011\/12\/centrale.png 361w\" sizes=\"auto, (max-width: 119px) 100vw, 119px\" \/><\/a><\/td>\n<\/tr>\n<\/tbody>\n<\/table>\n<p><\/p>","protected":false},"excerpt":{"rendered":"<p>Le projet\u00a0EPHYL\u00a0est construit autour de 4 lots (work-packages WP): Dans un premier temps, nous allons d\u00e9finir dans le\u00a0WP2 les\u00a0scenarios et les cas d&rsquo;\u00e9tude. Ensuite, des nouvelles formes d&rsquo;ondes conformes aux contraintes de faible consommation \u00e9nergetique seront propos\u00e9es dans ce WP. Le WP3 sera d\u00e9di\u00e9 \u00e0 la couche d&rsquo;acc\u00e8s multiple et\u2026<\/p>\n<p> <a class=\"continue-reading-link\" href=\"https:\/\/project.inria.fr\/ephyl\/organisation\/\"><span>Continue reading<\/span><i class=\"crycon-right-dir\"><\/i><\/a> <\/p>\n","protected":false},"author":1116,"featured_media":0,"parent":0,"menu_order":2,"comment_status":"closed","ping_status":"closed","template":"","meta":{"footnotes":""},"class_list":["post-94","page","type-page","status-publish","hentry"],"_links":{"self":[{"href":"https:\/\/project.inria.fr\/ephyl\/wp-json\/wp\/v2\/pages\/94","targetHints":{"allow":["GET"]}}],"collection":[{"href":"https:\/\/project.inria.fr\/ephyl\/wp-json\/wp\/v2\/pages"}],"about":[{"href":"https:\/\/project.inria.fr\/ephyl\/wp-json\/wp\/v2\/types\/page"}],"author":[{"embeddable":true,"href":"https:\/\/project.inria.fr\/ephyl\/wp-json\/wp\/v2\/users\/1116"}],"replies":[{"embeddable":true,"href":"https:\/\/project.inria.fr\/ephyl\/wp-json\/wp\/v2\/comments?post=94"}],"version-history":[{"count":9,"href":"https:\/\/project.inria.fr\/ephyl\/wp-json\/wp\/v2\/pages\/94\/revisions"}],"predecessor-version":[{"id":178,"href":"https:\/\/project.inria.fr\/ephyl\/wp-json\/wp\/v2\/pages\/94\/revisions\/178"}],"wp:attachment":[{"href":"https:\/\/project.inria.fr\/ephyl\/wp-json\/wp\/v2\/media?parent=94"}],"curies":[{"name":"wp","href":"https:\/\/api.w.org\/{rel}","templated":true}]}}