

{"id":69,"date":"2023-03-20T22:34:37","date_gmt":"2023-03-20T21:34:37","guid":{"rendered":"https:\/\/project.inria.fr\/epiq\/?page_id=69"},"modified":"2023-03-20T22:52:52","modified_gmt":"2023-03-20T21:52:52","slug":"francais-consortium","status":"publish","type":"page","link":"https:\/\/project.inria.fr\/epiq\/francais-consortium\/","title":{"rendered":"Consortium"},"content":{"rendered":"<p><strong>PI<\/strong>: Simon Perdrix<\/p>\n\n\n\n<p><strong>WP leaders:<\/strong>\u00a0Iordanis Kerenidis ; Beno\u00eet Valiron ; Xavier Waintal.<\/p>\n\n\n\n<figure class=\"wp-block-image size-large\"><a href=\"https:\/\/project.inria.fr\/epiq\/files\/2023\/03\/EQIP-consortium.png\"><img loading=\"lazy\" decoding=\"async\" width=\"1024\" height=\"529\" src=\"https:\/\/project.inria.fr\/epiq\/files\/2023\/03\/EQIP-consortium-1024x529.png\" alt=\"\" class=\"wp-image-71\" srcset=\"https:\/\/project.inria.fr\/epiq\/files\/2023\/03\/EQIP-consortium-1024x529.png 1024w, https:\/\/project.inria.fr\/epiq\/files\/2023\/03\/EQIP-consortium-300x155.png 300w, https:\/\/project.inria.fr\/epiq\/files\/2023\/03\/EQIP-consortium-768x396.png 768w, https:\/\/project.inria.fr\/epiq\/files\/2023\/03\/EQIP-consortium-1536x793.png 1536w, https:\/\/project.inria.fr\/epiq\/files\/2023\/03\/EQIP-consortium-2048x1057.png 2048w, https:\/\/project.inria.fr\/epiq\/files\/2023\/03\/EQIP-consortium-150x77.png 150w\" sizes=\"auto, (max-width: 1024px) 100vw, 1024px\" \/><\/a><\/figure>\n\n\n\n<ul class=\"wp-block-list\"><li><strong>IRIF<\/strong>&nbsp;(CNRS\/U. de Paris) Fr\u00e9d\u00e9ric Magniez, Iordanis Kerenidis, Claudia Faggian, Michele Pagani, Paul-Andr\u00e9 Mellies, Alexis Saurin,&nbsp;<em>Simon Apers, Sophie Laplante , Pierre Fraignaud , Adrian Vladu.<\/em><\/li><li><strong>LIP6<\/strong>&nbsp;(CNRS\/ Sorbonne) Damian Markham, Alex Bredariol Grilo, Fr\u00e9d\u00e9ric Grosshans, Elham Kashefi,&nbsp;<em>Eleni Diamanti, Damien Vergnaud.<\/em><\/li><li><strong>Mocqua\/Loria<\/strong>&nbsp;(Inria\/ CNRS \/ Univ. Lorraine) Simon Perdrix, Guilhem Gamard, Emmanuel Hainry, Emmanuel Jeandel, Romain P\u00e9choux, Christophe Vuillot, Xavier Bonnetain.<\/li><li><strong>Quacs\/LMF<\/strong>&nbsp;(Inria \/ CNRS \/ U. Paris Saclay) Beno\u00eet Valiron, Pablo Arrighi, Pablo Arnault, Marc de Visme, Renaud Vilmart, Vladimir Zamdzhiev.<\/li><li><strong>LIST<\/strong>&nbsp;(CEA) S\u00e9bastien Bardin, Christophe Chareton.<\/li><li><strong>PHELIQS\/IRIG&nbsp;<\/strong>(CEA) Xavier Waintal, Christoph Groth, Kyrylo Snizhko, Manuel Houzet.<\/li><li><strong>COSMIQ<\/strong>&nbsp;(Inria) Andr\u00e9 Chailloux.<\/li><li><strong>UBFC\/Femto-ST<\/strong>&nbsp;+&nbsp;<strong>ICB<\/strong>&nbsp;(CNRS\/U. Franche Comt\u00e9\/UTBM), Alain Giorgetti, Christophe Guyeux, Fr\u00e9d\u00e9ric Holweck.<\/li><li><strong>IPHT<\/strong>&nbsp;(CEA) Nicolas Sangouard, Gr\u00e9goire Misguich.<\/li><li><strong>LABRI&nbsp;<\/strong>(CNRS, U. Bordeaux) Cyril Gavoille<em>, Adrian Tanasa, Jean-Fran\u00e7ois Marckert , Yvan<\/em>&nbsp;<em>Le Borgne, Arnaud Casteigts , David Renault.<\/em><\/li><li><strong>LCT<\/strong>&nbsp;(CNRS\/Sorbonne Universit\u00e9) Jean-Philip Piquemal<em>, Louis Lagard\u00e8re, Pierre<\/em>&nbsp;<em>Monmarch\u00e9.<\/em><\/li><li><strong>LIG&nbsp;<\/strong>(CNRS\/U. Grenoble Alpes) Mnacho Echenim, Nicolas Peltier, Rachid Echahed.<\/li><li><strong>LIS<\/strong>&nbsp;(CNRS\/ Aix-Marseille Universit\u00e9) Giuseppe Di Molfetta, Pierre Clairambault, Hachem Kadri.<\/li><li><strong>LPMMC&nbsp;<\/strong>(CNRS, U. Grenoble Alpes) Beno\u00eet Vermersch.<\/li><li><strong>Matherials<\/strong>&nbsp;(Inria) Claude Le Bris<em>, Gabriel Stoltz , Eric Canc\u00e8s , Antoine Levitt , Tony<\/em>&nbsp;<em>Leli\u00e8vre.<\/em><\/li><li><strong>MEM\/IRIG<\/strong>&nbsp;(CEA) Michele Filippone<\/li><li><strong>NEEL<\/strong>&nbsp;(CNRS, U. Grenoble Alpes) Serge Florens<\/li><li><strong>PACAP\/IRISA<\/strong>&nbsp;(Inria, CNRS) Caroline Collange +&nbsp;<em>Gildas M\u00e9nier (IRISA)<\/em><\/li><li><strong>QInfo<\/strong>&nbsp;(Inria) Omar Fawzi, Daniel Stilck Fran\u00e7a, Alastair Abbott, Guillaume Aubrun<em>.<\/em><\/li><\/ul>","protected":false},"excerpt":{"rendered":"<p>PI: Simon Perdrix WP leaders:\u00a0Iordanis Kerenidis ; Beno\u00eet Valiron ; Xavier Waintal. IRIF&nbsp;(CNRS\/U. de Paris) Fr\u00e9d\u00e9ric Magniez, Iordanis Kerenidis, Claudia Faggian, Michele Pagani, Paul-Andr\u00e9 Mellies, Alexis Saurin,&nbsp;Simon Apers, Sophie Laplante , Pierre Fraignaud , Adrian Vladu. LIP6&nbsp;(CNRS\/ Sorbonne) Damian Markham, Alex Bredariol Grilo, Fr\u00e9d\u00e9ric Grosshans, Elham Kashefi,&nbsp;Eleni Diamanti, Damien Vergnaud.\u2026<\/p>\n<p> <a class=\"continue-reading-link\" href=\"https:\/\/project.inria.fr\/epiq\/francais-consortium\/\"><span>Continue reading<\/span><i class=\"crycon-right-dir\"><\/i><\/a> <\/p>\n","protected":false},"author":2217,"featured_media":0,"parent":0,"menu_order":0,"comment_status":"closed","ping_status":"closed","template":"","meta":{"footnotes":""},"class_list":["post-69","page","type-page","status-publish","hentry"],"_links":{"self":[{"href":"https:\/\/project.inria.fr\/epiq\/wp-json\/wp\/v2\/pages\/69","targetHints":{"allow":["GET"]}}],"collection":[{"href":"https:\/\/project.inria.fr\/epiq\/wp-json\/wp\/v2\/pages"}],"about":[{"href":"https:\/\/project.inria.fr\/epiq\/wp-json\/wp\/v2\/types\/page"}],"author":[{"embeddable":true,"href":"https:\/\/project.inria.fr\/epiq\/wp-json\/wp\/v2\/users\/2217"}],"replies":[{"embeddable":true,"href":"https:\/\/project.inria.fr\/epiq\/wp-json\/wp\/v2\/comments?post=69"}],"version-history":[{"count":9,"href":"https:\/\/project.inria.fr\/epiq\/wp-json\/wp\/v2\/pages\/69\/revisions"}],"predecessor-version":[{"id":88,"href":"https:\/\/project.inria.fr\/epiq\/wp-json\/wp\/v2\/pages\/69\/revisions\/88"}],"wp:attachment":[{"href":"https:\/\/project.inria.fr\/epiq\/wp-json\/wp\/v2\/media?parent=69"}],"curies":[{"name":"wp","href":"https:\/\/api.w.org\/{rel}","templated":true}]}}