

{"id":102,"date":"2020-11-27T12:15:05","date_gmt":"2020-11-27T11:15:05","guid":{"rendered":"https:\/\/project.inria.fr\/eqip\/?page_id=102"},"modified":"2023-09-25T15:34:25","modified_gmt":"2023-09-25T13:34:25","slug":"overtaking-classical-computers","status":"publish","type":"page","link":"https:\/\/project.inria.fr\/eqip\/fr\/goals\/overtaking-classical-computers\/","title":{"rendered":"Surpasser les Ordinateurs Classiques"},"content":{"rendered":"<p><\/p>\n<h3>\u00c9quipes Impliqu\u00e9es<\/h3>\n<ul>\n<li><a href=\"https:\/\/team.inria.fr\/capsule\/\">CAPSULE<\/a> (Rennes), Andr\u00e9 Schrottenloher<\/li>\n<li><a href=\"https:\/\/crypto.di.ens.fr\/web2py\">CASCADE<\/a> (<a href=\"https:\/\/www.inria.fr\/fr\/centre-inria-de-paris\" target=\"_blank\" rel=\"noopener\">Paris<\/a>), Phong Nguyen<\/li>\n<li><a href=\"https:\/\/www.rocq.inria.fr\/secret\/\">COSMIQ<\/a> (<a href=\"https:\/\/www.inria.fr\/fr\/centre-inria-de-paris\" target=\"_blank\" rel=\"noopener\">Paris<\/a>), <a href=\"https:\/\/sites.google.com\/site\/anthonyleverrier\/Home\">Anthony Leverrier<\/a><\/li>\n<li><a href=\"https:\/\/team.inria.fr\/hiepacs\/\">HiePACS<\/a> (<a href=\"https:\/\/www.inria.fr\/fr\/centre-bordeaux-sud-ouest\" target=\"_blank\" rel=\"noopener\">Bordeaux<\/a>), Emmanuel Agullo<\/li>\n<li><a href=\"https:\/\/mocqua.loria.fr\/\">MOCQUA<\/a> (<a href=\"https:\/\/www.inria.fr\/fr\/centre-inria-nancy-grand-est\" target=\"_blank\" rel=\"noopener\">Nancy<\/a>), Simon Perdrix<\/li>\n<li><a href=\"https:\/\/team.inria.fr\/quantic\/\">QUANTIC<\/a> (<a href=\"https:\/\/www.inria.fr\/fr\/centre-inria-de-paris\" target=\"_blank\" rel=\"noopener\">Paris<\/a>), Mazyar Mirrahimi<\/li>\n<li><a href=\"https:\/\/team.inria.fr\/storm\/\">STORM<\/a> (<a href=\"https:\/\/www.inria.fr\/fr\/centre-bordeaux-sud-ouest\" target=\"_blank\" rel=\"noopener\">Bordeaux<\/a>), Denis Barthou<\/li>\n<\/ul>\n<h3>Partenaires Externes<\/h3>\n<ul>\n<li><a href=\"https:\/\/www.lri.fr\/equipe.php?eq=27\">PARSYS<\/a> (<a href=\"https:\/\/www.inria.fr\/fr\/centre-inria-saclay-ile-de-france\" target=\"_blank\" rel=\"noopener\">Saclay<\/a>), Marc Baboulin<\/li>\n<\/ul>\n<h4>Les Nouvelles<\/h4>\n<p><ul class=\"lcp_catlist\" id=\"lcp_instance_0\"><li><a href=\"https:\/\/project.inria.fr\/eqip\/fr\/hello_eqip\/\">EQIP is Created<\/a><\/li><\/ul><\/p>","protected":false},"excerpt":{"rendered":"<p>\u00c9quipes Impliqu\u00e9es CAPSULE (Rennes), Andr\u00e9 Schrottenloher CASCADE (Paris), Phong Nguyen COSMIQ (Paris), Anthony Leverrier HiePACS (Bordeaux), Emmanuel Agullo MOCQUA (Nancy), Simon Perdrix QUANTIC (Paris), Mazyar Mirrahimi STORM (Bordeaux), Denis Barthou Partenaires Externes PARSYS (Saclay), Marc Baboulin Les Nouvelles<\/p>\n<p> <a class=\"continue-reading-link\" href=\"https:\/\/project.inria.fr\/eqip\/fr\/goals\/overtaking-classical-computers\/\"><span>Continuer la lecture<\/span><i class=\"crycon-right-dir\"><\/i><\/a> <\/p>\n","protected":false},"author":1919,"featured_media":0,"parent":91,"menu_order":0,"comment_status":"closed","ping_status":"closed","template":"","meta":{"_mc_calendar":[],"footnotes":""},"class_list":["post-102","page","type-page","status-publish","hentry"],"_links":{"self":[{"href":"https:\/\/project.inria.fr\/eqip\/fr\/wp-json\/wp\/v2\/pages\/102","targetHints":{"allow":["GET"]}}],"collection":[{"href":"https:\/\/project.inria.fr\/eqip\/fr\/wp-json\/wp\/v2\/pages"}],"about":[{"href":"https:\/\/project.inria.fr\/eqip\/fr\/wp-json\/wp\/v2\/types\/page"}],"author":[{"embeddable":true,"href":"https:\/\/project.inria.fr\/eqip\/fr\/wp-json\/wp\/v2\/users\/1919"}],"replies":[{"embeddable":true,"href":"https:\/\/project.inria.fr\/eqip\/fr\/wp-json\/wp\/v2\/comments?post=102"}],"version-history":[{"count":10,"href":"https:\/\/project.inria.fr\/eqip\/fr\/wp-json\/wp\/v2\/pages\/102\/revisions"}],"predecessor-version":[{"id":312,"href":"https:\/\/project.inria.fr\/eqip\/fr\/wp-json\/wp\/v2\/pages\/102\/revisions\/312"}],"up":[{"embeddable":true,"href":"https:\/\/project.inria.fr\/eqip\/fr\/wp-json\/wp\/v2\/pages\/91"}],"wp:attachment":[{"href":"https:\/\/project.inria.fr\/eqip\/fr\/wp-json\/wp\/v2\/media?parent=102"}],"curies":[{"name":"wp","href":"https:\/\/api.w.org\/{rel}","templated":true}]}}