

{"id":4,"date":"2011-12-08T11:55:34","date_gmt":"2011-12-08T11:55:34","guid":{"rendered":"http:\/\/project.inria.fr\/template1\/?page_id=4"},"modified":"2020-11-27T12:37:47","modified_gmt":"2020-11-27T11:37:47","slug":"presentation","status":"publish","type":"page","link":"https:\/\/project.inria.fr\/eqip\/fr\/presentation\/","title":{"rendered":"Pr\u00e9sentation"},"content":{"rendered":"<p>La construction d&rsquo;un ordinateur quantique est l&rsquo;un des grands d\u00e9fis scientifiques du 21e si\u00e8cle. Cette ambition est au coeur de l&rsquo;Ing\u00e9nierie Quantique, un domaine de recherche en plein essor \u00e0 l&rsquo;interface de la physique, de l&rsquo;informatique et des math\u00e9matiques. Le but du d\u00e9fi Inria EQIP est de rassembler toutes les comp\u00e9tences d\u00e9j\u00e0 pr\u00e9sentes \u00e0 l&rsquo;institut, et de faire de l&rsquo;Inria un acteur international majeur des technologies quantiques, tant sur les aspects logiciel que mat\u00e9riel du calcul quantique.<\/p>","protected":false},"excerpt":{"rendered":"<p>La construction d&rsquo;un ordinateur quantique est l&rsquo;un des grands d\u00e9fis scientifiques du 21e si\u00e8cle. Cette ambition est au coeur de l&rsquo;Ing\u00e9nierie Quantique, un domaine de recherche en plein essor \u00e0 l&rsquo;interface de la physique, de l&rsquo;informatique et des math\u00e9matiques. Le but du d\u00e9fi Inria EQIP est de rassembler toutes les\u2026<\/p>\n<p> <a class=\"continue-reading-link\" href=\"https:\/\/project.inria.fr\/eqip\/fr\/presentation\/\"><span>Continuer la lecture<\/span><i class=\"crycon-right-dir\"><\/i><\/a> <\/p>\n","protected":false},"author":1,"featured_media":0,"parent":0,"menu_order":0,"comment_status":"closed","ping_status":"open","template":"","meta":{"_mc_calendar":[],"footnotes":""},"class_list":["post-4","page","type-page","status-publish","hentry"],"_links":{"self":[{"href":"https:\/\/project.inria.fr\/eqip\/fr\/wp-json\/wp\/v2\/pages\/4","targetHints":{"allow":["GET"]}}],"collection":[{"href":"https:\/\/project.inria.fr\/eqip\/fr\/wp-json\/wp\/v2\/pages"}],"about":[{"href":"https:\/\/project.inria.fr\/eqip\/fr\/wp-json\/wp\/v2\/types\/page"}],"author":[{"embeddable":true,"href":"https:\/\/project.inria.fr\/eqip\/fr\/wp-json\/wp\/v2\/users\/1"}],"replies":[{"embeddable":true,"href":"https:\/\/project.inria.fr\/eqip\/fr\/wp-json\/wp\/v2\/comments?post=4"}],"version-history":[{"count":9,"href":"https:\/\/project.inria.fr\/eqip\/fr\/wp-json\/wp\/v2\/pages\/4\/revisions"}],"predecessor-version":[{"id":111,"href":"https:\/\/project.inria.fr\/eqip\/fr\/wp-json\/wp\/v2\/pages\/4\/revisions\/111"}],"wp:attachment":[{"href":"https:\/\/project.inria.fr\/eqip\/fr\/wp-json\/wp\/v2\/media?parent=4"}],"curies":[{"name":"wp","href":"https:\/\/api.w.org\/{rel}","templated":true}]}}