

{"id":66,"date":"2020-11-09T09:28:27","date_gmt":"2020-11-09T08:28:27","guid":{"rendered":"https:\/\/project.inria.fr\/eqip\/?page_id=66"},"modified":"2023-09-25T15:31:44","modified_gmt":"2023-09-25T13:31:44","slug":"members","status":"publish","type":"page","link":"https:\/\/project.inria.fr\/eqip\/fr\/members\/","title":{"rendered":"Membres"},"content":{"rendered":"<p>Le d\u00e9fi EQIP mobilise de l&rsquo;expertise en (1) qubits supraconducteurs, (2) simulation des syst\u00e8mes quantiques, (3) m\u00e9thodes num\u00e9riques, (4) th\u00e9orie du contr\u00f4le, (5) langages de programmation et m\u00e9thodes formelles, (6) compilation, (7) correction d&rsquo;erreurs quantiques, (8) \u00e9mulation quantique, (9) cryptographie et cryptanalyse, (10) algorithmes quantiques, (11) calcul haute-performance.<\/p>\n<h3>Coordination du D\u00e9fi<\/h3>\n<ul>\n<li><a href=\"https:\/\/sites.google.com\/site\/anthonyleverrier\/Home\">Anthony Leverrier<\/a>, <a href=\"https:\/\/www.rocq.inria.fr\/secret\/\">COSMIQ<\/a> (<a href=\"https:\/\/www.inria.fr\/fr\/centre-inria-de-paris\" target=\"_blank\" rel=\"noopener\">Paris<\/a>)<\/li>\n<\/ul>\n<h3>Equipes-Projets Inria<\/h3>\n<ul>\n<li><a href=\"https:\/\/www.ljll.math.upmc.fr\/~sigalotti\/cage\/home.html\">CAGE<\/a> (<a href=\"https:\/\/www.inria.fr\/fr\/centre-inria-de-paris\" target=\"_blank\" rel=\"noopener\">Paris<\/a>), Mario Sigalotti, (2, 4)<\/li>\n<li><a href=\"https:\/\/team.inria.fr\/capsule\/\">CAPSULE<\/a> (Rennes), Andr\u00e9 Schrottenloher, (9, 10)<\/li>\n<li><a href=\"https:\/\/crypto.di.ens.fr\/web2py\">CASCADE<\/a> (<a href=\"https:\/\/www.inria.fr\/fr\/centre-inria-de-paris\" target=\"_blank\" rel=\"noopener\">Paris<\/a>), Phong Nguyen, (9)<\/li>\n<li><a href=\"https:\/\/www.rocq.inria.fr\/secret\/\">COSMIQ<\/a> (<a href=\"https:\/\/www.inria.fr\/fr\/centre-inria-de-paris\" target=\"_blank\" rel=\"noopener\">Paris<\/a>), <a href=\"https:\/\/sites.google.com\/site\/anthonyleverrier\/Home\">Anthony Leverrier<\/a>, (7, 9, 10)<\/li>\n<li><a href=\"https:\/\/deducteam.gitlabpages.inria.fr\/\">DEDUCTEAM<\/a> (<a href=\"https:\/\/www.inria.fr\/fr\/centre-inria-saclay-ile-de-france\" target=\"_blank\" rel=\"noopener\">Saclay<\/a>), Pablo Arrighi, (5)<\/li>\n<li><a href=\"https:\/\/team.inria.fr\/grace\/\">GRACE<\/a> (<a href=\"https:\/\/www.inria.fr\/fr\/centre-inria-saclay-ile-de-france\" target=\"_blank\" rel=\"noopener\">Saclay<\/a>), Alain Couvreur, (7)<\/li>\n<li><a href=\"https:\/\/team.inria.fr\/hiepacs\/\">HiePACS<\/a> (<a href=\"https:\/\/www.inria.fr\/fr\/centre-bordeaux-sud-ouest\" target=\"_blank\" rel=\"noopener\">Bordeaux<\/a>), Emmanuel Agullo, (11)<\/li>\n<li><a href=\"https:\/\/team.inria.fr\/matherials\/\">MATHERIALS<\/a> (<a href=\"https:\/\/www.inria.fr\/fr\/centre-inria-de-paris\" target=\"_blank\" rel=\"noopener\">Paris<\/a>), Claude Le Bris, (3)<\/li>\n<li><a href=\"https:\/\/mocqua.loria.fr\/\">MOCQUA<\/a> (<a href=\"https:\/\/www.inria.fr\/fr\/centre-inria-nancy-grand-est\" target=\"_blank\" rel=\"noopener\">Nancy<\/a>), Simon Perdrix, (5, 10)<\/li>\n<li><a href=\"https:\/\/team.inria.fr\/pacap\/\">PACAP<\/a> (<a href=\"https:\/\/www.inria.fr\/fr\/centre-inria-rennes-bretagne-atlantique\" target=\"_blank\" rel=\"noopener\">Rennes<\/a>), Caroline Collange, (6)<\/li>\n<li><a href=\"https:\/\/team.inria.fr\/qinfo\/\">QINFO<\/a> (<a href=\"https:\/\/www.inria.fr\/fr\/inria-lyon-centre\">Lyon<\/a>), Omar Fawzi, (7, 9, 10)<\/li>\n<li><a href=\"https:\/\/team.inria.fr\/quantic\/\">QUANTIC<\/a> (<a href=\"https:\/\/www.inria.fr\/fr\/centre-inria-de-paris\" target=\"_blank\" rel=\"noopener\">Paris<\/a>), Mazyar Mirrahimi, (1, 2, 4, 7)<\/li>\n<li><a href=\"https:\/\/team.inria.fr\/storm\/\">STORM<\/a> (<a href=\"https:\/\/www.inria.fr\/fr\/centre-bordeaux-sud-ouest\" target=\"_blank\" rel=\"noopener\">Bordeaux<\/a>), Denis Barthou, (11)<\/li>\n<\/ul>\n<h3>Partenaires Externes<\/h3>\n<ul>\n<li><a href=\"https:\/\/atos.net\/fr\/solutions\/quantum-learning-machine\">ATOS Quantum<\/a>, Cyril Allouche, (6, 8, 10)<\/li>\n<li><a href=\"https:\/\/www.lri.fr\/equipe.php?eq=27\">PARSYS<\/a> (<a href=\"https:\/\/www.inria.fr\/fr\/centre-inria-saclay-ile-de-france\" target=\"_blank\" rel=\"noopener\">Saclay<\/a>), Marc Baboulin, (8, 11)<\/li>\n<\/ul>\n<p><\/p>","protected":false},"excerpt":{"rendered":"<p>Le d\u00e9fi EQIP mobilise de l&rsquo;expertise en (1) qubits supraconducteurs, (2) simulation des syst\u00e8mes quantiques, (3) m\u00e9thodes num\u00e9riques, (4) th\u00e9orie du contr\u00f4le, (5) langages de programmation et m\u00e9thodes formelles, (6) compilation, (7) correction d&rsquo;erreurs quantiques, (8) \u00e9mulation quantique, (9) cryptographie et cryptanalyse, (10) algorithmes quantiques, (11) calcul haute-performance. Coordination du\u2026<\/p>\n<p> <a class=\"continue-reading-link\" href=\"https:\/\/project.inria.fr\/eqip\/fr\/members\/\"><span>Continuer la lecture<\/span><i class=\"crycon-right-dir\"><\/i><\/a> <\/p>\n","protected":false},"author":1905,"featured_media":0,"parent":0,"menu_order":0,"comment_status":"closed","ping_status":"closed","template":"","meta":{"_mc_calendar":[],"footnotes":""},"class_list":["post-66","page","type-page","status-publish","hentry"],"_links":{"self":[{"href":"https:\/\/project.inria.fr\/eqip\/fr\/wp-json\/wp\/v2\/pages\/66","targetHints":{"allow":["GET"]}}],"collection":[{"href":"https:\/\/project.inria.fr\/eqip\/fr\/wp-json\/wp\/v2\/pages"}],"about":[{"href":"https:\/\/project.inria.fr\/eqip\/fr\/wp-json\/wp\/v2\/types\/page"}],"author":[{"embeddable":true,"href":"https:\/\/project.inria.fr\/eqip\/fr\/wp-json\/wp\/v2\/users\/1905"}],"replies":[{"embeddable":true,"href":"https:\/\/project.inria.fr\/eqip\/fr\/wp-json\/wp\/v2\/comments?post=66"}],"version-history":[{"count":27,"href":"https:\/\/project.inria.fr\/eqip\/fr\/wp-json\/wp\/v2\/pages\/66\/revisions"}],"predecessor-version":[{"id":309,"href":"https:\/\/project.inria.fr\/eqip\/fr\/wp-json\/wp\/v2\/pages\/66\/revisions\/309"}],"wp:attachment":[{"href":"https:\/\/project.inria.fr\/eqip\/fr\/wp-json\/wp\/v2\/media?parent=66"}],"curies":[{"name":"wp","href":"https:\/\/api.w.org\/{rel}","templated":true}]}}