

{"id":4,"date":"2011-12-08T11:55:34","date_gmt":"2011-12-08T11:55:34","guid":{"rendered":"http:\/\/project.inria.fr\/template1\/?page_id=4"},"modified":"2015-05-19T12:34:20","modified_gmt":"2015-05-19T10:34:20","slug":"home","status":"publish","type":"page","link":"https:\/\/project.inria.fr\/ersc\/","title":{"rendered":"Ecole Rescom &#8211; 22 &#8211; 26 juin 2015 &#8211; Lyon"},"content":{"rendered":"<p>Le p\u00f4le ResCom du GDR Architectures Syst\u00e8mes et R\u00e9seaux organise depuis plus de 15 ans une \u00e9cole d\u2019\u00e9t\u00e9 annuelle qui f\u00e9d\u00e8re l\u2019ensemble de la communaut\u00e9 \u00ab\u00a0recherche &amp; d\u00e9veloppement\u00a0\u00bb fran\u00e7aise et francophone int\u00e9ress\u00e9e par les aspects r\u00e9seaux et t\u00e9l\u00e9communication. L\u2019\u00e9dition 2015 de l\u2019\u00e9cole ResCom se d\u00e9roulera du 22 au 26 Juin 2015 \u00e0 Lyon (en fait sur le campus de la Doua, \u00e0 Villeurbanne), et sera consacr\u00e9e au th\u00e8me:<\/p>\n<p><em><strong>\u00a0 \u00bb Smart Cities \u00ab\u00a0<\/strong><\/em><\/p>\n<p><em>Le contexte des \u00ab\u00a0villes intelligentes\u00a0\u00bb met au c\u0153ur des questions urbaines les sciences et technologies de l\u2019information. Les chercheurs du p\u00f4le ResCom sont nombreux \u00e0 \u00eatre impliqu\u00e9s dans des projets, Lab-Ex et Equip-Ex autour de ces th\u00e9matiques, souvent au contact de coll\u00e8gues d\u2019autres disciplines concern\u00e9es. Les actions en cours sont nombreuses et multidisciplinaires, montrant l\u2019importance de ce th\u00e8me dans les ann\u00e9es \u00e0 venir. Les Smart Cities f\u00e9d\u00e8rent l\u2019ensemble des m\u00e9thodes et outils intervenants dans l\u2019\u00e9tude des r\u00e9seaux, services et donn\u00e9es (big data) complexes issus de diff\u00e9rents domaines scientifiques\u00a0: t\u00e9l\u00e9communications, \u00e9nergie, transport, infrastructure urbaine, recyclage et gestion des d\u00e9chets, etc\u00a0<\/em><em>\u00a0Elles sont lanc\u00e9es par les villes elles-m\u00eames (Lyon, Masdar, Manchester), un partenariat entre des villes (Paris-San Francisco) au sein m\u00eame d\u2019entreprises (Orange) ou d\u2019universit\u00e9 (<a href=\"http:\/\/cities.media.mit.edu\/\">Smart Cities<\/a>\u00a0research group at\u00a0<a href=\"http:\/\/fr.wikipedia.org\/wiki\/MIT\">MIT<\/a>\u00a0<a href=\"http:\/\/fr.wikipedia.org\/w\/index.php?title=URENIO&amp;action=edit&amp;redlink=1\">URENIO<\/a>\u00a0\u00e0 l\u2019Universit\u00e9 de of Thessalonique) ou des agences diverses (FP7, Horizon 2020, etc).<\/em><\/p>\n<p>Cette ann\u00e9e,\u00a0l\u2019\u00e9cole RESCOM abordera le th\u00e8me de\u00a0la ville intelligente, principalement vue sous l\u2019angle des r\u00e9seaux, mais en essayant d\u2019en \u00e9largir l\u2019horizon. Nous traiterons donc de r\u00e9seaux de capteurs, mais aussi de syst\u00e8mes de transports intelligents, de traitement et collecte distribu\u00e9e de donn\u00e9es, de vie priv\u00e9e et de s\u00e9curit\u00e9.<\/p>\n","protected":false},"excerpt":{"rendered":"<p>Le p\u00f4le ResCom du GDR Architectures Syst\u00e8mes et R\u00e9seaux organise depuis plus de 15 ans une \u00e9cole d\u2019\u00e9t\u00e9 annuelle qui f\u00e9d\u00e8re l\u2019ensemble de la communaut\u00e9 \u00ab\u00a0recherche &amp; d\u00e9veloppement\u00a0\u00bb fran\u00e7aise et francophone int\u00e9ress\u00e9e par les aspects r\u00e9seaux et t\u00e9l\u00e9communication. L\u2019\u00e9dition 2015 de l\u2019\u00e9cole ResCom se d\u00e9roulera du 22 au 26 Juin 2015 \u00e0 Lyon (en fait &hellip; <\/p>\n<p><a class=\"more-link btn\" href=\"https:\/\/project.inria.fr\/ersc\/\">Continue reading<\/a><\/p>\n","protected":false},"author":1,"featured_media":0,"parent":0,"menu_order":0,"comment_status":"closed","ping_status":"open","template":"","meta":{"footnotes":""},"class_list":["post-4","page","type-page","status-publish","hentry","nodate","item-wrap"],"_links":{"self":[{"href":"https:\/\/project.inria.fr\/ersc\/wp-json\/wp\/v2\/pages\/4","targetHints":{"allow":["GET"]}}],"collection":[{"href":"https:\/\/project.inria.fr\/ersc\/wp-json\/wp\/v2\/pages"}],"about":[{"href":"https:\/\/project.inria.fr\/ersc\/wp-json\/wp\/v2\/types\/page"}],"author":[{"embeddable":true,"href":"https:\/\/project.inria.fr\/ersc\/wp-json\/wp\/v2\/users\/1"}],"replies":[{"embeddable":true,"href":"https:\/\/project.inria.fr\/ersc\/wp-json\/wp\/v2\/comments?post=4"}],"version-history":[{"count":7,"href":"https:\/\/project.inria.fr\/ersc\/wp-json\/wp\/v2\/pages\/4\/revisions"}],"predecessor-version":[{"id":192,"href":"https:\/\/project.inria.fr\/ersc\/wp-json\/wp\/v2\/pages\/4\/revisions\/192"}],"wp:attachment":[{"href":"https:\/\/project.inria.fr\/ersc\/wp-json\/wp\/v2\/media?parent=4"}],"curies":[{"name":"wp","href":"https:\/\/api.w.org\/{rel}","templated":true}]}}