

{"id":87,"date":"2015-02-13T13:49:14","date_gmt":"2015-02-13T12:49:14","guid":{"rendered":"https:\/\/project.inria.fr\/ersc\/?page_id=87"},"modified":"2015-06-21T23:09:15","modified_gmt":"2015-06-21T21:09:15","slug":"inscriptions","status":"publish","type":"page","link":"https:\/\/project.inria.fr\/ersc\/inscriptions\/","title":{"rendered":"Inscriptions"},"content":{"rendered":"<p>&nbsp;<\/p>\n<h2><span style=\"color: #0000ff;\">Inscriptions:<\/span><\/h2>\n<p>Pour s&#8217;inscrire, c&#8217;est simple, il suffit de suivre ce <a href=\"https:\/\/www.azur-colloque.fr\/DR07\/AzurInscription\/?&amp;iColId=76&amp;NaiveForm_id=AzChoixColloque&amp;btnAzurI=Inscription&amp;lang=fr \">lien<\/a> et de compl\u00e9ter le formulaire:\u00a0<b><a href=\"https:\/\/www.azur-colloque.fr\/DR07\/AzurInscription\/?&amp;iColId=76&amp;NaiveForm_id=AzChoixColloque&amp;btnAzurI=Inscription&amp;lang=fr\">Inscriptions Rescom<\/a><\/b><\/p>\n<p>Pour toute question, doute ou interrogation, \u00e9crivez nous ici : <a href=\"mailto:rescom2015@inria.fr\"> rescom2015@inria.fr <\/a>.<\/p>\n<h2><span style=\"color: #0000ff;\">Tarifs:\u00a0<\/span><\/h2>\n<p>Les tarifs ci-dessous incluent tous :<\/p>\n<ul>\n<li>la participation aux expos\u00e9s et sessions pour la p\u00e9riode du 22 au 26 juin 2015 avec les supports<\/li>\n<li>les d\u00e9jeuners du 22 au 26 juin inclus<\/li>\n<li>les pauses caf\u00e9s<\/li>\n<li>le social event<\/li>\n<\/ul>\n<p>Les tarifs avec h\u00e9bergement incluent en plus\u00a0l&#8217;h\u00e9bergement en chambre simple dans les r\u00e9sidences \u00e9tudiantes F, H ou E \u00a0de l&#8217;INSA sur le campus de La Doua du lundi au vendredi. (Plus d&#8217;info <a href=\"http:\/\/www.insa-lyon.fr\/fr\/vie-etudiante\/vivre-sur-le-campus-lyontech\/les-residences\/les-residences\">ici<\/a>)<\/p>\n<table>\n<colgroup>\n<col \/>\n<col \/>\n<col \/><\/colgroup>\n<tbody>\n<tr>\n<th><\/th>\n<th>Avec logement (jusqu\u2019au 22 mai)<\/th>\n<th>Sans logement (jusqu\u2019au 14 juin)<\/th>\n<\/tr>\n<tr>\n<td>Etudiant<\/td>\n<td style=\"text-align: center;\">300\u20ac<\/td>\n<td style=\"text-align: center;\">150\u20ac<\/td>\n<\/tr>\n<tr>\n<td>Acad\u00e9mique<\/td>\n<td style=\"text-align: center;\">400\u20ac<\/td>\n<td style=\"text-align: center;\">300\u20ac<\/td>\n<\/tr>\n<tr>\n<td style=\"text-align: center;\">Industriel<\/td>\n<td style=\"text-align: center;\">600\u20ac<\/td>\n<td style=\"text-align: center;\">450\u20ac<\/td>\n<\/tr>\n<\/tbody>\n<\/table>\n","protected":false},"excerpt":{"rendered":"<p>&nbsp; Inscriptions: Pour s&#8217;inscrire, c&#8217;est simple, il suffit de suivre ce lien et de compl\u00e9ter le formulaire:\u00a0Inscriptions Rescom Pour toute question, doute ou interrogation, \u00e9crivez nous ici : rescom2015@inria.fr . Tarifs:\u00a0 Les tarifs ci-dessous incluent tous : la participation aux expos\u00e9s et sessions pour la p\u00e9riode du 22 au 26 juin 2015 avec les supports &hellip; <\/p>\n<p><a class=\"more-link btn\" href=\"https:\/\/project.inria.fr\/ersc\/inscriptions\/\">Continue reading<\/a><\/p>\n","protected":false},"author":344,"featured_media":0,"parent":0,"menu_order":0,"comment_status":"closed","ping_status":"closed","template":"","meta":{"footnotes":""},"class_list":["post-87","page","type-page","status-publish","hentry","nodate","item-wrap"],"_links":{"self":[{"href":"https:\/\/project.inria.fr\/ersc\/wp-json\/wp\/v2\/pages\/87","targetHints":{"allow":["GET"]}}],"collection":[{"href":"https:\/\/project.inria.fr\/ersc\/wp-json\/wp\/v2\/pages"}],"about":[{"href":"https:\/\/project.inria.fr\/ersc\/wp-json\/wp\/v2\/types\/page"}],"author":[{"embeddable":true,"href":"https:\/\/project.inria.fr\/ersc\/wp-json\/wp\/v2\/users\/344"}],"replies":[{"embeddable":true,"href":"https:\/\/project.inria.fr\/ersc\/wp-json\/wp\/v2\/comments?post=87"}],"version-history":[{"count":9,"href":"https:\/\/project.inria.fr\/ersc\/wp-json\/wp\/v2\/pages\/87\/revisions"}],"predecessor-version":[{"id":216,"href":"https:\/\/project.inria.fr\/ersc\/wp-json\/wp\/v2\/pages\/87\/revisions\/216"}],"wp:attachment":[{"href":"https:\/\/project.inria.fr\/ersc\/wp-json\/wp\/v2\/media?parent=87"}],"curies":[{"name":"wp","href":"https:\/\/api.w.org\/{rel}","templated":true}]}}