

{"id":95,"date":"2015-02-13T13:54:01","date_gmt":"2015-02-13T12:54:01","guid":{"rendered":"https:\/\/project.inria.fr\/ersc\/?page_id=95"},"modified":"2015-05-18T12:11:59","modified_gmt":"2015-05-18T10:11:59","slug":"venue","status":"publish","type":"page","link":"https:\/\/project.inria.fr\/ersc\/venue\/","title":{"rendered":"Venue"},"content":{"rendered":"<p>L&#8217;\u00e9cole Rescom 2015 aura lieu dans les locaux du laboratoire CITI de l&#8217;INSA Lyon, sur le campus de la DOUA \u00e0 Villeurbanne.<\/p>\n<div id=\"breadcrumb\"><\/div>\n<div id=\"content\">\n<p>Adresse:<\/p>\n<p>Domaine Scientifique de la Doua<br \/>\nBatiment Claude Chappe<br \/>\n6 avenue des Arts<br \/>\n69621 Villeurbanne Cedex<\/p>\n<p><a href=\"https:\/\/www.google.fr\/maps\/place\/CITI+Laboratory\/@45.7842115,4.8737074,17z\/data=!4m5!1m2!2m1!1sDomaine+Scientifique+de+la+Doua+Batiment+Claude+Chappe+6+avenue+des+Arts+69621+Villeurbanne+Cedex!3m1!1s0x47f4eaa107d69bd7:0x87d3a8ac6ac291fd\"><img loading=\"lazy\" decoding=\"async\" class=\"alignnone size-medium wp-image-188\" alt=\"Capture d\u2019\u00e9cran 2015-05-18 \u00e0 12.07.16\" src=\"https:\/\/project.inria.fr\/ersc\/files\/2015\/02\/Capture-d\u2019\u00e9cran-2015-05-18-\u00e0-12.07.16-300x110.png\" width=\"300\" height=\"110\" srcset=\"https:\/\/project.inria.fr\/ersc\/files\/2015\/02\/Capture-d\u2019\u00e9cran-2015-05-18-\u00e0-12.07.16-300x110.png 300w, https:\/\/project.inria.fr\/ersc\/files\/2015\/02\/Capture-d\u2019\u00e9cran-2015-05-18-\u00e0-12.07.16.png 517w\" sizes=\"auto, (max-width: 300px) 100vw, 300px\" \/><\/a><\/p>\n<div>\n<div id=\"block-system-main\">\n<h1>VENIR \u00c0 AU CITI<\/h1>\n<p>&#8211; toutes les infos<a href=\"http:\/\/www.citi-lab.fr\/citilab\/how-to-get-there\/\"> ici:<\/a>.<\/p>\n<h3><span style=\"color: #2c2b2b; font-family: arial, sans-serif; font-size: 12px; line-height: 18px;\">= &gt; Se rep\u00e9rer sur le campus, consultez notre\u00a0<\/span><a style=\"font-family: arial, sans-serif; font-size: 12px; line-height: 18px;\" href=\"http:\/\/www.insa-lyon.fr\/fr\/carte\/campus\">carte interactive<\/a><\/h3>\n<p>=&gt; Zoom\u00a0<a href=\"http:\/\/www.insa-lyon.fr\/files\/rte\/plan-INSA_2011.pdf\">plan INSA de Lyon<\/a>\u00a0(\u00e0 t\u00e9l\u00e9charger)<\/p>\n<h3><\/h3>\n<h3><\/h3>\n<h3>Acc\u00e8s par le train ou l&#8217;avion<\/h3>\n<p><strong>Vous arrivez \u00e0 l&#8217;a\u00e9roport Lyon-St Exup\u00e9ry :<\/strong><\/p>\n<ul>\n<li>Par tram-express en moins de 30 minutes \u2194 Lyon\u00a0<strong>:\u00a0<\/strong><a href=\"http:\/\/www.rhonexpress.fr\/\" target=\"_blank\">http:\/\/www.rhonexpress.fr\/<\/a><\/li>\n<\/ul>\n<p><strong>Vous arrivez \u00e0 La Gare de la Part-Dieu :<\/strong><\/p>\n<ul>\n<li>Acc\u00e8s avec le Tramway (T1) direction &#8220;IUT Feyssine&#8221; et descendre \u00e0 l&#8217;arr\u00eat &#8220;INSA-Einstein&#8221;<br \/>\nou<\/li>\n<li>Acc\u00e8s avec le Tramway (T4) direction &#8220;La Doua Gaston Berger&#8221; et descendre \u00e0 l&#8217;arr\u00eat &#8220;La Doua &#8211; Gaston Berger&#8221;<\/li>\n<\/ul>\n<p><strong>Vous arrivez \u00e0 La Gare de Perrache :<\/strong><\/p>\n<ul>\n<li>Prendre le m\u00e9tro (Ligne A) en direction de &#8220;Laurent Bonnevay&#8221; et descendre \u00e0 &#8220;Charpennes&#8221;, puis prendre le Tramway (T1) direction &#8220;IUT Feyssine&#8221; et descendre \u00e0 l&#8217;arr\u00eat &#8220;INSA-Einstein&#8221; ou le Tramway (T4) direction &#8220;La Doua Gaston Berger&#8221; et descendre \u00e0 l&#8217;arr\u00eat &#8220;La Doua &#8211; Gaston Berger&#8221;<\/li>\n<\/ul>\n<h3>Acc\u00e8s par l&#8217;autoroute (Coordonn\u00e9es GPS:\u00a0 Latitude : 45.78264 | Longitude : 4.878073)<\/h3>\n<ul>\n<li>Par la Rocade Est : sortie 1B puis Croix Luizet, puis suivre &#8220;la Doua&#8221;, puis &#8220;Domaine Scientifique de la Doua&#8221;.<\/li>\n<li>Par le Boulevard Laurent Bonnevay : sortie 6 Porte de Croix Luizet, puis direction &#8220;Domaine Scientifique de la Doua&#8221; (<a href=\"http:\/\/www.insa-lyon.fr\/files\/rte\/PlanAccesINSA_route.pdf\">plan d&#8217;acc\u00e8s par la route<\/a>).<\/li>\n<\/ul>\n<h3>Transports en commun lyonnais (TCL)<\/h3>\n<p>Toutes les informations pour vous d\u00e9placer sur :\u00a0<a href=\"http:\/\/www.tcl.fr\/\" target=\"_blank\">www.tcl.fr<\/a><\/p>\n<\/div>\n<\/div>\n<\/div>\n","protected":false},"excerpt":{"rendered":"<p>L&#8217;\u00e9cole Rescom 2015 aura lieu dans les locaux du laboratoire CITI de l&#8217;INSA Lyon, sur le campus de la DOUA \u00e0 Villeurbanne. Adresse: Domaine Scientifique de la Doua Batiment Claude Chappe 6 avenue des Arts 69621 Villeurbanne Cedex VENIR \u00c0 AU CITI &#8211; toutes les infos ici:. = &gt; Se rep\u00e9rer sur le campus, consultez &hellip; <\/p>\n<p><a class=\"more-link btn\" href=\"https:\/\/project.inria.fr\/ersc\/venue\/\">Continue reading<\/a><\/p>\n","protected":false},"author":344,"featured_media":0,"parent":0,"menu_order":0,"comment_status":"closed","ping_status":"closed","template":"","meta":{"footnotes":""},"class_list":["post-95","page","type-page","status-publish","hentry","nodate","item-wrap"],"_links":{"self":[{"href":"https:\/\/project.inria.fr\/ersc\/wp-json\/wp\/v2\/pages\/95","targetHints":{"allow":["GET"]}}],"collection":[{"href":"https:\/\/project.inria.fr\/ersc\/wp-json\/wp\/v2\/pages"}],"about":[{"href":"https:\/\/project.inria.fr\/ersc\/wp-json\/wp\/v2\/types\/page"}],"author":[{"embeddable":true,"href":"https:\/\/project.inria.fr\/ersc\/wp-json\/wp\/v2\/users\/344"}],"replies":[{"embeddable":true,"href":"https:\/\/project.inria.fr\/ersc\/wp-json\/wp\/v2\/comments?post=95"}],"version-history":[{"count":5,"href":"https:\/\/project.inria.fr\/ersc\/wp-json\/wp\/v2\/pages\/95\/revisions"}],"predecessor-version":[{"id":190,"href":"https:\/\/project.inria.fr\/ersc\/wp-json\/wp\/v2\/pages\/95\/revisions\/190"}],"wp:attachment":[{"href":"https:\/\/project.inria.fr\/ersc\/wp-json\/wp\/v2\/media?parent=95"}],"curies":[{"name":"wp","href":"https:\/\/api.w.org\/{rel}","templated":true}]}}