

{"id":195,"date":"2018-12-16T22:17:07","date_gmt":"2018-12-16T21:17:07","guid":{"rendered":"https:\/\/project.inria.fr\/etsn\/?page_id=195"},"modified":"2018-12-16T22:17:07","modified_gmt":"2018-12-16T21:17:07","slug":"program-2018","status":"publish","type":"page","link":"https:\/\/project.inria.fr\/etsn\/program-2018\/","title":{"rendered":"Program 2018"},"content":{"rendered":"<p>IEEE ETSN workshop will be held on Monday 25 June 2018<\/p>\n<h5><strong>08:45 &#8211; 09:00: Opening<\/strong><\/h5>\n<hr \/>\n<h5><strong>09:00 &#8211; 10:00: <\/strong><strong><a href=\"https:\/\/project.inria.fr\/etsn\/keynote-network-service-chains-as-a-service-deployment-and-research-challenges\/\">\u201cNetwork service chains\u201d as a Service &#8211; Deployment and Research challenges<\/a>, <\/strong><em>Mohamed Faten Zhani, Ecole de Technologie Sup\u00e9rieure (ETS), Montreal, Canada<\/em><\/h5>\n<hr \/>\n<h5><strong>10:00 &#8211; 10:30: Coffee break<\/strong><\/h5>\n<hr \/>\n<h5>10:30 &#8211; 12:00 Technical Session Analytics (Chair: J\u00e9r\u00f4me Fran\u00e7ois)<\/h5>\n<p><strong>Regression-Based Analytics for Response Dynamics of SDN Solutions and<\/strong><br \/>\n<strong> Components (30 min)<\/strong><\/p>\n<p><em>Nageswara Rao (Oak Ridge National Laboratory &#8211; USA), <\/em><em>Qiang Liu (Oak Ridge National Laboratory &#8211; USA),<\/em> <em>Satyabrata Sen (Oak Ridge National Laboratory &#8211; USA), <\/em><em>Rajkumar Kettimuthu (Argonne National Laboratory &#8211; USA),<\/em> <em>Joshua Boley (Argonne National Laboratory &#8211; USA), <\/em><em>Bradley Settlemyer (Los Alamos National Laboratory &#8211; USA),<\/em> <em>Hsing-Bung Chen (Los Alamos National Laboratory &#8211; USA), <\/em><em>Dimitrios Katramatos (Brookhaven National Laboratory &#8211; USA)<\/em><\/p>\n<p><strong>Utilizing attack enumerations to study SDN\/NFV vulnerabilities (30 min)<\/strong><\/p>\n<p><em>Quang-Vinh Dang (Inria &#8211; France), <\/em><em>J\u00e9r\u00f4me Fran\u00e7ois (INRIA Nancy Grand Est &#8211; France)<\/em><\/p>\n<p><strong>OQR: On-demand QoS Routing without Traffic Engineering in Software<\/strong><br \/>\n<strong> Defined Networks (20 min, Short paper)<\/strong><\/p>\n<p><em> Taehong Kim (Chungbuk National University &#8211; Republic of Korea), Thang Nguyen (Chungbuk National University &#8211; Republic of Korea)<\/em><\/p>\n<hr \/>\n<h5><strong>12:30 &#8211; 14:00: Lunch<\/strong><\/h5>\n<hr \/>\n<h5><strong>14:00 &#8211; 15:30 Technical Session 2 Cyber-Physical Systems (Chair: Amjad<\/strong><br \/>\n<strong>Gawanmeh)<\/strong><\/h5>\n<p><strong>Achieving Resilience in Software Defined Network based Smart Grid: A<\/strong><br \/>\n<strong> Multi-Armed Bandit Approach (30 min)<\/strong><\/p>\n<p><em>Mubashir Rehmani (Waterford Institute of Technology &#8211; Ireland), <\/em><em>Fayaz Akhtar (Waterford Institute of Technology &#8211; Ireland),<\/em> <em>Alan Davy (Waterford Institute of Technology &#8211; Ireland), <\/em><em>Brendan Jennings (TSSG, Waterford Institute of Technology &#8211; Ireland)<\/em><\/p>\n<p><strong>Simulation-driven Development of Self-adaptive Transportation Systems<\/strong><br \/>\n<strong> (30 min)<\/strong><\/p>\n<p><em>Magnus Oplenskedal (Norwegian University of Science and Technology &#8211; Norway), <\/em><em>Peter Herrmann (Norwegian University of Science and Technology (NTNU) &#8211; Norway),<\/em> <em>Jan Olaf Blech (Altran &#8211; Germany), <\/em><em>Amir Taherkordi (University of Oslo &#8211; Norway)<\/em><\/p>\n<p><strong>Control and Management of a Connected Car Using SDN\/NFV, Fog Computing<\/strong><br \/>\n<strong> and YANG data models (30 min)<\/strong><\/p>\n<p><em>Ricard Vilalta (CTTC &#8211; Spain), <\/em><em>Selva V\u00eda (CTTC &#8211; Spain), <\/em><em>Fermin Mira (CTTC &#8211; Spain), <\/em><em>Ramon Casellas (Centre Tecnologic de Telecomunicacions de Catalunya &#8211; Spain),<\/em> <em>Raul Munoz (Centre Tecnologic de Telecomunicacions de Catalunya &#8211; Spain),<\/em> <em>Jesus Alonso-Zarate (Universitat Polit\u00e8cnica de Catalunya &#8211; Spain), <\/em><em>Apostolos Kousaridas (Huawei &#8211; Germany), <\/em><em>Markus Dillinger (Huawei &#8211; Germany)<\/em><\/p>\n<hr \/>\n<h5><strong>15:30 &#8211; 16:00: Coffee break<\/strong><\/h5>\n<hr \/>\n<h5><strong><a href=\"https:\/\/project.inria.fr\/etsn\/keynote-challenges-in-cps-design-the-wireless-sensor-networks-case\/\">16:00 &#8211; 17:15: Keynote: Challenges in CPS Design: The Wireless Sensor Networks Case<\/a>, <\/strong><em>Sofiene Tahar, Professor and Tier I Concordia Research Chair, Electrical and Computer Engineering, Concordia University.<\/em><\/h5>\n<hr \/>\n<h5><strong>17:15 &#8211; 17:30: closing<\/strong><\/h5>\n","protected":false},"excerpt":{"rendered":"<p>IEEE ETSN workshop will be held on Monday 25 June 2018 08:45 &#8211; 09:00: Opening 09:00 &#8211; 10:00: \u201cNetwork service chains\u201d as a Service &#8211; Deployment and Research challenges, Mohamed Faten Zhani, Ecole de Technologie Sup\u00e9rieure (ETS), Montreal, Canada 10:00 &#8211; 10:30: Coffee break 10:30 &#8211; 12:00 Technical Session Analytics\u2026<\/p>\n<p> <a class=\"continue-reading-link\" href=\"https:\/\/project.inria.fr\/etsn\/program-2018\/\"><span>Continue reading<\/span><i class=\"crycon-right-dir\"><\/i><\/a> <\/p>\n","protected":false},"author":505,"featured_media":0,"parent":0,"menu_order":0,"comment_status":"closed","ping_status":"closed","template":"","meta":{"footnotes":""},"class_list":["post-195","page","type-page","status-publish","hentry"],"_links":{"self":[{"href":"https:\/\/project.inria.fr\/etsn\/wp-json\/wp\/v2\/pages\/195","targetHints":{"allow":["GET"]}}],"collection":[{"href":"https:\/\/project.inria.fr\/etsn\/wp-json\/wp\/v2\/pages"}],"about":[{"href":"https:\/\/project.inria.fr\/etsn\/wp-json\/wp\/v2\/types\/page"}],"author":[{"embeddable":true,"href":"https:\/\/project.inria.fr\/etsn\/wp-json\/wp\/v2\/users\/505"}],"replies":[{"embeddable":true,"href":"https:\/\/project.inria.fr\/etsn\/wp-json\/wp\/v2\/comments?post=195"}],"version-history":[{"count":1,"href":"https:\/\/project.inria.fr\/etsn\/wp-json\/wp\/v2\/pages\/195\/revisions"}],"predecessor-version":[{"id":196,"href":"https:\/\/project.inria.fr\/etsn\/wp-json\/wp\/v2\/pages\/195\/revisions\/196"}],"wp:attachment":[{"href":"https:\/\/project.inria.fr\/etsn\/wp-json\/wp\/v2\/media?parent=195"}],"curies":[{"name":"wp","href":"https:\/\/api.w.org\/{rel}","templated":true}]}}