

{"id":197,"date":"2018-12-16T22:17:40","date_gmt":"2018-12-16T21:17:40","guid":{"rendered":"https:\/\/project.inria.fr\/etsn\/?page_id=197"},"modified":"2018-12-16T22:17:40","modified_gmt":"2018-12-16T21:17:40","slug":"committees-2018","status":"publish","type":"page","link":"https:\/\/project.inria.fr\/etsn\/committees-2018\/","title":{"rendered":"Committees 2018"},"content":{"rendered":"<p><strong>Workshop co-chairs<\/strong><\/p>\n<ul>\n<li>J\u00e9r\u00f4me Fran\u00e7ois, Inria Nancy Grand Est, France<\/li>\n<li>Shen Yan, Huawei Technologies, China<\/li>\n<li>Shao Ying Zhu , University of Derby,UK<\/li>\n<li>Colin Allison, University of St Andrews,UK<\/li>\n<li>Eleni Trouva, NCSR Demokritos, Greece<\/li>\n<li>George Gardikis, Space Hellas, Greece<\/li>\n<li>Amjad Gawanmeh, Khalifa University, Abu Dhabi, UAE, and Concordia University, Montreal Canada.<\/li>\n<\/ul>\n<p><strong>Technical program committee<\/strong><\/p>\n<ul>\n<li>Remi Badonnel, Inria &#8211; TELECOM Nancy &#8211; University of Lorraine, France<\/li>\n<li>Mathieu Bouet, Thales Communications &amp; Security, France<\/li>\n<li>Alexander Clemm, Huawei, USA<\/li>\n<li>Adel El-Atawy, Google, USA<\/li>\n<li>Vijay Gurbani, Bell Laboratories, USA<\/li>\n<li>Xiaohong Huang, Beijing University of Posts and Telecommunications , China<\/li>\n<li>Sofiane Lagraa, University of Luxembourg, Luxembourg<\/li>\n<li>Abdelkader Lahmadi, University of Lorraine, France<\/li>\n<li>Steven Latr\u00e9 University of Antwerp &#8211; iMinds, Belgium<\/li>\n<li>Pedro Martinez-Julia, National Institute of Information and Communications Technology (NICT), Japan<\/li>\n<li>Catalin Meirosu, Ericsson, Sweden<\/li>\n<li>Sejun Song, University of Missouri Kansas City, USA<\/li>\n<li>Philip Tee, University of Sussex, ASU Beyond Center, and Moogsoft Inc, USA<\/li>\n<li>Daphn\u00e9 Tuncer, University College of London, UK<\/li>\n<li>Filip De Turck Ghent University &#8211; iMinds, Belgium<\/li>\n<li>Ibrahim Zincir, Yasar University, Turkey<\/li>\n<li>Marco Anisetti \u2013 University of Milan, Italy<\/li>\n<li>St\u00e9phane Betg\u00e9-Brezetz Nokia Bell Labs,France<\/li>\n<li>Gergely Bicz\u00f3k \u2013 Budapest Univ. of Technology and Economics, Hungary<\/li>\n<li>Carolina Canales \u2013 Ericsson, USA<\/li>\n<li>Augusto Ciuffoletti \u2013 University of Pisa, Italy<\/li>\n<li>Roberto Doriguzzi Corin, Fondazione Bruno Kessler (FBK), Italy<\/li>\n<li>Georgios Gardikis \u2013 Space Hellas S.A.,Greece<\/li>\n<li>Bernat Gaston \u2013 Fundaci\u00f3 Privada I2CAT<\/li>\n<li>Doan Hoang \u2013 University of Technology Sydney, Australia<\/li>\n<li>Ludovic Jacquin \u2013 Hewlett Packard Labs, UK<\/li>\n<li>Felix Klaedtke \u2013 NEC Labs Europe, Germany<\/li>\n<li>Harilaos Koumaras \u2013 NCSR Demokritos, Greece<\/li>\n<li>Michail-Alexandros Kourtis \u2013 NCSR Demokritos, Greece<\/li>\n<li>Kahina Lazri \u2013 Orange Labs, France<\/li>\n<li>Linas Maknavicius, Nokia Bell Labs, France<\/li>\n<li>Antonio Lioy- Politecnico di Torino, Italy<\/li>\n<li>Marie Paule Odini \u2013 HPE, France<\/li>\n<li>Nicolae Paladi \u2013 SICS, Sweden<\/li>\n<li>Dimitrios Pezaros \u2013 University of Glasgow, UK<\/li>\n<li>Antonio Agustin Pastor Perales, Telefonica I+D, Spain.<\/li>\n<li>Sandra Scott-Hayward \u2013 Queen\u2019s University Belfast, UK<\/li>\n<li>Shao Ying Zhu \u2013 University of Derby, UK<\/li>\n<\/ul>\n","protected":false},"excerpt":{"rendered":"<p>Workshop co-chairs J\u00e9r\u00f4me Fran\u00e7ois, Inria Nancy Grand Est, France Shen Yan, Huawei Technologies, China Shao Ying Zhu , University of Derby,UK Colin Allison, University of St Andrews,UK Eleni Trouva, NCSR Demokritos, Greece George Gardikis, Space Hellas, Greece Amjad Gawanmeh, Khalifa University, Abu Dhabi, UAE, and Concordia University, Montreal Canada. Technical\u2026<\/p>\n<p> <a class=\"continue-reading-link\" href=\"https:\/\/project.inria.fr\/etsn\/committees-2018\/\"><span>Continue reading<\/span><i class=\"crycon-right-dir\"><\/i><\/a> <\/p>\n","protected":false},"author":505,"featured_media":0,"parent":0,"menu_order":0,"comment_status":"closed","ping_status":"closed","template":"","meta":{"footnotes":""},"class_list":["post-197","page","type-page","status-publish","hentry"],"_links":{"self":[{"href":"https:\/\/project.inria.fr\/etsn\/wp-json\/wp\/v2\/pages\/197","targetHints":{"allow":["GET"]}}],"collection":[{"href":"https:\/\/project.inria.fr\/etsn\/wp-json\/wp\/v2\/pages"}],"about":[{"href":"https:\/\/project.inria.fr\/etsn\/wp-json\/wp\/v2\/types\/page"}],"author":[{"embeddable":true,"href":"https:\/\/project.inria.fr\/etsn\/wp-json\/wp\/v2\/users\/505"}],"replies":[{"embeddable":true,"href":"https:\/\/project.inria.fr\/etsn\/wp-json\/wp\/v2\/comments?post=197"}],"version-history":[{"count":1,"href":"https:\/\/project.inria.fr\/etsn\/wp-json\/wp\/v2\/pages\/197\/revisions"}],"predecessor-version":[{"id":198,"href":"https:\/\/project.inria.fr\/etsn\/wp-json\/wp\/v2\/pages\/197\/revisions\/198"}],"wp:attachment":[{"href":"https:\/\/project.inria.fr\/etsn\/wp-json\/wp\/v2\/media?parent=197"}],"curies":[{"name":"wp","href":"https:\/\/api.w.org\/{rel}","templated":true}]}}