

{"id":74,"date":"2017-10-01T22:18:08","date_gmt":"2017-10-01T20:18:08","guid":{"rendered":"https:\/\/project.inria.fr\/man2block\/?page_id=74"},"modified":"2019-03-11T15:29:52","modified_gmt":"2019-03-11T14:29:52","slug":"committes","status":"publish","type":"page","link":"https:\/\/project.inria.fr\/etsn\/committes\/","title":{"rendered":"Committees"},"content":{"rendered":"<p><strong>Workshop co-chairs<\/strong><\/p>\n<ul>\n<li>J\u00e9r\u00f4me Fran\u00e7ois, Inria Nancy Grand Est, France<\/li>\n<li>Shen Yan, Huawei Technologies, China<\/li>\n<li>Cesar Viho, University of Rennes 1, France<\/li>\n<li>Shao Ying Zhu , University of Derby,UK<\/li>\n<li>Amjad Gawanmeh, Khalifa University, Abu Dhabi, UAE, and Concordia University, Montreal Canada.<\/li>\n<\/ul>\n<p><strong>Technical program committee<\/strong><\/p>\n<ul>\n<li>Gianni Antichi, Queen Mary University of London, UK<\/li>\n<li>Remi Badonnel, Inria &#8211; Loria, France<\/li>\n<li>Filip De Turck, Ghent University &#8211; IMEC, Belgium<\/li>\n<li>Xiaoming Fu, University of Goettingen, Germany<\/li>\n<li>Alex Galis, University College London, UK<\/li>\n<li>Abdelkader Lahmadi, University of Lorraine, France<\/li>\n<li>Kahina Lazri, Orange Labs, France<\/li>\n<li>Michael Menth, University of Tuebingen, Germany<\/li>\n<li>Thierry Turletti, Inria, France<\/li>\n<\/ul>\n<p><\/p>","protected":false},"excerpt":{"rendered":"<p>Workshop co-chairs J\u00e9r\u00f4me Fran\u00e7ois, Inria Nancy Grand Est, France Shen Yan, Huawei Technologies, China Cesar Viho, University of Rennes 1, France Shao Ying Zhu , University of Derby,UK Amjad Gawanmeh, Khalifa University, Abu Dhabi, UAE, and Concordia University, Montreal Canada. Technical program committee Gianni Antichi, Queen Mary University of London,\u2026<\/p>\n<p> <a class=\"continue-reading-link\" href=\"https:\/\/project.inria.fr\/etsn\/committes\/\"><span>Continue reading<\/span><i class=\"crycon-right-dir\"><\/i><\/a> <\/p>\n","protected":false},"author":505,"featured_media":0,"parent":0,"menu_order":0,"comment_status":"closed","ping_status":"closed","template":"","meta":{"footnotes":""},"class_list":["post-74","page","type-page","status-publish","hentry"],"_links":{"self":[{"href":"https:\/\/project.inria.fr\/etsn\/wp-json\/wp\/v2\/pages\/74","targetHints":{"allow":["GET"]}}],"collection":[{"href":"https:\/\/project.inria.fr\/etsn\/wp-json\/wp\/v2\/pages"}],"about":[{"href":"https:\/\/project.inria.fr\/etsn\/wp-json\/wp\/v2\/types\/page"}],"author":[{"embeddable":true,"href":"https:\/\/project.inria.fr\/etsn\/wp-json\/wp\/v2\/users\/505"}],"replies":[{"embeddable":true,"href":"https:\/\/project.inria.fr\/etsn\/wp-json\/wp\/v2\/comments?post=74"}],"version-history":[{"count":5,"href":"https:\/\/project.inria.fr\/etsn\/wp-json\/wp\/v2\/pages\/74\/revisions"}],"predecessor-version":[{"id":219,"href":"https:\/\/project.inria.fr\/etsn\/wp-json\/wp\/v2\/pages\/74\/revisions\/219"}],"wp:attachment":[{"href":"https:\/\/project.inria.fr\/etsn\/wp-json\/wp\/v2\/media?parent=74"}],"curies":[{"name":"wp","href":"https:\/\/api.w.org\/{rel}","templated":true}]}}