

{"id":66,"date":"2016-03-31T14:34:15","date_gmt":"2016-03-31T12:34:15","guid":{"rendered":"http:\/\/project.inria.fr\/everest\/?page_id=66"},"modified":"2017-04-07T13:03:29","modified_gmt":"2017-04-07T11:03:29","slug":"publications","status":"publish","type":"page","link":"https:\/\/project.inria.fr\/everest\/publications\/","title":{"rendered":"Publications"},"content":{"rendered":"<div id=\"content\" class=\"clearfix hfeed\">\n<div id=\"content-main\" class=\"clearfix grid_16\">\n<div id=\"post-20\" class=\"clearfix post post-20 page type-page status-publish hentry nodate\">\n<div class=\"entry clearfix\">\n<div class=\"entry-content clearfix\">\n<p>   <!DOCTYPE html PUBLIC \"-\/\/W3C\/\/DTD XHTML 1.0 Transitional\/\/EN\" \"http:\/\/www.w3.org\/TR\/xhtml1\/DTD\/xhtml1-transitional.dtd\"> <html xmlns='http:\/\/www.w3.org\/1999\/xhtml' xml:lang='fr' lang='fr'> <head> <meta name=\"robots\" content=\"noindex, nofollow\" \/> <meta http-equiv=\"content-type\" content= \"text\/html;charset=UTF-8\" \/> <meta http-equiv=\"Content-Language\" content=\"fr\" \/> <link rel=\"stylesheet\" type=\"text\/css\" href=\"..\/css\/VisuGen.css\" \/> <link rel=\"stylesheet\" type=\"text\/css\" href=\"https:\/\/haltools.inria.fr\/\/css\/VisuRubriqueEncadre.css\" \/> <!-- Piwik haltools.inria.fr--> <script type=\"text\/javascript\">   var _paq = _paq || [];   _paq.push(['trackPageView']);   _paq.push(['enableLinkTracking']);   (function() {     var u=\"\/\/piwik.inria.fr\/\";     _paq.push(['setTrackerUrl', u+'piwik.php']);     _paq.push(['setSiteId', 25]);     var d=document, g=d.createElement('script'), s=d.getElementsByTagName('script')[0];     g.type='text\/javascript'; g.async=true; g.defer=true; g.src=u+'piwik.js'; s.parentNode.insertBefore(g,s);   })(); <\/script> <noscript><\/p>\n<p><img decoding=\"async\" src=\"\/\/piwik.inria.fr\/piwik.php?idsite=25\" style=\"border:0;\" alt=\"\" \/><\/p>\n<p><\/noscript> <!-- End Piwik Code -->  <title>Publications HAL<\/title> <\/head> <body> <\/p>\n<div id=\"res_script\">\n<p class='Rubrique'>2020<\/p>\n<p class='SousRubrique'>Preprints, Working Papers, &#8230;<\/p>\n<dl class='NoticeRes'>\n<dt class=\"ChampRes\">titre<\/dt>\n<dd class=\"ValeurRes Titre\"><a href=\"https:\/\/inria.hal.science\/hal-03990556v1\" target=\"_blank\" >Beyond the Camera: Neural Networks in World Coordinates<\/a><\/dd>\n<dt class=\"ChampRes\">auteur<\/dt>\n<dd class=\"ValeurRes Auteurs\">Gunnar A Sigurdsson, Abhinav Gupta, Cordelia Schmid, Karteek Alahari<\/dd>\n<dt class=\"ChampRes\">article<\/dt>\n<dd class=\"ValeurRes article\">2020<\/dd>\n<dt class=\"ChampRes\">Acc\u00e8s au texte int\u00e9gral et bibtex<\/dt>\n<dd class=\"ValeurRes Fichier_joint\"> <a href=\"https:\/\/inria.hal.science\/hal-03990556\/file\/2003.05614.pdf\"  target=\"_blank\"> <img decoding=\"async\" alt=\"https:\/\/inria.hal.science\/hal-03990556\/file\/2003.05614.pdf\" src=\"https:\/\/haltools.inria.fr\/images\/Haltools_pdf.png\" border=\"0\" title=\"https:\/\/inria.hal.science\/hal-03990556\/file\/2003.05614.pdf\" \/><\/a> <span class=\"LienBibtexACoteFulltext\"><a href=\"https:\/\/inria.hal.science\/hal-03990556v1\/bibtex\" target=\"_self\"> <img decoding=\"async\" alt=\"BibTex\" src=\"https:\/\/haltools.inria.fr\/images\/Haltools_bibtex3.png\" border=\"0\"  title=\"BibTex\" \/><\/a> <\/span><\/dd>\n<\/dl>\n<p class='Rubrique'>2019<\/p>\n<p class='SousRubrique'>Conference papers<\/p>\n<dl class='NoticeRes'>\n<dt class=\"ChampRes\">titre<\/dt>\n<dd class=\"ValeurRes Titre\"><a href=\"https:\/\/hal.science\/hal-01886285v5\" target=\"_blank\" >Adaptive Density Estimation for Generative Models<\/a><\/dd>\n<dt class=\"ChampRes\">auteur<\/dt>\n<dd class=\"ValeurRes Auteurs\">Thomas Lucas, Konstantin Shmelkov, Cordelia Schmid, Karteek Alahari, Jakob Verbeek<\/dd>\n<dt class=\"ChampRes\">article<\/dt>\n<dd class=\"ValeurRes article\"><i>NeurIPS 2019 &#8211; Thirty-third Conference on Neural Information Processing Systems<\/i>, Dec 2019, Vancouver, Canada. pp.11993-12003<\/dd>\n<dt class=\"ChampRes\">Acc\u00e8s au texte int\u00e9gral et bibtex<\/dt>\n<dd class=\"ValeurRes Fichier_joint\"> <a href=\"https:\/\/hal.science\/hal-01886285\/file\/main.pdf\"  target=\"_blank\"> <img decoding=\"async\" alt=\"https:\/\/hal.science\/hal-01886285\/file\/main.pdf\" src=\"https:\/\/haltools.inria.fr\/images\/Haltools_pdf.png\" border=\"0\" title=\"https:\/\/hal.science\/hal-01886285\/file\/main.pdf\" \/><\/a> <span class=\"LienBibtexACoteFulltext\"><a href=\"https:\/\/hal.science\/hal-01886285v5\/bibtex\" target=\"_self\"> <img decoding=\"async\" alt=\"BibTex\" src=\"https:\/\/haltools.inria.fr\/images\/Haltools_bibtex3.png\" border=\"0\"  title=\"BibTex\" \/><\/a> <\/span><\/dd>\n<\/dl>\n<dl class='NoticeRes'>\n<dt class=\"ChampRes\">titre<\/dt>\n<dd class=\"ValeurRes Titre\"><a href=\"https:\/\/hal.science\/hal-02292339v1\" target=\"_blank\" >Focused Attention for Action Recognition<\/a><\/dd>\n<dt class=\"ChampRes\">auteur<\/dt>\n<dd class=\"ValeurRes Auteurs\">Vladyslav Sydorov, Karteek Alahari, Cordelia Schmid<\/dd>\n<dt class=\"ChampRes\">article<\/dt>\n<dd class=\"ValeurRes article\"><i>BMVC 2019 &#8211; British Machine Vision Conference<\/i>, Sep 2019, Cardiff, United Kingdom. pp.1-13<\/dd>\n<dt class=\"ChampRes\">Acc\u00e8s au texte int\u00e9gral et bibtex<\/dt>\n<dd class=\"ValeurRes Fichier_joint\"> <a href=\"https:\/\/hal.science\/hal-02292339\/file\/paper.pdf\"  target=\"_blank\"> <img decoding=\"async\" alt=\"https:\/\/hal.science\/hal-02292339\/file\/paper.pdf\" src=\"https:\/\/haltools.inria.fr\/images\/Haltools_pdf.png\" border=\"0\" title=\"https:\/\/hal.science\/hal-02292339\/file\/paper.pdf\" \/><\/a> <span class=\"LienBibtexACoteFulltext\"><a href=\"https:\/\/hal.science\/hal-02292339v1\/bibtex\" target=\"_self\"> <img decoding=\"async\" alt=\"BibTex\" src=\"https:\/\/haltools.inria.fr\/images\/Haltools_bibtex3.png\" border=\"0\"  title=\"BibTex\" \/><\/a> <\/span><\/dd>\n<\/dl>\n<p class='Rubrique'>2018<\/p>\n<p class='SousRubrique'>Journal articles<\/p>\n<dl class='NoticeRes'>\n<dt class=\"ChampRes\">titre<\/dt>\n<dd class=\"ValeurRes Titre\"><a href=\"https:\/\/inria.hal.science\/hal-01618400v1\" target=\"_blank\" >Learning from Web Videos for Event Classification<\/a><\/dd>\n<dt class=\"ChampRes\">auteur<\/dt>\n<dd class=\"ValeurRes Auteurs\">Nicolas Chesneau, Karteek Alahari, Cordelia Schmid<\/dd>\n<dt class=\"ChampRes\">article<\/dt>\n<dd class=\"ValeurRes article\"><i>IEEE Transactions on Circuits and Systems for Video Technology<\/i>, 2018, 28 (10), pp.3019-3029. <a target=\"_blank\" href=\"https:\/\/dx.doi.org\/10.1109\/TCSVT.2017.2764624\">&#x27E8;10.1109\/TCSVT.2017.2764624&#x27E9;<\/a><\/dd>\n<dt class=\"ChampRes\">Acc\u00e8s au texte int\u00e9gral et bibtex<\/dt>\n<dd class=\"ValeurRes Fichier_joint\"> <a href=\"https:\/\/inria.hal.science\/hal-01618400\/file\/final_version.pdf\"  target=\"_blank\"> <img decoding=\"async\" alt=\"https:\/\/inria.hal.science\/hal-01618400\/file\/final_version.pdf\" src=\"https:\/\/haltools.inria.fr\/images\/Haltools_pdf.png\" border=\"0\" title=\"https:\/\/inria.hal.science\/hal-01618400\/file\/final_version.pdf\" \/><\/a> <span class=\"LienBibtexACoteFulltext\"><a href=\"https:\/\/inria.hal.science\/hal-01618400v1\/bibtex\" target=\"_self\"> <img decoding=\"async\" alt=\"BibTex\" src=\"https:\/\/haltools.inria.fr\/images\/Haltools_bibtex3.png\" border=\"0\"  title=\"BibTex\" \/><\/a> <\/span><\/dd>\n<\/dl>\n<p class='SousRubrique'>Conference papers<\/p>\n<dl class='NoticeRes'>\n<dt class=\"ChampRes\">titre<\/dt>\n<dd class=\"ValeurRes Titre\"><a href=\"https:\/\/inria.hal.science\/hal-01849366v1\" target=\"_blank\" >End-to-End Incremental Learning<\/a><\/dd>\n<dt class=\"ChampRes\">auteur<\/dt>\n<dd class=\"ValeurRes Auteurs\">Francisco M. Castro, Manuel J Mar\u00edn-Jim\u00e9nez, Nicol\u00e1s Guil, Cordelia Schmid, Karteek Alahari<\/dd>\n<dt class=\"ChampRes\">article<\/dt>\n<dd class=\"ValeurRes article\"><i>ECCV 2018 &#8211; European Conference on Computer Vision<\/i>, Sep 2018, Munich, Germany. pp.241-257, <a target=\"_blank\" href=\"https:\/\/dx.doi.org\/10.1007\/978-3-030-01258-8_15\">&#x27E8;10.1007\/978-3-030-01258-8_15&#x27E9;<\/a><\/dd>\n<dt class=\"ChampRes\">Acc\u00e8s au texte int\u00e9gral et bibtex<\/dt>\n<dd class=\"ValeurRes Fichier_joint\"> <a href=\"https:\/\/inria.hal.science\/hal-01849366\/file\/IncrementalLearning_ECCV2018.pdf\"  target=\"_blank\"> <img decoding=\"async\" alt=\"https:\/\/inria.hal.science\/hal-01849366\/file\/IncrementalLearning_ECCV2018.pdf\" src=\"https:\/\/haltools.inria.fr\/images\/Haltools_pdf.png\" border=\"0\" title=\"https:\/\/inria.hal.science\/hal-01849366\/file\/IncrementalLearning_ECCV2018.pdf\" \/><\/a> <span class=\"LienBibtexACoteFulltext\"><a href=\"https:\/\/inria.hal.science\/hal-01849366v1\/bibtex\" target=\"_self\"> <img decoding=\"async\" alt=\"BibTex\" src=\"https:\/\/haltools.inria.fr\/images\/Haltools_bibtex3.png\" border=\"0\"  title=\"BibTex\" \/><\/a> <\/span><\/dd>\n<\/dl>\n<dl class='NoticeRes'>\n<dt class=\"ChampRes\">titre<\/dt>\n<dd class=\"ValeurRes Titre\"><a href=\"https:\/\/inria.hal.science\/hal-01850447v1\" target=\"_blank\" >How good is my GAN?<\/a><\/dd>\n<dt class=\"ChampRes\">auteur<\/dt>\n<dd class=\"ValeurRes Auteurs\">Konstantin Shmelkov, Cordelia Schmid, Karteek Alahari<\/dd>\n<dt class=\"ChampRes\">article<\/dt>\n<dd class=\"ValeurRes article\"><i>ECCV 2018 &#8211; European Conference on Computer Vision<\/i>, Sep 2018, Munich, Germany. pp.218-234, <a target=\"_blank\" href=\"https:\/\/dx.doi.org\/10.1007\/978-3-030-01216-8_14\">&#x27E8;10.1007\/978-3-030-01216-8_14&#x27E9;<\/a><\/dd>\n<dt class=\"ChampRes\">Acc\u00e8s au texte int\u00e9gral et bibtex<\/dt>\n<dd class=\"ValeurRes Fichier_joint\"> <a href=\"https:\/\/inria.hal.science\/hal-01850447\/file\/ganeval.pdf\"  target=\"_blank\"> <img decoding=\"async\" alt=\"https:\/\/inria.hal.science\/hal-01850447\/file\/ganeval.pdf\" src=\"https:\/\/haltools.inria.fr\/images\/Haltools_pdf.png\" border=\"0\" title=\"https:\/\/inria.hal.science\/hal-01850447\/file\/ganeval.pdf\" \/><\/a> <span class=\"LienBibtexACoteFulltext\"><a href=\"https:\/\/inria.hal.science\/hal-01850447v1\/bibtex\" target=\"_self\"> <img decoding=\"async\" alt=\"BibTex\" src=\"https:\/\/haltools.inria.fr\/images\/Haltools_bibtex3.png\" border=\"0\"  title=\"BibTex\" \/><\/a> <\/span><\/dd>\n<\/dl>\n<dl class='NoticeRes'>\n<dt class=\"ChampRes\">titre<\/dt>\n<dd class=\"ValeurRes Titre\"><a href=\"https:\/\/inria.hal.science\/hal-01755547v1\" target=\"_blank\" >Actor and Observer: Joint Modeling of First and Third-Person Videos<\/a><\/dd>\n<dt class=\"ChampRes\">auteur<\/dt>\n<dd class=\"ValeurRes Auteurs\">Gunnar A. Sigurdsson, Abhinav Gupta, Cordelia Schmid, Ali Farhadi, Karteek Alahari<\/dd>\n<dt class=\"ChampRes\">article<\/dt>\n<dd class=\"ValeurRes article\"><i>CVPR 2018 &#8211; IEEE Conference on Computer Vision &#038; Pattern Recognition<\/i>, Jun 2018, Salt Lake City, Utah, United States. pp.7396-7404, <a target=\"_blank\" href=\"https:\/\/dx.doi.org\/10.1109\/CVPR.2018.00772\">&#x27E8;10.1109\/CVPR.2018.00772&#x27E9;<\/a><\/dd>\n<dt class=\"ChampRes\">Acc\u00e8s au texte int\u00e9gral et bibtex<\/dt>\n<dd class=\"ValeurRes Fichier_joint\"> <a href=\"https:\/\/inria.hal.science\/hal-01755547\/file\/Sigurdsson18.pdf\"  target=\"_blank\"> <img decoding=\"async\" alt=\"https:\/\/inria.hal.science\/hal-01755547\/file\/Sigurdsson18.pdf\" src=\"https:\/\/haltools.inria.fr\/images\/Haltools_pdf.png\" border=\"0\" title=\"https:\/\/inria.hal.science\/hal-01755547\/file\/Sigurdsson18.pdf\" \/><\/a> <span class=\"LienBibtexACoteFulltext\"><a href=\"https:\/\/inria.hal.science\/hal-01755547v1\/bibtex\" target=\"_self\"> <img decoding=\"async\" alt=\"BibTex\" src=\"https:\/\/haltools.inria.fr\/images\/Haltools_bibtex3.png\" border=\"0\"  title=\"BibTex\" \/><\/a> <\/span><\/dd>\n<\/dl>\n<p class='Rubrique'>2017<\/p>\n<p class='SousRubrique'>Journal articles<\/p>\n<dl class='NoticeRes'>\n<dt class=\"ChampRes\">titre<\/dt>\n<dd class=\"ValeurRes Titre\"><a href=\"https:\/\/inria.hal.science\/hal-01490176v1\" target=\"_blank\" >Unsupervised refinement of color and stroke features for text binarization<\/a><\/dd>\n<dt class=\"ChampRes\">auteur<\/dt>\n<dd class=\"ValeurRes Auteurs\">Anand Mishra, Karteek Alahari, C.V. Jawahar<\/dd>\n<dt class=\"ChampRes\">article<\/dt>\n<dd class=\"ValeurRes article\"><i>International Journal on Document Analysis and Recognition<\/i>, 2017, 20 (2), pp.105-121. <a target=\"_blank\" href=\"https:\/\/dx.doi.org\/10.1007\/s10032-017-0283-9\">&#x27E8;10.1007\/s10032-017-0283-9&#x27E9;<\/a><\/dd>\n<dt class=\"ChampRes\">Acc\u00e8s au texte int\u00e9gral et bibtex<\/dt>\n<dd class=\"ValeurRes Fichier_joint\"> <a href=\"https:\/\/inria.hal.science\/hal-01490176\/file\/mishraIJDAR.pdf\"  target=\"_blank\"> <img decoding=\"async\" alt=\"https:\/\/inria.hal.science\/hal-01490176\/file\/mishraIJDAR.pdf\" src=\"https:\/\/haltools.inria.fr\/images\/Haltools_pdf.png\" border=\"0\" title=\"https:\/\/inria.hal.science\/hal-01490176\/file\/mishraIJDAR.pdf\" \/><\/a> <span class=\"LienBibtexACoteFulltext\"><a href=\"https:\/\/inria.hal.science\/hal-01490176v1\/bibtex\" target=\"_self\"> <img decoding=\"async\" alt=\"BibTex\" src=\"https:\/\/haltools.inria.fr\/images\/Haltools_bibtex3.png\" border=\"0\"  title=\"BibTex\" \/><\/a> <\/span><\/dd>\n<\/dl>\n<p class='SousRubrique'>Conference papers<\/p>\n<dl class='NoticeRes'>\n<dt class=\"ChampRes\">titre<\/dt>\n<dd class=\"ValeurRes Titre\"><a href=\"https:\/\/inria.hal.science\/hal-01573629v1\" target=\"_blank\" >Detecting Parts for Action Localization<\/a><\/dd>\n<dt class=\"ChampRes\">auteur<\/dt>\n<dd class=\"ValeurRes Auteurs\">Nicolas Chesneau, Gr\u00e9gory Rogez, Karteek Alahari, Cordelia Schmid<\/dd>\n<dt class=\"ChampRes\">article<\/dt>\n<dd class=\"ValeurRes article\"><i>BMVC &#8211; British Machine Vision Conference<\/i>, Sep 2017, London, United Kingdom<\/dd>\n<dt class=\"ChampRes\">Acc\u00e8s au texte int\u00e9gral et bibtex<\/dt>\n<dd class=\"ValeurRes Fichier_joint\"> <a href=\"https:\/\/inria.hal.science\/hal-01573629\/file\/0159.pdf\"  target=\"_blank\"> <img decoding=\"async\" alt=\"https:\/\/inria.hal.science\/hal-01573629\/file\/0159.pdf\" src=\"https:\/\/haltools.inria.fr\/images\/Haltools_pdf.png\" border=\"0\" title=\"https:\/\/inria.hal.science\/hal-01573629\/file\/0159.pdf\" \/><\/a> <span class=\"LienBibtexACoteFulltext\"><a href=\"https:\/\/inria.hal.science\/hal-01573629v1\/bibtex\" target=\"_self\"> <img decoding=\"async\" alt=\"BibTex\" src=\"https:\/\/haltools.inria.fr\/images\/Haltools_bibtex3.png\" border=\"0\"  title=\"BibTex\" \/><\/a> <\/span><\/dd>\n<\/dl><\/div>\n<p> <\/body> <\/html> <\/p>\n<\/div>\n<\/div>\n<\/div>\n<\/div>\n<\/div>\n","protected":false},"excerpt":{"rendered":"<p>Publications HAL 2020 Preprints, Working Papers, &#8230; titre Beyond the Camera: Neural Networks in World Coordinates auteur Gunnar A Sigurdsson, Abhinav Gupta, Cordelia Schmid, Karteek Alahari article 2020 Acc\u00e8s au texte int\u00e9gral et bibtex 2019 Conference papers titre Adaptive Density Estimation for Generative Models auteur Thomas Lucas, Konstantin Shmelkov, Cordelia\u2026<\/p>\n<p> <a class=\"continue-reading-link\" href=\"https:\/\/project.inria.fr\/everest\/publications\/\"><span>Continue reading<\/span><i class=\"crycon-right-dir\"><\/i><\/a> <\/p>\n","protected":false},"author":921,"featured_media":0,"parent":0,"menu_order":0,"comment_status":"closed","ping_status":"closed","template":"","meta":{"footnotes":""},"class_list":["post-66","page","type-page","status-publish","hentry"],"_links":{"self":[{"href":"https:\/\/project.inria.fr\/everest\/wp-json\/wp\/v2\/pages\/66","targetHints":{"allow":["GET"]}}],"collection":[{"href":"https:\/\/project.inria.fr\/everest\/wp-json\/wp\/v2\/pages"}],"about":[{"href":"https:\/\/project.inria.fr\/everest\/wp-json\/wp\/v2\/types\/page"}],"author":[{"embeddable":true,"href":"https:\/\/project.inria.fr\/everest\/wp-json\/wp\/v2\/users\/921"}],"replies":[{"embeddable":true,"href":"https:\/\/project.inria.fr\/everest\/wp-json\/wp\/v2\/comments?post=66"}],"version-history":[{"count":3,"href":"https:\/\/project.inria.fr\/everest\/wp-json\/wp\/v2\/pages\/66\/revisions"}],"predecessor-version":[{"id":116,"href":"https:\/\/project.inria.fr\/everest\/wp-json\/wp\/v2\/pages\/66\/revisions\/116"}],"wp:attachment":[{"href":"https:\/\/project.inria.fr\/everest\/wp-json\/wp\/v2\/media?parent=66"}],"curies":[{"name":"wp","href":"https:\/\/api.w.org\/{rel}","templated":true}]}}