

{"id":4,"date":"2011-12-08T11:55:34","date_gmt":"2011-12-08T11:55:34","guid":{"rendered":"http:\/\/project.inria.fr\/template1\/?page_id=4"},"modified":"2023-01-19T21:20:09","modified_gmt":"2023-01-19T20:20:09","slug":"home","status":"publish","type":"page","link":"https:\/\/project.inria.fr\/evoluthon\/fr\/","title":{"rendered":"Evoluthon : la vie artificielle comme banc d&rsquo;essai pour l&rsquo;\u00e9volution mol\u00e9culaire"},"content":{"rendered":"Evoluthon est un projet financ\u00e9 par l&rsquo;ANR en 2019.\n\nEn janvier 2023, pour la conf\u00e9rence Alphy\/AIEM, nous organisons un concours: <a href=\"https:\/\/project.inria.fr\/evoluthon\/evoluthon-contest-2\/\">Evoluthon contest<\/a>\n\nEn juillet 2022, nous avons organis\u00e9 <a href=\"https:\/\/jobim2022.sciencesconf.org\/data\/pages\/Symposium_GP.pdf\">un symposium \u00e0 la conf\u00e9rence Jobim<\/a> sur les simulations de s\u00e9quences\n\n<a href=\"https:\/\/project.inria.fr\/evoluthon\/files\/2020\/02\/Evoluthon_Tannier_2019.pdf\">Lien vers le projet accept\u00e9 pour financement en 2019<\/a>","protected":false},"excerpt":{"rendered":"<p>Evoluthon est un projet financ\u00e9 par l&rsquo;ANR en 2019. En janvier 2023, pour la conf\u00e9rence Alphy\/AIEM, nous organisons un concours: Evoluthon contest En juillet 2022, nous avons organis\u00e9 un symposium \u00e0 la conf\u00e9rence Jobim sur les simulations de s\u00e9quences Lien vers le projet accept\u00e9 pour financement en 2019<\/p>\n<p> <a class=\"continue-reading-link\" href=\"https:\/\/project.inria.fr\/evoluthon\/fr\/\"><span>Continue reading<\/span><i class=\"crycon-right-dir\"><\/i><\/a> <\/p>\n","protected":false},"author":1,"featured_media":0,"parent":0,"menu_order":0,"comment_status":"closed","ping_status":"open","template":"","meta":{"footnotes":""},"class_list":["post-4","page","type-page","status-publish","hentry"],"_links":{"self":[{"href":"https:\/\/project.inria.fr\/evoluthon\/fr\/wp-json\/wp\/v2\/pages\/4","targetHints":{"allow":["GET"]}}],"collection":[{"href":"https:\/\/project.inria.fr\/evoluthon\/fr\/wp-json\/wp\/v2\/pages"}],"about":[{"href":"https:\/\/project.inria.fr\/evoluthon\/fr\/wp-json\/wp\/v2\/types\/page"}],"author":[{"embeddable":true,"href":"https:\/\/project.inria.fr\/evoluthon\/fr\/wp-json\/wp\/v2\/users\/1"}],"replies":[{"embeddable":true,"href":"https:\/\/project.inria.fr\/evoluthon\/fr\/wp-json\/wp\/v2\/comments?post=4"}],"version-history":[{"count":18,"href":"https:\/\/project.inria.fr\/evoluthon\/fr\/wp-json\/wp\/v2\/pages\/4\/revisions"}],"predecessor-version":[{"id":135,"href":"https:\/\/project.inria.fr\/evoluthon\/fr\/wp-json\/wp\/v2\/pages\/4\/revisions\/135"}],"wp:attachment":[{"href":"https:\/\/project.inria.fr\/evoluthon\/fr\/wp-json\/wp\/v2\/media?parent=4"}],"curies":[{"name":"wp","href":"https:\/\/api.w.org\/{rel}","templated":true}]}}