

{"id":101,"date":"2023-01-19T18:05:15","date_gmt":"2023-01-19T17:05:15","guid":{"rendered":"https:\/\/project.inria.fr\/evoluthon\/?page_id=101"},"modified":"2023-07-04T14:24:49","modified_gmt":"2023-07-04T12:24:49","slug":"evoluthon-contest-2","status":"publish","type":"page","link":"https:\/\/project.inria.fr\/evoluthon\/evoluthon-contest-2\/","title":{"rendered":"Evoluthon contest"},"content":{"rendered":"<p>At the occasion of the Alphy\/AIEM 2023 conference we made a first (beta) Evoluthon contest. <br>The rules and context can be found below : in one word, one had to reconstruct a tree based on 40 sequences generated by Aevol.<\/p>\n\n\n\n<p>Now that this contest is over, we can share the original tree, to enable anyone to train themselves on this first example ; we will make <strong>a bigger contest with new sets of sequences<\/strong> starting in September.<\/p>\n\n\n\n<p>This new contest should provide different level of difficulty and sequences having evolved in different conditions (bottleneck, changing mutation rate&#8230;) between sets.<br><\/p>\n\n\n\n<p><strong>Beta contest : sequences, solution(s), rules<\/strong><\/p>\n\n\n\n<p><strong>Sequences<\/strong><\/p>\n\n\n\n<p>Click on the links below to download the sequences in multi-fasta format.<\/p>\n\n\n\n<div class=\"wp-block-file\"><a href=\"https:\/\/project.inria.fr\/evoluthon\/files\/2023\/01\/sequences_all_multifasta-1.txt\">sequences_all_multifasta-1<\/a><a href=\"https:\/\/project.inria.fr\/evoluthon\/files\/2023\/01\/sequences_all_multifasta-1.txt\" class=\"wp-block-file__button\" download>Download<\/a><\/div>\n\n\n\n<p><strong>Solution(s)<\/strong><\/p>\n\n\n\n<p>On the links below you can download : <br>First the original tree in newick format (in .txt here).<br>Secondly, if you want to try and discover the ancestor sequence, the true one is on the second link.<br>Finally, if you want to try and discover the parameters for this simulation (intitial population size, maximum indel size, point mutation rate, small deletion rate, small insertion rate, duplication rate, translocation rate, insertion rate, deletion rate), those are on the last link.<br><\/p>\n\n\n\n<div class=\"wp-block-file\"><a href=\"https:\/\/project.inria.fr\/evoluthon\/files\/2023\/06\/vrai_arbre.txt\">original tree<\/a><a href=\"https:\/\/project.inria.fr\/evoluthon\/files\/2023\/06\/vrai_arbre.txt\" class=\"wp-block-file__button\" download>Download<\/a><\/div>\n\n\n\n<div class=\"wp-block-file\"><a href=\"https:\/\/project.inria.fr\/evoluthon\/files\/2023\/07\/ancestor-1.txt\">ancestor-1<\/a><a href=\"https:\/\/project.inria.fr\/evoluthon\/files\/2023\/07\/ancestor-1.txt\" class=\"wp-block-file__button\" download>Download<\/a><\/div>\n\n\n\n<div class=\"wp-block-file\"><a href=\"https:\/\/project.inria.fr\/evoluthon\/files\/2023\/07\/parameters_first_contest-1.txt\">parameters_first_contest-1<\/a><a href=\"https:\/\/project.inria.fr\/evoluthon\/files\/2023\/07\/parameters_first_contest-1.txt\" class=\"wp-block-file__button\" download>Download<\/a><\/div>\n\n\n\n<figure class=\"wp-block-image is-resized\"><img loading=\"lazy\" decoding=\"async\" src=\"https:\/\/project.inria.fr\/evoluthon\/files\/2023\/06\/original_tree-3.png\" alt=\"\" class=\"wp-image-188\" width=\"493\" height=\"480\" srcset=\"https:\/\/project.inria.fr\/evoluthon\/files\/2023\/06\/original_tree-3.png 891w, https:\/\/project.inria.fr\/evoluthon\/files\/2023\/06\/original_tree-3-300x293.png 300w, https:\/\/project.inria.fr\/evoluthon\/files\/2023\/06\/original_tree-3-768x749.png 768w, https:\/\/project.inria.fr\/evoluthon\/files\/2023\/06\/original_tree-3-150x146.png 150w\" sizes=\"auto, (max-width: 493px) 100vw, 493px\" \/><figcaption>Original tree for the beta-contest<\/figcaption><\/figure>\n\n\n\n<p><strong>Rules<\/strong><br>For this contest, we provide you with 40 DNA sequences of ~40 000 base pairs simulated using Aevol.<br>These sequences are inspired by bacterial genomes. Each sequence comes from a different species, those different species having evolved in silico starting from one unique genome. <\/p>\n\n\n\n<p>We challenge you to use your favorite tools and methods to reconstruct the closest to the original phylogenetic tree.<\/p>\n\n\n\n<p>You can submit your trees by sending them to hugo.daudey@univ-lyon1.fr using the format of your choosing (newick, NEXUS, phyloxml&#8230;).<br><br>Also, feel free to add any information you think you found out about this data set (population sizes, selection pressures, notable events, &#8230;).<br>We can then confirm or infirm to you your deductions based on the record we have of the simulation that yielded the sequences.<\/p>\n\n\n\n<p><strong>Context <\/strong><br>Molecular evolution methods face a validation issue : we cannot go back in time and check hypotheses or predictions, which concern events that occurred possibly billions of years ago.<\/p>\n\n\n\n<p>Across the whole of scientific literature, the most popular validation process are computer simulations.<br>Genomic evolution can be simulated in silico over a far greater number of generations than using experimental evolution, and in a less costly way.<\/p>\n\n\n\n<p>New methods are almost always tested on ad hoc simulations, which means simulations created on purpose to test these new methods specifically.<br>This process inevitably leads to essential features of the tested method being incorporated within the simulations, which implies that those simulations may only serve to test said new methods, and will generate instances failing to represent real data complexity.<\/p>\n\n\n\n<p>Evoluthon is a project that aims at challenging methods with data created by simulations not influenced by said methods to be tested.&nbsp;<br>To achieve this, we propose Aevol as an impartial benchmarking tool.<\/p>\n\n\n\n<p>Aevol is an open-source digital genetics platform that captures the evolutionary process using genetic algorithms and individual based modeling. <br>Digital organisms in Aevol reproduce, compete and mutate, evolving for hundreds of thousands of generations under typical Darwinian dynamics.<\/p>\n\n\n\n<p>Hugo Daudey (1), Marco Foley (2), Jonathan Rouzaud-Cornabas (2)(3), Vincent Daubin (1), Bastien Bousseau (1), \u00c9ric Tannier (1)(2), Guillaume Beslon (2)(3)<br>\u200b<br>(1) Universit\u00e9 Claude Bernard Lyon 1, CNRS, Laboratoire de Biom\u00e9trie et Biologie Evolutive, Villeurbanne, France<br>(2) Centre de recherche Inria de Lyon (\u00c9quipe BEAGLE), Villeurbanne, France<br>(3) INSA-Lyon, Villeurbanne, France&nbsp;&nbsp;<br><\/p>\n\n\n\n<figure class=\"wp-block-image\"><img loading=\"lazy\" decoding=\"async\" width=\"724\" height=\"1024\" src=\"https:\/\/project.inria.fr\/evoluthon\/files\/2023\/01\/poster-v2-rideau-2-724x1024.png\" alt=\"\" class=\"wp-image-124\" srcset=\"https:\/\/project.inria.fr\/evoluthon\/files\/2023\/01\/poster-v2-rideau-2-724x1024.png 724w, https:\/\/project.inria.fr\/evoluthon\/files\/2023\/01\/poster-v2-rideau-2-212x300.png 212w, https:\/\/project.inria.fr\/evoluthon\/files\/2023\/01\/poster-v2-rideau-2-768x1086.png 768w, https:\/\/project.inria.fr\/evoluthon\/files\/2023\/01\/poster-v2-rideau-2-1086x1536.png 1086w, https:\/\/project.inria.fr\/evoluthon\/files\/2023\/01\/poster-v2-rideau-2-1449x2048.png 1449w, https:\/\/project.inria.fr\/evoluthon\/files\/2023\/01\/poster-v2-rideau-2-106x150.png 106w\" sizes=\"auto, (max-width: 724px) 100vw, 724px\" \/><\/figure>\n\n\n\n<p>Frequently asked questions:<\/p>\n\n\n\n<p>Why Aevol? It is necessary that the simulation software has been developed by a team who doesn&#8217;t develop inference methods. Otherwise the simulation will be partial: oriented towards particular models. Aevol is the only one we know in this case, producing sequences usable by bioinformatics methods.<\/p>\n\n\n\n<p>What are the genomes supposed to look like? They are simulated with a darwinian process of mutation\/selection, and are constrained by some limits in available computing time. Absence of sex, and their size make them compare to bacterial genomes. Many features however may not look like real bacterial genomes. Imagine them as extra-terrestrial life and see what you can deduce from their evolution.<\/p>","protected":false},"excerpt":{"rendered":"<p>At the occasion of the Alphy\/AIEM 2023 conference we made a first (beta) Evoluthon contest. The rules and context can be found below : in one word, one had to reconstruct a tree based on 40 sequences generated by Aevol. Now that this contest is over, we can share the\u2026<\/p>\n<p> <a class=\"continue-reading-link\" href=\"https:\/\/project.inria.fr\/evoluthon\/evoluthon-contest-2\/\"><span>Continue reading<\/span><i class=\"crycon-right-dir\"><\/i><\/a> <\/p>\n","protected":false},"author":1244,"featured_media":0,"parent":0,"menu_order":0,"comment_status":"closed","ping_status":"closed","template":"","meta":{"footnotes":""},"class_list":["post-101","page","type-page","status-publish","hentry"],"_links":{"self":[{"href":"https:\/\/project.inria.fr\/evoluthon\/wp-json\/wp\/v2\/pages\/101","targetHints":{"allow":["GET"]}}],"collection":[{"href":"https:\/\/project.inria.fr\/evoluthon\/wp-json\/wp\/v2\/pages"}],"about":[{"href":"https:\/\/project.inria.fr\/evoluthon\/wp-json\/wp\/v2\/types\/page"}],"author":[{"embeddable":true,"href":"https:\/\/project.inria.fr\/evoluthon\/wp-json\/wp\/v2\/users\/1244"}],"replies":[{"embeddable":true,"href":"https:\/\/project.inria.fr\/evoluthon\/wp-json\/wp\/v2\/comments?post=101"}],"version-history":[{"count":47,"href":"https:\/\/project.inria.fr\/evoluthon\/wp-json\/wp\/v2\/pages\/101\/revisions"}],"predecessor-version":[{"id":214,"href":"https:\/\/project.inria.fr\/evoluthon\/wp-json\/wp\/v2\/pages\/101\/revisions\/214"}],"wp:attachment":[{"href":"https:\/\/project.inria.fr\/evoluthon\/wp-json\/wp\/v2\/media?parent=101"}],"curies":[{"name":"wp","href":"https:\/\/api.w.org\/{rel}","templated":true}]}}