

{"id":54,"date":"2013-06-03T15:16:54","date_gmt":"2013-06-03T13:16:54","guid":{"rendered":"https:\/\/project.inria.fr\/exifsi\/?page_id=54"},"modified":"2016-04-25T10:10:37","modified_gmt":"2016-04-25T08:10:37","slug":"people","status":"publish","type":"page","link":"https:\/\/project.inria.fr\/exifsi\/people\/","title":{"rendered":"People"},"content":{"rendered":"<p><\/p>\n<h4>Permanent researchers<\/h4>\n<ul>\n<li><a href=\"http:\/\/www-roc.inria.fr\/gamma\/Frederic.Alauzet\">Fr\u00e9d\u00e9ric Alauzet<\/a> <em>(Inria)<\/em><\/li>\n<li><a href=\"http:\/\/iris.ucl.ac.uk\/iris\/browse\/profile?upi=ENBUR31\">Erik Burman<\/a> <em>(UCL, UK)<\/em><\/li>\n<li><a href=\"http:\/\/team.inria.fr\/reo\/team-members\/fernandez\">Miguel A. Fern\u00e1ndez<\/a> <em>(Inria &amp; UPMC)<\/em>, project coordinator<\/li>\n<li><a href=\"http:\/\/team.inria.fr\/reo\/team-members\/gerbeau\/\">Jean-Fr\u00e9d\u00e9ric Gerbeau<\/a> <em>(Inria &amp; UPMC)<\/em><\/li>\n<li><a href=\"http:\/\/team.inria.fr\/reo\/team-members\/marina-vidrascu\/\">Marina Vidrascu<\/a><em> (Inria &amp; UPMC)<\/em><\/li>\n<\/ul>\n<h4>Post-docs<\/h4>\n<ul>\n<li>Faisal Amlani <em>(Inria &amp; UPMC)<\/em><\/li>\n<\/ul>\n<h4>Research engineers<\/h4>\n<ul>\n<li>Axel Fourmont<\/li>\n<\/ul>\n<h4>Former members<\/h4>\n<ul>\n<li><a href=\"http:\/\/team.inria.fr\/reo\/team-members\/mikel-landajuela\/ \">Mikel Landajuela<\/a>, PhD student,\u00a0(currently at Politecnico di Milano, Italy)<\/li>\n<li><a href=\"http:\/\/www.math.u-psud.fr\/~fabreges\/\">Benoit Fabr\u00e8ges<\/a>, Post-doc, (currently at Politecnico di Milano, Italy)<\/li>\n<li>Jimmy Mullaert, PhD student, (currently at INSERM, France)<\/li>\n<\/ul>\n<p><\/p>","protected":false},"excerpt":{"rendered":"<p>Permanent researchers Fr\u00e9d\u00e9ric Alauzet (Inria) Erik Burman (UCL, UK) Miguel A. Fern\u00e1ndez (Inria &amp; UPMC), project coordinator Jean-Fr\u00e9d\u00e9ric Gerbeau (Inria &amp; UPMC) Marina Vidrascu (Inria &amp; UPMC) Post-docs Faisal Amlani (Inria &amp; UPMC) Research engineers Axel Fourmont Former members Mikel Landajuela, PhD student,\u00a0(currently at Politecnico di Milano, Italy) Benoit Fabr\u00e8ges, Post-doc, (currently at Politecnico di &hellip; <\/p>\n<p><a class=\"more-link btn\" href=\"https:\/\/project.inria.fr\/exifsi\/people\/\">Continue reading<\/a><\/p>\n","protected":false},"author":330,"featured_media":0,"parent":0,"menu_order":1,"comment_status":"open","ping_status":"open","template":"template-onecolumn.php","meta":{"footnotes":""},"class_list":["post-54","page","type-page","status-publish","hentry","nodate","item-wrap"],"_links":{"self":[{"href":"https:\/\/project.inria.fr\/exifsi\/wp-json\/wp\/v2\/pages\/54","targetHints":{"allow":["GET"]}}],"collection":[{"href":"https:\/\/project.inria.fr\/exifsi\/wp-json\/wp\/v2\/pages"}],"about":[{"href":"https:\/\/project.inria.fr\/exifsi\/wp-json\/wp\/v2\/types\/page"}],"author":[{"embeddable":true,"href":"https:\/\/project.inria.fr\/exifsi\/wp-json\/wp\/v2\/users\/330"}],"replies":[{"embeddable":true,"href":"https:\/\/project.inria.fr\/exifsi\/wp-json\/wp\/v2\/comments?post=54"}],"version-history":[{"count":34,"href":"https:\/\/project.inria.fr\/exifsi\/wp-json\/wp\/v2\/pages\/54\/revisions"}],"predecessor-version":[{"id":488,"href":"https:\/\/project.inria.fr\/exifsi\/wp-json\/wp\/v2\/pages\/54\/revisions\/488"}],"wp:attachment":[{"href":"https:\/\/project.inria.fr\/exifsi\/wp-json\/wp\/v2\/media?parent=54"}],"curies":[{"name":"wp","href":"https:\/\/api.w.org\/{rel}","templated":true}]}}