

{"id":205,"date":"2023-09-12T17:28:01","date_gmt":"2023-09-12T15:28:01","guid":{"rendered":"https:\/\/project.inria.fr\/fastbig\/?page_id=205"},"modified":"2023-10-18T21:14:53","modified_gmt":"2023-10-18T19:14:53","slug":"stats-workshop-october-19th-2023","status":"publish","type":"page","link":"https:\/\/project.inria.fr\/fastbig\/stats-workshop-october-19th-2023\/","title":{"rendered":"Stats workshop, October 19th, 2023"},"content":{"rendered":"<p>Place: Olga Ladyjenska\u00efa, IHP, 11, Rue Pierre et Marie Curie 75005 <em>Paris<\/em><\/p>\n\n\n\n<h2 class=\"wp-block-heading\">Tentative Program<\/h2>\n\n\n\n<p><strong>Session 1:9h30-10h30: statistical testing, FDR\/FDP control<\/strong><\/p>\n\n\n\n<ul class=\"wp-block-list\"><li>Alexandre Blain : FDP control for knockoffs<\/li><li>Iqraa Meah: tests multiples structur\u00e9s<\/li><\/ul>\n\n\n\n<p><strong>coffee break<\/strong><br><strong>Session 2: 11h-12h: FDR in Machine learning<\/strong> <strong>conformal prediction<\/strong><\/p>\n\n\n\n<ul class=\"wp-block-list\"><li>Ariane Marandon : machine learning et FDR<\/li><li>Ulysse Gazin (1\u00e8re ann\u00e9e, multiple conformal et FDR)<\/li><\/ul>\n\n\n\n<p><strong>Lunch break<\/strong> at <a rel=\"noreferrer noopener\" href=\"https:\/\/www.papillonjapanstreet.com\/\" target=\"_blank\">https:\/\/www.papillonjapanstreet.com\/<\/a><\/p>\n\n\n\n<p><strong>Session 3: 14h-15h<\/strong> Conformal prediction<\/p>\n\n\n\n<ul class=\"wp-block-list\"><li>Pierre Humbert: Pr\u00e9diction conformelle en apprentissage f\u00e9d\u00e9r\u00e9 avec une seule communication<\/li><li>Margaux Zaffran: Conformal inference with missing data<\/li><\/ul>\n\n\n\n<p><strong>Coffee break<\/strong><\/p>\n\n\n\n<p><strong>Session 4: 15h30-17h estimation in high dimension<\/strong><\/p>\n\n\n\n<ul class=\"wp-block-list\"><li>Jean-Baptiste Fermanian: estimation de moyennes en grande dimension quand on a beaucoup de jeux de donn\u00e9es s\u00e9par\u00e9s mais &#8220;ayant une structure commune&#8221;<\/li><li>Bastien Dussap : estimation de proportions de distributions dans un m\u00e9lange par m\u00e9thodes de moments g\u00e9n\u00e9ralis\u00e9s et noyaux<\/li><li>Luca Nesterenko (ou Luc Blassel) sur la reconstruction de phylog\u00e9nies<br>Final discussion and conclusions<\/li><\/ul>\n\n\n\n<p><strong>17h:<\/strong> Concluding remarks and informal discussions <\/p>\n\n\n\n<p><strong>Organisation:<\/strong> Sylvain Arlot, Gilles Blanchard, Laurent Jacob, Pierre Neuvial, Etienne Roquain, Joseph Salmon, Bertrand Thirion.<\/p>\n\n\n\n<p><\/p>","protected":false},"excerpt":{"rendered":"<p>Place: Olga Ladyjenska\u00efa, IHP, 11, Rue Pierre et Marie Curie 75005 Paris Tentative Program Session 1:9h30-10h30: statistical testing, FDR\/FDP control Alexandre Blain : FDP control for knockoffs Iqraa Meah: tests multiples structur\u00e9s coffee breakSession 2: 11h-12h: FDR in Machine learning conformal prediction Ariane Marandon : machine learning et FDR Ulysse\u2026<\/p>\n<p> <a class=\"continue-reading-link\" href=\"https:\/\/project.inria.fr\/fastbig\/stats-workshop-october-19th-2023\/\"><span>Continue reading<\/span><i class=\"crycon-right-dir\"><\/i><\/a> <\/p>\n","protected":false},"author":880,"featured_media":0,"parent":0,"menu_order":0,"comment_status":"closed","ping_status":"closed","template":"","meta":{"footnotes":""},"class_list":["post-205","page","type-page","status-publish","hentry"],"_links":{"self":[{"href":"https:\/\/project.inria.fr\/fastbig\/wp-json\/wp\/v2\/pages\/205","targetHints":{"allow":["GET"]}}],"collection":[{"href":"https:\/\/project.inria.fr\/fastbig\/wp-json\/wp\/v2\/pages"}],"about":[{"href":"https:\/\/project.inria.fr\/fastbig\/wp-json\/wp\/v2\/types\/page"}],"author":[{"embeddable":true,"href":"https:\/\/project.inria.fr\/fastbig\/wp-json\/wp\/v2\/users\/880"}],"replies":[{"embeddable":true,"href":"https:\/\/project.inria.fr\/fastbig\/wp-json\/wp\/v2\/comments?post=205"}],"version-history":[{"count":9,"href":"https:\/\/project.inria.fr\/fastbig\/wp-json\/wp\/v2\/pages\/205\/revisions"}],"predecessor-version":[{"id":223,"href":"https:\/\/project.inria.fr\/fastbig\/wp-json\/wp\/v2\/pages\/205\/revisions\/223"}],"wp:attachment":[{"href":"https:\/\/project.inria.fr\/fastbig\/wp-json\/wp\/v2\/media?parent=205"}],"curies":[{"name":"wp","href":"https:\/\/api.w.org\/{rel}","templated":true}]}}