

{"id":225,"date":"2024-11-21T23:12:35","date_gmt":"2024-11-21T22:12:35","guid":{"rendered":"https:\/\/project.inria.fr\/fastbig\/?page_id=225"},"modified":"2024-12-12T09:49:34","modified_gmt":"2024-12-12T08:49:34","slug":"workshop-on-statistical-inference-for-complex-data","status":"publish","type":"page","link":"https:\/\/project.inria.fr\/fastbig\/workshop-on-statistical-inference-for-complex-data\/","title":{"rendered":"Workshop on statistical inference for complex data"},"content":{"rendered":"<p><strong>Monday, Dec  09th, 2024<\/strong><\/p>\n\n\n\n<p><strong>Where<\/strong>: Alan Turing building, Inria Saclay, Amphith\u00e9\u00e2tre Sophie Germain (morning), Room Poincar\u00e9 (afternoon)<\/p>\n\n\n\n<p class=\"has-vivid-red-color has-text-color\"><strong>Program<\/strong><\/p>\n\n\n\n<ul class=\"wp-block-list\"><li>10:30 am PhD defense of <strong>Alexandre Blain<\/strong><\/li><\/ul>\n\n\n\n<ul class=\"wp-block-list\"><li>3pm <strong>Livio Finos<\/strong>, Univ. Padova: <em>PIMA: An Inferential Framework for Multiverse Analysis.<\/em> <a href=\"https:\/\/project.inria.fr\/fastbig\/files\/2024\/12\/main.pdf\">slides<\/a><\/li><\/ul>\n\n\n\n<ul class=\"wp-block-list\"><li>3:30pm <strong>Sam Davenport<\/strong>, Univ. san Diego: <em>Conformal confidence sets for biomedical image segmentation<\/em>  <a href=\"https:\/\/project.inria.fr\/fastbig\/files\/2024\/12\/conformalinf.pdf\">slides<\/a><\/li><\/ul>\n\n\n\n<ul class=\"wp-block-list\"><li>4pm <strong>Julie Cartier<\/strong>, Mines de Paris: <em>Variable selection in transcriptomics data using knockoffs in a classification framework<\/em>. <a href=\"https:\/\/project.inria.fr\/fastbig\/files\/2024\/12\/09_12_2024-1.pdf\">slides<\/a><\/li><li>4:30pm coffee break<\/li><\/ul>\n\n\n\n<ul class=\"wp-block-list\"><li>5pm <strong>Angel Reyero-Lobo<\/strong>, Univ. Toulouse &amp; Inria Saclay: <em>Robust-CPI: A Double Robust Approach to improve Variable Selection<\/em>. <a href=\"https:\/\/project.inria.fr\/fastbig\/files\/2024\/12\/Robust-CPI_-slides.pdf\">slides<\/a><\/li><\/ul>\n\n\n\n<ul class=\"wp-block-list\"><li>5:15pm <strong>Joseph Paillard<\/strong>, Roche  &amp; Inria Saclay: <em>Measuring Variable Importance in Individual Treatment Effect Estimation with High Dimensional Data<\/em> <a href=\"https:\/\/project.inria.fr\/fastbig\/files\/2024\/12\/12_24-Workshop-on-statistical-inference-for-complex-data.pdf\">slides<\/a><\/li><li>5:30pm General discussion<\/li><\/ul>\n\n\n\n<p><strong>Organizers<\/strong>: Pierre Neuvial, Bertrand Thirion<\/p>\n\n\n\n<p><strong>Support<\/strong>: ANR VITE, ANR-23-CE23-0016<\/p>","protected":false},"excerpt":{"rendered":"<p>Monday, Dec 09th, 2024 Where: Alan Turing building, Inria Saclay, Amphith\u00e9\u00e2tre Sophie Germain (morning), Room Poincar\u00e9 (afternoon) Program 10:30 am PhD defense of Alexandre Blain 3pm Livio Finos, Univ. Padova: PIMA: An Inferential Framework for Multiverse Analysis. slides 3:30pm Sam Davenport, Univ. san Diego: Conformal confidence sets for biomedical image\u2026<\/p>\n<p> <a class=\"continue-reading-link\" href=\"https:\/\/project.inria.fr\/fastbig\/workshop-on-statistical-inference-for-complex-data\/\"><span>Continue reading<\/span><i class=\"crycon-right-dir\"><\/i><\/a> <\/p>\n","protected":false},"author":880,"featured_media":0,"parent":0,"menu_order":0,"comment_status":"closed","ping_status":"closed","template":"","meta":{"footnotes":""},"class_list":["post-225","page","type-page","status-publish","hentry"],"_links":{"self":[{"href":"https:\/\/project.inria.fr\/fastbig\/wp-json\/wp\/v2\/pages\/225","targetHints":{"allow":["GET"]}}],"collection":[{"href":"https:\/\/project.inria.fr\/fastbig\/wp-json\/wp\/v2\/pages"}],"about":[{"href":"https:\/\/project.inria.fr\/fastbig\/wp-json\/wp\/v2\/types\/page"}],"author":[{"embeddable":true,"href":"https:\/\/project.inria.fr\/fastbig\/wp-json\/wp\/v2\/users\/880"}],"replies":[{"embeddable":true,"href":"https:\/\/project.inria.fr\/fastbig\/wp-json\/wp\/v2\/comments?post=225"}],"version-history":[{"count":8,"href":"https:\/\/project.inria.fr\/fastbig\/wp-json\/wp\/v2\/pages\/225\/revisions"}],"predecessor-version":[{"id":243,"href":"https:\/\/project.inria.fr\/fastbig\/wp-json\/wp\/v2\/pages\/225\/revisions\/243"}],"wp:attachment":[{"href":"https:\/\/project.inria.fr\/fastbig\/wp-json\/wp\/v2\/media?parent=225"}],"curies":[{"name":"wp","href":"https:\/\/api.w.org\/{rel}","templated":true}]}}