

{"id":4,"date":"2011-12-08T11:55:34","date_gmt":"2011-12-08T11:55:34","guid":{"rendered":"http:\/\/project.inria.fr\/template1\/?page_id=4"},"modified":"2020-12-16T13:10:58","modified_gmt":"2020-12-16T12:10:58","slug":"home","status":"publish","type":"page","link":"https:\/\/project.inria.fr\/fiatlux\/","title":{"rendered":"Home"},"content":{"rendered":"<table border=\"1\" width=\"75%\" cellspacing=\"2\" cellpadding=\"20\">\n<tbody>\n<tr>\n<td style=\"background-color: #ffffff;\">\n<table>\n<tbody>\n<tr align=\"center\">\n<td><a href=\"FiatLux-PhotoLucas.JPG\"><img loading=\"lazy\" decoding=\"async\" class=\"alignnone\" src=\"https:\/\/fiatlux.loria.fr\/FiatLux-PhotoLucas.JPG\" alt=\"photo atelier Fiatlux\" width=\"800\" height=\"461\" \/><\/a><\/td>\n<\/tr>\n<tr align=\"center\">\n<td>Seen in Avignon (picture by L. Gerin)<\/td>\n<\/tr>\n<\/tbody>\n<\/table>\n<p>&nbsp;<\/p>\n<h3>Presentation<\/h3>\n<p>FiatLux is a cellular automata simulator ; it is oriented towards the study of the robustness of the models. For example, it allows users to test easily how a model behaves with an asynchronous updating of the cells. It also implements different variations on the classical CA models such as stochastic models, lattice-gas cellular automata, interacting particle systems and reactive multi-agent systems.<\/p>\n<h3>Download<\/h3>\n<ul>\n<li><a href=\"https:\/\/project.inria.fr\/fiatlux\/files\/2020\/12\/FiatLux-v7-beta.zip\">FiatLux 7 &#8211; version beta<\/a>.<\/li>\n<li><a href=\"https:\/\/project.inria.fr\/fiatlux\/files\/2020\/03\/FiatLux6.zip\">FiatLux 6\u00a0<\/a>: last stable version.<\/li>\n<li><a href=\"https:\/\/project.inria.fr\/fiatlux\/files\/2020\/03\/FiatLux.zip\">FiatLux old<\/a> : <em>older<\/em> version of FiatLux, works with Java 6.<\/li>\n<\/ul>\n<pre>To run it simply double-click on the icon or type \"java -jar FiatLux.jar\" in a terminal.<\/pre>\n<h3>Credits<\/h3>\n<p>This software have seen the contributions of various persons. Among the recent contributors, we thank Nicolas Gauville (2018), \u00c9milien Brun (2020) and Oc\u00e9ane Chaz\u00e9 (2020).<\/p>\n<p>From 2001, FiatLux has developed by <a href=\"http:\/\/www.loria.fr\/~fates\">Nazim Fat\u00e8s<\/a> in the following institutions :<\/p>\n<ul>\n<li>2007- present : LORIA &#8211; INRIA Nancy Grand-Est<\/li>\n<li>2006 : LORIA &#8211; Univ. Nancy<\/li>\n<li>2002 &#8211; 2005 : LIP &#8211; ENS Lyon<\/li>\n<li>2001 : LIAFA &#8211; Univ. Paris 7<\/li>\n<\/ul>\n<p>The author is grateful for the contributions of:<br \/>\nOlivier Bour\u00e9 (PhD), Nikolaos Vlassopoulos (post-doc),<a href=\"http:\/\/lacl.univ-paris12.fr\/spicher\">\u00a0Antoine Spicher<\/a> (post-doc), Alexandre Bryskowski (internship on the Graphical User Interface).<\/p>\n<p>For random number generation, FiatLux uses the <a href=\"http:\/\/www.honeylocust.com\/RngPack\/\">Ranmar<\/a> library of Honeyclust. For the live plotting functionalities, FiatLux uses the <a href=\"http:\/\/ptolemy.eecs.berkeley.edu\/\">Ptolemy II library<\/a> developed and maintained by Univ. of Berkeley.<\/p>\n<h3>Licence<\/h3>\n<p>FiatLux is registered by the French <i>Agence pour la protection des programmes<\/i> (APP) under the number: IDDN.FR.001.300004.000.S.P.2013.000.10000<\/p>\n<p>The program is available under the <a href=\"http:\/\/www.cecill.info\/index.en.html\">Cecill licence<\/a>.<\/p>\n<p>&nbsp;<\/td>\n<\/tr>\n<\/tbody>\n<\/table>\n<p>&nbsp;","protected":false},"excerpt":{"rendered":"<p> <a class=\"continue-reading-link\" href=\"https:\/\/project.inria.fr\/fiatlux\/\"><span><\/span><i class=\"crycon-right-dir\"><\/i><\/a> <\/p>\n","protected":false},"author":1,"featured_media":0,"parent":0,"menu_order":0,"comment_status":"closed","ping_status":"open","template":"","meta":{"footnotes":""},"class_list":["post-4","page","type-page","status-publish","hentry"],"_links":{"self":[{"href":"https:\/\/project.inria.fr\/fiatlux\/wp-json\/wp\/v2\/pages\/4","targetHints":{"allow":["GET"]}}],"collection":[{"href":"https:\/\/project.inria.fr\/fiatlux\/wp-json\/wp\/v2\/pages"}],"about":[{"href":"https:\/\/project.inria.fr\/fiatlux\/wp-json\/wp\/v2\/types\/page"}],"author":[{"embeddable":true,"href":"https:\/\/project.inria.fr\/fiatlux\/wp-json\/wp\/v2\/users\/1"}],"replies":[{"embeddable":true,"href":"https:\/\/project.inria.fr\/fiatlux\/wp-json\/wp\/v2\/comments?post=4"}],"version-history":[{"count":35,"href":"https:\/\/project.inria.fr\/fiatlux\/wp-json\/wp\/v2\/pages\/4\/revisions"}],"predecessor-version":[{"id":187,"href":"https:\/\/project.inria.fr\/fiatlux\/wp-json\/wp\/v2\/pages\/4\/revisions\/187"}],"wp:attachment":[{"href":"https:\/\/project.inria.fr\/fiatlux\/wp-json\/wp\/v2\/media?parent=4"}],"curies":[{"name":"wp","href":"https:\/\/api.w.org\/{rel}","templated":true}]}}