

{"id":88,"date":"2022-01-11T12:04:12","date_gmt":"2022-01-11T11:04:12","guid":{"rendered":"https:\/\/project.inria.fr\/from22\/?page_id=88"},"modified":"2022-09-16T12:51:33","modified_gmt":"2022-09-16T10:51:33","slug":"program","status":"publish","type":"page","link":"https:\/\/project.inria.fr\/from22\/program\/","title":{"rendered":"Program"},"content":{"rendered":"<p><strong>September 19:<\/strong><\/p>\n<p>8:45 <em>Opening<\/em><br \/>\n9:00-10:00 Luigia Petre,\u00a0<em><a href=\"https:\/\/project.inria.fr\/from22\/files\/2022\/09\/petre_abstract_from2022.txt\" target=\"_blank\" rel=\"noopener\">&#8220;On Teaching Formal Methods &#8211; Challenges and Prospects&#8221;<\/a><\/em><br \/>\n10:00-10:30 P\u00e9ter Bereczky, Chen Xiaohong, D\u00e1niel Horp\u00e1csi, Lucas Pena and Jan Tusil, &#8220;<em>Mechanizing Matching Logic In Coq&#8221;<\/em><br \/>\n10:30-11:00 <em>Coffee break<\/em><br \/>\n11:00-12:00 Thomas Genet, <em><a href=\"https:\/\/project.inria.fr\/from22\/files\/2022\/09\/genet_abstract_from2022.txt\" target=\"_blank\" rel=\"noopener\">&#8220;Regular Tree Languages for Verification, at last&#8221;\u00a0<\/a><\/em><br \/>\n12:00-12:30 Andrei Arusoaie and Dorel Lucanu,&#8221; <em>Proof-Carrying Parameters in Certified Symbolic Execution: The Case Study of Antiunification&#8221;<\/em><br \/>\n12:30- 14:00 <em>Lunch<\/em><br \/>\n14:00-15:00 Denisa Diaconescu, <em><a href=\"https:\/\/project.inria.fr\/from22\/files\/2022\/09\/DDiaconescu_FROM2022_Abstract.pdf\" target=\"_blank\" rel=\"noopener\">&#8220;An abstract framework for faulty distributed systems&#8221;<\/a><\/em><br \/>\n15:00-15:30 <em>Coffee break<\/em><br \/>\n15:30-16:00 Nils Timm and Josua Botha, <em>&#8220;Synthesis of Cost-Optimal Multi-Agent Systems for Resource Allocation&#8221;<\/em><br \/>\n16:00-16:30 Wolfgang Jeltsch and Javier D\u00edaz, <em>&#8220;Correctness of Broadcast via Multicast: Graphically and Formally&#8221;<\/em><\/p>\n<p><strong>September 20 (shared with <a href=\"https:\/\/wollic2022.github.io\/WoLLIC%202022%20Schedule.pdf\">WoLLIC 2022<\/a>):<\/strong><\/p>\n<p>9:00-10:00 Dorel Lucanu, <a href=\"https:\/\/wollic2022.github.io\/dorellucanu.pdf\"><em>&#8220;How to Define Domain Specific Logics using Matching Logic&#8221;.<\/em><\/a><\/p>\n","protected":false},"excerpt":{"rendered":"<p>September 19: 8:45 Opening 9:00-10:00 Luigia Petre,\u00a0&#8220;On Teaching Formal Methods &#8211; Challenges and Prospects&#8221; 10:00-10:30 P\u00e9ter Bereczky, Chen Xiaohong, D\u00e1niel Horp\u00e1csi, Lucas Pena and Jan Tusil, &#8220;Mechanizing Matching Logic In Coq&#8221; 10:30-11:00 Coffee break 11:00-12:00 Thomas Genet, &#8220;Regular Tree Languages for Verification, at last&#8221;\u00a0 12:00-12:30 Andrei Arusoaie and Dorel Lucanu,&#8221;\u2026<\/p>\n<p> <a class=\"continue-reading-link\" href=\"https:\/\/project.inria.fr\/from22\/program\/\"><span>Continue reading<\/span><i class=\"crycon-right-dir\"><\/i><\/a> <\/p>\n","protected":false},"author":1179,"featured_media":0,"parent":0,"menu_order":6,"comment_status":"closed","ping_status":"closed","template":"","meta":{"footnotes":""},"class_list":["post-88","page","type-page","status-publish","hentry"],"_links":{"self":[{"href":"https:\/\/project.inria.fr\/from22\/wp-json\/wp\/v2\/pages\/88","targetHints":{"allow":["GET"]}}],"collection":[{"href":"https:\/\/project.inria.fr\/from22\/wp-json\/wp\/v2\/pages"}],"about":[{"href":"https:\/\/project.inria.fr\/from22\/wp-json\/wp\/v2\/types\/page"}],"author":[{"embeddable":true,"href":"https:\/\/project.inria.fr\/from22\/wp-json\/wp\/v2\/users\/1179"}],"replies":[{"embeddable":true,"href":"https:\/\/project.inria.fr\/from22\/wp-json\/wp\/v2\/comments?post=88"}],"version-history":[{"count":3,"href":"https:\/\/project.inria.fr\/from22\/wp-json\/wp\/v2\/pages\/88\/revisions"}],"predecessor-version":[{"id":165,"href":"https:\/\/project.inria.fr\/from22\/wp-json\/wp\/v2\/pages\/88\/revisions\/165"}],"wp:attachment":[{"href":"https:\/\/project.inria.fr\/from22\/wp-json\/wp\/v2\/media?parent=88"}],"curies":[{"name":"wp","href":"https:\/\/api.w.org\/{rel}","templated":true}]}}