

{"id":144,"date":"2019-04-09T15:49:41","date_gmt":"2019-04-09T13:49:41","guid":{"rendered":"https:\/\/project.inria.fr\/fuchsia\/?page_id=144"},"modified":"2019-04-18T20:18:06","modified_gmt":"2019-04-18T18:18:06","slug":"team-members","status":"publish","type":"page","link":"https:\/\/project.inria.fr\/fuchsia\/home\/team-members\/","title":{"rendered":"Team Members"},"content":{"rendered":"<p><\/p>\n<h4><span style=\"color: #333333;\"><strong>Team Leaders :<\/strong><\/span><\/h4>\n<ul>\n<li><a href=\"https:\/\/people.rennes.inria.fr\/Eric.Badouel\/\">Eric Badouel (Inria, Sumo team)<\/a><\/li>\n<li>Georges-Edouard Kouamou (ENSP, Yaound\u00e9)<\/li>\n<\/ul>\n<h4><span style=\"color: #333333;\"><strong>Members:<\/strong><\/span><\/h4>\n<ul>\n<li>\n<h5><span style=\"color: #3366ff;\">Inria Rennes :<\/span><\/h5>\n<ul>\n<li><a href=\"https:\/\/people.rennes.inria.fr\/Eric.Badouel\/\">Eric Badouel<\/a><\/li>\n<li>Adrian Puerto Aubel<\/li>\n<\/ul>\n<\/li>\n<li>\n<h5><span style=\"color: #3366ff;\">Cameroon :<\/span><\/h5>\n<ul>\n<li>Georges-Edouard Kouamou<\/li>\n<li>Rodrigue Aim\u00e9 Djeumen Djatcha<\/li>\n<li>Bernard Fotsing Talla<\/li>\n<li>Maurice Tchoup\u00e9 Tchendji<\/li>\n<\/ul>\n<\/li>\n<li>\n<h5><span style=\"color: #3366ff;\">Open Agora :<\/span><\/h5>\n<ul>\n<li>Olivier Bache<\/li>\n<li>Beno\u00eet Masson<\/li>\n<li>Christophe Morvan<\/li>\n<\/ul>\n<\/li>\n<li>\n<h5><span style=\"color: #3366ff;\">Epicentre:<\/span><\/h5>\n<ul>\n<li>Yap Boum II<\/li>\n<li>Robert Nsaibirni<\/li>\n<\/ul>\n<\/li>\n<li>\n<h5><span style=\"color: #3366ff;\">PhD students:<\/span><\/h5>\n<ul>\n<li>Willy Kengne Kungne<\/li>\n<li>Joskel Ngoufo Tagueu<\/li>\n<\/ul>\n<\/li>\n<\/ul>\n<p><\/p>","protected":false},"excerpt":{"rendered":"<p>Team Leaders : Eric Badouel (Inria, Sumo team) Georges-Edouard Kouamou (ENSP, Yaound\u00e9) Members: Inria Rennes : Eric Badouel Adrian Puerto Aubel Cameroon : Georges-Edouard Kouamou Rodrigue Aim\u00e9 Djeumen Djatcha Bernard Fotsing Talla Maurice Tchoup\u00e9 Tchendji Open Agora : Olivier Bache Beno\u00eet Masson Christophe Morvan Epicentre: Yap Boum II Robert Nsaibirni PhD students: Willy Kengne Kungne Joskel Ngoufo Tagueu<\/p>\n<p> <a class=\"continue-reading-link\" href=\"https:\/\/project.inria.fr\/fuchsia\/home\/team-members\/\"><span>Continue reading<\/span><i class=\"crycon-right-dir\"><\/i><\/a> <\/p>\n","protected":false},"author":1566,"featured_media":0,"parent":4,"menu_order":0,"comment_status":"closed","ping_status":"closed","template":"templates\/template-twocolumns-right.php","meta":{"footnotes":""},"class_list":["post-144","page","type-page","status-publish","hentry"],"_links":{"self":[{"href":"https:\/\/project.inria.fr\/fuchsia\/wp-json\/wp\/v2\/pages\/144","targetHints":{"allow":["GET"]}}],"collection":[{"href":"https:\/\/project.inria.fr\/fuchsia\/wp-json\/wp\/v2\/pages"}],"about":[{"href":"https:\/\/project.inria.fr\/fuchsia\/wp-json\/wp\/v2\/types\/page"}],"author":[{"embeddable":true,"href":"https:\/\/project.inria.fr\/fuchsia\/wp-json\/wp\/v2\/users\/1566"}],"replies":[{"embeddable":true,"href":"https:\/\/project.inria.fr\/fuchsia\/wp-json\/wp\/v2\/comments?post=144"}],"version-history":[{"count":7,"href":"https:\/\/project.inria.fr\/fuchsia\/wp-json\/wp\/v2\/pages\/144\/revisions"}],"predecessor-version":[{"id":230,"href":"https:\/\/project.inria.fr\/fuchsia\/wp-json\/wp\/v2\/pages\/144\/revisions\/230"}],"up":[{"embeddable":true,"href":"https:\/\/project.inria.fr\/fuchsia\/wp-json\/wp\/v2\/pages\/4"}],"wp:attachment":[{"href":"https:\/\/project.inria.fr\/fuchsia\/wp-json\/wp\/v2\/media?parent=144"}],"curies":[{"name":"wp","href":"https:\/\/api.w.org\/{rel}","templated":true}]}}