

{"id":94,"date":"2024-07-16T18:22:20","date_gmt":"2024-07-16T16:22:20","guid":{"rendered":"https:\/\/project.inria.fr\/fvot\/?page_id=94"},"modified":"2024-10-03T17:07:16","modified_gmt":"2024-10-03T15:07:16","slug":"confirmed-speakers","status":"publish","type":"page","link":"https:\/\/project.inria.fr\/fvot\/confirmed-speakers\/","title":{"rendered":"Confirmed speakers"},"content":{"rendered":"<ul class=\"wp-block-list\"><li>Cl\u00e9ment Canc\u00e8s<\/li><li>Claire Chainais<\/li><li>Virginie Ehrlacher<\/li><li>J\u00fcrgen Fuhrmann<\/li><li>Anastasiia Hraivoronska<\/li><li>Rapha\u00e8le Herbin<\/li><li>Hugo Leclerc<\/li><li>Bertrand Maury<\/li><li>Quentin M\u00e9rigot<\/li><li>Flore Nabet<\/li><li>Lorenzo Portinale<\/li><li>Andr\u00e9 Schlichting<\/li><li>Gabriele Todeschi<\/li><li>Oliver Tse<\/li><\/ul>\n\n\n\n<p><\/p>","protected":false},"excerpt":{"rendered":"<p>Cl\u00e9ment Canc\u00e8s Claire Chainais Virginie Ehrlacher J\u00fcrgen Fuhrmann Anastasiia Hraivoronska Rapha\u00e8le Herbin Hugo Leclerc Bertrand Maury Quentin M\u00e9rigot Flore Nabet Lorenzo Portinale Andr\u00e9 Schlichting Gabriele Todeschi Oliver Tse<\/p>\n<p> <a class=\"continue-reading-link\" href=\"https:\/\/project.inria.fr\/fvot\/confirmed-speakers\/\"><span>Continue reading<\/span><i class=\"crycon-right-dir\"><\/i><\/a> <\/p>\n","protected":false},"author":2492,"featured_media":0,"parent":0,"menu_order":0,"comment_status":"closed","ping_status":"closed","template":"","meta":{"footnotes":""},"class_list":["post-94","page","type-page","status-publish","hentry"],"_links":{"self":[{"href":"https:\/\/project.inria.fr\/fvot\/wp-json\/wp\/v2\/pages\/94","targetHints":{"allow":["GET"]}}],"collection":[{"href":"https:\/\/project.inria.fr\/fvot\/wp-json\/wp\/v2\/pages"}],"about":[{"href":"https:\/\/project.inria.fr\/fvot\/wp-json\/wp\/v2\/types\/page"}],"author":[{"embeddable":true,"href":"https:\/\/project.inria.fr\/fvot\/wp-json\/wp\/v2\/users\/2492"}],"replies":[{"embeddable":true,"href":"https:\/\/project.inria.fr\/fvot\/wp-json\/wp\/v2\/comments?post=94"}],"version-history":[{"count":10,"href":"https:\/\/project.inria.fr\/fvot\/wp-json\/wp\/v2\/pages\/94\/revisions"}],"predecessor-version":[{"id":138,"href":"https:\/\/project.inria.fr\/fvot\/wp-json\/wp\/v2\/pages\/94\/revisions\/138"}],"wp:attachment":[{"href":"https:\/\/project.inria.fr\/fvot\/wp-json\/wp\/v2\/media?parent=94"}],"curies":[{"name":"wp","href":"https:\/\/api.w.org\/{rel}","templated":true}]}}