

{"id":269,"date":"2024-10-30T15:33:28","date_gmt":"2024-10-30T14:33:28","guid":{"rendered":"https:\/\/project.inria.fr\/gamejam\/?page_id=269"},"modified":"2024-11-02T10:34:48","modified_gmt":"2024-11-02T09:34:48","slug":"palmares-2024","status":"publish","type":"page","link":"https:\/\/project.inria.fr\/gamejam\/palmares-2024\/","title":{"rendered":"Palmar\u00e8s 2024"},"content":{"rendered":"<p>Pour cette premi\u00e8re \u00e9dition de la <strong>Game Jam AAA<\/strong>, nous avons eu dix belles r\u00e9alisations !<br \/>Vous pouvez les retrouver sur <a href=\"https:\/\/itch.io\/jam\/arcade-algorithms-adventure\/entries\" target=\"_blank\" rel=\"noreferrer noopener\">itch.io<\/a><br \/>Un grand <strong>bravo<\/strong> \u00e0 tous les participants !<\/p>\n<p>Six prix ont \u00e9t\u00e9 attribu\u00e9s r\u00e9compensant chacun un aspect particulier du jeu : Game Design, gameplay, visuel, son, proximit\u00e9 au th\u00e8me et pitch.<\/p>\n<p>Deux prix sp\u00e9ciaux ont \u00e9galement \u00e9t\u00e9 d\u00e9cern\u00e9s pour r\u00e9compenser la qualit\u00e9 globale du jeu : le prix du jury et le prix du public (les participants).<\/p>\n\n\n<hr class=\"wp-block-separator\"\/>\n\n\n\n<div class=\"wp-block-group is-layout-flex wp-block-group-is-layout-flex\"><\/div>\n\n\n\n<p><strong>Palmar\u00e8s 2024<\/strong><\/p>\n\n\n\n<div class=\"wp-block-columns is-layout-flex wp-container-core-columns-is-layout-9d6595d7 wp-block-columns-is-layout-flex\">\n<div class=\"wp-block-column is-layout-flow wp-block-column-is-layout-flow\">\n<div class=\"wp-block-image\"><figure class=\"aligncenter size-full\"><a href=\"https:\/\/itch.io\/jam\/arcade-algorithms-adventure\/rate\/3050576\" target=\"_blank\" rel=\"noopener\"><img loading=\"lazy\" decoding=\"async\" width=\"945\" height=\"750\" src=\"https:\/\/project.inria.fr\/gamejam\/files\/2024\/10\/EarthWasher_Jury.png\" alt=\"\" class=\"wp-image-291\" srcset=\"https:\/\/project.inria.fr\/gamejam\/files\/2024\/10\/EarthWasher_Jury.png 945w, https:\/\/project.inria.fr\/gamejam\/files\/2024\/10\/EarthWasher_Jury-300x238.png 300w, https:\/\/project.inria.fr\/gamejam\/files\/2024\/10\/EarthWasher_Jury-768x610.png 768w, https:\/\/project.inria.fr\/gamejam\/files\/2024\/10\/EarthWasher_Jury-150x119.png 150w\" sizes=\"auto, (max-width: 945px) 100vw, 945px\" \/><\/a><figcaption><strong>Prix du Jury :<\/strong> Earth washer<\/figcaption><\/figure><\/div>\n<\/div>\n\n\n\n<div class=\"wp-block-column is-layout-flow wp-block-column-is-layout-flow\">\n<figure class=\"wp-block-image size-large\"><a href=\"https:\/\/project.inria.fr\/gamejam\/files\/2024\/10\/Photo_Jury-1.jpg\"><img loading=\"lazy\" decoding=\"async\" width=\"1024\" height=\"551\" src=\"https:\/\/project.inria.fr\/gamejam\/files\/2024\/10\/Photo_Jury-1-1024x551.jpg\" alt=\"\" class=\"wp-image-311\" srcset=\"https:\/\/project.inria.fr\/gamejam\/files\/2024\/10\/Photo_Jury-1-1024x551.jpg 1024w, https:\/\/project.inria.fr\/gamejam\/files\/2024\/10\/Photo_Jury-1-300x161.jpg 300w, https:\/\/project.inria.fr\/gamejam\/files\/2024\/10\/Photo_Jury-1-768x413.jpg 768w, https:\/\/project.inria.fr\/gamejam\/files\/2024\/10\/Photo_Jury-1-150x81.jpg 150w, https:\/\/project.inria.fr\/gamejam\/files\/2024\/10\/Photo_Jury-1.jpg 1080w\" sizes=\"auto, (max-width: 1024px) 100vw, 1024px\" \/><\/a><figcaption><strong>\u00c9quipe :<\/strong> Sleeping Knights<\/figcaption><\/figure>\n<\/div>\n<\/div>\n\n\n\n<div class=\"wp-block-columns is-layout-flex wp-container-core-columns-is-layout-9d6595d7 wp-block-columns-is-layout-flex\">\n<div class=\"wp-block-column is-layout-flow wp-block-column-is-layout-flow\">\n<div class=\"wp-block-image\"><figure class=\"aligncenter size-full\"><a href=\"https:\/\/itch.io\/jam\/arcade-algorithms-adventure\/rate\/3048249\" target=\"_blank\" rel=\"noopener\"><img loading=\"lazy\" decoding=\"async\" width=\"945\" height=\"750\" src=\"https:\/\/project.inria.fr\/gamejam\/files\/2024\/10\/Remora_Public.png\" alt=\"\" class=\"wp-image-296\" srcset=\"https:\/\/project.inria.fr\/gamejam\/files\/2024\/10\/Remora_Public.png 945w, https:\/\/project.inria.fr\/gamejam\/files\/2024\/10\/Remora_Public-300x238.png 300w, https:\/\/project.inria.fr\/gamejam\/files\/2024\/10\/Remora_Public-768x610.png 768w, https:\/\/project.inria.fr\/gamejam\/files\/2024\/10\/Remora_Public-150x119.png 150w\" sizes=\"auto, (max-width: 945px) 100vw, 945px\" \/><\/a><figcaption><strong>Prix du public (participants de la Game Jam) :<\/strong> Remora corp<\/figcaption><\/figure><\/div>\n<\/div>\n\n\n\n<div class=\"wp-block-column is-layout-flow wp-block-column-is-layout-flow\">\n<figure class=\"wp-block-image size-large\"><a href=\"https:\/\/project.inria.fr\/gamejam\/files\/2024\/10\/Photo_Public.jpg\"><img loading=\"lazy\" decoding=\"async\" width=\"1024\" height=\"653\" src=\"https:\/\/project.inria.fr\/gamejam\/files\/2024\/10\/Photo_Public-1024x653.jpg\" alt=\"\" class=\"wp-image-312\" srcset=\"https:\/\/project.inria.fr\/gamejam\/files\/2024\/10\/Photo_Public-1024x653.jpg 1024w, https:\/\/project.inria.fr\/gamejam\/files\/2024\/10\/Photo_Public-300x191.jpg 300w, https:\/\/project.inria.fr\/gamejam\/files\/2024\/10\/Photo_Public-768x490.jpg 768w, https:\/\/project.inria.fr\/gamejam\/files\/2024\/10\/Photo_Public-150x96.jpg 150w, https:\/\/project.inria.fr\/gamejam\/files\/2024\/10\/Photo_Public.jpg 1080w\" sizes=\"auto, (max-width: 1024px) 100vw, 1024px\" \/><\/a><figcaption><strong>\u00c9quipe : <\/strong>Vent d&rsquo;Est<\/figcaption><\/figure>\n<\/div>\n<\/div>\n\n\n\n<div class=\"wp-block-columns is-layout-flex wp-container-core-columns-is-layout-9d6595d7 wp-block-columns-is-layout-flex\">\n<div class=\"wp-block-column is-layout-flow wp-block-column-is-layout-flow\">\n<div class=\"wp-block-image\"><figure class=\"aligncenter size-full\"><a href=\"https:\/\/itch.io\/jam\/arcade-algorithms-adventure\/rate\/3049201\" target=\"_blank\" rel=\"noopener\"><img loading=\"lazy\" decoding=\"async\" width=\"945\" height=\"750\" src=\"https:\/\/project.inria.fr\/gamejam\/files\/2024\/10\/WasteOfSpace.png\" alt=\"\" class=\"wp-image-274\" srcset=\"https:\/\/project.inria.fr\/gamejam\/files\/2024\/10\/WasteOfSpace.png 945w, https:\/\/project.inria.fr\/gamejam\/files\/2024\/10\/WasteOfSpace-300x238.png 300w, https:\/\/project.inria.fr\/gamejam\/files\/2024\/10\/WasteOfSpace-768x610.png 768w, https:\/\/project.inria.fr\/gamejam\/files\/2024\/10\/WasteOfSpace-150x119.png 150w\" sizes=\"auto, (max-width: 945px) 100vw, 945px\" \/><\/a><figcaption><strong>Prix du Game Design :<\/strong> Waste of space<\/figcaption><\/figure><\/div>\n<\/div>\n\n\n\n<div class=\"wp-block-column is-layout-flow wp-block-column-is-layout-flow\">\n<figure class=\"wp-block-image size-full\"><a href=\"https:\/\/project.inria.fr\/gamejam\/files\/2024\/10\/Photo_GameDesign.jpg\"><img loading=\"lazy\" decoding=\"async\" width=\"1080\" height=\"519\" src=\"https:\/\/project.inria.fr\/gamejam\/files\/2024\/10\/Photo_GameDesign.jpg\" alt=\"\" class=\"wp-image-314\" srcset=\"https:\/\/project.inria.fr\/gamejam\/files\/2024\/10\/Photo_GameDesign.jpg 1080w, https:\/\/project.inria.fr\/gamejam\/files\/2024\/10\/Photo_GameDesign-300x144.jpg 300w, https:\/\/project.inria.fr\/gamejam\/files\/2024\/10\/Photo_GameDesign-1024x492.jpg 1024w, https:\/\/project.inria.fr\/gamejam\/files\/2024\/10\/Photo_GameDesign-768x369.jpg 768w, https:\/\/project.inria.fr\/gamejam\/files\/2024\/10\/Photo_GameDesign-150x72.jpg 150w\" sizes=\"auto, (max-width: 1080px) 100vw, 1080px\" \/><\/a><figcaption><strong>\u00c9quipe :<\/strong> L&rsquo;attaque des Clowns<\/figcaption><\/figure>\n<\/div>\n<\/div>\n\n\n\n<div class=\"wp-block-columns is-layout-flex wp-container-core-columns-is-layout-9d6595d7 wp-block-columns-is-layout-flex\">\n<div class=\"wp-block-column is-layout-flow wp-block-column-is-layout-flow\">\n<div class=\"wp-block-image\"><figure class=\"aligncenter size-full\"><a href=\"https:\/\/itch.io\/jam\/arcade-algorithms-adventure\/rate\/3050576\" target=\"_blank\" rel=\"noopener\"><img loading=\"lazy\" decoding=\"async\" width=\"945\" height=\"750\" src=\"https:\/\/project.inria.fr\/gamejam\/files\/2024\/10\/EarthWasher_Gameplay.png\" alt=\"\" class=\"wp-image-277\" srcset=\"https:\/\/project.inria.fr\/gamejam\/files\/2024\/10\/EarthWasher_Gameplay.png 945w, https:\/\/project.inria.fr\/gamejam\/files\/2024\/10\/EarthWasher_Gameplay-300x238.png 300w, https:\/\/project.inria.fr\/gamejam\/files\/2024\/10\/EarthWasher_Gameplay-768x610.png 768w, https:\/\/project.inria.fr\/gamejam\/files\/2024\/10\/EarthWasher_Gameplay-150x119.png 150w\" sizes=\"auto, (max-width: 945px) 100vw, 945px\" \/><\/a><figcaption><strong>Prix du Gameplay :<\/strong> Earth washer<\/figcaption><\/figure><\/div>\n<\/div>\n\n\n\n<div class=\"wp-block-column is-layout-flow wp-block-column-is-layout-flow\">\n<figure class=\"wp-block-image size-large\"><a href=\"https:\/\/project.inria.fr\/gamejam\/files\/2024\/10\/Photo_Gameplay.jpg\"><img loading=\"lazy\" decoding=\"async\" width=\"1024\" height=\"722\" src=\"https:\/\/project.inria.fr\/gamejam\/files\/2024\/10\/Photo_Gameplay-1024x722.jpg\" alt=\"\" class=\"wp-image-316\" srcset=\"https:\/\/project.inria.fr\/gamejam\/files\/2024\/10\/Photo_Gameplay-1024x722.jpg 1024w, https:\/\/project.inria.fr\/gamejam\/files\/2024\/10\/Photo_Gameplay-300x211.jpg 300w, https:\/\/project.inria.fr\/gamejam\/files\/2024\/10\/Photo_Gameplay-768x541.jpg 768w, https:\/\/project.inria.fr\/gamejam\/files\/2024\/10\/Photo_Gameplay-150x106.jpg 150w, https:\/\/project.inria.fr\/gamejam\/files\/2024\/10\/Photo_Gameplay.jpg 1080w\" sizes=\"auto, (max-width: 1024px) 100vw, 1024px\" \/><\/a><figcaption><strong>\u00c9quipe :<\/strong> Sleeping Knights<\/figcaption><\/figure>\n<\/div>\n<\/div>\n\n\n\n<div class=\"wp-block-columns is-layout-flex wp-container-core-columns-is-layout-9d6595d7 wp-block-columns-is-layout-flex\">\n<div class=\"wp-block-column is-layout-flow wp-block-column-is-layout-flow\">\n<div class=\"wp-block-image\"><figure class=\"aligncenter size-full\"><a href=\"https:\/\/itch.io\/jam\/arcade-algorithms-adventure\/rate\/3048249\" target=\"_blank\" rel=\"noopener\"><img loading=\"lazy\" decoding=\"async\" width=\"945\" height=\"750\" src=\"https:\/\/project.inria.fr\/gamejam\/files\/2024\/10\/RemoraCorp.png\" alt=\"\" class=\"wp-image-280\" srcset=\"https:\/\/project.inria.fr\/gamejam\/files\/2024\/10\/RemoraCorp.png 945w, https:\/\/project.inria.fr\/gamejam\/files\/2024\/10\/RemoraCorp-300x238.png 300w, https:\/\/project.inria.fr\/gamejam\/files\/2024\/10\/RemoraCorp-768x610.png 768w, https:\/\/project.inria.fr\/gamejam\/files\/2024\/10\/RemoraCorp-150x119.png 150w\" sizes=\"auto, (max-width: 945px) 100vw, 945px\" \/><\/a><figcaption><strong>Prix du visuel :<\/strong> Remora corp<\/figcaption><\/figure><\/div>\n<\/div>\n\n\n\n<div class=\"wp-block-column is-layout-flow wp-block-column-is-layout-flow\">\n<figure class=\"wp-block-image size-large\"><a href=\"https:\/\/project.inria.fr\/gamejam\/files\/2024\/10\/Photo_Visuel.jpg\"><img loading=\"lazy\" decoding=\"async\" width=\"1024\" height=\"544\" src=\"https:\/\/project.inria.fr\/gamejam\/files\/2024\/10\/Photo_Visuel-1024x544.jpg\" alt=\"\" class=\"wp-image-318\" srcset=\"https:\/\/project.inria.fr\/gamejam\/files\/2024\/10\/Photo_Visuel-1024x544.jpg 1024w, https:\/\/project.inria.fr\/gamejam\/files\/2024\/10\/Photo_Visuel-300x159.jpg 300w, https:\/\/project.inria.fr\/gamejam\/files\/2024\/10\/Photo_Visuel-768x408.jpg 768w, https:\/\/project.inria.fr\/gamejam\/files\/2024\/10\/Photo_Visuel-150x80.jpg 150w, https:\/\/project.inria.fr\/gamejam\/files\/2024\/10\/Photo_Visuel.jpg 1080w\" sizes=\"auto, (max-width: 1024px) 100vw, 1024px\" \/><\/a><figcaption><strong>\u00c9quipe :<\/strong> Vent d&rsquo;Est<\/figcaption><\/figure>\n<\/div>\n<\/div>\n\n\n\n<div class=\"wp-block-columns is-layout-flex wp-container-core-columns-is-layout-9d6595d7 wp-block-columns-is-layout-flex\">\n<div class=\"wp-block-column is-layout-flow wp-block-column-is-layout-flow\">\n<div class=\"wp-block-image\"><figure class=\"aligncenter size-full\"><a href=\"https:\/\/itch.io\/jam\/arcade-algorithms-adventure\/rate\/3050446\" target=\"_blank\" rel=\"noopener\"><img loading=\"lazy\" decoding=\"async\" width=\"945\" height=\"750\" src=\"https:\/\/project.inria.fr\/gamejam\/files\/2024\/10\/WasteWind_Son.png\" alt=\"\" class=\"wp-image-284\" srcset=\"https:\/\/project.inria.fr\/gamejam\/files\/2024\/10\/WasteWind_Son.png 945w, https:\/\/project.inria.fr\/gamejam\/files\/2024\/10\/WasteWind_Son-300x238.png 300w, https:\/\/project.inria.fr\/gamejam\/files\/2024\/10\/WasteWind_Son-768x610.png 768w, https:\/\/project.inria.fr\/gamejam\/files\/2024\/10\/WasteWind_Son-150x119.png 150w\" sizes=\"auto, (max-width: 945px) 100vw, 945px\" \/><\/a><figcaption><strong>Prix du son :<\/strong> Waste wind<\/figcaption><\/figure><\/div>\n<\/div>\n\n\n\n<div class=\"wp-block-column is-layout-flow wp-block-column-is-layout-flow\">\n<figure class=\"wp-block-image size-large\"><a href=\"https:\/\/project.inria.fr\/gamejam\/files\/2024\/10\/Photo_Son-1.jpg\"><img loading=\"lazy\" decoding=\"async\" width=\"1024\" height=\"400\" src=\"https:\/\/project.inria.fr\/gamejam\/files\/2024\/10\/Photo_Son-1-1024x400.jpg\" alt=\"\" class=\"wp-image-325\" srcset=\"https:\/\/project.inria.fr\/gamejam\/files\/2024\/10\/Photo_Son-1-1024x400.jpg 1024w, https:\/\/project.inria.fr\/gamejam\/files\/2024\/10\/Photo_Son-1-300x117.jpg 300w, https:\/\/project.inria.fr\/gamejam\/files\/2024\/10\/Photo_Son-1-768x300.jpg 768w, https:\/\/project.inria.fr\/gamejam\/files\/2024\/10\/Photo_Son-1-150x59.jpg 150w, https:\/\/project.inria.fr\/gamejam\/files\/2024\/10\/Photo_Son-1.jpg 1080w\" sizes=\"auto, (max-width: 1024px) 100vw, 1024px\" \/><\/a><figcaption><strong>\u00c9quipe :<\/strong> Katka<\/figcaption><\/figure>\n<\/div>\n<\/div>\n\n\n\n<div class=\"wp-block-columns is-layout-flex wp-container-core-columns-is-layout-9d6595d7 wp-block-columns-is-layout-flex\">\n<div class=\"wp-block-column is-layout-flow wp-block-column-is-layout-flow\">\n<div class=\"wp-block-image\"><figure class=\"aligncenter size-full\"><a href=\"https:\/\/itch.io\/jam\/arcade-algorithms-adventure\/rate\/3050582\" target=\"_blank\" rel=\"noopener\"><img loading=\"lazy\" decoding=\"async\" width=\"945\" height=\"750\" src=\"https:\/\/project.inria.fr\/gamejam\/files\/2024\/10\/SpaperCleaner_Theme.png\" alt=\"\" class=\"wp-image-287\" srcset=\"https:\/\/project.inria.fr\/gamejam\/files\/2024\/10\/SpaperCleaner_Theme.png 945w, https:\/\/project.inria.fr\/gamejam\/files\/2024\/10\/SpaperCleaner_Theme-300x238.png 300w, https:\/\/project.inria.fr\/gamejam\/files\/2024\/10\/SpaperCleaner_Theme-768x610.png 768w, https:\/\/project.inria.fr\/gamejam\/files\/2024\/10\/SpaperCleaner_Theme-150x119.png 150w\" sizes=\"auto, (max-width: 945px) 100vw, 945px\" \/><\/a><figcaption><strong>Prix du th\u00e8me :<\/strong> Spaper cleaner<\/figcaption><\/figure><\/div>\n<\/div>\n\n\n\n<div class=\"wp-block-column is-layout-flow wp-block-column-is-layout-flow\">\n<figure class=\"wp-block-image size-large\"><a href=\"https:\/\/project.inria.fr\/gamejam\/files\/2024\/10\/Photo_Theme.jpg\"><img loading=\"lazy\" decoding=\"async\" width=\"1024\" height=\"481\" src=\"https:\/\/project.inria.fr\/gamejam\/files\/2024\/10\/Photo_Theme-1024x481.jpg\" alt=\"\" class=\"wp-image-320\" srcset=\"https:\/\/project.inria.fr\/gamejam\/files\/2024\/10\/Photo_Theme-1024x481.jpg 1024w, https:\/\/project.inria.fr\/gamejam\/files\/2024\/10\/Photo_Theme-300x141.jpg 300w, https:\/\/project.inria.fr\/gamejam\/files\/2024\/10\/Photo_Theme-768x361.jpg 768w, https:\/\/project.inria.fr\/gamejam\/files\/2024\/10\/Photo_Theme-150x70.jpg 150w, https:\/\/project.inria.fr\/gamejam\/files\/2024\/10\/Photo_Theme.jpg 1080w\" sizes=\"auto, (max-width: 1024px) 100vw, 1024px\" \/><\/a><figcaption><strong>\u00c9quipe :<\/strong> Free Food Collector<\/figcaption><\/figure>\n<\/div>\n<\/div>\n\n\n\n<div class=\"wp-block-columns is-layout-flex wp-container-core-columns-is-layout-9d6595d7 wp-block-columns-is-layout-flex\">\n<div class=\"wp-block-column is-layout-flow wp-block-column-is-layout-flow\">\n<div class=\"wp-block-image\"><figure class=\"aligncenter size-full\"><a href=\"https:\/\/itch.io\/jam\/arcade-algorithms-adventure\/rate\/3050598\" target=\"_blank\" rel=\"noopener\"><img loading=\"lazy\" decoding=\"async\" width=\"945\" height=\"750\" src=\"https:\/\/project.inria.fr\/gamejam\/files\/2024\/10\/LastResort_Pitch.png\" alt=\"\" class=\"wp-image-289\" srcset=\"https:\/\/project.inria.fr\/gamejam\/files\/2024\/10\/LastResort_Pitch.png 945w, https:\/\/project.inria.fr\/gamejam\/files\/2024\/10\/LastResort_Pitch-300x238.png 300w, https:\/\/project.inria.fr\/gamejam\/files\/2024\/10\/LastResort_Pitch-768x610.png 768w, https:\/\/project.inria.fr\/gamejam\/files\/2024\/10\/LastResort_Pitch-150x119.png 150w\" sizes=\"auto, (max-width: 945px) 100vw, 945px\" \/><\/a><figcaption><strong>Prix du Pitch :<\/strong> The last resort<\/figcaption><\/figure><\/div>\n<\/div>\n\n\n\n<div class=\"wp-block-column is-layout-flow wp-block-column-is-layout-flow\">\n<figure class=\"wp-block-image size-large\"><a href=\"https:\/\/project.inria.fr\/gamejam\/files\/2024\/10\/Photo_Pitch.jpg\"><img loading=\"lazy\" decoding=\"async\" width=\"1024\" height=\"740\" src=\"https:\/\/project.inria.fr\/gamejam\/files\/2024\/10\/Photo_Pitch-1024x740.jpg\" alt=\"\" class=\"wp-image-322\" srcset=\"https:\/\/project.inria.fr\/gamejam\/files\/2024\/10\/Photo_Pitch-1024x740.jpg 1024w, https:\/\/project.inria.fr\/gamejam\/files\/2024\/10\/Photo_Pitch-300x217.jpg 300w, https:\/\/project.inria.fr\/gamejam\/files\/2024\/10\/Photo_Pitch-768x555.jpg 768w, https:\/\/project.inria.fr\/gamejam\/files\/2024\/10\/Photo_Pitch-150x108.jpg 150w, https:\/\/project.inria.fr\/gamejam\/files\/2024\/10\/Photo_Pitch.jpg 1080w\" sizes=\"auto, (max-width: 1024px) 100vw, 1024px\" \/><\/a><figcaption><strong>\u00c9quipe : <\/strong>Alt F4<\/figcaption><\/figure>\n<\/div>\n<\/div>\n\n\n\n<p><\/p>\n","protected":false},"excerpt":{"rendered":"<p>Pour cette premi\u00e8re \u00e9dition de la Game Jam AAA, nous avons eu dix belles r\u00e9alisations !Vous pouvez les retrouver sur itch.ioUn grand bravo \u00e0 tous les participants ! Six prix ont \u00e9t\u00e9 attribu\u00e9s r\u00e9compensant chacun un aspect particulier du jeu : Game Design, gameplay, visuel, son, proximit\u00e9 au th\u00e8me et\u2026<\/p>\n<p> <a class=\"continue-reading-link\" href=\"https:\/\/project.inria.fr\/gamejam\/palmares-2024\/\"><span>Continue reading<\/span><i class=\"crycon-right-dir\"><\/i><\/a> <\/p>\n","protected":false},"author":2357,"featured_media":0,"parent":0,"menu_order":0,"comment_status":"closed","ping_status":"closed","template":"","meta":{"footnotes":""},"class_list":["post-269","page","type-page","status-publish","hentry"],"_links":{"self":[{"href":"https:\/\/project.inria.fr\/gamejam\/wp-json\/wp\/v2\/pages\/269","targetHints":{"allow":["GET"]}}],"collection":[{"href":"https:\/\/project.inria.fr\/gamejam\/wp-json\/wp\/v2\/pages"}],"about":[{"href":"https:\/\/project.inria.fr\/gamejam\/wp-json\/wp\/v2\/types\/page"}],"author":[{"embeddable":true,"href":"https:\/\/project.inria.fr\/gamejam\/wp-json\/wp\/v2\/users\/2357"}],"replies":[{"embeddable":true,"href":"https:\/\/project.inria.fr\/gamejam\/wp-json\/wp\/v2\/comments?post=269"}],"version-history":[{"count":41,"href":"https:\/\/project.inria.fr\/gamejam\/wp-json\/wp\/v2\/pages\/269\/revisions"}],"predecessor-version":[{"id":366,"href":"https:\/\/project.inria.fr\/gamejam\/wp-json\/wp\/v2\/pages\/269\/revisions\/366"}],"wp:attachment":[{"href":"https:\/\/project.inria.fr\/gamejam\/wp-json\/wp\/v2\/media?parent=269"}],"curies":[{"name":"wp","href":"https:\/\/api.w.org\/{rel}","templated":true}]}}