

{"id":4,"date":"2011-12-08T11:55:34","date_gmt":"2011-12-08T11:55:34","guid":{"rendered":"http:\/\/project.inria.fr\/template1\/?page_id=4"},"modified":"2025-03-09T14:33:31","modified_gmt":"2025-03-09T13:33:31","slug":"home","status":"publish","type":"page","link":"https:\/\/project.inria.fr\/gamejam\/","title":{"rendered":"Accueil"},"content":{"rendered":"\n<p>La Game Jam <strong>A<\/strong>rcade <strong>A<\/strong>lgorithms <strong>A<\/strong>dventure s&rsquo;est d\u00e9roul\u00e9e du <strong>Vendredi 18 au Dimanche 20 Octobre 2024<\/strong> au <a href=\"https:\/\/www.inria.fr\/fr\/centre-inria-universite-lorraine\" target=\"_blank\" rel=\"noreferrer noopener\">Centre Inria<\/a> de l&rsquo;Universit\u00e9 de Lorraine &#8211; Laboratoire <a href=\"https:\/\/www.loria.fr\/fr\/\" target=\"_blank\" rel=\"noreferrer noopener\">Loria<\/a>, B\u00e2timent Ada Lovelace.<\/p>\n\n\n\n<p>Cet \u00e9v\u00e9nement autour de la cr\u00e9ation de jeux vid\u00e9o \u00e9tait gratuit et ouvert \u00e0 toutes et tous sur inscription !<\/p>\n\n\n\n<p>Pour rappel, une <strong>Game Jam<\/strong> est un challenge en temps limit\u00e9 dont l&rsquo;objectif est de <strong>cr\u00e9er un jeu vid\u00e9o <\/strong>selon un th\u00e8me donn\u00e9.<br>Les Game Jam sont g\u00e9n\u00e9ralement r\u00e9alis\u00e9es en \u00e9quipes dans lesquelles chacun(e) peut participer selon ses comp\u00e9tences ou domaines de pr\u00e9dilection : programmation, game design, gameplay, narration, graphisme, son,&#8230;<br>En effet, aujourd&rsquo;hui la r\u00e9alisation d&rsquo;un jeu vid\u00e9o fait intervenir de nombreux m\u00e9tiers diff\u00e9rents, m\u00e9lant haute technologie et art !<\/p>\n\n\n\n<figure class=\"wp-block-audio\"><audio controls src=\"https:\/\/project.inria.fr\/gamejam\/files\/2024\/11\/NRJ-GameJam-AAA-1.mp3\"><\/audio><figcaption><em><font size=\"3px\">Interview d&rsquo;une participante sur la Radio NRJ<\/font><\/em><\/figcaption><\/figure>\n\n\n\n<p> <\/p>\n\n\n\n<p>Dans l&rsquo;univers du jeu vid\u00e9o, l&rsquo;acronyme <strong><a rel=\"noreferrer noopener\" href=\"https:\/\/fr.wikipedia.org\/wiki\/AAA_(jeu_vid%C3%A9o)\" target=\"_blank\">AAA<\/a><\/strong> fait r\u00e9f\u00e9rence \u00e0 des budgets substantiels de production et de promotion d&rsquo;un jeu.<br>Ce terme semble avoir \u00e9t\u00e9 repris des <a rel=\"noreferrer noopener\" href=\"https:\/\/fr.wikipedia.org\/wiki\/Grille_des_notations_financi%C3%A8res\" target=\"_blank\">notations financi\u00e8res<\/a> indiquant la fiabilit\u00e9 de remboursement d&rsquo;un emprunteur.<\/p>\n\n\n\n<p id=\"block-9464d5dc-6702-4139-8c19-cb4e5d746475\">Un grand <strong>bravo<\/strong> \u00e0 tous les participants de cette premi\u00e8re \u00e9dition !<br>Nous avons eu dix belles r\u00e9alisations, que vous pouvez retrouver sur <a rel=\"noreferrer noopener\" href=\"https:\/\/itch.io\/jam\/arcade-algorithms-adventure\/entries\" target=\"_blank\">itch.io<\/a><br>Et vous pouvez \u00e9galement consulter le <a rel=\"noreferrer noopener\" href=\"https:\/\/project.inria.fr\/gamejam\/?page_id=269\" target=\"_blank\">palmar\u00e8s<\/a> des jeux prim\u00e9s.<\/p>\n\n\n\n<figure class=\"wp-block-image size-large\"><a href=\"https:\/\/project.inria.fr\/gamejam\/files\/2024\/10\/Photo_Finale.jpg\"><img loading=\"lazy\" decoding=\"async\" width=\"1024\" height=\"442\" src=\"https:\/\/project.inria.fr\/gamejam\/files\/2024\/10\/Photo_Finale-1024x442.jpg\" alt=\"\" class=\"wp-image-333\" srcset=\"https:\/\/project.inria.fr\/gamejam\/files\/2024\/10\/Photo_Finale-1024x442.jpg 1024w, https:\/\/project.inria.fr\/gamejam\/files\/2024\/10\/Photo_Finale-300x129.jpg 300w, https:\/\/project.inria.fr\/gamejam\/files\/2024\/10\/Photo_Finale-768x331.jpg 768w, https:\/\/project.inria.fr\/gamejam\/files\/2024\/10\/Photo_Finale-1536x662.jpg 1536w, https:\/\/project.inria.fr\/gamejam\/files\/2024\/10\/Photo_Finale-150x65.jpg 150w, https:\/\/project.inria.fr\/gamejam\/files\/2024\/10\/Photo_Finale.jpg 1920w\" sizes=\"auto, (max-width: 1024px) 100vw, 1024px\" \/><\/a><\/figure>\n\n\n\n<hr class=\"wp-block-separator\"\/>\n\n\n\n<p><strong>Table ronde<\/strong> sur les <strong>formations<\/strong> et l&rsquo;<strong>insertion professionnelle<\/strong> dans le jeu vid\u00e9o<\/p>\n\n\n\n<figure class=\"wp-block-image size-large\"><a href=\"https:\/\/project.inria.fr\/gamejam\/files\/2024\/10\/Photo_TR1b.jpg\"><img loading=\"lazy\" decoding=\"async\" width=\"1024\" height=\"566\" src=\"https:\/\/project.inria.fr\/gamejam\/files\/2024\/10\/Photo_TR1b-1024x566.jpg\" alt=\"\" class=\"wp-image-343\" srcset=\"https:\/\/project.inria.fr\/gamejam\/files\/2024\/10\/Photo_TR1b-1024x566.jpg 1024w, https:\/\/project.inria.fr\/gamejam\/files\/2024\/10\/Photo_TR1b-300x166.jpg 300w, https:\/\/project.inria.fr\/gamejam\/files\/2024\/10\/Photo_TR1b-768x424.jpg 768w, https:\/\/project.inria.fr\/gamejam\/files\/2024\/10\/Photo_TR1b-1536x849.jpg 1536w, https:\/\/project.inria.fr\/gamejam\/files\/2024\/10\/Photo_TR1b-150x83.jpg 150w, https:\/\/project.inria.fr\/gamejam\/files\/2024\/10\/Photo_TR1b.jpg 1920w\" sizes=\"auto, (max-width: 1024px) 100vw, 1024px\" \/><\/a><\/figure>\n\n\n\n<figure class=\"wp-block-audio\"><audio controls src=\"https:\/\/ultv.univ-lorraine.fr\/media\/videos\/8fc6f4488bd68a82766fbad7011c3235c49c92686148ca6bad8029e319d255c5\/20652\/audio_192k.mp3\"><\/audio><\/figure>\n\n\n\n<p><strong>Intervenants :<\/strong><br>     \u00b7  Maud Bleu : <a rel=\"noreferrer noopener\" href=\"https:\/\/womeningamesfrance.org\/\" target=\"_blank\">Women In Games<\/a><br>     \u00b7  Marine Lopes : <a rel=\"noreferrer noopener\" href=\"https:\/\/www.quanticdream.com\/fr\" target=\"_blank\">Quantic Dream<\/a><br>     \u00b7  Ma\u00ebl Addoum : <a rel=\"noreferrer noopener\" href=\"https:\/\/www.isart.fr\/\" target=\"_blank\">Isart Digital<\/a><br>     \u00b7  Bertrand Kerautret : <a rel=\"noreferrer noopener\" href=\"https:\/\/icom.univ-lyon2.fr\/gamagora\" target=\"_blank\">Gamagora<\/a><br>     \u00b7  Olivier Ageron : <a rel=\"noreferrer noopener\" href=\"http:\/\/game-lab.alliance-artem.fr\/\" target=\"_blank\">Artem Game Lab<\/a> <\/p>\n\n\n\n<hr class=\"wp-block-separator\"\/>\n\n\n\n<p><strong>Table ronde<\/strong> sur la <strong>recherche<\/strong> et l&rsquo;<strong>innovation<\/strong> dans le jeu vid\u00e9o<\/p>\n\n\n\n<figure class=\"wp-block-image size-large\"><a href=\"https:\/\/project.inria.fr\/gamejam\/files\/2024\/10\/Photo_TR2.jpg\"><img loading=\"lazy\" decoding=\"async\" width=\"1024\" height=\"487\" src=\"https:\/\/project.inria.fr\/gamejam\/files\/2024\/10\/Photo_TR2-1024x487.jpg\" alt=\"\" class=\"wp-image-335\" srcset=\"https:\/\/project.inria.fr\/gamejam\/files\/2024\/10\/Photo_TR2-1024x487.jpg 1024w, https:\/\/project.inria.fr\/gamejam\/files\/2024\/10\/Photo_TR2-300x143.jpg 300w, https:\/\/project.inria.fr\/gamejam\/files\/2024\/10\/Photo_TR2-768x366.jpg 768w, https:\/\/project.inria.fr\/gamejam\/files\/2024\/10\/Photo_TR2-1536x731.jpg 1536w, https:\/\/project.inria.fr\/gamejam\/files\/2024\/10\/Photo_TR2-150x71.jpg 150w, https:\/\/project.inria.fr\/gamejam\/files\/2024\/10\/Photo_TR2.jpg 1920w\" sizes=\"auto, (max-width: 1024px) 100vw, 1024px\" \/><\/a><\/figure>\n\n\n\n<figure class=\"wp-block-audio\"><audio controls src=\"https:\/\/ultv.univ-lorraine.fr\/media\/videos\/8fc6f4488bd68a82766fbad7011c3235c49c92686148ca6bad8029e319d255c5\/20667\/audio_192k.mp3\"><\/audio><\/figure>\n\n\n\n<p><strong>Intervenants :<\/strong><br>  \u00b7  Marine Lopes : <a rel=\"noreferrer noopener\" href=\"https:\/\/www.quanticdream.com\/fr\" target=\"_blank\">Quantic Dream<\/a><br>  \u00b7  Guillaume Gaudron : <a rel=\"noreferrer noopener\" href=\"https:\/\/www.ubisoft.com\/fr-fr\/studio\/laforge\" target=\"_blank\">Ubisoft (La Forge)<\/a><br>  \u00b7  Ma\u00ebl Addoum : <a rel=\"noreferrer noopener\" href=\"https:\/\/www.isart.fr\/\" target=\"_blank\">Isart Digital<\/a><br>  \u00b7  Xavier Cavin : <a rel=\"noreferrer noopener\" href=\"https:\/\/gamestream.biz\/\" target=\"_blank\">Gamestream<\/a><br>  \u00b7  Louis Abel : <a rel=\"noreferrer noopener\" href=\"https:\/\/dynalips.com\/\" target=\"_blank\">Dynalips<\/a><br>  \u00b7  Jimmy Etienne : <a rel=\"noreferrer noopener\" href=\"https:\/\/next-vs.catsandfoxes.com\/fr\" target=\"_blank\">Cats &amp; Foxes<\/a><\/p>\n","protected":false},"excerpt":{"rendered":"<p>La Game Jam Arcade Algorithms Adventure s&rsquo;est d\u00e9roul\u00e9e du Vendredi 18 au Dimanche 20 Octobre 2024 au Centre Inria de l&rsquo;Universit\u00e9 de Lorraine &#8211; Laboratoire Loria, B\u00e2timent Ada Lovelace. Cet \u00e9v\u00e9nement autour de la cr\u00e9ation de jeux vid\u00e9o \u00e9tait gratuit et ouvert \u00e0 toutes et tous sur inscription ! Pour\u2026<\/p>\n<p> <a class=\"continue-reading-link\" href=\"https:\/\/project.inria.fr\/gamejam\/\"><span>Continue reading<\/span><i class=\"crycon-right-dir\"><\/i><\/a> <\/p>\n","protected":false},"author":1,"featured_media":0,"parent":0,"menu_order":0,"comment_status":"closed","ping_status":"open","template":"","meta":{"footnotes":""},"class_list":["post-4","page","type-page","status-publish","hentry"],"_links":{"self":[{"href":"https:\/\/project.inria.fr\/gamejam\/wp-json\/wp\/v2\/pages\/4","targetHints":{"allow":["GET"]}}],"collection":[{"href":"https:\/\/project.inria.fr\/gamejam\/wp-json\/wp\/v2\/pages"}],"about":[{"href":"https:\/\/project.inria.fr\/gamejam\/wp-json\/wp\/v2\/types\/page"}],"author":[{"embeddable":true,"href":"https:\/\/project.inria.fr\/gamejam\/wp-json\/wp\/v2\/users\/1"}],"replies":[{"embeddable":true,"href":"https:\/\/project.inria.fr\/gamejam\/wp-json\/wp\/v2\/comments?post=4"}],"version-history":[{"count":71,"href":"https:\/\/project.inria.fr\/gamejam\/wp-json\/wp\/v2\/pages\/4\/revisions"}],"predecessor-version":[{"id":424,"href":"https:\/\/project.inria.fr\/gamejam\/wp-json\/wp\/v2\/pages\/4\/revisions\/424"}],"wp:attachment":[{"href":"https:\/\/project.inria.fr\/gamejam\/wp-json\/wp\/v2\/media?parent=4"}],"curies":[{"name":"wp","href":"https:\/\/api.w.org\/{rel}","templated":true}]}}