

{"id":65,"date":"2024-07-11T09:32:16","date_gmt":"2024-07-11T07:32:16","guid":{"rendered":"https:\/\/project.inria.fr\/gamejam\/?page_id=65"},"modified":"2024-10-30T16:31:09","modified_gmt":"2024-10-30T15:31:09","slug":"programme","status":"publish","type":"page","link":"https:\/\/project.inria.fr\/gamejam\/programme\/","title":{"rendered":"Programme"},"content":{"rendered":"\n<p><strong>Vendredi 18 Octobre :<\/strong><\/p>\n\n\n\n<ul class=\"wp-block-list\"><li><strong>18h00<\/strong> : Ouverture de l&rsquo;\u00e9v\u00e9nement, pr\u00e9sentation des th\u00e8mes propos\u00e9s et vote des participants<\/li><\/ul>\n\n\n\n<ul class=\"wp-block-list\"><li><strong>19h00 : <\/strong>Cocktail de bienvenue et temps d&rsquo;\u00e9change entre les participants pour constituer les \u00e9quipes<br>               Enregistrement des \u00e9quipes<\/li><\/ul>\n\n\n\n<ul class=\"wp-block-list\"><li><strong>19h30 :<\/strong> Mise en place des \u00e9quipes dans les salles<\/li><\/ul>\n\n\n\n<ul class=\"wp-block-list\"><li><strong>20h00 :<\/strong> Paninis<\/li><\/ul>\n\n\n\n<ul class=\"wp-block-list\"><li><strong>Jusqu&rsquo;\u00e0 21h30 :<\/strong> D\u00e9marrage de la cr\u00e9ation !<\/li><\/ul>\n\n\n\n<p><strong>Samedi 19 Octobre :<\/strong><\/p>\n\n\n\n<ul class=\"wp-block-list\"><li><strong>8h00 : <\/strong>Accueil des participants<\/li><\/ul>\n\n\n\n<ul class=\"wp-block-list\"><li><strong>12h00 :<\/strong> Buffet<\/li><\/ul>\n\n\n\n<ul class=\"wp-block-list\"><li><strong>19h00 :<\/strong> Pizzas<\/li><\/ul>\n\n\n\n<p><strong>Dimanche 20 Octobre :<\/strong><\/p>\n\n\n\n<ul class=\"wp-block-list\"><li><strong>8h00 : <\/strong>Accueil des participants<\/li><\/ul>\n\n\n\n<ul class=\"wp-block-list\"><li><strong>12h00 :<\/strong> D\u00e9p\u00f4t des jeux et buffet<\/li><\/ul>\n\n\n\n<ul class=\"wp-block-list\"><li><strong>13h00 :<\/strong> Table ronde sur les formations et l&rsquo;insertion professionnelle dans l&rsquo;industrie du jeu vid\u00e9o<\/li><\/ul>\n\n\n\n<ul class=\"wp-block-list\"><li><strong>14h00 :<\/strong> Table ronde sur les innovations et la recherche dans le jeu vid\u00e9o<\/li><\/ul>\n\n\n\n<ul class=\"wp-block-list\"><li><strong>15h00 :<\/strong> Pr\u00e9sentation des jeux au jury et aux participants<\/li><\/ul>\n\n\n\n<ul class=\"wp-block-list\"><li><strong>16h45 :<\/strong> D\u00e9lib\u00e9rations du jury et vote des participants<\/li><\/ul>\n\n\n\n<ul class=\"wp-block-list\"><li><strong>17h15 :<\/strong> Remise des prix<br>Plusieurs prix seront d\u00e9cern\u00e9s selon diff\u00e9rents aspects : prix du jury, prix du public, proximit\u00e9 au th\u00e8me, gameplay, graphisme, son,\u2026<\/li><\/ul>\n\n\n\n<ul class=\"wp-block-list\"><li><strong>17h45 : <\/strong>Cocktail de cl\u00f4ture<\/li><\/ul>\n","protected":false},"excerpt":{"rendered":"<p>Vendredi 18 Octobre : 18h00 : Ouverture de l&rsquo;\u00e9v\u00e9nement, pr\u00e9sentation des th\u00e8mes propos\u00e9s et vote des participants 19h00 : Cocktail de bienvenue et temps d&rsquo;\u00e9change entre les participants pour constituer les \u00e9quipes Enregistrement des \u00e9quipes 19h30 : Mise en place des \u00e9quipes dans les salles 20h00 : Paninis Jusqu&rsquo;\u00e0 21h30\u2026<\/p>\n<p> <a class=\"continue-reading-link\" href=\"https:\/\/project.inria.fr\/gamejam\/programme\/\"><span>Continue reading<\/span><i class=\"crycon-right-dir\"><\/i><\/a> <\/p>\n","protected":false},"author":1965,"featured_media":0,"parent":0,"menu_order":0,"comment_status":"closed","ping_status":"closed","template":"","meta":{"footnotes":""},"class_list":["post-65","page","type-page","status-publish","hentry"],"_links":{"self":[{"href":"https:\/\/project.inria.fr\/gamejam\/wp-json\/wp\/v2\/pages\/65","targetHints":{"allow":["GET"]}}],"collection":[{"href":"https:\/\/project.inria.fr\/gamejam\/wp-json\/wp\/v2\/pages"}],"about":[{"href":"https:\/\/project.inria.fr\/gamejam\/wp-json\/wp\/v2\/types\/page"}],"author":[{"embeddable":true,"href":"https:\/\/project.inria.fr\/gamejam\/wp-json\/wp\/v2\/users\/1965"}],"replies":[{"embeddable":true,"href":"https:\/\/project.inria.fr\/gamejam\/wp-json\/wp\/v2\/comments?post=65"}],"version-history":[{"count":18,"href":"https:\/\/project.inria.fr\/gamejam\/wp-json\/wp\/v2\/pages\/65\/revisions"}],"predecessor-version":[{"id":359,"href":"https:\/\/project.inria.fr\/gamejam\/wp-json\/wp\/v2\/pages\/65\/revisions\/359"}],"wp:attachment":[{"href":"https:\/\/project.inria.fr\/gamejam\/wp-json\/wp\/v2\/media?parent=65"}],"curies":[{"name":"wp","href":"https:\/\/api.w.org\/{rel}","templated":true}]}}