

{"id":4,"date":"2011-12-08T11:55:34","date_gmt":"2011-12-08T11:55:34","guid":{"rendered":"http:\/\/project.inria.fr\/template1\/?page_id=4"},"modified":"2025-07-15T17:02:05","modified_gmt":"2025-07-15T15:02:05","slug":"home","status":"publish","type":"page","link":"https:\/\/project.inria.fr\/gdtmathbio\/","title":{"rendered":"Accueil"},"content":{"rendered":"<p>Rencontres scientifiques altern\u00e9es entre<\/p>\n<ul>\n<li>l&rsquo;<b class=\"\">Institut Fourier<\/b> \u00e0 Grenoble,<\/li>\n<li>l&rsquo;<b class=\"\">UMPA<\/b> \u00e0 l&rsquo;ENS de Lyon,<\/li>\n<li>l&rsquo;<b class=\"\">ICJ<\/b> \u00e0 Lyon 1.<\/li>\n<\/ul>\n<p>Ces rencontres ont lieu le <b class=\"\">jeudi matin de 10h \u00e0 12h une fois par trimestre<\/b>, et sont compos\u00e9es de <b class=\"\">deux expos\u00e9s<\/b> par s\u00e9ance d&rsquo;orateurs-rices locaux en priorit\u00e9. <br class=\"\">&nbsp;&nbsp;&nbsp;&nbsp; &nbsp;<br class=\"\">\u00c0 cela s&rsquo;ajoute <b class=\"\">trois journ\u00e9es de rencontre<\/b> (Grenoble, Lyon, Marseille) dans l&rsquo;ann\u00e9e.<\/p>\n<p>Pour \u00eatre ajout\u00e9 \u00e0 la liste de diffusion du groupe de travail, merci d&rsquo;envoyez un <strong>message \u00e0 sympa_inria@inria.fr<\/strong> avec l&rsquo;adresse \u00e0 partir de laquelle vous souhaitez vous abonner. En objet du message, \u00e9crivez : <strong>subscribe gdt-math-bio Prenom Nom<\/strong> (indiquez bien s\u00fbr vos propres pr\u00e9nom et nom). <strong>Laissez le corps du message vide<\/strong>.<\/p>\n<p>Pour toutes autres demande d&rsquo;informations, merci d&rsquo;\u00e9crire \u00e0 H\u00e9l\u00e8ne Leman (helene_dot_leman_at_inria_dot_fr), Aline Marguet (aline_dot_marguet_at_inria_dot_fr) ou C\u00e9line Bonnet (celine_dot_bonnet_at_inria_dot_fr).<\/p>\n","protected":false},"excerpt":{"rendered":"<p>Rencontres scientifiques altern\u00e9es entre l&rsquo;Institut Fourier \u00e0 Grenoble, l&rsquo;UMPA \u00e0 l&rsquo;ENS de Lyon, l&rsquo;ICJ \u00e0 Lyon 1. Ces rencontres ont lieu le jeudi matin de 10h \u00e0 12h une fois par trimestre, et sont compos\u00e9es de deux expos\u00e9s par s\u00e9ance d&rsquo;orateurs-rices locaux en priorit\u00e9. &nbsp;&nbsp;&nbsp;&nbsp; &nbsp;\u00c0 cela s&rsquo;ajoute trois journ\u00e9es\u2026<\/p>\n<p> <a class=\"continue-reading-link\" href=\"https:\/\/project.inria.fr\/gdtmathbio\/\"><span>Continue reading<\/span><i class=\"crycon-right-dir\"><\/i><\/a> <\/p>\n","protected":false},"author":1,"featured_media":0,"parent":0,"menu_order":0,"comment_status":"closed","ping_status":"open","template":"","meta":{"footnotes":""},"class_list":["post-4","page","type-page","status-publish","hentry"],"_links":{"self":[{"href":"https:\/\/project.inria.fr\/gdtmathbio\/wp-json\/wp\/v2\/pages\/4","targetHints":{"allow":["GET"]}}],"collection":[{"href":"https:\/\/project.inria.fr\/gdtmathbio\/wp-json\/wp\/v2\/pages"}],"about":[{"href":"https:\/\/project.inria.fr\/gdtmathbio\/wp-json\/wp\/v2\/types\/page"}],"author":[{"embeddable":true,"href":"https:\/\/project.inria.fr\/gdtmathbio\/wp-json\/wp\/v2\/users\/1"}],"replies":[{"embeddable":true,"href":"https:\/\/project.inria.fr\/gdtmathbio\/wp-json\/wp\/v2\/comments?post=4"}],"version-history":[{"count":14,"href":"https:\/\/project.inria.fr\/gdtmathbio\/wp-json\/wp\/v2\/pages\/4\/revisions"}],"predecessor-version":[{"id":525,"href":"https:\/\/project.inria.fr\/gdtmathbio\/wp-json\/wp\/v2\/pages\/4\/revisions\/525"}],"wp:attachment":[{"href":"https:\/\/project.inria.fr\/gdtmathbio\/wp-json\/wp\/v2\/media?parent=4"}],"curies":[{"name":"wp","href":"https:\/\/api.w.org\/{rel}","templated":true}]}}