

{"id":71,"date":"2023-09-05T16:21:40","date_gmt":"2023-09-05T14:21:40","guid":{"rendered":"https:\/\/project.inria.fr\/gdtmathbio\/?page_id=71"},"modified":"2026-03-27T16:09:09","modified_gmt":"2026-03-27T15:09:09","slug":"rencontres-a-venir","status":"publish","type":"page","link":"https:\/\/project.inria.fr\/gdtmathbio\/rencontres-a-venir\/","title":{"rendered":"Rencontres \u00e0 venir"},"content":{"rendered":"<p><big>S\u00e9ances du jeudi matin de 10h \u00e0 12h (altern\u00e9es entre ICJ, UMPA, Institut Fourier)<\/big><\/p>\n<p>&nbsp;<\/p>\n<p><big>Programme pr\u00e9visionnel 2025\/2026 :<\/big><\/p>\n<ul>\n<li><span style=\"color: #999999;\"><strong> 9 octobre 2025 <\/strong>, 10h-12h : UMPA (Lyon)<\/span><\/li>\n<li><span style=\"color: #999999;\"><strong> vendredi 5 d\u00e9cembre 2025 <\/strong> : journ\u00e9e \u00e0 Marseille<\/span><\/li>\n<li><span style=\"color: #999999;\"><strong>29 janvier 2026 10h-12h<\/strong> : Institut Fourier (Grenoble)<\/span><\/li>\n<li><span style=\"color: #999999;\"><strong> vendredi 20 mars 2026 <\/strong> : journ\u00e9e \u00e0 l&rsquo;UMPA (Lyon)<\/span><\/li>\n<li><strong> 2 avril 2026 10h-12h<\/strong> : ICJ (Lyon)<\/li>\n<li><strong> 1 juin 2026 10h-16h<\/strong> : journ\u00e9e \u00e0 Grenoble<\/li>\n<\/ul>\n<p>&nbsp;<\/p>\n<p><big>2 avril 2026 de 10h \u00e0 12h, ICJ, Universit\u00e9 Lyon 1, Villeurbanne.<\/big><\/p>\n<ul>\n<li>Andrea Ducos (Equipe Inria A\u00efstrosight) : <em> Introduction aux m\u00e9thodes de d\u00e9couverte d&rsquo;\u00e9quation et utilisation dans un contexte biologique<\/em><\/li>\n<ul> Abstract: Les astrocytes sont des cellules gliales du syst\u00e8me nerveux central, connect\u00e9es \u00e0 des milliers de structures neuronales. Longtemps consid\u00e9r\u00e9es comme des cellules de soutien, des \u00e9tudes r\u00e9centes ont r\u00e9v\u00e9l\u00e9 qu&rsquo;elles jouent un r\u00f4le actif dans la transmission du signal mais restent encore largement incompris. Je m&rsquo;int\u00e9resse en particulier au signal calcique astrocytaire, dont une grande partie se produit dans des prolongements trop fins pour \u00eatre visualis\u00e9s avec les microscopes actuels, ce qui rend la mod\u00e9lisation n\u00e9cessaire.<br \/>\nMa th\u00e8se adopte une approche bas\u00e9e sur les donn\u00e9es : plut\u00f4t que de partir d&rsquo;hypoth\u00e8ses sur les m\u00e9canismes biologiques sous-jacents, nous cherchons \u00e0 d\u00e9couvrir directement une EDP gouvernant la dynamique calcique \u00e0 partir du signal lui-m\u00eame en utilisant des m\u00e9thodes de d\u00e9couverte d&rsquo;\u00e9quation. L&rsquo;objectif est d&rsquo;obtenir des \u00e9quations interpr\u00e9tables permettant de mieux comprendre les dynamiques calciques.<br \/>\nDans cette pr\u00e9sentation, je commencerai par introduire les m\u00e9thodes de d\u00e9couverte d&rsquo;\u00e9quations et dresser un \u00e9tat de l&rsquo;art de ce domaine. Je pr\u00e9senterai ensuite un benchmark de cinq de ces m\u00e9thodes, puis les exp\u00e9riences que nous avons men\u00e9es avec la m\u00e9thode WSINDy sur des donn\u00e9es simul\u00e9es.<br \/>\nCes travaux constituent une premi\u00e8re \u00e9tape vers l&rsquo;application de ces m\u00e9thodes \u00e0 des donn\u00e9es biologiques r\u00e9elles, avec pour objectif \u00e0 terme de mieux comprendre l&rsquo;impact de pathologies sur les signaux calciques.\n<\/ul>\n<li>Maha Reda (\u00c9cole des Mines de Saint-\u00c9tienne, Sainbiose, STBio) : <em> Mod\u00e9lisation des flux lymphatiques et veineux dans le membre inf\u00e9rieur : applications au lymph\u0153d\u00e8me et \u00e0 la compression th\u00e9rapeutique<\/em><\/li>\n<ul> Abstract: Le lymphoed\u00e8me est une maladie caract\u00e9ris\u00e9e par un d\u00e9s\u00e9quilibre dans le drainage lymphatique, entra\u00eenant une accumulation de fluide interstitiel dans les membres inf\u00e9rieurs, un gonflement et un remodelage des tissus. Les bas de compression sont utilis\u00e9s comme traitement principal pour r\u00e9duire le gonflement et am\u00e9liorer le drainage du fluide. Dans un premier axe, nous avons d\u00e9velopp\u00e9 un mod\u00e8le num\u00e9rique poro\u00e9lastique 3D patient-sp\u00e9cifique permettant de simuler le drainage du fluide interstitiel et la d\u00e9formation des tissus dans le membre inf\u00e9rieur sous diff\u00e9rentes strat\u00e9gies et niveaux de compression. Ce mod\u00e8le int\u00e8gre les \u00e9changes entre capillaires sanguins et lymphatiques, ainsi que les effets de la gravit\u00e9, de la perm\u00e9abilit\u00e9 et de la  compression externe sur la distribution de la pression du fluide interstitiel. Dans un second axe, nous avons d\u00e9velopp\u00e9 un mod\u00e8le 1D du r\u00e9seau veineux du membre inf\u00e9rieur, incluant la dynamique des valves, les effets de la gravit\u00e9 et de la compression externe. Ce mod\u00e8le permet d\u2019\u00e9tudier le retour veineux et d\u2019\u00e9valuer l\u2019impact de la compression sur les profils de pression et de d\u00e9bit. Ces deux approches compl\u00e9mentaires ouvrent la voie \u00e0 une mod\u00e9lisation multi-\u00e9chelle, reliant la dynamique du fluide interstitiel dans le tissu aux m\u00e9canismes vasculaires .<\/ul>\n<\/ul>\n","protected":false},"excerpt":{"rendered":"<p>S\u00e9ances du jeudi matin de 10h \u00e0 12h (altern\u00e9es entre ICJ, UMPA, Institut Fourier) &nbsp; Programme pr\u00e9visionnel 2025\/2026 : 9 octobre 2025 , 10h-12h : UMPA (Lyon) vendredi 5 d\u00e9cembre 2025 : journ\u00e9e \u00e0 Marseille 29 janvier 2026 10h-12h : Institut Fourier (Grenoble) vendredi 20 mars 2026 : journ\u00e9e \u00e0\u2026<\/p>\n<p> <a class=\"continue-reading-link\" href=\"https:\/\/project.inria.fr\/gdtmathbio\/rencontres-a-venir\/\"><span>Continue reading<\/span><i class=\"crycon-right-dir\"><\/i><\/a> <\/p>\n","protected":false},"author":2367,"featured_media":0,"parent":0,"menu_order":0,"comment_status":"closed","ping_status":"closed","template":"","meta":{"footnotes":""},"class_list":["post-71","page","type-page","status-publish","hentry"],"_links":{"self":[{"href":"https:\/\/project.inria.fr\/gdtmathbio\/wp-json\/wp\/v2\/pages\/71","targetHints":{"allow":["GET"]}}],"collection":[{"href":"https:\/\/project.inria.fr\/gdtmathbio\/wp-json\/wp\/v2\/pages"}],"about":[{"href":"https:\/\/project.inria.fr\/gdtmathbio\/wp-json\/wp\/v2\/types\/page"}],"author":[{"embeddable":true,"href":"https:\/\/project.inria.fr\/gdtmathbio\/wp-json\/wp\/v2\/users\/2367"}],"replies":[{"embeddable":true,"href":"https:\/\/project.inria.fr\/gdtmathbio\/wp-json\/wp\/v2\/comments?post=71"}],"version-history":[{"count":125,"href":"https:\/\/project.inria.fr\/gdtmathbio\/wp-json\/wp\/v2\/pages\/71\/revisions"}],"predecessor-version":[{"id":605,"href":"https:\/\/project.inria.fr\/gdtmathbio\/wp-json\/wp\/v2\/pages\/71\/revisions\/605"}],"wp:attachment":[{"href":"https:\/\/project.inria.fr\/gdtmathbio\/wp-json\/wp\/v2\/media?parent=71"}],"curies":[{"name":"wp","href":"https:\/\/api.w.org\/{rel}","templated":true}]}}