

{"id":83,"date":"2023-09-05T16:29:10","date_gmt":"2023-09-05T14:29:10","guid":{"rendered":"https:\/\/project.inria.fr\/gdtmathbio\/?page_id=83"},"modified":"2026-03-26T08:54:45","modified_gmt":"2026-03-26T07:54:45","slug":"journees-communes","status":"publish","type":"page","link":"https:\/\/project.inria.fr\/gdtmathbio\/journees-communes\/","title":{"rendered":"Journ\u00e9es communes"},"content":{"rendered":"<p><big>Trois journ\u00e9es par an (Lyon, Marseille et Grenoble) avec 4 expos\u00e9s.<\/big><\/p>\n<p><strong> Programme pr\u00e9visionnel 2025\/2026 : <\/strong><\/p>\n<ul>\n<li> <strong> vendredi 5 d\u00e9cembre 2025 <\/strong> : journ\u00e9e \u00e0 Marseille<\/li>\n<li> <strong> vendredi 20 mars 2026 <\/strong> : journ\u00e9e \u00e0 l&rsquo;UMPA (Lyon)<\/li>\n<li> <strong> lundi 1 juin 2026 (date \u00e0 confirmer)<\/strong> : journ\u00e9e \u00e0 Grenoble<\/li>\n<\/ul>\n<p><big><br \/>\n<big style=\"font-family: Cambria;\"><big style=\"font-weight: bold;\">Journ\u00e9e 2 \u00e0 Lyon le 20 mars 2026 (10h30 -16h) <\/big><\/big><br \/>\nLieu : UMPA en salle de s\u00e9minaire 435 (site Monod de l&rsquo;ENS de Lyon, 4eme \u00e9tage)<\/p>\n<ul>\n<li>Inscription (encore possible sauf repas) : <a href=\"https:\/\/evento.renater.fr\/survey\/participation-seminaire-mode-msdybzyb\" target=\"_blank\" rel=\"noopener\">https:\/\/evento.renater.fr\/survey\/participation-seminaire-mode-msdybzyb<\/a><\/li>\n<\/ul>\n<p>Planning pr\u00e9visionnel<\/p>\n<h5><u>Orateurs<\/u><\/h5>\n<ul>\n<li> 10h: accueil <\/li>\n<li> 10h30: <strong>Charles Elbar<\/strong>: <em>Including surface tension for tumor growth modeling with the Cahn-Hilliard equation<\/em> <\/li>\n<ul>Abstract: We are motivated by invasive cancer. A common approach is to use Hele-Shaw models with surface tension, these are models where the tumor is decribed by a set, moving with pressure effects. The surface tension models the cell-to-cell adhesive forces on the boundary of the tumor. However these models may be hard to study \/ compute numerically, and we can use instead the Cahn-Hilliard equation. <\/ul>\n<li> 11h30: <strong>Maxime Colomb<\/strong>: <em>ICI: Simulations \u00e9pid\u00e9miologiques utilisant un jumeau num\u00e9rique du territoire et de sa population<\/em> <\/li>\n<li> 12h30-14h: buffet en salle passerelle <\/li>\n<li> 14h: <strong>C\u00e9line Bonnet<\/strong>: <em> Data-driven mathematical modeling differentiates between cytotoxic and cytostatic effects of nutritive environments<\/em> <\/li>\n<ul>Abstract: I will present a method to analysis longitudinal flow cytometry and population growth biological data using Bellman Harris stochastic processes (or age-structured Birth and Death processes).  <\/ul>\n<li> 15h: <strong>Franck Picard<\/strong>: <em> PCA for Point Processes<\/em>  <\/li>\n<ul>Abstract: We introduce a novel statistical framework for the analysis of replicated point processes that allows for the study of point pattern variability at a population level. By treating point process realizations as random measures, we adopt a functional analysis perspective and propose a form of functional Principal Component Analysis (fPCA) for point processes. The originality of our method is to base our analysis on the cumulative mass functions of the random measures which gives us a direct and interpretable analysis. Key theoretical contributions include establishing a Karhunen-Lo\u00e8ve expansion for the random measures and a Mercer Theorem for covariance measures. We establish convergence in a strong sense, and introduce the concept of principal measures, which can be seen as latent processes governing the dynamics of the observed point patterns. We propose an easy-to-implement estimation strategy of eigenelements for which parametric rates are achieved. We fully characterize the solutions of our approach to Poisson and Hawkes processes and validate our methodology via simulations and diverse applications in seismology, single-cell biology and neurosiences, demonstrating its versatility and effectiveness. Our method is implemented in the pppca R-package.   <\/ul>\n<\/ul>\n<p><big>Journ\u00e9e soutenue par l&rsquo;<a href=\"https:\/\/www.umpa.ens-lyon.fr\/\"><strong>UMPA<\/strong><\/a> <\/big><\/p>\n","protected":false},"excerpt":{"rendered":"<p>Trois journ\u00e9es par an (Lyon, Marseille et Grenoble) avec 4 expos\u00e9s. Programme pr\u00e9visionnel 2025\/2026 : vendredi 5 d\u00e9cembre 2025 : journ\u00e9e \u00e0 Marseille vendredi 20 mars 2026 : journ\u00e9e \u00e0 l&rsquo;UMPA (Lyon) lundi 1 juin 2026 (date \u00e0 confirmer) : journ\u00e9e \u00e0 Grenoble Journ\u00e9e 2 \u00e0 Lyon le 20 mars\u2026<\/p>\n<p> <a class=\"continue-reading-link\" href=\"https:\/\/project.inria.fr\/gdtmathbio\/journees-communes\/\"><span>Continue reading<\/span><i class=\"crycon-right-dir\"><\/i><\/a> <\/p>\n","protected":false},"author":2367,"featured_media":0,"parent":0,"menu_order":0,"comment_status":"closed","ping_status":"closed","template":"","meta":{"footnotes":""},"class_list":["post-83","page","type-page","status-publish","hentry"],"_links":{"self":[{"href":"https:\/\/project.inria.fr\/gdtmathbio\/wp-json\/wp\/v2\/pages\/83","targetHints":{"allow":["GET"]}}],"collection":[{"href":"https:\/\/project.inria.fr\/gdtmathbio\/wp-json\/wp\/v2\/pages"}],"about":[{"href":"https:\/\/project.inria.fr\/gdtmathbio\/wp-json\/wp\/v2\/types\/page"}],"author":[{"embeddable":true,"href":"https:\/\/project.inria.fr\/gdtmathbio\/wp-json\/wp\/v2\/users\/2367"}],"replies":[{"embeddable":true,"href":"https:\/\/project.inria.fr\/gdtmathbio\/wp-json\/wp\/v2\/comments?post=83"}],"version-history":[{"count":111,"href":"https:\/\/project.inria.fr\/gdtmathbio\/wp-json\/wp\/v2\/pages\/83\/revisions"}],"predecessor-version":[{"id":599,"href":"https:\/\/project.inria.fr\/gdtmathbio\/wp-json\/wp\/v2\/pages\/83\/revisions\/599"}],"wp:attachment":[{"href":"https:\/\/project.inria.fr\/gdtmathbio\/wp-json\/wp\/v2\/media?parent=83"}],"curies":[{"name":"wp","href":"https:\/\/api.w.org\/{rel}","templated":true}]}}