

{"id":4,"date":"2011-12-08T11:55:34","date_gmt":"2011-12-08T11:55:34","guid":{"rendered":"http:\/\/project.inria.fr\/template1\/?page_id=4"},"modified":"2026-01-08T16:44:10","modified_gmt":"2026-01-08T15:44:10","slug":"home","status":"publish","type":"page","link":"https:\/\/project.inria.fr\/geolaug\/","title":{"rendered":""},"content":{"rendered":"<div class=\"wp-block-columns is-layout-flex wp-container-core-columns-is-layout-9d6595d7 wp-block-columns-is-layout-flex\">\n<div class=\"wp-block-column is-layout-flow wp-block-column-is-layout-flow\"><div class=\"wp-block-image\">\n<figure class=\"aligncenter size-full is-resized\"><a href=\"https:\/\/project.inria.fr\/geolaug\/files\/2026\/01\/RF-Inria_Logo_RVB-1.jpg\"><img loading=\"lazy\" decoding=\"async\" width=\"800\" height=\"286\" src=\"https:\/\/project.inria.fr\/geolaug\/files\/2026\/01\/RF-Inria_Logo_RVB-1.jpg\" alt=\"\" class=\"wp-image-90\" style=\"width:273px;height:auto\" srcset=\"https:\/\/project.inria.fr\/geolaug\/files\/2026\/01\/RF-Inria_Logo_RVB-1.jpg 800w, https:\/\/project.inria.fr\/geolaug\/files\/2026\/01\/RF-Inria_Logo_RVB-1-300x107.jpg 300w, https:\/\/project.inria.fr\/geolaug\/files\/2026\/01\/RF-Inria_Logo_RVB-1-768x275.jpg 768w, https:\/\/project.inria.fr\/geolaug\/files\/2026\/01\/RF-Inria_Logo_RVB-1-150x54.jpg 150w\" sizes=\"auto, (max-width: 800px) 100vw, 800px\" \/><\/a><\/figure><\/div><\/div>\n\n\n\n<div class=\"wp-block-column is-vertically-aligned-top is-layout-flow wp-block-column-is-layout-flow\"><div class=\"wp-block-image\">\n<figure class=\"aligncenter size-full is-resized\"><a href=\"https:\/\/project.inria.fr\/geolaug\/files\/2026\/01\/brgm_logo.png\"><img loading=\"lazy\" decoding=\"async\" width=\"1423\" height=\"554\" src=\"https:\/\/project.inria.fr\/geolaug\/files\/2026\/01\/brgm_logo.png\" alt=\"\" class=\"wp-image-95\" style=\"width:240px;height:auto\" srcset=\"https:\/\/project.inria.fr\/geolaug\/files\/2026\/01\/brgm_logo.png 1423w, https:\/\/project.inria.fr\/geolaug\/files\/2026\/01\/brgm_logo-300x117.png 300w, https:\/\/project.inria.fr\/geolaug\/files\/2026\/01\/brgm_logo-1024x399.png 1024w, https:\/\/project.inria.fr\/geolaug\/files\/2026\/01\/brgm_logo-768x299.png 768w, https:\/\/project.inria.fr\/geolaug\/files\/2026\/01\/brgm_logo-150x58.png 150w\" sizes=\"auto, (max-width: 1423px) 100vw, 1423px\" \/><\/a><\/figure><\/div><\/div>\n<\/div>\n\n\n\n<p>Accessing and manipulating multidimensional geotemporal data in contexts other than the traditional desktop workstation remains challenging despite the variety of mobile devices available to users, no matter their expertise. The project <strong>G\u00e9ologue Augment\u00e9 (G\u00e9olAug)<\/strong> aims to explore the specific case of geologists when they work in the field but still need access to their data and to tools that enable them to capture their observations, compare them with existing data, and iteratively sketch terrain models. Our goal is to develop knowledge and tools to effectively support the creation, long-term reuse and access to those data before, during and after field trips. The project brings together researchers from multiple domains at <a href=\"https:\/\/inria.fr\/\" data-type=\"link\" data-id=\"https:\/\/inria.fr\/\">Inria<\/a> \u2013 Data and Knowledge Representation and Processing; Geometry and Modeling; Interaction and Visualization \u2013 and multiple departments at <a href=\"https:\/\/www.brgm.fr\">BRGM<\/a>.<\/p>\n\n\n\n<p>Project coordinators: <a href=\"https:\/\/varaya.cl\/\">Vanessa Pe\u00f1a-Araya<\/a> (Inria, ILDA), <a href=\"https:\/\/pages.saclay.inria.fr\/emmanuel.pietriga\/\">Emmanuel Pietriga<\/a> (Inria, ILDA), <a href=\"https:\/\/www.linkedin.com\/in\/nicolas-gilardi-b270a81\/\">Nicolas Gilardi<\/a> (BRGM).<\/p>\n\n\n<div class=\"wp-block-image\">\n<figure class=\"aligncenter size-large\"><a href=\"https:\/\/project.inria.fr\/geolaug\/files\/2026\/01\/banner.png\"><img loading=\"lazy\" decoding=\"async\" width=\"1024\" height=\"683\" src=\"https:\/\/project.inria.fr\/geolaug\/files\/2026\/01\/banner-1024x683.png\" alt=\"\" class=\"wp-image-66\" srcset=\"https:\/\/project.inria.fr\/geolaug\/files\/2026\/01\/banner-1024x683.png 1024w, https:\/\/project.inria.fr\/geolaug\/files\/2026\/01\/banner-300x200.png 300w, https:\/\/project.inria.fr\/geolaug\/files\/2026\/01\/banner-768x512.png 768w, https:\/\/project.inria.fr\/geolaug\/files\/2026\/01\/banner-1536x1024.png 1536w, https:\/\/project.inria.fr\/geolaug\/files\/2026\/01\/banner-150x100.png 150w, https:\/\/project.inria.fr\/geolaug\/files\/2026\/01\/banner.png 1551w\" sizes=\"auto, (max-width: 1024px) 100vw, 1024px\" \/><\/a><\/figure><\/div>\n\n\n<h2 class=\"wp-block-heading\" id=\"latest-news\">Latest news<\/h2>\n\n\n\n<ul class=\"wp-block-list\">\n<li>[19\/01\/2026] <a href=\"https:\/\/yiquiapaza.github.io\/\">Yhonatan Iquiapaza<\/a> started his PhD thesis at <a href=\"https:\/\/ilda.saclay.inria.fr\/\">ILDA<\/a> as part pf WP3.<\/li>\n\n\n\n<li>[17\/09\/2025] Official kick-off of the project<\/li>\n\n\n\n<li>[01\/04\/2025] <a href=\"https:\/\/soricm.github.io\/\" data-type=\"link\" data-id=\"https:\/\/soricm.github.io\/\">Marijan Soric<\/a> started his PhD thesis at <a href=\"https:\/\/team.inria.fr\/valda\/\" data-type=\"link\" data-id=\"https:\/\/team.inria.fr\/valda\/\">Valda<\/a> and <a href=\"https:\/\/team.inria.fr\/cedar\/\" data-type=\"link\" data-id=\"https:\/\/team.inria.fr\/cedar\/\">CEDAR<\/a> as part of WP1.<\/li>\n<\/ul>\n\n\n\n<p><\/p>","protected":false},"excerpt":{"rendered":"<p>Accessing and manipulating multidimensional geotemporal data in contexts other than the traditional desktop workstation remains challenging despite the variety of mobile devices available to users, no matter their expertise. The project G\u00e9ologue Augment\u00e9 (G\u00e9olAug) aims to explore the specific case of geologists when they work in the field but still\u2026<\/p>\n<p> <a class=\"continue-reading-link\" href=\"https:\/\/project.inria.fr\/geolaug\/\"><span>Continue reading<\/span><i class=\"crycon-right-dir\"><\/i><\/a> <\/p>\n","protected":false},"author":1,"featured_media":0,"parent":0,"menu_order":0,"comment_status":"closed","ping_status":"open","template":"","meta":{"footnotes":""},"class_list":["post-4","page","type-page","status-publish","hentry"],"_links":{"self":[{"href":"https:\/\/project.inria.fr\/geolaug\/wp-json\/wp\/v2\/pages\/4","targetHints":{"allow":["GET"]}}],"collection":[{"href":"https:\/\/project.inria.fr\/geolaug\/wp-json\/wp\/v2\/pages"}],"about":[{"href":"https:\/\/project.inria.fr\/geolaug\/wp-json\/wp\/v2\/types\/page"}],"author":[{"embeddable":true,"href":"https:\/\/project.inria.fr\/geolaug\/wp-json\/wp\/v2\/users\/1"}],"replies":[{"embeddable":true,"href":"https:\/\/project.inria.fr\/geolaug\/wp-json\/wp\/v2\/comments?post=4"}],"version-history":[{"count":18,"href":"https:\/\/project.inria.fr\/geolaug\/wp-json\/wp\/v2\/pages\/4\/revisions"}],"predecessor-version":[{"id":120,"href":"https:\/\/project.inria.fr\/geolaug\/wp-json\/wp\/v2\/pages\/4\/revisions\/120"}],"wp:attachment":[{"href":"https:\/\/project.inria.fr\/geolaug\/wp-json\/wp\/v2\/media?parent=4"}],"curies":[{"name":"wp","href":"https:\/\/api.w.org\/{rel}","templated":true}]}}