

{"id":67,"date":"2022-03-09T16:47:10","date_gmt":"2022-03-09T15:47:10","guid":{"rendered":"https:\/\/project.inria.fr\/graphyz2\/?page_id=67"},"modified":"2025-02-12T16:31:06","modified_gmt":"2025-02-12T15:31:06","slug":"access","status":"publish","type":"page","link":"https:\/\/project.inria.fr\/graphyz2\/access\/","title":{"rendered":"Access"},"content":{"rendered":"<p><\/p>\n<table style=\"height: 362px;\" border=\"0\" width=\"971\" cellspacing=\"10\" cellpadding=\"10\">\n<tbody>\n<tr>\n<td align=\"left\"><img loading=\"lazy\" decoding=\"async\" class=\"alignnone size-medium wp-image-138\" src=\"https:\/\/project.inria.fr\/graphyz2\/files\/2022\/05\/Cercle-immense-bref-1024x1024-300x300.jpg\" alt=\"La Saline Royale aerial view\" width=\"300\" height=\"300\" srcset=\"https:\/\/project.inria.fr\/graphyz2\/files\/2022\/05\/Cercle-immense-bref-1024x1024-300x300.jpg 300w, https:\/\/project.inria.fr\/graphyz2\/files\/2022\/05\/Cercle-immense-bref-1024x1024-150x150.jpg 150w, https:\/\/project.inria.fr\/graphyz2\/files\/2022\/05\/Cercle-immense-bref-1024x1024-768x768.jpg 768w, https:\/\/project.inria.fr\/graphyz2\/files\/2022\/05\/Cercle-immense-bref-1024x1024.jpg 1024w\" sizes=\"auto, (max-width: 300px) 100vw, 300px\" \/><\/td>\n<td><strong>ADDRESS<\/strong><\/p>\n<p>EPCC Saline Royale<br \/>\nGrande rue, 25610 Arc-et-Senans<\/p>\n<p><strong>Closest Towns<\/strong><\/p>\n<p>Besan\u00e7on (35km) and D\u00f4le (30km)<\/td>\n<\/tr>\n<\/tbody>\n<\/table>\n<h2 class=\"title\">General information<\/h2>\n<p>The Saline is at a walking distance of the Arc-et-Senans (regional) train station, so once in France or in a close country (Switzerland, Belgium, Germany), access by train is recommended (transiting via Besan\u00e7on or D\u00f4le). In any case, when preparing your travel please prefer the train option rather than the plane option whenever possible.<\/p>\n<h2>Transportation<\/h2>\n<h3>Coming by train (recommended)<\/h3>\n<p><strong>Train Stations<\/strong><\/p>\n<ul>\n<li>Regional train station of Arc-et-Senans at 100m. <a href=\"https:\/\/m.ter.sncf.com\/bourgogne-franche-comte\" target=\"_blank\" rel=\"noopener\">See regional trains<\/a><\/li>\n<li>Direct high-speed train (TGV) from Paris (2h20) and from Lausanne (1h30), direct regional train (TER) from Lyon (2h20). <a href=\"https:\/\/www.sncf.com\/fr\"> Check the SNCF website<\/a><\/li>\n<\/ul>\n<p><strong>For instance, from Paris,<\/strong> the three following itineraries are possible:<\/p>\n<ul>\n<li><em>Option 1: From Paris center by train via D\u00f4le (easiest)<\/em>\n<ul>\n<li>High-speed train (TGV) from Paris-Gare-de-Lyon to D\u00f4le (2 hours)<\/li>\n<li>Regional train (TER) from D\u00f4le to Arc-et-Senans (20 minutes)<\/li>\n<\/ul>\n<\/li>\n<li><em>Option 2: From Paris center by train via Besan\u00e7on<\/em>\n<ul>\n<li>High-speed train (TGV) from Paris (Gare de Lyon) to Besan\u00e7on Franche-Comt\u00e9 (2 hours)<\/li>\n<li>Bus\/coach from Besan\u00e7on Franche-Comt\u00e9 to Besan\u00e7on-Viotte<\/li>\n<li>Regional train (TER) from Besan\u00e7on-Viotte to Arc-et-Senans (20 minutes)<\/li>\n<\/ul>\n<\/li>\n<li><em>Option 3: From Paris center by train and then taxi<\/em>\n<ul>\n<li>High-speed train (TGV) from Paris (Gare de Lyon) to Gare de Mouchard (1 per day)<\/li>\n<li>Taxi from Mouchard to la Saline. Taxi has to be booked a few days before (course ~20\u20ac), ask us for contact details if you need a taxi.<\/li>\n<\/ul>\n<\/li>\n<\/ul>\n<h3>Coming by plane<\/h3>\n<p><strong>Closest Airports<\/strong><\/p>\n<p>Mulhouse-Basel, Geneva, D\u00f4le\/Tavaux and Lyon. From any of these airports, the easiest to access la Saline is by train.<\/p>\n<h3>Coming by car<\/h3>\n<p><strong>Road<\/strong><\/p>\n<p>A36 exit Gendrey\/Saline royale, A39 exit Poligny.<\/p>\n<p>A free parking is available at a walking distance (50m) of the Saline.<\/p>","protected":false},"excerpt":{"rendered":"<p>ADDRESS EPCC Saline Royale Grande rue, 25610 Arc-et-Senans Closest Towns Besan\u00e7on (35km) and D\u00f4le (30km) General information The Saline is at a walking distance of the Arc-et-Senans (regional) train station, so once in France or in a close country (Switzerland, Belgium, Germany), access by train is recommended (transiting via Besan\u00e7on\u2026<\/p>\n<p> <a class=\"continue-reading-link\" href=\"https:\/\/project.inria.fr\/graphyz2\/access\/\"><span>Continue reading<\/span><i class=\"crycon-right-dir\"><\/i><\/a> <\/p>\n","protected":false},"author":387,"featured_media":0,"parent":0,"menu_order":0,"comment_status":"closed","ping_status":"closed","template":"","meta":{"footnotes":""},"class_list":["post-67","page","type-page","status-publish","hentry"],"_links":{"self":[{"href":"https:\/\/project.inria.fr\/graphyz2\/wp-json\/wp\/v2\/pages\/67","targetHints":{"allow":["GET"]}}],"collection":[{"href":"https:\/\/project.inria.fr\/graphyz2\/wp-json\/wp\/v2\/pages"}],"about":[{"href":"https:\/\/project.inria.fr\/graphyz2\/wp-json\/wp\/v2\/types\/page"}],"author":[{"embeddable":true,"href":"https:\/\/project.inria.fr\/graphyz2\/wp-json\/wp\/v2\/users\/387"}],"replies":[{"embeddable":true,"href":"https:\/\/project.inria.fr\/graphyz2\/wp-json\/wp\/v2\/comments?post=67"}],"version-history":[{"count":26,"href":"https:\/\/project.inria.fr\/graphyz2\/wp-json\/wp\/v2\/pages\/67\/revisions"}],"predecessor-version":[{"id":356,"href":"https:\/\/project.inria.fr\/graphyz2\/wp-json\/wp\/v2\/pages\/67\/revisions\/356"}],"wp:attachment":[{"href":"https:\/\/project.inria.fr\/graphyz2\/wp-json\/wp\/v2\/media?parent=67"}],"curies":[{"name":"wp","href":"https:\/\/api.w.org\/{rel}","templated":true}]}}