

{"id":73,"date":"2022-03-09T16:49:59","date_gmt":"2022-03-09T15:49:59","guid":{"rendered":"https:\/\/project.inria.fr\/graphyz2\/?page_id=73"},"modified":"2025-02-12T16:32:21","modified_gmt":"2025-02-12T15:32:21","slug":"contact","status":"publish","type":"page","link":"https:\/\/project.inria.fr\/graphyz2\/contact\/","title":{"rendered":"Contact"},"content":{"rendered":"<p>To contact the organizers, please send an email to <a href=\"mailto:graphyz@inria.fr\">graphyz@inria.fr<\/a>. You will reach all the people listed below.<\/p>\n<h2>Scientific Organization<\/h2>\n<ul>\n<li>Basile Audoly (CNRS &#8211; \u00c9cole Polytechnique)<\/li>\n<li>Florence Bertails-Descoubes (Inria &#8211; LJK)<\/li>\n<li>Beno\u00eet Roman (CNRS &#8211; ESPCI)<\/li>\n<li>M\u00e9lina Skouras (Inria &#8211; LJK)<\/li>\n<\/ul>\n<h2>Local Organization<\/h2>\n<ul>\n<li>Julia Di-Toro (Inria)<\/li>\n<\/ul>\n<h2>Website<\/h2>\n<ul>\n<li>Laurence Boissieux (Inria)<\/li>\n<li>Florence Bertails-Descoubes (Inria &#8211; LJK)<\/li>\n<\/ul>\n<p><\/p>","protected":false},"excerpt":{"rendered":"<p>To contact the organizers, please send an email to graphyz@inria.fr. You will reach all the people listed below. Scientific Organization Basile Audoly (CNRS &#8211; \u00c9cole Polytechnique) Florence Bertails-Descoubes (Inria &#8211; LJK) Beno\u00eet Roman (CNRS &#8211; ESPCI) M\u00e9lina Skouras (Inria &#8211; LJK) Local Organization Julia Di-Toro (Inria) Website Laurence Boissieux (Inria)\u2026<\/p>\n<p> <a class=\"continue-reading-link\" href=\"https:\/\/project.inria.fr\/graphyz2\/contact\/\"><span>Continue reading<\/span><i class=\"crycon-right-dir\"><\/i><\/a> <\/p>\n","protected":false},"author":387,"featured_media":0,"parent":0,"menu_order":0,"comment_status":"closed","ping_status":"closed","template":"","meta":{"footnotes":""},"class_list":["post-73","page","type-page","status-publish","hentry"],"_links":{"self":[{"href":"https:\/\/project.inria.fr\/graphyz2\/wp-json\/wp\/v2\/pages\/73","targetHints":{"allow":["GET"]}}],"collection":[{"href":"https:\/\/project.inria.fr\/graphyz2\/wp-json\/wp\/v2\/pages"}],"about":[{"href":"https:\/\/project.inria.fr\/graphyz2\/wp-json\/wp\/v2\/types\/page"}],"author":[{"embeddable":true,"href":"https:\/\/project.inria.fr\/graphyz2\/wp-json\/wp\/v2\/users\/387"}],"replies":[{"embeddable":true,"href":"https:\/\/project.inria.fr\/graphyz2\/wp-json\/wp\/v2\/comments?post=73"}],"version-history":[{"count":5,"href":"https:\/\/project.inria.fr\/graphyz2\/wp-json\/wp\/v2\/pages\/73\/revisions"}],"predecessor-version":[{"id":357,"href":"https:\/\/project.inria.fr\/graphyz2\/wp-json\/wp\/v2\/pages\/73\/revisions\/357"}],"wp:attachment":[{"href":"https:\/\/project.inria.fr\/graphyz2\/wp-json\/wp\/v2\/media?parent=73"}],"curies":[{"name":"wp","href":"https:\/\/api.w.org\/{rel}","templated":true}]}}