

{"id":79,"date":"2022-03-09T16:52:18","date_gmt":"2022-03-09T15:52:18","guid":{"rendered":"https:\/\/project.inria.fr\/graphyz2\/?page_id=79"},"modified":"2022-10-20T13:52:29","modified_gmt":"2022-10-20T11:52:29","slug":"program","status":"publish","type":"page","link":"https:\/\/project.inria.fr\/graphyz2\/program\/","title":{"rendered":"Program"},"content":{"rendered":"<p><\/p>\n<h3>Schedule<\/h3>\n<p>Graphyz2 will start <strong>from October 16 evening before dinner time<\/strong>, and will end <strong>October 19 after lunch time<\/strong>. Plan to arrive at the Saline on Sunday 16 before 7pm!<\/p>\n<p>Accommodation and meals will <strong>all be on-site<\/strong>, inside the exceptional site of the <a href=\"https:\/\/www.salineroyale.com\/\">Saline Royale of Arc-et-Senans<\/a>.\u00a0 See <a href=\"https:\/\/project.inria.fr\/graphyz2\/access\/\">here<\/a> for practical information on how to access the event, and <a href=\"https:\/\/project.inria.fr\/graphyz2\/accomodation\/\">here<\/a> for practical information regarding accommodation.<\/p>\n<hr \/>\n<h3>Arrival &#8211; 16 oct 2022<\/h3>\n<hr \/>\n<ul>\n<li>\n<h6>16h00 &#8211; 19h30: Welcome (Salle Migeon), badge and room key retrieval<\/h6>\n<\/li>\n<li>\n<h6>19h30 &#8211; 21h30: Buffet d\u00eenatoire (not accessible after 21h00)<\/h6>\n<\/li>\n<\/ul>\n<hr \/>\n<h3>First Day &#8211; 17 oct 2022<\/h3>\n<hr \/>\n<ul>\n<li>\n<h6>9h00 &#8211; 10h00: <strong>Opening session<\/strong><\/h6>\n<ul>\n<li>9h00 &#8211; 9h15. <strong>Short introduction<\/strong><br \/>\n<em>Basile Audoly (CNRS &#8211; \u00c9cole Polytechnique), Florence Bertails-Descoubes (Inria &#8211; LJK),\u00a0 Beno\u00eet Roman (PMMH) &amp; M\u00e9lina Skouras (Inria &#8211; LJK)<\/em><\/li>\n<li>9h15 &#8211; 10h00. <strong>Keynote:\u00a0Is Physics-Based Animation Even A Thing?!\u00a0<\/strong><br \/>\n<em>Ken Museth (Nvidia)<\/em><\/li>\n<\/ul>\n<\/li>\n<li>\n<h6>10h &#8211; 11h10. <strong>Keynote in Duet:\u00a0Knitted and Woven Fabric<\/strong><\/h6>\n<p><em>Steve Marschner (Cornell University) &amp; Fr\u00e9d\u00e9ric L\u00e9chenault (ENS Paris)<\/em><\/li>\n<li>\n<h6>11h10 &#8211; 11h40. Coffee break<\/h6>\n<\/li>\n<li>\n<h6>11h40 &#8211; 12h30.\u00a0<strong>Contributed Talks Session 1:\u00a0COIL, TANGLE &amp; RUB <\/strong><em>(Session Chair: Maud Marchal)<\/em><\/h6>\n<details>\n<ul>\n<li>The Design Space of Kirchhoff Rods,\u00a0<em>Christian Hafner (ISTA)<\/em><\/li>\n<li>Investigating the compaction of open ring stacks through real and numerical experiments, <em>Emile Hohnadel (Inria Grenoble)<\/em><\/li>\n<li>Simulation of slender flexible structures and virtual product creation in the digital automotive factory, <em>Joachim Linn (Fraunhofer ITWM)<\/em><\/li>\n<li>Multi-stable elastic knots with self-contact, <em>Michele Vidulis (EPFL)<\/em><\/li>\n<li><span style=\"font-family: 'Source Sans Pro';\">Incremental Potential Contact &#8211; Simulating Elasticity and Contact with Guarantees,\u00a0<em>Danny Kaufman (Adobe)<\/em><\/span><\/li>\n<\/ul>\n<\/details>\n<\/li>\n<li>\n<h6>12h30 &#8211; 14h00. Lunch<\/h6>\n<\/li>\n<li>\n<h6>14h10 &#8211; 15h20. <strong>Keynote in Duet:\u00a0Fluid for thoughts<\/strong><\/h6>\n<p><em>Mathieu Desbrun (Inria Saclay &#8211; \u00c9cole Polytechnique) &amp;\u00a0St\u00e9phane Popinet (CNRS &#8211; Sorbonne Universit\u00e9)<\/em><\/li>\n<li>\n<h6>15h30 &#8211; 16h10.\u00a0<strong>Contributed Talks Session 2: HEAR, LEARN &amp; PROPAGATE <\/strong><em>(Session Chair: Isabelle Cantat)<\/em><\/h6>\n<details>\n<ul>\n<li><span style=\"font-family: 'Source Sans Pro';\">Fundamental Sources for Water Waves animation,\u00a0<em>Camille Schreck (Inria Nancy)<\/em><\/span><\/li>\n<li><span style=\"font-family: 'Source Sans Pro';\">Computation of audible reverb characteristics of rooms,\u00a0<em>Paul Kry<\/em>\u00a0(Mc Gill)<\/span><\/li>\n<li>Towards a real-time simulator of flow diverters deployment based on machine learning-based model order reduction,\u00a0<em>Beatrice Bisighini (\u00c9cole des Mines de Saint-Etienne)<\/em><\/li>\n<li>Reduced-order modeling using neural networks,\u00a0<em>Eitan Grinspun (University of Toronto)<\/em><\/li>\n<\/ul>\n<\/details>\n<\/li>\n<li>\n<h6>16h30 &#8211; 17h30.\u00a0<em>Guided Tour of the Saline Royale<\/em><\/h6>\n<\/li>\n<li>\n<h6>17h30 &#8211; 18h30. Free time<\/h6>\n<\/li>\n<li>\n<h6>18h30 &#8211; 19h30. <em>Ap\u00e9ritif<\/em><\/h6>\n<\/li>\n<li>\n<h6>19h30: Dinner<\/h6>\n<\/li>\n<\/ul>\n<hr \/>\n<h3>Second Day &#8211; 18 oct 2022<\/h3>\n<hr \/>\n<ul>\n<li>\n<h6>9h &#8211; 10h10. <strong>Keynote in Duet: Bubbles and Foams<\/strong><\/h6>\n<p><em>Chris Wojtan (ISTA) &amp; Isabelle Cantat (Universit\u00e9 de Rennes)<\/em><\/li>\n<li>\n<h6>10h20 &#8211; 10h50.\u00a0<strong>Contributed Talks Session 3:\u00a0PULL, POP &amp; CRACK <\/strong><em>(Session Chair: Camille Schreck)<\/em><\/h6>\n<details>\n<ul>\n<li><span style=\"font-family: 'Source Sans Pro';\">Modeling granular media by combining elastic-viscoplastic mu(I) rheology and critical state soil mechanics,\u00a0<em>Lars Blatny<\/em>\u00a0(EPFL)<\/span><\/li>\n<li><span style=\"font-family: 'Source Sans Pro';\">Sponge-like granular media,\u00a0<em>Samuel Poincloux (The University of Tokyo)<\/em><\/span><\/li>\n<li>Nucleation and morphogenesis of cracks: a structural stability problem,\u00a0<em>Corrado Maurini (Sorbonne Universit\u00e9)<\/em><\/li>\n<\/ul>\n<\/details>\n<\/li>\n<li>\n<h6>10h50 &#8211; 11h20. Coffee break<\/h6>\n<\/li>\n<li>\n<h6>11h20 &#8211; 12h30.\u00a0<strong>Keynote in Duet: Wrinkles<\/strong><\/h6>\n<p><em>M\u00e9lina Skouras (Inria Grenoble &#8211; Laboratoire Jean Kuntzmann) &amp; Hillel Aharoni (Weizmann Institute of Science)<\/em><\/li>\n<li>\n<h6>12h30 &#8211; 14h00. Lunch<\/h6>\n<\/li>\n<li>\n<h6>14h10 &#8211; 14h50.\u00a0<strong>Contributed Talks Session 4:\u00a0FLATTEN &amp; CREASE <\/strong><em>(Session Chair: Stefanie Hahmann)<\/em><\/h6>\n<details>\n<ul>\n<li>Wrinkle Fields as a Representation of Wrinkles on Coarse Meshes,\u00a0<em>Etienne Vouga (The University of Texas at Austin)<\/em><\/li>\n<li>Biomechanical study on the roles of the skin and hypodermis on facial sagging,\u00a0<em>Roberto Santoprete (L&#8217;Or\u00e9al Recherche)<\/em><\/li>\n<li>One-Dimensional Modelling of Developable Thin-Walled Structures,\u00a0<em>Benjamin Bauer (Fraunhofer ITWM)<\/em><\/li>\n<li>Fitting Mechanical Parameters From Data for Cloth Simulation in a Production Environment,\u00a0<em>Jos\u00e9 Maria\u00a0<\/em><em>Pizana Garc\u00eda (SEDDI)<\/em><\/li>\n<\/ul>\n<\/details>\n<\/li>\n<li>\n<h6>15h00 &#8211; 16h10. <strong>Keynote in Duet:\u00a0Programmable Materials<\/strong><\/h6>\n<p><em>Sylvain Lefebvre (Inria Nancy) &amp; Corentin Coulais (University of Amsterdam)<\/em><\/li>\n<li>\n<h6>16h20 &#8211; 17h00.\u00a0<strong>Contributed Talks Session 5:\u00a0FABRICATE &amp; DEPLOY <\/strong><em>(Session Chair: Hillel Aharoni)<\/em><\/h6>\n<details>\n<ul>\n<li>Topology generation for architectural surfaces,\u00a0<em>Romane Boutilier (Laboratoire Navier)<\/em><\/li>\n<li>Umbrella Meshes: Elastic Mechanisms for Freeform Shape Deployment,\u00a0<em>Yingying Ren and Uday Kusupati (EPFL)<\/em><\/li>\n<li>Computational Design of Laser-Cut Bending-Active Structures,\u00a0<em>Emmanuel Rodriguez (Inria Grenoble)<\/em><\/li>\n<li>Design and Manufacture of soft structures, actuators and sensors assisted by numerical simulations,\u00a0<em>Alejandro Ibarra (ESPCI &#8211; PMMH)<\/em><\/li>\n<\/ul>\n<\/details>\n<\/li>\n<li>\n<h6>17h00 &#8211; 19h00. Coffee break, Group picture, and free time<\/h6>\n<\/li>\n<li>\n<h6>19h00 &#8211; 20h30. <em>Jazz concert (offered by La Saline)<\/em><\/h6>\n<\/li>\n<li>\n<h6>20h30: Dinner<\/h6>\n<\/li>\n<\/ul>\n<hr \/>\n<h3>Third Day &#8211; 19 oct 2022<\/h3>\n<hr \/>\n<ul>\n<li>\n<h6>9h00 &#8211; 10h10. <strong>Keynote in Duet:\u00a0Crowds<\/strong><\/h6>\n<p><em>Julien Pettr\u00e9 (Inria Rennes) &amp; C\u00e9cile Appert-Rolland (CNRS &#8211; Orsay)<\/em><\/li>\n<li>\n<h6>10h20 &#8211; 11h30. <strong>Keynote in Duet:\u00a0Validation in Graphics and Physics<\/strong><\/h6>\n<p><em>Florence Bertails-Descoubes (Inria Grenoble &#8211; Laboratoire Jean Kuntzmann) &amp; S\u00e9bastien Neukirch (CNRS &#8211; Sorbonne Universit\u00e9)<\/em><\/li>\n<li>\n<h6>11h35 &#8211; 12h00. <strong>Conclusion &amp; Wrap-up<\/strong><\/h6>\n<\/li>\n<li>\n<h6>12h00. Lunch<\/h6>\n<\/li>\n<\/ul>\n<p>&nbsp;<\/p>\n<hr \/>\n<h3>Confirmed Keynote Sessions<\/h3>\n<hr \/>\n<p>As in the first edition, the program will comprise a number of keynotes presented in duets (one computer scientist &amp; one physicist).<\/p>\n<ul>\n<li><strong>Opening:<\/strong> Ken Museth (Nvidia)<\/li>\n<li><strong>Knitted and Woven Fabric:<\/strong> Steve Marschner (Cornell University) &amp; Fr\u00e9d\u00e9ric L\u00e9chenault (ENS Paris)<\/li>\n<li><strong>Computational Fluids:<\/strong> Mathieu Desbrun (Inria Saclay &#8211; \u00c9cole Polytechnique) &amp;\u00a0St\u00e9phane Popinet (CNRS &#8211; Sorbonne Universit\u00e9)<\/li>\n<li><strong>Bubbles and Foams:<\/strong> Chris Wojtan (ISTA) &amp; Isabelle Cantat (Universit\u00e9 de Rennes)<\/li>\n<li><strong>Folds:<\/strong> M\u00e9lina Skouras (Inria Grenoble &#8211; Laboratoire Jean Kuntzmann) &amp; Hillel Aharoni (Weizmann Institute of Science)<\/li>\n<li><strong>Programmable Materials:<\/strong> Sylvain Lefebvre (Inria Nancy) &amp; Corentin Coulais (University of Amsterdam)<\/li>\n<li><strong>Crowds:<\/strong> Julien Pettr\u00e9 (Inria Rennes) &amp; C\u00e9cile Appert-Rolland (CNRS &#8211; Orsay)<\/li>\n<li><strong>Validation in Graphics and Physics:<\/strong> Florence Bertails-Descoubes (Inria Grenoble &#8211; Laboratoire Jean Kuntzmann) &amp; S\u00e9bastien Neukirch (CNRS &#8211; Sorbonne Universit\u00e9)<\/li>\n<\/ul>\n<hr \/>\n<h3>Call for contributions<\/h3>\n<hr \/>\n<p>This second edition will include sessions with contributed talks on topics related to the interface between Computer Graphics and Physics. A\u00a0<a href=\"https:\/\/project.inria.fr\/graphyz2\/registration\/\">call for submissions<\/a> was announced before the summer (closed now).<\/p>","protected":false},"excerpt":{"rendered":"<p>Schedule Graphyz2 will start from October 16 evening before dinner time, and will end October 19 after lunch time. Plan to arrive at the Saline on Sunday 16 before 7pm! Accommodation and meals will all be on-site, inside the exceptional site of the Saline Royale of Arc-et-Senans.\u00a0 See here for\u2026<\/p>\n<p> <a class=\"continue-reading-link\" href=\"https:\/\/project.inria.fr\/graphyz2\/program\/\"><span>Continue reading<\/span><i class=\"crycon-right-dir\"><\/i><\/a> <\/p>\n","protected":false},"author":387,"featured_media":0,"parent":0,"menu_order":0,"comment_status":"closed","ping_status":"closed","template":"","meta":{"footnotes":""},"class_list":["post-79","page","type-page","status-publish","hentry"],"_links":{"self":[{"href":"https:\/\/project.inria.fr\/graphyz2\/wp-json\/wp\/v2\/pages\/79","targetHints":{"allow":["GET"]}}],"collection":[{"href":"https:\/\/project.inria.fr\/graphyz2\/wp-json\/wp\/v2\/pages"}],"about":[{"href":"https:\/\/project.inria.fr\/graphyz2\/wp-json\/wp\/v2\/types\/page"}],"author":[{"embeddable":true,"href":"https:\/\/project.inria.fr\/graphyz2\/wp-json\/wp\/v2\/users\/387"}],"replies":[{"embeddable":true,"href":"https:\/\/project.inria.fr\/graphyz2\/wp-json\/wp\/v2\/comments?post=79"}],"version-history":[{"count":63,"href":"https:\/\/project.inria.fr\/graphyz2\/wp-json\/wp\/v2\/pages\/79\/revisions"}],"predecessor-version":[{"id":332,"href":"https:\/\/project.inria.fr\/graphyz2\/wp-json\/wp\/v2\/pages\/79\/revisions\/332"}],"wp:attachment":[{"href":"https:\/\/project.inria.fr\/graphyz2\/wp-json\/wp\/v2\/media?parent=79"}],"curies":[{"name":"wp","href":"https:\/\/api.w.org\/{rel}","templated":true}]}}