

{"id":232,"date":"2018-04-20T21:19:23","date_gmt":"2018-04-20T19:19:23","guid":{"rendered":"https:\/\/project.inria.fr\/gtecmrv\/?page_id=232"},"modified":"2018-12-03T11:57:27","modified_gmt":"2018-12-03T10:57:27","slug":"participants","status":"publish","type":"page","link":"https:\/\/project.inria.fr\/gtecmrv\/participants\/","title":{"rendered":"Participants"},"content":{"rendered":"<p>Les journ\u00e9es ont regroup\u00e9 une trentaine de personnes, \u00e0 la fois du domaine acad\u00e9mique et industriel.<\/p>\n<p><a href=\"https:\/\/project.inria.fr\/gtecmrv\/files\/2018\/04\/20180419_101155.jpg\"><img loading=\"lazy\" decoding=\"async\" class=\"alignnone wp-image-233\" src=\"https:\/\/project.inria.fr\/gtecmrv\/files\/2018\/04\/20180419_101155-300x146.jpg\" alt=\"\" width=\"728\" height=\"354\" srcset=\"https:\/\/project.inria.fr\/gtecmrv\/files\/2018\/04\/20180419_101155-300x146.jpg 300w, https:\/\/project.inria.fr\/gtecmrv\/files\/2018\/04\/20180419_101155-768x373.jpg 768w, https:\/\/project.inria.fr\/gtecmrv\/files\/2018\/04\/20180419_101155-1024x498.jpg 1024w, https:\/\/project.inria.fr\/gtecmrv\/files\/2018\/04\/20180419_101155-150x73.jpg 150w, https:\/\/project.inria.fr\/gtecmrv\/files\/2018\/04\/20180419_101155.jpg 1168w\" sizes=\"auto, (max-width: 728px) 100vw, 728px\" \/><\/a><\/p>\n<table style=\"height: 1113px;\" width=\"968\">\n<tbody>\n<tr>\n<td width=\"83\" data-sheets-value=\"{&quot;1&quot;:2,&quot;2&quot;:&quot;Nom&quot;}\"><strong>Nom<\/strong><\/td>\n<td width=\"83\" data-sheets-value=\"{&quot;1&quot;:2,&quot;2&quot;:&quot;Pr\u00e9nom&quot;}\"><strong>Pr\u00e9nom<\/strong><\/td>\n<td width=\"221\" data-sheets-value=\"{&quot;1&quot;:2,&quot;2&quot;:&quot;\u00c9tablissement&quot;}\"><strong>\u00c9tablissement<\/strong><\/td>\n<td width=\"222\" data-sheets-value=\"{&quot;1&quot;:2,&quot;2&quot;:&quot;Contact mail&quot;}\"><strong>Contact mail<\/strong><\/td>\n<\/tr>\n<tr>\n<td width=\"83\" data-sheets-value=\"{&quot;1&quot;:2,&quot;2&quot;:&quot;Bataille&quot;}\">Bataille<\/td>\n<td width=\"83\" data-sheets-value=\"{&quot;1&quot;:2,&quot;2&quot;:&quot;Guillaume&quot;}\">Guillaume<\/td>\n<td width=\"221\" data-sheets-value=\"{&quot;1&quot;:2,&quot;2&quot;:&quot;IRISA Hybrid&quot;}\">IRISA Hybrid<\/td>\n<td width=\"222\" data-sheets-value=\"{&quot;1&quot;:2,&quot;2&quot;:&quot;guillaume.bataille@irisa.fr&quot;}\">guillaume.bataille@irisa.fr<\/td>\n<\/tr>\n<tr>\n<td width=\"83\" data-sheets-value=\"{&quot;1&quot;:2,&quot;2&quot;:&quot;Bechmann&quot;}\">Bechmann<\/td>\n<td width=\"83\" data-sheets-value=\"{&quot;1&quot;:2,&quot;2&quot;:&quot;Dominique&quot;}\">Dominique<\/td>\n<td width=\"221\" data-sheets-value=\"{&quot;1&quot;:2,&quot;2&quot;:&quot;Universit\u00e9 de Strasbourg&quot;}\">Universit\u00e9 de Strasbourg<\/td>\n<td width=\"222\" data-sheets-value=\"{&quot;1&quot;:2,&quot;2&quot;:&quot;bechmann@unistra.fr&quot;}\">bechmann@unistra.fr<\/td>\n<\/tr>\n<tr>\n<td width=\"83\" data-sheets-value=\"{&quot;1&quot;:2,&quot;2&quot;:&quot;Boulid&quot;}\">Boulid<\/td>\n<td width=\"83\" data-sheets-value=\"{&quot;1&quot;:2,&quot;2&quot;:&quot;Youssef&quot;}\">Youssef<\/td>\n<td width=\"221\" data-sheets-value=\"{&quot;1&quot;:2,&quot;2&quot;:&quot;Universit\u00e9 de bourgogne&quot;}\">Universit\u00e9 de bourgogne<\/td>\n<td width=\"222\" data-sheets-value=\"{&quot;1&quot;:2,&quot;2&quot;:&quot;y.boulid@gmail.com&quot;}\">y.boulid@gmail.com<\/td>\n<\/tr>\n<tr>\n<td width=\"83\" data-sheets-value=\"{&quot;1&quot;:2,&quot;2&quot;:&quot;Bouyer&quot;}\">Bouyer<\/td>\n<td width=\"83\" data-sheets-value=\"{&quot;1&quot;:2,&quot;2&quot;:&quot;Guillaume&quot;}\">Guillaume<\/td>\n<td width=\"221\" data-sheets-value=\"{&quot;1&quot;:2,&quot;2&quot;:&quot;IBISC - Universit\u00e9 d'Evry&quot;}\">IBISC &#8211; Universit\u00e9 d&rsquo;Evry<\/td>\n<td width=\"222\" data-sheets-value=\"{&quot;1&quot;:2,&quot;2&quot;:&quot;guillaume.bouyer@ensiie.fr&quot;}\">guillaume.bouyer@ensiie.fr<\/td>\n<\/tr>\n<tr>\n<td width=\"83\" data-sheets-value=\"{&quot;1&quot;:2,&quot;2&quot;:&quot;Chellali&quot;}\">Chellali<\/td>\n<td width=\"83\" data-sheets-value=\"{&quot;1&quot;:2,&quot;2&quot;:&quot;Amine&quot;}\">Amine<\/td>\n<td width=\"221\" data-sheets-value=\"{&quot;1&quot;:2,&quot;2&quot;:&quot;Laboratoire IBISC, Univ Evry-Universit\u00e9 Paris Saclay&quot;}\">Laboratoire IBISC, Univ Evry-Universit\u00e9 Paris Saclay<\/td>\n<td width=\"222\" data-sheets-value=\"{&quot;1&quot;:2,&quot;2&quot;:&quot;amine.chellali@ibisc.fr&quot;}\">amine.chellali@ibisc.fr<\/td>\n<\/tr>\n<tr>\n<td width=\"83\" data-sheets-value=\"{&quot;1&quot;:2,&quot;2&quot;:&quot;Couland&quot;}\">Couland<\/td>\n<td width=\"83\" data-sheets-value=\"{&quot;1&quot;:2,&quot;2&quot;:&quot;Quentin&quot;}\">Quentin<\/td>\n<td width=\"221\" data-sheets-value=\"{&quot;1&quot;:2,&quot;2&quot;:&quot;LIUM (IUT de Laval)&quot;}\">LIUM (IUT de Laval)<\/td>\n<td width=\"222\" data-sheets-value=\"{&quot;1&quot;:2,&quot;2&quot;:&quot;quentin.couland@univ-lemans.fr&quot;}\">quentin.couland@univ-lemans.fr<\/td>\n<\/tr>\n<tr>\n<td width=\"83\" data-sheets-value=\"{&quot;1&quot;:2,&quot;2&quot;:&quot;Dumas&quot;}\">Dumas<\/td>\n<td width=\"83\" data-sheets-value=\"{&quot;1&quot;:2,&quot;2&quot;:&quot;C\u00e9dric&quot;}\">C\u00e9dric<\/td>\n<td width=\"221\" data-sheets-value=\"{&quot;1&quot;:2,&quot;2&quot;:&quot;IMT Atlantique&quot;}\">IMT Atlantique<\/td>\n<td width=\"222\" data-sheets-value=\"{&quot;1&quot;:2,&quot;2&quot;:&quot;cedric.dumas@imt-atlantique.fr&quot;}\">cedric.dumas@imt-atlantique.fr<\/td>\n<\/tr>\n<tr>\n<td width=\"83\" data-sheets-value=\"{&quot;1&quot;:2,&quot;2&quot;:&quot;DUMONT&quot;}\">DUMONT<\/td>\n<td width=\"83\" data-sheets-value=\"{&quot;1&quot;:2,&quot;2&quot;:&quot;Georges&quot;}\">Georges<\/td>\n<td width=\"221\" data-sheets-value=\"{&quot;1&quot;:2,&quot;2&quot;:&quot;ENS Rennes - MimeTic&quot;}\">ENS Rennes &#8211; MimeTic<\/td>\n<td width=\"222\" data-sheets-value=\"{&quot;1&quot;:2,&quot;2&quot;:&quot;georges.dumont@ens-rennes.fr&quot;}\">georges.dumont@ens-rennes.fr<\/td>\n<\/tr>\n<tr>\n<td width=\"83\" data-sheets-value=\"{&quot;1&quot;:2,&quot;2&quot;:&quot;Fabbro&quot;}\">Fabbro<\/td>\n<td width=\"83\" data-sheets-value=\"{&quot;1&quot;:2,&quot;2&quot;:&quot;Eleonora&quot;}\">Eleonora<\/td>\n<td width=\"221\" data-sheets-value=\"{&quot;1&quot;:2,&quot;2&quot;:&quot;Soci\u00e9t\u00e9 MIMBUS&quot;}\">Soci\u00e9t\u00e9 MIMBUS<\/td>\n<td width=\"222\" data-sheets-value=\"{&quot;1&quot;:2,&quot;2&quot;:&quot;eleonora.fabbro@mimbus.com&quot;}\">eleonora.fabbro@mimbus.com<\/td>\n<\/tr>\n<tr>\n<td width=\"83\" data-sheets-value=\"{&quot;1&quot;:2,&quot;2&quot;:&quot;Fribourg&quot;}\">Fribourg<\/td>\n<td width=\"83\" data-sheets-value=\"{&quot;1&quot;:2,&quot;2&quot;:&quot;Rebecca&quot;}\">Rebecca<\/td>\n<td width=\"221\" data-sheets-value=\"{&quot;1&quot;:2,&quot;2&quot;:&quot;Inria Rennes&quot;}\">Inria Rennes<\/td>\n<td width=\"222\" data-sheets-value=\"{&quot;1&quot;:2,&quot;2&quot;:&quot;rebecca.fribourg@inria.fr&quot;}\">rebecca.fribourg@inria.fr<\/td>\n<\/tr>\n<tr>\n<td width=\"83\" data-sheets-value=\"{&quot;1&quot;:2,&quot;2&quot;:&quot;Hamon&quot;}\">Gibet<\/p>\n<p>Hamon<\/td>\n<td width=\"83\" data-sheets-value=\"{&quot;1&quot;:2,&quot;2&quot;:&quot;Ludovic&quot;}\">Sylvie<\/p>\n<p>Ludovic<\/td>\n<td width=\"221\" data-sheets-value=\"{&quot;1&quot;:2,&quot;2&quot;:&quot;Laboratoire d'Informatique de l'Universit\u00e9 du Mans&quot;}\">IRISA Vannes<\/p>\n<p>Laboratoire d&rsquo;Informatique de l&rsquo;Universit\u00e9 du Mans<\/td>\n<td width=\"222\" data-sheets-value=\"{&quot;1&quot;:2,&quot;2&quot;:&quot;ludovic.hamon@univ-lemans.fr&quot;}\">sylvie.gibet@univ-ubs.fr<\/p>\n<p>ludovic.hamon@univ-lemans.fr<\/td>\n<\/tr>\n<tr>\n<td width=\"83\" data-sheets-value=\"{&quot;1&quot;:2,&quot;2&quot;:&quot;Hilt&quot;}\">Hilt<\/td>\n<td width=\"83\" data-sheets-value=\"{&quot;1&quot;:2,&quot;2&quot;:&quot;Simon&quot;}\">Simon<\/td>\n<td width=\"221\" data-sheets-value=\"{&quot;1&quot;:2,&quot;2&quot;:&quot;IRISA&quot;}\">IRISA<\/td>\n<td width=\"222\" data-sheets-value=\"{&quot;1&quot;:2,&quot;2&quot;:&quot;simon.hilt@irisa.fr&quot;}\">simon.hilt@irisa.fr<\/td>\n<\/tr>\n<tr>\n<td width=\"83\" data-sheets-value=\"{&quot;1&quot;:2,&quot;2&quot;:&quot;Hoyet&quot;}\">Hoyet<\/td>\n<td width=\"83\" data-sheets-value=\"{&quot;1&quot;:2,&quot;2&quot;:&quot;Ludovic&quot;}\">Ludovic<\/td>\n<td width=\"221\" data-sheets-value=\"{&quot;1&quot;:2,&quot;2&quot;:&quot;Inria&quot;}\">Inria<\/td>\n<td width=\"222\" data-sheets-value=\"{&quot;1&quot;:2,&quot;2&quot;:&quot;ludovic.hoyet@inria.fr&quot;}\">ludovic.hoyet@inria.fr<\/td>\n<\/tr>\n<tr>\n<td width=\"83\" data-sheets-value=\"{&quot;1&quot;:2,&quot;2&quot;:&quot;Kulpa&quot;}\">Kulpa<\/td>\n<td width=\"83\" data-sheets-value=\"{&quot;1&quot;:2,&quot;2&quot;:&quot;Richard&quot;}\">Richard<\/td>\n<td width=\"221\" data-sheets-value=\"{&quot;1&quot;:2,&quot;2&quot;:&quot;Laboratoire M2S - Universit\u00e9 Rennes 2&quot;}\">Laboratoire M2S &#8211; Universit\u00e9 Rennes 2<\/td>\n<td width=\"222\" data-sheets-value=\"{&quot;1&quot;:2,&quot;2&quot;:&quot;richard.kulpa@univ-rennes2.fr&quot;}\">richard.kulpa@univ-rennes2.fr<\/td>\n<\/tr>\n<tr>\n<td width=\"83\" data-sheets-value=\"{&quot;1&quot;:2,&quot;2&quot;:&quot;Mestre&quot;}\">Mestre<\/td>\n<td width=\"83\" data-sheets-value=\"{&quot;1&quot;:2,&quot;2&quot;:&quot;Daniel&quot;}\">Daniel<\/td>\n<td width=\"221\" data-sheets-value=\"{&quot;1&quot;:2,&quot;2&quot;:&quot;ISM, Marseille&quot;}\">ISM, Marseille<\/td>\n<td width=\"222\" data-sheets-value=\"{&quot;1&quot;:2,&quot;2&quot;:&quot;daniel.mestre@univ-amu.fr&quot;}\">daniel.mestre@univ-amu.fr<\/td>\n<\/tr>\n<tr>\n<td width=\"83\" data-sheets-value=\"{&quot;1&quot;:2,&quot;2&quot;:&quot;MORICE&quot;}\">MORICE<\/td>\n<td width=\"83\" data-sheets-value=\"{&quot;1&quot;:2,&quot;2&quot;:&quot;Antoine&quot;}\">Antoine<\/td>\n<td width=\"221\" data-sheets-value=\"{&quot;1&quot;:2,&quot;2&quot;:&quot;UMR7287 Institut des Sciences du Mouvement Etienne-Jules MAREY&quot;}\">UMR7287 Institut des Sciences du Mouvement Etienne-Jules MAREY<\/td>\n<td width=\"222\" data-sheets-value=\"{&quot;1&quot;:2,&quot;2&quot;:&quot;antoine.morice@univ-amu.fr&quot;}\">antoine.morice@univ-amu.fr<\/td>\n<\/tr>\n<tr>\n<td width=\"83\" data-sheets-value=\"{&quot;1&quot;:2,&quot;2&quot;:&quot;MULLER&quot;}\">MULLER<\/td>\n<td width=\"83\" data-sheets-value=\"{&quot;1&quot;:2,&quot;2&quot;:&quot;Antoine&quot;}\">Antoine<\/td>\n<td width=\"221\" data-sheets-value=\"{&quot;1&quot;:2,&quot;2&quot;:&quot;ENS Rennes, IRISA\/MimeTIC&quot;}\">ENS Rennes, IRISA\/MimeTIC<\/td>\n<td width=\"222\" data-sheets-value=\"{&quot;1&quot;:2,&quot;2&quot;:&quot;antoine.muller@ens-rennes.fr&quot;}\">antoine.muller@ens-rennes.fr<\/td>\n<\/tr>\n<tr>\n<td width=\"83\" data-sheets-value=\"{&quot;1&quot;:2,&quot;2&quot;:&quot;Multon&quot;}\">Multon<\/td>\n<td width=\"83\" data-sheets-value=\"{&quot;1&quot;:2,&quot;2&quot;:&quot;Franck&quot;}\">Franck<\/td>\n<td width=\"221\" data-sheets-value=\"{&quot;1&quot;:2,&quot;2&quot;:&quot;Universit\u00e9 Rennes2&quot;}\">Universit\u00e9 Rennes2<\/td>\n<td width=\"222\" data-sheets-value=\"{&quot;1&quot;:2,&quot;2&quot;:&quot;fmulton@irisa.fr&quot;}\">fmulton@irisa.fr<\/td>\n<\/tr>\n<tr>\n<td width=\"83\" data-sheets-value=\"{&quot;1&quot;:2,&quot;2&quot;:&quot;Perrin&quot;}\">Perrin<\/td>\n<td width=\"83\" data-sheets-value=\"{&quot;1&quot;:2,&quot;2&quot;:&quot;Th\u00e9o&quot;}\">Th\u00e9o<\/td>\n<td width=\"221\">ENS RENNES<\/td>\n<td width=\"222\">theo.perrin@ens-rennes.fr<\/td>\n<\/tr>\n<tr>\n<td width=\"83\" data-sheets-value=\"{&quot;1&quot;:2,&quot;2&quot;:&quot;Pontonnier&quot;}\">Pontonnier<\/td>\n<td width=\"83\" data-sheets-value=\"{&quot;1&quot;:2,&quot;2&quot;:&quot;Charles&quot;}\">Charles<\/td>\n<td width=\"221\" data-sheets-value=\"{&quot;1&quot;:2,&quot;2&quot;:&quot;ENS RENNES&quot;}\">ENS RENNES<\/td>\n<td width=\"222\" data-sheets-value=\"{&quot;1&quot;:2,&quot;2&quot;:&quot;charles.pontonnier@irisa.fr&quot;}\">charles.pontonnier@irisa.fr<\/td>\n<\/tr>\n<tr>\n<td width=\"83\" data-sheets-value=\"{&quot;1&quot;:2,&quot;2&quot;:&quot;RADE&quot;}\">RADE<\/td>\n<td width=\"83\" data-sheets-value=\"{&quot;1&quot;:2,&quot;2&quot;:&quot;Vincent&quot;}\">Vincent<\/td>\n<td width=\"221\" data-sheets-value=\"{&quot;1&quot;:2,&quot;2&quot;:&quot;HRV&quot;}\">HRV<\/td>\n<td width=\"222\" data-sheets-value=\"{&quot;1&quot;:2,&quot;2&quot;:&quot;vincent.rade@hrv-simulation.com&quot;}\">vincent.rade@hrv-simulation.com<\/td>\n<\/tr>\n<tr>\n<td width=\"83\" data-sheets-value=\"{&quot;1&quot;:2,&quot;2&quot;:&quot;RIBOT&quot;}\">RIBOT<\/td>\n<td width=\"83\" data-sheets-value=\"{&quot;1&quot;:2,&quot;2&quot;:&quot;Anthony&quot;}\">Anthony<\/td>\n<td width=\"221\" data-sheets-value=\"{&quot;1&quot;:2,&quot;2&quot;:&quot;HRV&quot;}\">HRV<\/td>\n<td width=\"222\" data-sheets-value=\"{&quot;1&quot;:2,&quot;2&quot;:&quot;anthony.ribot@hrv-simulation.com&quot;}\">anthony.ribot@hrv-simulation.com<\/td>\n<\/tr>\n<tr>\n<td width=\"83\" data-sheets-value=\"{&quot;1&quot;:2,&quot;2&quot;:&quot;Ricca&quot;}\">Ricca<\/td>\n<td width=\"83\" data-sheets-value=\"{&quot;1&quot;:2,&quot;2&quot;:&quot;Aylen&quot;}\">Aylen<\/td>\n<td width=\"221\" data-sheets-value=\"{&quot;1&quot;:2,&quot;2&quot;:&quot;IBISC Lab, Univ. Evry&quot;}\">IBISC Lab, Univ. Evry<\/td>\n<td width=\"222\" data-sheets-value=\"{&quot;1&quot;:2,&quot;2&quot;:&quot;aricca8@gmail.com&quot;}\">aricca8@gmail.com<\/td>\n<\/tr>\n<tr>\n<td width=\"83\" data-sheets-value=\"{&quot;1&quot;:2,&quot;2&quot;:&quot;Taupiac&quot;}\">Taupiac<\/td>\n<td width=\"83\" data-sheets-value=\"{&quot;1&quot;:2,&quot;2&quot;:&quot;Jean-Daniel&quot;}\">Jean-Daniel<\/td>\n<td width=\"221\" data-sheets-value=\"{&quot;1&quot;:2,&quot;2&quot;:&quot;LIRMM \/ Capgemini&quot;}\">LIRMM \/ Capgemini<\/td>\n<td width=\"222\" data-sheets-value=\"{&quot;1&quot;:2,&quot;2&quot;:&quot;jean-daniel.taupiac@capgemini.com&quot;}\">jean-daniel.taupiac@capgemini.com<\/td>\n<\/tr>\n<tr>\n<td width=\"83\" data-sheets-value=\"{&quot;1&quot;:2,&quot;2&quot;:&quot;Thouvenin&quot;}\">Thouvenin<\/td>\n<td width=\"83\" data-sheets-value=\"{&quot;1&quot;:2,&quot;2&quot;:&quot;Indira&quot;}\">Indira<\/td>\n<td width=\"221\" data-sheets-value=\"{&quot;1&quot;:2,&quot;2&quot;:&quot;UMR CNRS 7253 Heudiasyc - UTC&quot;}\">UMR CNRS 7253 Heudiasyc &#8211; UTC<\/td>\n<td width=\"222\" data-sheets-value=\"{&quot;1&quot;:2,&quot;2&quot;:&quot;indira.thouvenin@utc.fr&quot;}\">indira.thouvenin@utc.fr<\/td>\n<\/tr>\n<tr>\n<td width=\"83\" data-sheets-value=\"{&quot;1&quot;:2,&quot;2&quot;:&quot;Vercruysse&quot;}\">Vercruysse<\/td>\n<td width=\"83\" data-sheets-value=\"{&quot;1&quot;:2,&quot;2&quot;:&quot;Pierre&quot;}\">Pierre<\/td>\n<td width=\"221\" data-sheets-value=\"{&quot;1&quot;:2,&quot;2&quot;:&quot;Haption&quot;}\">Haption<\/td>\n<td width=\"222\" data-sheets-value=\"{&quot;1&quot;:2,&quot;2&quot;:&quot;pierre.vercruysse@haption.com&quot;}\">pierre.vercruysse@haption.com<\/td>\n<\/tr>\n<\/tbody>\n<\/table>\n","protected":false},"excerpt":{"rendered":"<p>Les journ\u00e9es ont regroup\u00e9 une trentaine de personnes, \u00e0 la fois du domaine acad\u00e9mique et industriel. Nom Pr\u00e9nom \u00c9tablissement Contact mail Bataille Guillaume IRISA Hybrid guillaume.bataille@irisa.fr Bechmann Dominique Universit\u00e9 de Strasbourg bechmann@unistra.fr Boulid Youssef Universit\u00e9 de bourgogne y.boulid@gmail.com Bouyer Guillaume IBISC &#8211; Universit\u00e9 d&rsquo;Evry guillaume.bouyer@ensiie.fr Chellali Amine Laboratoire IBISC, Univ\u2026<\/p>\n<p> <a class=\"continue-reading-link\" href=\"https:\/\/project.inria.fr\/gtecmrv\/participants\/\"><span>Continue reading<\/span><i class=\"crycon-right-dir\"><\/i><\/a> <\/p>\n","protected":false},"author":436,"featured_media":0,"parent":0,"menu_order":0,"comment_status":"closed","ping_status":"closed","template":"","meta":{"footnotes":""},"class_list":["post-232","page","type-page","status-publish","hentry"],"_links":{"self":[{"href":"https:\/\/project.inria.fr\/gtecmrv\/wp-json\/wp\/v2\/pages\/232","targetHints":{"allow":["GET"]}}],"collection":[{"href":"https:\/\/project.inria.fr\/gtecmrv\/wp-json\/wp\/v2\/pages"}],"about":[{"href":"https:\/\/project.inria.fr\/gtecmrv\/wp-json\/wp\/v2\/types\/page"}],"author":[{"embeddable":true,"href":"https:\/\/project.inria.fr\/gtecmrv\/wp-json\/wp\/v2\/users\/436"}],"replies":[{"embeddable":true,"href":"https:\/\/project.inria.fr\/gtecmrv\/wp-json\/wp\/v2\/comments?post=232"}],"version-history":[{"count":2,"href":"https:\/\/project.inria.fr\/gtecmrv\/wp-json\/wp\/v2\/pages\/232\/revisions"}],"predecessor-version":[{"id":238,"href":"https:\/\/project.inria.fr\/gtecmrv\/wp-json\/wp\/v2\/pages\/232\/revisions\/238"}],"wp:attachment":[{"href":"https:\/\/project.inria.fr\/gtecmrv\/wp-json\/wp\/v2\/media?parent=232"}],"curies":[{"name":"wp","href":"https:\/\/api.w.org\/{rel}","templated":true}]}}